{"id":3233,"date":"2014-08-19T09:25:57","date_gmt":"2014-08-19T08:25:57","guid":{"rendered":"http:\/\/adrianwood.ch\/?page_id=3233"},"modified":"2014-08-19T09:25:57","modified_gmt":"2014-08-19T08:25:57","slug":"05-05-masca-schlucht","status":"publish","type":"page","link":"https:\/\/www.adrianwood.ch\/?page_id=3233","title":{"rendered":"05-05 Masca Schlucht"},"content":{"rendered":"<h2>Montag,5.Mai, Wanderung durch die Masca-Schlucht<\/h2>\n<p style=\"text-align: justify;\">Heute Montag steht die Wanderung durch die Masca-Schlucht \u2013 Barranco de Masca auf dem Programm, ein \u201eHighlight\u201c und \u201eMust\u201c f\u00fcr alle Teneriffa-Wanderer.<br \/>\nUm dem zu erwartenden Andrang von Wanderern etwas auszuweichen, ging es bereits eine Stunde fr\u00fcher als sonst mit dem Bus in Puerto de la Cruz los.<br \/>\nNach etwa 1,5 Stunden erreichten wir auf einer teilweise kurvenreichen und engen Bergstrasse mit viel \u201eTiefblick\u201c unseren Ausgangsort, das D\u00f6rfchen Masca (span. Mascara = Maske, Larve; m\u00f6glicherweise \u201edas versteckte Dorf\u201c \u2013eventuell ein Fluchtdorf vor den Piraten des 18.\/19. Jahrhundert). Im Ort (ca. 650 M.\u00fc.M) leben noch etwa 105 Einwohner in ca. 80 H\u00e4usern. Auch hier ist die Landflucht der Jugend ein Problem.<br \/>\nNach einer kurzen Einkehr mit der M\u00f6glichkeit zu einem letzten Barraquito (lokale Kaffeespezialit\u00e4t) ging es los in Richtung \u201eBarranco de Masca\u201c; heute unter der Leitung von J\u00f6rg. Die ersten paar Hundert Meter marschierten wir auf einem Basaltstr\u00e4sschen, dann begann der eigentliche, am Anfang sehr steile und teilweise rutschige Wanderweg in die Masca Schlucht.<br \/>\n<img decoding=\"async\" class=\"ngg-singlepic ngg-left\" src=\"http:\/\/adrianwood.ch\/wp-content\/gallery\/teneriffa13_1\/image001_r3.jpg\" alt=\"image001_r3\" \/><img decoding=\"async\" class=\"ngg-singlepic ngg-left\" src=\"http:\/\/adrianwood.ch\/wp-content\/gallery\/teneriffa13_1\/image003_r3.jpg\" alt=\"image003_r3\" \/>J\u00f6rg wies uns w\u00e4hrend dieses Abstieges auf am Stamm angebrannte kanarische Dattelpalmen hin; Opfer des Waldbrandes vom 31.7.-3.8.2007. Bei diesem Brand wurden auch viele H\u00e4user in Masca zerst\u00f6rt, zusammen mit einem grossen Teil der Vegetationsfl\u00e4chen.<br \/>\nBei diesem Abstieg passierten wir auch ein Schild mit dem Hinweis, dass Katzen zum Schutze der Fauna nicht gef\u00fcttert werden sollten. Katzen sah ich keine; die Fauna war, wenn \u00fcberhaupt, auch nicht \u00fcberw\u00e4ltigend.<br \/>\nUnten beim wasserf\u00fchrenden Fl\u00fcsschen angekommen, \u00fcberquerten wir eine Holzbr\u00fccke. Ohne diese Br\u00fccke w\u00e4re eine gr\u00f6ssere Abseil\u00fcbung angesagt gewesen.<br \/>\n<img decoding=\"async\" class=\"ngg-singlepic ngg-left\" src=\"http:\/\/adrianwood.ch\/wp-content\/gallery\/teneriffa13_1\/image005_r3.jpg\" alt=\"image005_r3\" \/><img decoding=\"async\" class=\"ngg-singlepic ngg-left\" src=\"http:\/\/adrianwood.ch\/wp-content\/gallery\/teneriffa13_1\/image007_r3.jpg\" alt=\"image007_r3\" \/>Der weitere Wegverlauf, bei dem der Bach wiederholt \u00fcberquert werden musste, erwies sich als recht anspruchsvoll. Eine Teilnehmerin beurteilte ihn mit T3 (anspruchsvolle Bergwanderung gem\u00e4ss SAC-Wanderskala). Das hiess, dass gleichzeitiges Gehen, Fotografieren und Herumschauen ausdr\u00fccklich (J\u00f6rg) zu unterlassen war. Es gab immer wieder recht ausgesetzte Stellen, sowie einzelne Abbr\u00fcche, welche unter Zuhilfenahme der H\u00e4nde \u00fcberwunden werden mussten. Links und rechts stiegen mehr oder weniger<br \/>\nsenkrechte Basaltw\u00e4nde bis zu 900 Meter in die H\u00f6he (Roque de Masca; 911 M.\u00fc.M.) Man f\u00fchlte sich etwas an den Grand Canyon erinnert. Zwischendurch hielten wir immer wieder an und J\u00f6rg erl\u00e4uterte die botanischen und geologischen Besonderheiten der Masca-Schlucht.<br \/>\n<img decoding=\"async\" class=\"ngg-singlepic ngg-left\" src=\"http:\/\/adrianwood.ch\/wp-content\/gallery\/teneriffa13_1\/image009_r3.jpg\" alt=\"image009_r3\" \/><img decoding=\"async\" class=\"ngg-singlepic ngg-left\" src=\"http:\/\/adrianwood.ch\/wp-content\/gallery\/teneriffa13_1\/image011_r3.jpg\" alt=\"image011_r3\" \/>Imposant und beeindruckend war auch eine Wasserleitung, welche durch Felsw\u00e4nde und Tunnels nach Los Gigantes f\u00fchrt. Diese Leitung war zum Teil Hunderte von Metern \u00fcber dem Schluchtengrund aus den teilweise senkrechten Felsw\u00e4nden herausgeschlagen worden. Man kann da durchaus von einer \u201eSupersuone\u201c reden.<br \/>\n<img decoding=\"async\" class=\"ngg-singlepic ngg-left\" src=\"http:\/\/adrianwood.ch\/wp-content\/gallery\/teneriffa13_1\/image013_r3.jpg\" alt=\"image013_r3\" \/><img decoding=\"async\" class=\"ngg-singlepic ngg-left\" src=\"http:\/\/adrianwood.ch\/wp-content\/gallery\/teneriffa13_1\/image015_r3.jpg\" alt=\"image015_r3\" \/>Nach einem letzten Steilabbruch wichen die Felsw\u00e4nde etwas zur\u00fcck und gaben den Blick auf das Meer frei. Wir hatten nach etwas mehr als 4 Stunden (inkl. Marschhalte und Mittagessen) unser Ziel, die \u201ePlaya de Masca\u201c, erreicht.<br \/>\nLeider blieb keine Zeit mehr zum Baden, da wir nach einer kurzen Rast von einem Schiff abgeholt wurden, das uns nach Los Gigantes bringen sollte. Zuerst ging es aber in die entgegengesetzte Richtung, wo wir hofften Wale und Delfine beobachten zu k\u00f6nnen. Zuerst sichteten wir einen Wal, von dem wir allerdings nur kurz den R\u00fccken zu Gesicht bekamen. Wahrscheinlich handelte es sich dabei um einen Brydewal, die ganzj\u00e4hrig gem\u00e4ssigte und tropische Gew\u00e4sser bevorzugen.<br \/>\n<img decoding=\"async\" class=\"ngg-singlepic ngg-left\" src=\"http:\/\/adrianwood.ch\/wp-content\/gallery\/teneriffa13_1\/image017_r3.jpg\" alt=\"image017_r3\" \/>Kurz darauf tauchte eine Delfin-Familie (Grosser T\u00fcmmler) auf, welche uns w\u00e4hrend l\u00e4ngerer Zeit begleitete. Wir konnten die Tiere sehr gut beobachten, da sie immer wieder mit ihren typischen Spr\u00fcngen in n\u00e4chster N\u00e4he des Schiffes aus dem Meer herausschossen.<br \/>\nNach diesem beeindruckenden Intermezzo ging es Richtung Osten nach Los Gigantes. Dort erwartete uns der Bus, der uns zu unserem Hotel nach Puerto de la Cruz zur\u00fcckbrachte.<br \/>\nEin sch\u00f6ner und ereignisreicher Tag war f\u00fcr uns Geschichte. Beat Renz<\/p>\n<p style=\"text-align: justify;\"><img decoding=\"async\" class=\"ngg-singlepic ngg-left\" src=\"http:\/\/adrianwood.ch\/wp-content\/gallery\/teneriffa13_1\/image019_r7.jpg\" alt=\"image019_r7\" \/><\/p>\n<p>&nbsp;<\/p>\n","protected":false},"excerpt":{"rendered":"<p>Montag,5.Mai, Wanderung durch die Masca-Schlucht Heute Montag steht die Wanderung durch die Masca-Schlucht \u2013 Barranco de Masca auf dem Programm, ein \u201eHighlight\u201c und \u201eMust\u201c f\u00fcr alle Teneriffa-Wanderer. Um dem zu erwartenden Andrang von Wanderern etwas auszuweichen, ging es bereits eine Stunde fr\u00fcher als sonst mit dem Bus in Puerto de la Cruz los. Nach etwa &hellip; <a href=\"https:\/\/www.adrianwood.ch\/?page_id=3233\" class=\"more-link\">Continue reading <span class=\"screen-reader-text\">05-05 Masca Schlucht<\/span> <span class=\"meta-nav\">&rarr;<\/span><\/a><\/p>\n","protected":false},"author":1,"featured_media":0,"parent":3070,"menu_order":2485,"comment_status":"closed","ping_status":"closed","template":"","meta":{"ngg_post_thumbnail":0,"footnotes":""},"class_list":["post-3233","page","type-page","status-publish","hentry"],"_links":{"self":[{"href":"https:\/\/www.adrianwood.ch\/index.php?rest_route=\/wp\/v2\/pages\/3233","targetHints":{"allow":["GET"]}}],"collection":[{"href":"https:\/\/www.adrianwood.ch\/index.php?rest_route=\/wp\/v2\/pages"}],"about":[{"href":"https:\/\/www.adrianwood.ch\/index.php?rest_route=\/wp\/v2\/types\/page"}],"author":[{"embeddable":true,"href":"https:\/\/www.adrianwood.ch\/index.php?rest_route=\/wp\/v2\/users\/1"}],"replies":[{"embeddable":true,"href":"https:\/\/www.adrianwood.ch\/index.php?rest_route=%2Fwp%2Fv2%2Fcomments&post=3233"}],"version-history":[{"count":0,"href":"https:\/\/www.adrianwood.ch\/index.php?rest_route=\/wp\/v2\/pages\/3233\/revisions"}],"up":[{"embeddable":true,"href":"https:\/\/www.adrianwood.ch\/index.php?rest_route=\/wp\/v2\/pages\/3070"}],"wp:attachment":[{"href":"https:\/\/www.adrianwood.ch\/index.php?rest_route=%2Fwp%2Fv2%2Fmedia&parent=3233"}],"curies":[{"name":"wp","href":"https:\/\/api.w.org\/{rel}","templated":true}]}}