{"id":3251,"date":"2014-08-19T10:30:16","date_gmt":"2014-08-19T09:30:16","guid":{"rendered":"http:\/\/adrianwood.ch\/?page_id=3251"},"modified":"2014-08-19T10:30:16","modified_gmt":"2014-08-19T09:30:16","slug":"05-07-candelaria-pilgerweg","status":"publish","type":"page","link":"https:\/\/www.adrianwood.ch\/?page_id=3251","title":{"rendered":"05-07 Candelaria Pilgerweg"},"content":{"rendered":"<h2>Mittwoch. 7.Mai, Candelaria Pilgerweg<\/h2>\n<p style=\"text-align: justify;\"><img decoding=\"async\" class=\"ngg-singlepic ngg-left\" src=\"http:\/\/adrianwood.ch\/wp-content\/gallery\/teneriffa17\/image002_r3.jpg\" alt=\"image002_r3\" \/><img decoding=\"async\" class=\"ngg-singlepic ngg-left\" src=\"http:\/\/adrianwood.ch\/wp-content\/gallery\/teneriffa17\/image001_r3.jpg\" alt=\"image001_r3\" \/>Da die Wolken \u00fcber dem Anaga-Gebirge h\u00e4ngen, \u00e4ndern Marion und J\u00f6rg das Programm. Somit wandern wir den ganzen Tag in der Sonne.<br \/>\nUm ca 10.00h geht es los oberhalb von Machado, ca. 500 Meter \u00fcber Meer, auf dem alten Pilgerweg \u201eCamino de Candelaria\u201c. Am Osthang der Cumbre Dorsal, gepr\u00e4gt von Feldterrassen, die \u00fcber Generationen in m\u00fchevoller Arbeit entstanden und heute leider meistens ungen\u00fctzt sind, wandern wir bis zu den Mauerresten einer Piraten Villa und zur Kapelle Rosario aus dem 16. Jh. Jedes Jahr Anfang Februar und Mitte August wandern die Einheimischen zu Ehren der Schwarzen Madonna bis nach Candelaria, der bedeutendste Wallfahrtsort der Kanaren. Von hier geniessen wir eine wunderbare Aussicht auf die Ostk\u00fcste.<br \/>\n<img decoding=\"async\" class=\"ngg-singlepic ngg-left\" src=\"http:\/\/adrianwood.ch\/wp-content\/gallery\/teneriffa17\/image003_r3.jpg\" alt=\"image003_r3\" \/><img decoding=\"async\" class=\"ngg-singlepic ngg-left\" src=\"http:\/\/adrianwood.ch\/wp-content\/gallery\/teneriffa17\/image004_r3.jpg\" alt=\"image004_r3\" \/>Weiter in der br\u00fctenden Sonne bis ins Barranco Hondo. Opuntien s\u00e4umen immer wieder den Weg. Diese wurden von Auswanderern aus Lateinamerika eingef\u00fchrt und sind nicht mehr auszurotten. In Morrocoyo finden wir unter den B\u00e4umen des Kirchplatzes Schatten und B\u00e4nke, die uns einladen, unseren Lunch zu verzehren und unseren Durst zu l\u00f6schen.<br \/>\n<img decoding=\"async\" class=\"ngg-singlepic ngg-left\" src=\"http:\/\/adrianwood.ch\/wp-content\/gallery\/teneriffa17\/image005_r3.jpg\" alt=\"image005_r3\" \/><img decoding=\"async\" class=\"ngg-singlepic ngg-left\" src=\"http:\/\/adrianwood.ch\/wp-content\/gallery\/teneriffa17\/image006_r3.jpg\" alt=\"image006_r3\" \/>Weiter folgen wir mehr oder weniger den H\u00f6henkurven. Einige von uns besichtigen noch Ruinen von Behausungen und H\u00f6hlen der Ureinwohner, Guanchen. Auf geteerten Wegen landen wir in Igueste, nicht ohne vorher noch sch\u00f6n geschm\u00fcckte Kreuze zu fotografieren und ein oder zwei Bier zu geniessen.<br \/>\n<img decoding=\"async\" class=\"ngg-singlepic ngg-left\" src=\"http:\/\/adrianwood.ch\/wp-content\/gallery\/teneriffa17\/image007_r3.jpg\" alt=\"image007_r3\" \/><img decoding=\"async\" class=\"ngg-singlepic ngg-left\" src=\"http:\/\/adrianwood.ch\/wp-content\/gallery\/teneriffa17\/image008_r3.jpg\" alt=\"image008_r3\" \/>Nur wenige Minuten sp\u00e4ter, um 15.45h, sind wir alle froh, in unserem Bus Platz nehmen zu k\u00f6nnen.<br \/>\n<img decoding=\"async\" class=\"ngg-singlepic ngg-left\" src=\"http:\/\/adrianwood.ch\/wp-content\/gallery\/teneriffa17\/image009_r3.jpg\" alt=\"image009_r3\" \/><img decoding=\"async\" class=\"ngg-singlepic ngg-left\" src=\"http:\/\/adrianwood.ch\/wp-content\/gallery\/teneriffa17\/image010_r3.jpg\" alt=\"image010_r3\" \/>Zur\u00fcck im Hotel finden die Meisten von uns eine herrliche Abk\u00fchlung im sch\u00f6n gesch\u00fctzten Meeresbecken, Wasser Temperatur 19\u00b0C.<br \/>\n<img decoding=\"async\" class=\"ngg-singlepic ngg-left\" src=\"http:\/\/adrianwood.ch\/wp-content\/gallery\/teneriffa17\/image011_r3.jpg\" alt=\"image011_r3\" \/><img decoding=\"async\" class=\"ngg-singlepic ngg-left\" src=\"http:\/\/adrianwood.ch\/wp-content\/gallery\/teneriffa17\/image012_r3.jpg\" alt=\"image012_r3\" \/>Das Nachtessen geniessen wir im Restaurant unterhalb unseres Hotels direkt am Meer. Bei dieser Gelegenheit verteilt J\u00f6rg Brandt jedem ein Wanderstab Abzeichen und verabschiedet sich von uns. Marion wird uns morgen nochmals alleine begleiten.<br \/>\nVreny Schepperle<\/p>\n<p><img decoding=\"async\" class=\"ngg-singlepic ngg-left\" src=\"http:\/\/adrianwood.ch\/wp-content\/gallery\/teneriffa17\/image013_r7.jpg\" alt=\"image013_r7\" \/><\/p>\n<p>&nbsp;<\/p>\n<p>&nbsp;<\/p>\n","protected":false},"excerpt":{"rendered":"<p>Mittwoch. 7.Mai, Candelaria Pilgerweg Da die Wolken \u00fcber dem Anaga-Gebirge h\u00e4ngen, \u00e4ndern Marion und J\u00f6rg das Programm. Somit wandern wir den ganzen Tag in der Sonne. Um ca 10.00h geht es los oberhalb von Machado, ca. 500 Meter \u00fcber Meer, auf dem alten Pilgerweg \u201eCamino de Candelaria\u201c. Am Osthang der Cumbre Dorsal, gepr\u00e4gt von Feldterrassen, &hellip; <a href=\"https:\/\/www.adrianwood.ch\/?page_id=3251\" class=\"more-link\">Continue reading <span class=\"screen-reader-text\">05-07 Candelaria Pilgerweg<\/span> <span class=\"meta-nav\">&rarr;<\/span><\/a><\/p>\n","protected":false},"author":1,"featured_media":0,"parent":3070,"menu_order":2489,"comment_status":"closed","ping_status":"closed","template":"","meta":{"ngg_post_thumbnail":0,"footnotes":""},"class_list":["post-3251","page","type-page","status-publish","hentry"],"_links":{"self":[{"href":"https:\/\/www.adrianwood.ch\/index.php?rest_route=\/wp\/v2\/pages\/3251","targetHints":{"allow":["GET"]}}],"collection":[{"href":"https:\/\/www.adrianwood.ch\/index.php?rest_route=\/wp\/v2\/pages"}],"about":[{"href":"https:\/\/www.adrianwood.ch\/index.php?rest_route=\/wp\/v2\/types\/page"}],"author":[{"embeddable":true,"href":"https:\/\/www.adrianwood.ch\/index.php?rest_route=\/wp\/v2\/users\/1"}],"replies":[{"embeddable":true,"href":"https:\/\/www.adrianwood.ch\/index.php?rest_route=%2Fwp%2Fv2%2Fcomments&post=3251"}],"version-history":[{"count":0,"href":"https:\/\/www.adrianwood.ch\/index.php?rest_route=\/wp\/v2\/pages\/3251\/revisions"}],"up":[{"embeddable":true,"href":"https:\/\/www.adrianwood.ch\/index.php?rest_route=\/wp\/v2\/pages\/3070"}],"wp:attachment":[{"href":"https:\/\/www.adrianwood.ch\/index.php?rest_route=%2Fwp%2Fv2%2Fmedia&parent=3251"}],"curies":[{"name":"wp","href":"https:\/\/api.w.org\/{rel}","templated":true}]}}