{"id":3257,"date":"2014-08-19T10:42:39","date_gmt":"2014-08-19T09:42:39","guid":{"rendered":"http:\/\/adrianwood.ch\/?page_id=3257"},"modified":"2014-08-19T10:42:39","modified_gmt":"2014-08-19T09:42:39","slug":"05-08-taganana","status":"publish","type":"page","link":"https:\/\/www.adrianwood.ch\/?page_id=3257","title":{"rendered":"05-08 Taganana"},"content":{"rendered":"<h2>Donnerstag, 8. Mai, von Afur nach Taganana<\/h2>\n<p style=\"text-align: justify;\">Heute fahren wir im neuen blauen Bus durch Bajamar und Las Mercedes einer kurvenreichen Waldstrasse entlang, es ist feucht und neblig. Vor Jahren war in der Gegend sehr viel Wasser die Berge hinuntergeflossen, so dass mehrere D\u00f6rfer abgeschnitten worden waren. Wir wandern auf schmalem Weg Richtung Meer, hin und wieder sind die Berggipfel vom Nebel verhangen.<\/p>\n<p style=\"text-align: justify;\"><img decoding=\"async\" class=\"ngg-singlepic ngg-left\" src=\"http:\/\/adrianwood.ch\/wp-content\/gallery\/teneriffa18\/image001_r3.jpg\" alt=\"image001_r3\" \/><img decoding=\"async\" class=\"ngg-singlepic ngg-left\" src=\"http:\/\/adrianwood.ch\/wp-content\/gallery\/teneriffa18\/image003_r3.jpg\" alt=\"image003_r3\" \/>Unterwegs sehen wir fr\u00fchere H\u00f6hlen der Ureinwohner, der Guanchen. Die Spanier bauten anf\u00e4nglich ihre H\u00fctten aus Stroh, da sie aber leicht Feuer fingen, besannen sie sich auf die Lebensweise der Guanchen und lebten fortan in ihren H\u00f6hlen. Als Selbstversorger hatten sie genug Wasser f\u00fcr Wein- und Ackerbau. Eberwurz, Strohblumen und gelbe leuchtend G\u00e4nsedisteln s\u00e4umen den pr\u00e4chtigen fast dschungelartigen Weg. Marion zeigt uns die ber\u00fchmten Cochenille-L\u00e4use auf den Opuntien, deren roter Farbstoff nicht nur im Lippenstift Verwendung fand.<\/p>\n<p style=\"text-align: justify;\"><img decoding=\"async\" class=\"ngg-singlepic ngg-left\" src=\"http:\/\/adrianwood.ch\/wp-content\/gallery\/teneriffa18\/image005_r3.jpg\" alt=\"image005_r3\" \/><img decoding=\"async\" class=\"ngg-singlepic ngg-left\" src=\"http:\/\/adrianwood.ch\/wp-content\/gallery\/teneriffa18\/image007_r3.jpg\" alt=\"image007_r3\" \/><img decoding=\"async\" class=\"ngg-singlepic ngg-left\" src=\"http:\/\/adrianwood.ch\/wp-content\/gallery\/teneriffa18\/image009_r3.jpg\" alt=\"image009_r3\" \/>Wir kommen im abgeschiedenen Dorf Afur im Anaga-Gebirge an, wo uns ein flauschiges H\u00fcndlein auf dem Dorfplatz bei der Kirche begr\u00fcsst. Enten und H\u00fchner halten sich in einem Garten bei einem Steinhaus auf. Es ist sehr ruhig. Aber das Dorfl\u00e4dchen imponiert uns mit seiner riesigen Sammlung von alkoholhaltigen Flaschen aus aller Welt, dazu h\u00e4tte uns der alte Mann sicher stundenlang Geschichten erz\u00e4hlen k\u00f6nnen. Im hinteren Teil des Hauses stehen lauter T\u00f6pfe und Pfannen auf und neben dem Herd, zum Teil auch draussen im Garten. Philippe \u00e4ndert seine anf\u00e4ngliche Meinung, den Bus zu nehmen und folgt uns weiter zu Fuss. Wir kommen an einer ehemaligen Schule vorbei, die heutzutage aber geschlossen ist.<br \/>\n<img decoding=\"async\" class=\"ngg-singlepic ngg-left\" src=\"http:\/\/adrianwood.ch\/wp-content\/gallery\/teneriffa18\/image011_r3.jpg\" alt=\"image011_r3\" \/><img decoding=\"async\" class=\"ngg-singlepic ngg-left\" src=\"http:\/\/adrianwood.ch\/wp-content\/gallery\/teneriffa18\/image013_r3.jpg\" alt=\"image013_r3\" \/>Auf dem abwechslungsreichen wunderbaren Weg nach Tamadiste bewundern wir nach unserem Picknick die kunstvoll drapierten Basalt Nadeln, folgen einer Treppe hinunter bis zum Fluss, durchqueren die Schlucht und beneiden eine Gruppe Jugendlicher, die im nach einem Wasserfall entstandenen Wasserbecken baden und sich vergn\u00fcgen. Die Pflanzen lechuga de mar (Meeressalat), Nymphen-Dolde, kammf\u00f6rmiger Strandflieder u.a. z\u00e4hlen zu den Halophyten, sie wachsen in der N\u00e4he des Meeres, wobei sie immer wieder mal einen Salzspr\u00fchnebel erhalten.<br \/>\n<img decoding=\"async\" class=\"ngg-singlepic ngg-left\" src=\"http:\/\/adrianwood.ch\/wp-content\/gallery\/teneriffa18\/image015_r3.jpg\" alt=\"image015_r3\" \/><img decoding=\"async\" class=\"ngg-singlepic ngg-left\" src=\"http:\/\/adrianwood.ch\/wp-content\/gallery\/teneriffa18\/image017_r3.jpg\" alt=\"image017_r3\" \/>Wieder f\u00fchrt uns eine Treppe nach oben und \u00f6ffnet uns den Blick aufs Meer mit seiner steilen K\u00fcste, der wir auf dem K\u00fcstenweg folgen vorbei an Gabeligen Leuchterblumen (P\u00e4onien) und einem Menhir. Es ist sehr gr\u00fcn um uns herum, die Vegetation \u00fcppig, die Wolken h\u00e4ngen \u00fcber den Gipfeln, die Luft ist ungewohnt feucht. Wir erreichen Taganana, eine der ersten Siedlungen der Portugiesen und Spanier, ca. 1493 gegr\u00fcndet, ber\u00fchmt f\u00fcr Zuckerrohranbau und Rumfabriken. Die wichtigste \u00f6ffentliche Quelle, La Pianole, in den 30er Jahren des letzten Jahrhunderts gebaut, trug wesentlich zur Verbesserung der Lebensqualit\u00e4t der Einwohner bei, die vorher Tag f\u00fcr Tag m\u00fchselig die Schlucht hinaufsteigen mussten um das Wasser aus dem Bach zu sch\u00f6pfen. Wo ist Adrian? Er hat beim Fotografieren irgendwo seine St\u00f6cke liegen lassen und ging zur\u00fcck um sie zu holen. Dabei hatten wir alle doch schon solchen Hunger!<br \/>\n<img decoding=\"async\" class=\"ngg-singlepic ngg-left\" src=\"http:\/\/adrianwood.ch\/wp-content\/gallery\/teneriffa18\/image019_r3.jpg\" alt=\"image019_r3\" \/><img decoding=\"async\" class=\"ngg-singlepic ngg-left\" src=\"http:\/\/adrianwood.ch\/wp-content\/gallery\/teneriffa18\/image021_r3.jpg\" alt=\"image021_r3\" \/>Der Bus bringt uns schliesslich zur Playa San Roque ins Restaurant Casa Africa, wo wir nebst Salat, tortilla, papas den dort ber\u00fchmten pulpo geniessen und zum Abschluss noch einen barraquito oder flan, ein Gedicht! Als wir nach dem k\u00f6stlichen Mahl in den Bus einsteigen regnet es. Auch bei der Ankunft in unserem luxuri\u00f6sen Hotel direkt am Meer ist es tr\u00fcb, wir gehen dennoch baden sei es im beheizten Hotel- oder im k\u00fchleren Meereswasserpool. Heute geniessen wir zum letzten Mal unseren Aufenthalt in diesem grossz\u00fcgigen Haus, geschmackvoll eingerichtet mit traumhafter Aussicht und der ferienhaften Atmosph\u00e4re, schade, Adrian wollte unseren Aufenthalt leider nicht verl\u00e4ngern! Christa<\/p>\n<p style=\"text-align: justify;\"><img decoding=\"async\" class=\"ngg-singlepic ngg-left\" src=\"http:\/\/adrianwood.ch\/wp-content\/gallery\/teneriffa18\/image022_r7.jpg\" alt=\"image022_r7\" \/><\/p>\n<p>&nbsp;<\/p>\n","protected":false},"excerpt":{"rendered":"<p>Donnerstag, 8. Mai, von Afur nach Taganana Heute fahren wir im neuen blauen Bus durch Bajamar und Las Mercedes einer kurvenreichen Waldstrasse entlang, es ist feucht und neblig. Vor Jahren war in der Gegend sehr viel Wasser die Berge hinuntergeflossen, so dass mehrere D\u00f6rfer abgeschnitten worden waren. Wir wandern auf schmalem Weg Richtung Meer, hin &hellip; <a href=\"https:\/\/www.adrianwood.ch\/?page_id=3257\" class=\"more-link\">Continue reading <span class=\"screen-reader-text\">05-08 Taganana<\/span> <span class=\"meta-nav\">&rarr;<\/span><\/a><\/p>\n","protected":false},"author":1,"featured_media":0,"parent":3070,"menu_order":2490,"comment_status":"closed","ping_status":"closed","template":"","meta":{"ngg_post_thumbnail":0,"footnotes":""},"class_list":["post-3257","page","type-page","status-publish","hentry"],"_links":{"self":[{"href":"https:\/\/www.adrianwood.ch\/index.php?rest_route=\/wp\/v2\/pages\/3257","targetHints":{"allow":["GET"]}}],"collection":[{"href":"https:\/\/www.adrianwood.ch\/index.php?rest_route=\/wp\/v2\/pages"}],"about":[{"href":"https:\/\/www.adrianwood.ch\/index.php?rest_route=\/wp\/v2\/types\/page"}],"author":[{"embeddable":true,"href":"https:\/\/www.adrianwood.ch\/index.php?rest_route=\/wp\/v2\/users\/1"}],"replies":[{"embeddable":true,"href":"https:\/\/www.adrianwood.ch\/index.php?rest_route=%2Fwp%2Fv2%2Fcomments&post=3257"}],"version-history":[{"count":0,"href":"https:\/\/www.adrianwood.ch\/index.php?rest_route=\/wp\/v2\/pages\/3257\/revisions"}],"up":[{"embeddable":true,"href":"https:\/\/www.adrianwood.ch\/index.php?rest_route=\/wp\/v2\/pages\/3070"}],"wp:attachment":[{"href":"https:\/\/www.adrianwood.ch\/index.php?rest_route=%2Fwp%2Fv2%2Fmedia&parent=3257"}],"curies":[{"name":"wp","href":"https:\/\/api.w.org\/{rel}","templated":true}]}}