{"id":3306,"date":"2014-11-24T10:44:37","date_gmt":"2014-11-24T09:44:37","guid":{"rendered":"http:\/\/adrianwood.ch\/?page_id=3306"},"modified":"2014-11-24T10:44:37","modified_gmt":"2014-11-24T09:44:37","slug":"10-04-kos","status":"publish","type":"page","link":"https:\/\/www.adrianwood.ch\/?page_id=3306","title":{"rendered":"10 04 Kos"},"content":{"rendered":"<figure id=\"attachment_3307\" aria-describedby=\"caption-attachment-3307\" style=\"width: 730px\" class=\"wp-caption alignleft\"><a href=\"http:\/\/adrianwood.ch\/wp-content\/uploads\/2014\/11\/DOD_0194_r7.jpg\"><img loading=\"lazy\" decoding=\"async\" class=\"size-full wp-image-3307\" src=\"http:\/\/adrianwood.ch\/wp-content\/uploads\/2014\/11\/DOD_0194_r7.jpg\" alt=\"Defterdar-Moschee in Kos-Stadt\" width=\"730\" height=\"487\" \/><\/a><figcaption id=\"caption-attachment-3307\" class=\"wp-caption-text\">Defterdar-Moschee in Kos-Stadt<\/figcaption><\/figure>\n<h2>\u00a0Kos, Auf den Spuren des Hippokrates<\/h2>\n<p style=\"text-align: justify;\"><strong>4.Okt: Hinflug Schweiz\u2013Kos<\/strong><br \/>\nFlug mit Edelweiss-Air von Z\u00fcrich nach Kos. Fahrt mit dem Mietauto ins Hotel Kalimera Mare etwas ausserhalb von Kardamena. Nachmittags Fahrt an der alte Johanniterfestung Antimachia vorbei und durch die Tufflandschaft des zentralen Kos zum Magic Beach an der S\u00fcdk\u00fcste, baden. Anschliessend Fahrt bis zur Westk\u00fcste bei Agias Teologos und zur\u00fcck ins Hotel. Abendessen in einer Taverna in Kardamena.<br \/>\n<strong>5.Okt: Dikeos Gebirge-Kos Stadt<\/strong><br \/>\nFahrt nach Pyli mit Besichtigung des L\u00f6wenbrunnen und Paleo Pyli. Kurze Wanderung um die zerfallenen Burg. Schon nach dem ersten Aufstieg geniesst man eine sch\u00f6ne Aussicht auf das Meer und der nahen Inselwelt. Weiterfahrt nach Zia, dem h\u00f6chstgelegenen Bergdorf der Insel, das sehr touristisch geworden ist. Vor mehr als 30 Jahren habe ich den Gipfel des Dikeos bestiegen. Damals war es nat\u00fcrlich ganz anders. Weiterfahrt an den Asklepieion vorbei und Besichtigung von Kos-Stadt (Festung Neratzia, Hippokrates-Platane, Altstadt). Auf dem R\u00fcckweg kurzer Halt bei dem Tigaki Salzsee. Den Tag habe ich bei einem stimmungsvollen Folkloreabend im Hotel abgeschlossen.<br \/>\n<strong>7.Okt: Kefaloshalbinsel<\/strong><br \/>\nIch fuhr in den s\u00fcdlichen Teil der Kefalos-Halbinsel und besuchte das verlassene Kloster Agios Joannis mit seiner wunderbaren Aussicht. Nachher stieg ich zu Fuss durch die Phrygana weiter bergab, musste aber nach ca 100m Abstieg wegen einem Erdrutsch umkehren. Ich fuhr dann \u00fcber eine sehr holprige Piste hinunter zum Cavo Paradise Beach. Man wird f\u00fcr das Durchsch\u00fctteln reichlich belohnt.. Links ragt eine Felswand des Kaps Krikelos imposant in die H\u00f6he, das Wasser glitzert t\u00fcrkis, und den wundersch\u00f6nen Strand hat man fast f\u00fcr sich allein. Erst am sp\u00e4ten Nachmittag ging es zur\u00fcck ins Hotel und dann zum Flughafen, wo ich mich einer Wandergruppe von Imbach Reisen angeschlossen habe. Anschliessend kurzer Transfer an die Nordk\u00fcste nach Mastichari und abenteuerliche Bootsfahrt in der Dunkelheit zu unserem Hotel in Vathy auf der Insel Kalymnos. ngg_shortcode_0_placeholder<\/p>\n<figure id=\"attachment_3308\" aria-describedby=\"caption-attachment-3308\" style=\"width: 858px\" class=\"wp-caption alignleft\"><a href=\"http:\/\/adrianwood.ch\/wp-content\/uploads\/2014\/11\/Kos-Map_r8.jpg\"><img loading=\"lazy\" decoding=\"async\" class=\"size-full wp-image-3308\" src=\"http:\/\/adrianwood.ch\/wp-content\/uploads\/2014\/11\/Kos-Map_r8.jpg\" alt=\"Kos\" width=\"858\" height=\"601\" \/><\/a><figcaption id=\"caption-attachment-3308\" class=\"wp-caption-text\">Kos<\/figcaption><\/figure>\n","protected":false},"excerpt":{"rendered":"<p>\u00a0Kos, Auf den Spuren des Hippokrates 4.Okt: Hinflug Schweiz\u2013Kos Flug mit Edelweiss-Air von Z\u00fcrich nach Kos. Fahrt mit dem Mietauto ins Hotel Kalimera Mare etwas ausserhalb von Kardamena. Nachmittags Fahrt an der alte Johanniterfestung Antimachia vorbei und durch die Tufflandschaft des zentralen Kos zum Magic Beach an der S\u00fcdk\u00fcste, baden. Anschliessend Fahrt bis zur Westk\u00fcste &hellip; <a href=\"https:\/\/www.adrianwood.ch\/?page_id=3306\" class=\"more-link\">Continue reading <span class=\"screen-reader-text\">10 04 Kos<\/span> <span class=\"meta-nav\">&rarr;<\/span><\/a><\/p>\n","protected":false},"author":1,"featured_media":0,"parent":3301,"menu_order":4822,"comment_status":"closed","ping_status":"closed","template":"","meta":{"ngg_post_thumbnail":0,"footnotes":""},"class_list":["post-3306","page","type-page","status-publish","hentry"],"_links":{"self":[{"href":"https:\/\/www.adrianwood.ch\/index.php?rest_route=\/wp\/v2\/pages\/3306","targetHints":{"allow":["GET"]}}],"collection":[{"href":"https:\/\/www.adrianwood.ch\/index.php?rest_route=\/wp\/v2\/pages"}],"about":[{"href":"https:\/\/www.adrianwood.ch\/index.php?rest_route=\/wp\/v2\/types\/page"}],"author":[{"embeddable":true,"href":"https:\/\/www.adrianwood.ch\/index.php?rest_route=\/wp\/v2\/users\/1"}],"replies":[{"embeddable":true,"href":"https:\/\/www.adrianwood.ch\/index.php?rest_route=%2Fwp%2Fv2%2Fcomments&post=3306"}],"version-history":[{"count":0,"href":"https:\/\/www.adrianwood.ch\/index.php?rest_route=\/wp\/v2\/pages\/3306\/revisions"}],"up":[{"embeddable":true,"href":"https:\/\/www.adrianwood.ch\/index.php?rest_route=\/wp\/v2\/pages\/3301"}],"wp:attachment":[{"href":"https:\/\/www.adrianwood.ch\/index.php?rest_route=%2Fwp%2Fv2%2Fmedia&parent=3306"}],"curies":[{"name":"wp","href":"https:\/\/api.w.org\/{rel}","templated":true}]}}