{"id":331,"date":"2011-01-13T18:11:22","date_gmt":"2011-01-13T17:11:22","guid":{"rendered":"http:\/\/adrianwood.ch\/"},"modified":"2011-01-13T18:11:22","modified_gmt":"2011-01-13T17:11:22","slug":"05-21-old-man-of-stoer","status":"publish","type":"page","link":"https:\/\/www.adrianwood.ch\/?page_id=331","title":{"rendered":"05-21 Old Man of Stoer"},"content":{"rendered":"<h2>Donnerstag, 21.Mai, Old Man Of Stoer<\/h2>\n<table border=\"0\" cellspacing=\"0\" cellpadding=\"0\">\n<tbody>\n<tr>\n<td colspan=\"2\" width=\"657\" valign=\"top\">Nach der\u00a0 anspruchsvollen Tour vom Vortag war f\u00fcr heute eine \u201eleichte K\u00fcstenwanderung\u201c zum \u201eOld Man Of Stoer\u201c vorgesehen. Gegen 09:45 Uhr holte uns Kenny vom Hotel in Lochinver ab und fuhr uns zum Ausgangspunkt Culkein Stoer, so dass wir (24 Teilnehmer, au\u00dfer Marianne, die ihren verletzten Fu\u00df schonen musste)\u00a0 um 10:15 Uhr starten konnten.<\/td>\n<\/tr>\n<tr>\n<td width=\"329\" valign=\"top\">\u00a0<img decoding=\"async\" class=\"ngg-singlepic ngg-none\" src=\"http:\/\/adrianwood.ch\/wp-content\/gallery\/scotland21\/image001.jpg\" alt=\"image001\" \/><\/td>\n<td width=\"328\" valign=\"top\">\u00a0<img decoding=\"async\" class=\"ngg-singlepic ngg-none\" src=\"http:\/\/adrianwood.ch\/wp-content\/gallery\/scotland21\/image002.jpg\" alt=\"image002\" \/><\/td>\n<\/tr>\n<tr>\n<td colspan=\"2\" width=\"657\" valign=\"top\">Da wir bei dieser Wanderung keine gr\u00f6\u00dferen Steigungen und Abstiege zu bew\u00e4ltigen hatten, konnten wir uns ganz auf die Einzigartigkeit dieser Landschaft im Nordwesten Schottlands einlassen. Die einsame und wilde Landschaft bot uns eine F\u00fclle an Natursch\u00f6nheiten: Das endlos scheinend weite Land, die steil abfallende K\u00fcstenlandschaft und die moorigen Wiesen waren beeindruckend und immer wieder diese grandiose Aussicht.<\/td>\n<\/tr>\n<tr>\n<td width=\"329\" valign=\"top\">\u00a0<img decoding=\"async\" class=\"ngg-singlepic ngg-none\" src=\"http:\/\/adrianwood.ch\/wp-content\/gallery\/scotland21\/image003.jpg\" alt=\"image003\" \/><\/td>\n<td width=\"328\" valign=\"top\">\u00a0<img decoding=\"async\" class=\"ngg-singlepic ngg-none\" src=\"http:\/\/adrianwood.ch\/wp-content\/gallery\/scotland21\/image004.jpg\" alt=\"image004\" \/><\/td>\n<\/tr>\n<tr>\n<td colspan=\"2\" width=\"657\" valign=\"top\">Tausende Seev\u00f6gel br\u00fcten in den Klippen. Neben den vielen M\u00f6wen wurden auch Komerane gesichtet. Und auf den\u00a0 Moorwiesen konnten wir oft kleine Fr\u00f6sche sehen.Bei unserer ersten Trinkpause\u00a0 haben Regine und Bert sogar Seehunde gesehen. Laut Reisef\u00fchrer kann man mit etwas Gl\u00fcck auch Delfine und Wale beobachten, die oft diese Gew\u00e4sser aufsuchen.<\/p>\n<p>An diesem Tag war der Griff zur Kamera h\u00e4ufiger als zur Trinkflasche!<\/td>\n<\/tr>\n<tr>\n<td width=\"329\" valign=\"top\">\u00a0<img decoding=\"async\" class=\"ngg-singlepic ngg-none\" src=\"http:\/\/adrianwood.ch\/wp-content\/gallery\/scotland21\/image005.jpg\" alt=\"image005\" \/><\/td>\n<td width=\"328\" valign=\"top\">\u00a0<img decoding=\"async\" class=\"ngg-singlepic ngg-none\" src=\"http:\/\/adrianwood.ch\/wp-content\/gallery\/scotland21\/image006.jpg\" alt=\"image006\" \/><\/td>\n<\/tr>\n<tr>\n<td width=\"329\" valign=\"top\">\u00a0<img decoding=\"async\" class=\"ngg-singlepic ngg-none\" src=\"http:\/\/adrianwood.ch\/wp-content\/gallery\/scotland21\/image007.jpg\" alt=\"image007\" \/><\/td>\n<td width=\"328\" valign=\"top\">\u00a0<img decoding=\"async\" class=\"ngg-singlepic ngg-none\" src=\"http:\/\/adrianwood.ch\/wp-content\/gallery\/scotland21\/image008.jpg\" alt=\"image008\" \/><\/td>\n<\/tr>\n<tr>\n<td colspan=\"2\" width=\"657\" valign=\"top\">Beim &#8220;Old Man Of Stoer&#8221; handelt es sich um einen ca. 60 Meter (197 ft) hoch aufragenden Felsen, der\u00a0 im Durchmesser etwa f\u00fcnf Meter breit ist und nur von waghalsigen Kletterern bestiegen wird. Am Felsen nisten Tausende Meeresv\u00f6geln. Mit viel Vorstellungskraft konnte man in dieser Feldformation auch den \u201eOld Man\u201c erkennen.Vom\u201c Old Man of Stoer\u201c wanderten wir dann auf einem bequemen Pfad entlang der K\u00fcste zum \u201eLighthouse Stoer\u201c. Gegen 14:30 Uhr trafen wird auf dem Parkplatz neben dem Leuchtturm ein, wo Kenny mit dem Bus auf uns wartete.<\/td>\n<\/tr>\n<tr>\n<td width=\"329\" valign=\"top\">\u00a0<img decoding=\"async\" class=\"ngg-singlepic ngg-none\" src=\"http:\/\/adrianwood.ch\/wp-content\/gallery\/scotland21\/image009.jpg\" alt=\"image009\" \/><\/td>\n<td width=\"328\" valign=\"top\">\u00a0<img decoding=\"async\" class=\"ngg-singlepic ngg-none\" src=\"http:\/\/adrianwood.ch\/wp-content\/gallery\/scotland21\/image010.jpg\" alt=\"image010\" \/><\/td>\n<\/tr>\n<tr>\n<td colspan=\"2\" width=\"657\" valign=\"top\">Dann fuhren wir auf der einspurigen K\u00fcstenstra\u00dfe (B869) zur\u00fcck nach Lochinver, sicherlich eine der sch\u00f6nsten Nebenstra\u00dfe\u00a0 der Welt, auf der\u00a0 wir abseits der Stra\u00dfe weitere sehenswerte Fotomotive fanden:War es nun der kleine sch\u00f6ne Strand, oder die schottische Hochlandrinder ?<\/p>\n<p>In Drumberg lud ein kleiner Parkplatz mit toller Aussicht zum Pausieren ein, und nat\u00fcrlich durfte auch ein Besuch des Pubs nicht fehlen.<\/td>\n<\/tr>\n<tr>\n<td width=\"329\" valign=\"top\">\u00a0<img decoding=\"async\" class=\"ngg-singlepic ngg-none\" src=\"http:\/\/adrianwood.ch\/wp-content\/gallery\/scotland21\/image011.jpg\" alt=\"image011\" \/><\/td>\n<td width=\"328\" valign=\"top\">\u00a0<img decoding=\"async\" class=\"ngg-singlepic ngg-none\" src=\"http:\/\/adrianwood.ch\/wp-content\/gallery\/scotland21\/image012.jpg\" alt=\"image012\" \/><\/td>\n<\/tr>\n<tr>\n<td colspan=\"2\" width=\"657\" valign=\"top\">Zum Abschluss besuchten ein paar\u201c Unerm\u00fcdliche\u201c noch die Pottery in Lochinver.Gegen 18:00 Uhr Zuhause (im Rose Guest House) angekommen fing es an zu regnen \u2013 auf der ganzen Tour war es trocken \u2013 welch ein Gl\u00fcck!\u00a0\u00a0\u00a0 \u00a0\u00a0\u00a0\u00a0\u00a0\u00a0\u00a0\u00a0\u00a0\u00a0\u00a0\u00a0\u00a0\u00a0\u00a0\u00a0\u00a0\u00a0\u00a0\u00a0\u00a0\u00a0\u00a0\u00a0\u00a0\u00a0\u00a0\u00a0\u00a0\u00a0\u00a0\u00a0Ingrid<\/td>\n<\/tr>\n<\/tbody>\n<\/table>\n","protected":false},"excerpt":{"rendered":"<p>Donnerstag, 21.Mai, Old Man Of Stoer Nach der\u00a0 anspruchsvollen Tour vom Vortag war f\u00fcr heute eine \u201eleichte K\u00fcstenwanderung\u201c zum \u201eOld Man Of Stoer\u201c vorgesehen. Gegen 09:45 Uhr holte uns Kenny vom Hotel in Lochinver ab und fuhr uns zum Ausgangspunkt Culkein Stoer, so dass wir (24 Teilnehmer, au\u00dfer Marianne, die ihren verletzten Fu\u00df schonen musste)\u00a0 &hellip; <a href=\"https:\/\/www.adrianwood.ch\/?page_id=331\" class=\"more-link\">Continue reading <span class=\"screen-reader-text\">05-21 Old Man of Stoer<\/span> <span class=\"meta-nav\">&rarr;<\/span><\/a><\/p>\n","protected":false},"author":1,"featured_media":0,"parent":157,"menu_order":2329,"comment_status":"closed","ping_status":"closed","template":"","meta":{"ngg_post_thumbnail":0,"footnotes":""},"class_list":["post-331","page","type-page","status-publish","hentry"],"_links":{"self":[{"href":"https:\/\/www.adrianwood.ch\/index.php?rest_route=\/wp\/v2\/pages\/331","targetHints":{"allow":["GET"]}}],"collection":[{"href":"https:\/\/www.adrianwood.ch\/index.php?rest_route=\/wp\/v2\/pages"}],"about":[{"href":"https:\/\/www.adrianwood.ch\/index.php?rest_route=\/wp\/v2\/types\/page"}],"author":[{"embeddable":true,"href":"https:\/\/www.adrianwood.ch\/index.php?rest_route=\/wp\/v2\/users\/1"}],"replies":[{"embeddable":true,"href":"https:\/\/www.adrianwood.ch\/index.php?rest_route=%2Fwp%2Fv2%2Fcomments&post=331"}],"version-history":[{"count":0,"href":"https:\/\/www.adrianwood.ch\/index.php?rest_route=\/wp\/v2\/pages\/331\/revisions"}],"up":[{"embeddable":true,"href":"https:\/\/www.adrianwood.ch\/index.php?rest_route=\/wp\/v2\/pages\/157"}],"wp:attachment":[{"href":"https:\/\/www.adrianwood.ch\/index.php?rest_route=%2Fwp%2Fv2%2Fmedia&parent=331"}],"curies":[{"name":"wp","href":"https:\/\/api.w.org\/{rel}","templated":true}]}}