{"id":3322,"date":"2014-11-24T12:03:27","date_gmt":"2014-11-24T11:03:27","guid":{"rendered":"http:\/\/adrianwood.ch\/?page_id=3322"},"modified":"2014-11-24T12:03:27","modified_gmt":"2014-11-24T11:03:27","slug":"10-08-kalymnos","status":"publish","type":"page","link":"https:\/\/www.adrianwood.ch\/?page_id=3322","title":{"rendered":"10 08 Kalymnos"},"content":{"rendered":"<figure id=\"attachment_3323\" aria-describedby=\"caption-attachment-3323\" style=\"width: 730px\" class=\"wp-caption alignleft\"><a href=\"http:\/\/adrianwood.ch\/wp-content\/uploads\/2014\/11\/DOD_0627_r7.jpg\"><img loading=\"lazy\" decoding=\"async\" class=\"size-full wp-image-3323\" src=\"http:\/\/adrianwood.ch\/wp-content\/uploads\/2014\/11\/DOD_0627_r7.jpg\" alt=\"Pothia Hafen\" width=\"730\" height=\"487\" \/><\/a><figcaption id=\"caption-attachment-3323\" class=\"wp-caption-text\">Pothia Hafen<\/figcaption><\/figure>\n<h2>Kalymnos, von der Schwammtaucher zur Kletterer-Insel<\/h2>\n<p style=\"text-align: justify;\"><strong>8.Okt: Italienerweg<\/strong><br \/>\nHeute wanderten wir von Vathy nach Pothia auf dem alten Italiener-Weg, ein landestypischer Pfad mit Marmorplatten an unwegsamen Stellen. Die ersten paar Kilometer haben wir, zusammengepfercht in einem kleinen Lieferwagen, gek\u00fcrzt. In der lebhaften Hauptstadt der Insel besichtigen wir einen Schwammbetrieb. Nach dem Besuch von Kloster Savvas mit eine eindr\u00fcckliche Blick \u00fcber der Stadt, gab es eine Taxifahrt zur\u00fcck nach Vathy. Manche haben vor dem gemeinsamen Abendessen beim Hafen gebadet.<br \/>\n9.Okt: Kyra Psili\u2013Pezontas Bucht<br \/>\nDie Wanderung f\u00fchrte uns von Vathy \u00fcber Stavros und Kira Psili, einer in eine Felswand eingebaute Kirche, zur Pezontas Bucht. Auf der Passh\u00f6he erwartete uns ein atemberaubender Ausblick auf die ganze gebirgige Insel. In Pezontas Bucht hatten wir die M\u00f6glichkeit am menschenleere Strand zu baden Baden. Am Nachmittag bei der Bootsfahrt zur\u00fcck nach Vathy haben wir eine Gruppe junge Kletterer von einer Felswand abgeholt. Es ist schon der letzte Abend in unserem kleinen Hotel Galini mit dem freundliche Wirt, Pandelis. Tolle Fischabendessen und romantisches Mondlicht. ngg_shortcode_0_placeholder<\/p>\n<figure id=\"attachment_3324\" aria-describedby=\"caption-attachment-3324\" style=\"width: 858px\" class=\"wp-caption alignleft\"><a href=\"http:\/\/adrianwood.ch\/wp-content\/uploads\/2014\/11\/Kalymnos-Map_r8.jpg\"><img loading=\"lazy\" decoding=\"async\" class=\"size-full wp-image-3324\" src=\"http:\/\/adrianwood.ch\/wp-content\/uploads\/2014\/11\/Kalymnos-Map_r8.jpg\" alt=\"Kalymnos\" width=\"858\" height=\"933\" \/><\/a><figcaption id=\"caption-attachment-3324\" class=\"wp-caption-text\">Kalymnos<\/figcaption><\/figure>\n","protected":false},"excerpt":{"rendered":"<p>Kalymnos, von der Schwammtaucher zur Kletterer-Insel 8.Okt: Italienerweg Heute wanderten wir von Vathy nach Pothia auf dem alten Italiener-Weg, ein landestypischer Pfad mit Marmorplatten an unwegsamen Stellen. Die ersten paar Kilometer haben wir, zusammengepfercht in einem kleinen Lieferwagen, gek\u00fcrzt. In der lebhaften Hauptstadt der Insel besichtigen wir einen Schwammbetrieb. Nach dem Besuch von Kloster Savvas &hellip; <a href=\"https:\/\/www.adrianwood.ch\/?page_id=3322\" class=\"more-link\">Continue reading <span class=\"screen-reader-text\">10 08 Kalymnos<\/span> <span class=\"meta-nav\">&rarr;<\/span><\/a><\/p>\n","protected":false},"author":1,"featured_media":0,"parent":3301,"menu_order":4824,"comment_status":"closed","ping_status":"closed","template":"","meta":{"ngg_post_thumbnail":0,"footnotes":""},"class_list":["post-3322","page","type-page","status-publish","hentry"],"_links":{"self":[{"href":"https:\/\/www.adrianwood.ch\/index.php?rest_route=\/wp\/v2\/pages\/3322","targetHints":{"allow":["GET"]}}],"collection":[{"href":"https:\/\/www.adrianwood.ch\/index.php?rest_route=\/wp\/v2\/pages"}],"about":[{"href":"https:\/\/www.adrianwood.ch\/index.php?rest_route=\/wp\/v2\/types\/page"}],"author":[{"embeddable":true,"href":"https:\/\/www.adrianwood.ch\/index.php?rest_route=\/wp\/v2\/users\/1"}],"replies":[{"embeddable":true,"href":"https:\/\/www.adrianwood.ch\/index.php?rest_route=%2Fwp%2Fv2%2Fcomments&post=3322"}],"version-history":[{"count":0,"href":"https:\/\/www.adrianwood.ch\/index.php?rest_route=\/wp\/v2\/pages\/3322\/revisions"}],"up":[{"embeddable":true,"href":"https:\/\/www.adrianwood.ch\/index.php?rest_route=\/wp\/v2\/pages\/3301"}],"wp:attachment":[{"href":"https:\/\/www.adrianwood.ch\/index.php?rest_route=%2Fwp%2Fv2%2Fmedia&parent=3322"}],"curies":[{"name":"wp","href":"https:\/\/api.w.org\/{rel}","templated":true}]}}