{"id":3327,"date":"2014-11-24T12:10:13","date_gmt":"2014-11-24T11:10:13","guid":{"rendered":"http:\/\/adrianwood.ch\/?page_id=3327"},"modified":"2014-11-24T12:10:13","modified_gmt":"2014-11-24T11:10:13","slug":"10-10-telendos","status":"publish","type":"page","link":"https:\/\/www.adrianwood.ch\/?page_id=3327","title":{"rendered":"10 10 Telendos"},"content":{"rendered":"<figure id=\"attachment_3328\" aria-describedby=\"caption-attachment-3328\" style=\"width: 730px\" class=\"wp-caption alignleft\"><a href=\"http:\/\/adrianwood.ch\/wp-content\/uploads\/2014\/11\/DOD_0840_r7.jpg\"><img loading=\"lazy\" decoding=\"async\" class=\"size-full wp-image-3328\" src=\"http:\/\/adrianwood.ch\/wp-content\/uploads\/2014\/11\/DOD_0840_r7.jpg\" alt=\"Telendos von Myrties auf Kalymnos\" width=\"730\" height=\"487\" \/><\/a><figcaption id=\"caption-attachment-3328\" class=\"wp-caption-text\">Telendos von Myrties auf Kalymnos<\/figcaption><\/figure>\n<h2>Telendos<\/h2>\n<p style=\"text-align: justify;\"><strong>10.Okt: Telendos &#8211; Agios Konstantinos<\/strong><br \/>\nTaxifahrt nach Myrthies, dem Kletterer Zentrum von Kalymnos. Von dort aus fahren wir mit dem Boot zur kleinen aber felsigen Nachbarinsel Telendos. Kletterer f\u00fchlen sich auf der Insel ebenso wohl wie Liebhaber von kleinsten Badebuchten und Freunde von romantischen Hafentavernen. Unsere Wanderung f\u00fchrte uns unterhalb der Felsen zu einem verlassenen und zerfallenden Weiler mit alten Gr\u00e4bern bei der Kirchenruine Agios Konstantinos. Unterwegs gibt es mehrere Badem\u00f6glichkeiten, die auf dem R\u00fcckweg rege benutzt wurden. Wir nahmen einen fr\u00fchen Abendessen in einen der Hafentavernen umgeben von Katzen wie so oft auf den Griechische Inseln. Manche unserer Damen waren sehr entz\u00fcckt von den Katzen und haben sie immer wieder gef\u00fcttert. Nachher gab es wieder eine abenteuerliche Bootsfahrt in die Nacht hinein auf unsere n\u00e4chste Insel Leros und schliesslich eine Busfahrt nach Alinda zu unserem Hotel. ngg_shortcode_0_placeholder<\/p>\n","protected":false},"excerpt":{"rendered":"<p>Telendos 10.Okt: Telendos &#8211; Agios Konstantinos Taxifahrt nach Myrthies, dem Kletterer Zentrum von Kalymnos. Von dort aus fahren wir mit dem Boot zur kleinen aber felsigen Nachbarinsel Telendos. Kletterer f\u00fchlen sich auf der Insel ebenso wohl wie Liebhaber von kleinsten Badebuchten und Freunde von romantischen Hafentavernen. Unsere Wanderung f\u00fchrte uns unterhalb der Felsen zu einem &hellip; <a href=\"https:\/\/www.adrianwood.ch\/?page_id=3327\" class=\"more-link\">Continue reading <span class=\"screen-reader-text\">10 10 Telendos<\/span> <span class=\"meta-nav\">&rarr;<\/span><\/a><\/p>\n","protected":false},"author":1,"featured_media":0,"parent":3301,"menu_order":4825,"comment_status":"closed","ping_status":"closed","template":"","meta":{"ngg_post_thumbnail":0,"footnotes":""},"class_list":["post-3327","page","type-page","status-publish","hentry"],"_links":{"self":[{"href":"https:\/\/www.adrianwood.ch\/index.php?rest_route=\/wp\/v2\/pages\/3327","targetHints":{"allow":["GET"]}}],"collection":[{"href":"https:\/\/www.adrianwood.ch\/index.php?rest_route=\/wp\/v2\/pages"}],"about":[{"href":"https:\/\/www.adrianwood.ch\/index.php?rest_route=\/wp\/v2\/types\/page"}],"author":[{"embeddable":true,"href":"https:\/\/www.adrianwood.ch\/index.php?rest_route=\/wp\/v2\/users\/1"}],"replies":[{"embeddable":true,"href":"https:\/\/www.adrianwood.ch\/index.php?rest_route=%2Fwp%2Fv2%2Fcomments&post=3327"}],"version-history":[{"count":0,"href":"https:\/\/www.adrianwood.ch\/index.php?rest_route=\/wp\/v2\/pages\/3327\/revisions"}],"up":[{"embeddable":true,"href":"https:\/\/www.adrianwood.ch\/index.php?rest_route=\/wp\/v2\/pages\/3301"}],"wp:attachment":[{"href":"https:\/\/www.adrianwood.ch\/index.php?rest_route=%2Fwp%2Fv2%2Fmedia&parent=3327"}],"curies":[{"name":"wp","href":"https:\/\/api.w.org\/{rel}","templated":true}]}}