{"id":3338,"date":"2014-11-24T12:47:30","date_gmt":"2014-11-24T11:47:30","guid":{"rendered":"http:\/\/adrianwood.ch\/?page_id=3338"},"modified":"2014-11-24T12:47:30","modified_gmt":"2014-11-24T11:47:30","slug":"10-12-lipsi","status":"publish","type":"page","link":"https:\/\/www.adrianwood.ch\/?page_id=3338","title":{"rendered":"10 12 Lipsi"},"content":{"rendered":"<figure id=\"attachment_3339\" aria-describedby=\"caption-attachment-3339\" style=\"width: 730px\" class=\"wp-caption alignleft\"><a href=\"http:\/\/adrianwood.ch\/wp-content\/uploads\/2014\/11\/DOD_1063_r7.jpg\"><img loading=\"lazy\" decoding=\"async\" class=\"size-full wp-image-3339\" src=\"http:\/\/adrianwood.ch\/wp-content\/uploads\/2014\/11\/DOD_1063_r7.jpg\" alt=\"Lipsi Hafen mit der Mitropolis\" width=\"730\" height=\"487\" \/><\/a><figcaption id=\"caption-attachment-3339\" class=\"wp-caption-text\">Lipsi Hafen mit der Mitropolis<\/figcaption><\/figure>\n<h2>Lipsi<\/h2>\n<p><strong>12.Okt: Leros\u2013Lipsi\u2013Leros<\/strong><\/p>\n<p style=\"text-align: justify;\">Tagesausflug mit der Fahre nach Lipsi. Auf der Wanderung konnten wir zwei verlassene Einsiedeleien, Ano und Kato Kimissi, bewundern und danach an einer einsamen Bucht baden. Auf der kleinen Insel fand ein grosses Hochzeitsfest statt, das manche von uns besucht haben. Ein wichtiges Ereignis und deswegen war die Taverne, wo wir das Abendessen h\u00e4tte nehmen sollen, voll mit Hochzeitsg\u00e4sten belegt. Es gab kaum eine Alternative im kleinen Ort, ausser eine Ouzo-Bar bar, wo wir Platz unter den Einheimischen gefunden haben. Mit Oktopus, frisch gegrillt, und allerlei Beilagen waren wir mehr als zufrieden und es gab eine festliche Atmosph\u00e4re. Die F\u00e4hre brachte uns problemlos zur\u00fcck nach Leros. Inzwischen waren wir Nachtfahrten gew\u00f6hnt. ngg_shortcode_0_placeholder<\/p>\n<figure id=\"attachment_3340\" aria-describedby=\"caption-attachment-3340\" style=\"width: 858px\" class=\"wp-caption alignleft\"><a href=\"http:\/\/adrianwood.ch\/wp-content\/uploads\/2014\/11\/Lipsi-Arki-Map_r8.jpg\"><img loading=\"lazy\" decoding=\"async\" class=\"size-full wp-image-3340\" src=\"http:\/\/adrianwood.ch\/wp-content\/uploads\/2014\/11\/Lipsi-Arki-Map_r8.jpg\" alt=\"Lipsi un Arki\" width=\"858\" height=\"1151\" \/><\/a><figcaption id=\"caption-attachment-3340\" class=\"wp-caption-text\">Lipsi und Arki<\/figcaption><\/figure>\n","protected":false},"excerpt":{"rendered":"<p>Lipsi 12.Okt: Leros\u2013Lipsi\u2013Leros Tagesausflug mit der Fahre nach Lipsi. Auf der Wanderung konnten wir zwei verlassene Einsiedeleien, Ano und Kato Kimissi, bewundern und danach an einer einsamen Bucht baden. Auf der kleinen Insel fand ein grosses Hochzeitsfest statt, das manche von uns besucht haben. Ein wichtiges Ereignis und deswegen war die Taverne, wo wir das &hellip; <a href=\"https:\/\/www.adrianwood.ch\/?page_id=3338\" class=\"more-link\">Continue reading <span class=\"screen-reader-text\">10 12 Lipsi<\/span> <span class=\"meta-nav\">&rarr;<\/span><\/a><\/p>\n","protected":false},"author":1,"featured_media":0,"parent":3301,"menu_order":4827,"comment_status":"closed","ping_status":"closed","template":"","meta":{"ngg_post_thumbnail":0,"footnotes":""},"class_list":["post-3338","page","type-page","status-publish","hentry"],"_links":{"self":[{"href":"https:\/\/www.adrianwood.ch\/index.php?rest_route=\/wp\/v2\/pages\/3338","targetHints":{"allow":["GET"]}}],"collection":[{"href":"https:\/\/www.adrianwood.ch\/index.php?rest_route=\/wp\/v2\/pages"}],"about":[{"href":"https:\/\/www.adrianwood.ch\/index.php?rest_route=\/wp\/v2\/types\/page"}],"author":[{"embeddable":true,"href":"https:\/\/www.adrianwood.ch\/index.php?rest_route=\/wp\/v2\/users\/1"}],"replies":[{"embeddable":true,"href":"https:\/\/www.adrianwood.ch\/index.php?rest_route=%2Fwp%2Fv2%2Fcomments&post=3338"}],"version-history":[{"count":0,"href":"https:\/\/www.adrianwood.ch\/index.php?rest_route=\/wp\/v2\/pages\/3338\/revisions"}],"up":[{"embeddable":true,"href":"https:\/\/www.adrianwood.ch\/index.php?rest_route=\/wp\/v2\/pages\/3301"}],"wp:attachment":[{"href":"https:\/\/www.adrianwood.ch\/index.php?rest_route=%2Fwp%2Fv2%2Fmedia&parent=3338"}],"curies":[{"name":"wp","href":"https:\/\/api.w.org\/{rel}","templated":true}]}}