{"id":3343,"date":"2014-11-24T12:52:36","date_gmt":"2014-11-24T11:52:36","guid":{"rendered":"http:\/\/adrianwood.ch\/?page_id=3343"},"modified":"2016-01-31T14:23:55","modified_gmt":"2016-01-31T14:23:55","slug":"10-14-arki","status":"publish","type":"page","link":"https:\/\/www.adrianwood.ch\/?page_id=3343","title":{"rendered":"10 14 Arki"},"content":{"rendered":"<figure id=\"attachment_3344\" aria-describedby=\"caption-attachment-3344\" style=\"width: 730px\" class=\"wp-caption alignleft\"><a href=\"http:\/\/adrianwood.ch\/wp-content\/uploads\/2014\/11\/DOD_1243_r7.jpg\"><img loading=\"lazy\" decoding=\"async\" class=\"size-full wp-image-3344\" src=\"http:\/\/adrianwood.ch\/wp-content\/uploads\/2014\/11\/DOD_1243_r7.jpg\" alt=\"Arki Hafen und Dorfplatz\" width=\"730\" height=\"487\" \/><\/a><figcaption id=\"caption-attachment-3344\" class=\"wp-caption-text\">Arki Hafen und Dorfplatz<\/figcaption><\/figure>\n<p>Use the drop-down menues for the next level of information<\/p>\n<h2>Arki<\/h2>\n<p><strong>14.Okt: Leros\u2013Arki\u2013Patmos<\/strong><\/p>\n<p style=\"text-align: justify;\">Vom Hafen Lakki aus fuhren wir mit dem Linienschiff via Patmos nach der ganz kleine kleinen Insel Arki. Hier steigen nur ein paar wenige Individualisten ab. Wir geh\u00f6rten offenbar dazu. Es gibt Inselleben pur \u2013 mit zwei wunderbaren Tavernen am Dorfplatz. Zuerst haben wir eine davon f\u00fcr eine ausgedehnte Kaffeepause benutzt. Anschliessend gem\u00fctliche Wanderung zum wundersch\u00f6nen Strand von Tigaki, wo wir nat\u00fcrlich ausgiebig gebadet haben. Es gibt kaum nennenswerte H\u00f6henunterschiede auf Arki. Gegen Abend R\u00fcckfahrt mit der F\u00e4hre nach Patmos. Ankunft bei Sonnenuntergang. Zimmerbezug im Hotel Skala in der Ortschaft. Abendessen in ein Suvlaki-laden in der N\u00e4he. ngg_shortcode_0_placeholder<\/p>\n","protected":false},"excerpt":{"rendered":"<p>Use the drop-down menues for the next level of information Arki 14.Okt: Leros\u2013Arki\u2013Patmos Vom Hafen Lakki aus fuhren wir mit dem Linienschiff via Patmos nach der ganz kleine kleinen Insel Arki. Hier steigen nur ein paar wenige Individualisten ab. Wir geh\u00f6rten offenbar dazu. Es gibt Inselleben pur \u2013 mit zwei wunderbaren Tavernen am Dorfplatz. Zuerst &hellip; <a href=\"https:\/\/www.adrianwood.ch\/?page_id=3343\" class=\"more-link\">Continue reading <span class=\"screen-reader-text\">10 14 Arki<\/span> <span class=\"meta-nav\">&rarr;<\/span><\/a><\/p>\n","protected":false},"author":1,"featured_media":0,"parent":3301,"menu_order":4828,"comment_status":"closed","ping_status":"closed","template":"","meta":{"ngg_post_thumbnail":0,"footnotes":""},"class_list":["post-3343","page","type-page","status-publish","hentry"],"_links":{"self":[{"href":"https:\/\/www.adrianwood.ch\/index.php?rest_route=\/wp\/v2\/pages\/3343","targetHints":{"allow":["GET"]}}],"collection":[{"href":"https:\/\/www.adrianwood.ch\/index.php?rest_route=\/wp\/v2\/pages"}],"about":[{"href":"https:\/\/www.adrianwood.ch\/index.php?rest_route=\/wp\/v2\/types\/page"}],"author":[{"embeddable":true,"href":"https:\/\/www.adrianwood.ch\/index.php?rest_route=\/wp\/v2\/users\/1"}],"replies":[{"embeddable":true,"href":"https:\/\/www.adrianwood.ch\/index.php?rest_route=%2Fwp%2Fv2%2Fcomments&post=3343"}],"version-history":[{"count":1,"href":"https:\/\/www.adrianwood.ch\/index.php?rest_route=\/wp\/v2\/pages\/3343\/revisions"}],"predecessor-version":[{"id":4993,"href":"https:\/\/www.adrianwood.ch\/index.php?rest_route=\/wp\/v2\/pages\/3343\/revisions\/4993"}],"up":[{"embeddable":true,"href":"https:\/\/www.adrianwood.ch\/index.php?rest_route=\/wp\/v2\/pages\/3301"}],"wp:attachment":[{"href":"https:\/\/www.adrianwood.ch\/index.php?rest_route=%2Fwp%2Fv2%2Fmedia&parent=3343"}],"curies":[{"name":"wp","href":"https:\/\/api.w.org\/{rel}","templated":true}]}}