{"id":3347,"date":"2014-11-24T12:58:32","date_gmt":"2014-11-24T11:58:32","guid":{"rendered":"http:\/\/adrianwood.ch\/?page_id=3347"},"modified":"2014-11-24T12:58:32","modified_gmt":"2014-11-24T11:58:32","slug":"3347-2","status":"publish","type":"page","link":"https:\/\/www.adrianwood.ch\/?page_id=3347","title":{"rendered":"10 15 Patmos"},"content":{"rendered":"<figure id=\"attachment_3348\" aria-describedby=\"caption-attachment-3348\" style=\"width: 730px\" class=\"wp-caption alignleft\"><a href=\"http:\/\/adrianwood.ch\/wp-content\/uploads\/2014\/11\/DOD_1385_r7.jpg\"><img loading=\"lazy\" decoding=\"async\" class=\"size-full wp-image-3348\" src=\"http:\/\/adrianwood.ch\/wp-content\/uploads\/2014\/11\/DOD_1385_r7.jpg\" alt=\"Der Johanniterburg von Chora\" width=\"730\" height=\"487\" \/><\/a><figcaption id=\"caption-attachment-3348\" class=\"wp-caption-text\">Der Johanniterburg von Chora<\/figcaption><\/figure>\n<h2>Patmos, die Insel des Propheten<\/h2>\n<p><strong>15.Okt: Johanneskloster oder N\u00f6rdliche Inselteil<\/strong><\/p>\n<p style=\"text-align: justify;\">Im Programm hiess es: Spaziergang vorbei am Kloster und der H\u00f6hle der Apokalypse nach und durch Chora zum weltber\u00fchmten Johanneskloster (UNESCO- Weltkulturerbe lokale F\u00fchrung). Ich habe es aber vorgezogen den n\u00f6rdlichen Teil der Inseln mit einem Mietauto zu erforschen. Man kann leicht in ein paar Stunden s\u00e4mtliche Strassen auf diesem Teil der Insel befahren und dabei viele attraktive und einsame Str\u00e4nde besuchen. Einen davon habe ich f\u00fcr einen l\u00e4ngeren Halt ausgew\u00e4hlt. Der einzige Ort, der nicht touristische Kampos, liegt etwas erh\u00f6ht mit Aussicht auf beide Seiten der Insel.<\/p>\n<p style=\"text-align: justify;\"><strong>16.Okt: Skala\u2013Stavros\u2013Psili Amos<\/strong><br \/>\nDie Wanderung an diesem Tag f\u00fchrte auf einer anderen Route auch nach und durch Chora am Kloster vorbei. Es gab sch\u00f6ne Ausblicke zur\u00fcck nach Skala wo ein grosses Kreuzfahrtschiff im Hafen lag und die eindr\u00fcckliche Johanniterburg konnte aus der N\u00e4he bewundert werden. An dem h\u00f6chsten Punkt steht eine Reihe von sch\u00f6n renovierten Windm\u00fchlen. Es ging dann hinunter nach Grikos wo wir vergeblich eine ge\u00f6ffnete Taverne gesucht haben. Weiter der K\u00fcste entlang beim bei der Yachtswerft im Stavros wurden wir doch f\u00fcndig. Hier haben wir lange beobachtet wie man eine grossen grosse Yacht aus dem Wasser f\u00fcr den Winter zieht. Der letzte Teil der landschaftlich abwechslungsreichen Wanderung brachte uns zum wundersch\u00f6nen Sandstrand von Psili Amos \u2013 einem Ort mit idealer Badegelegenheit. Etwas zu fr\u00fch mussten wir den traumhaften Ort verlassen, weil wir vor hatten den ganzen Weg zur\u00fcck zu unserem Hotel in Skala zu wandern. Letztes gem\u00fctliches Abendessen am Hafen in einem Fischrestaurant. Das Kreuzfahrtschiff fuhr kurz vorher ab.<\/p>\n<p style=\"text-align: justify;\"><strong>17.Okt: Patmos\u2013Kalymnos\u2013Kos<\/strong><br \/>\nWir hatten der Vormittag zur freien Verf\u00fcgung f\u00fcr die letzten Eink\u00e4ufe. In Skala gibt es viele Souvenierl\u00e4den. Nachher schleppten wir unser Gep\u00e4ck zum Hafen und kehrten mit Katamaran und Boot via Kalymnos zur\u00fcck nach Kos. Wir fuhren schnell vorbei an unz\u00e4hligen \u00c4g\u00e4isinseln und -klippen und mit Blick auf die t\u00fcrkische K\u00fcste. In Pothia auf Kalymnos, wo wir einen l\u00e4ngeren Aufenthalt hatten, tauchte pl\u00f6tzlich Pandelis auf seinen Motorrad auf und fuhr mit Esther, unsere Wanderleiterin, f\u00fcr kurze Zeit weg. Die letzte \u00dcbernachtung verbrachten wir in einem grossen Hotel in Mastichari und wussten warum wir alle anderen Abendessen in kleine Restaurants genommen hatten.<\/p>\n<p style=\"text-align: justify;\"><strong>18.Okt: R\u00fcckflug Kos\u2013Z\u00fcrich<\/strong><br \/>\nKurzer Transfer zum Flughafen Kos. Direktflug mit Edelweiss-Air von Kos nach Z\u00fcrich. Wir hatten eine letzte Gelegenheit die Inseln von Kos bis Patmos aus der Luft zu sehen. ngg_shortcode_0_placeholder<\/p>\n<figure id=\"attachment_3349\" aria-describedby=\"caption-attachment-3349\" style=\"width: 858px\" class=\"wp-caption alignleft\"><a href=\"http:\/\/adrianwood.ch\/wp-content\/uploads\/2014\/11\/Patmos-Map_r8.jpg\"><img loading=\"lazy\" decoding=\"async\" class=\"size-full wp-image-3349\" src=\"http:\/\/adrianwood.ch\/wp-content\/uploads\/2014\/11\/Patmos-Map_r8.jpg\" alt=\"Patmos\" width=\"858\" height=\"896\" \/><\/a><figcaption id=\"caption-attachment-3349\" class=\"wp-caption-text\">Patmos<\/figcaption><\/figure>\n","protected":false},"excerpt":{"rendered":"<p>Patmos, die Insel des Propheten 15.Okt: Johanneskloster oder N\u00f6rdliche Inselteil Im Programm hiess es: Spaziergang vorbei am Kloster und der H\u00f6hle der Apokalypse nach und durch Chora zum weltber\u00fchmten Johanneskloster (UNESCO- Weltkulturerbe lokale F\u00fchrung). Ich habe es aber vorgezogen den n\u00f6rdlichen Teil der Inseln mit einem Mietauto zu erforschen. Man kann leicht in ein paar &hellip; <a href=\"https:\/\/www.adrianwood.ch\/?page_id=3347\" class=\"more-link\">Continue reading <span class=\"screen-reader-text\">10 15 Patmos<\/span> <span class=\"meta-nav\">&rarr;<\/span><\/a><\/p>\n","protected":false},"author":1,"featured_media":0,"parent":3301,"menu_order":4829,"comment_status":"closed","ping_status":"closed","template":"","meta":{"ngg_post_thumbnail":0,"footnotes":""},"class_list":["post-3347","page","type-page","status-publish","hentry"],"_links":{"self":[{"href":"https:\/\/www.adrianwood.ch\/index.php?rest_route=\/wp\/v2\/pages\/3347","targetHints":{"allow":["GET"]}}],"collection":[{"href":"https:\/\/www.adrianwood.ch\/index.php?rest_route=\/wp\/v2\/pages"}],"about":[{"href":"https:\/\/www.adrianwood.ch\/index.php?rest_route=\/wp\/v2\/types\/page"}],"author":[{"embeddable":true,"href":"https:\/\/www.adrianwood.ch\/index.php?rest_route=\/wp\/v2\/users\/1"}],"replies":[{"embeddable":true,"href":"https:\/\/www.adrianwood.ch\/index.php?rest_route=%2Fwp%2Fv2%2Fcomments&post=3347"}],"version-history":[{"count":0,"href":"https:\/\/www.adrianwood.ch\/index.php?rest_route=\/wp\/v2\/pages\/3347\/revisions"}],"up":[{"embeddable":true,"href":"https:\/\/www.adrianwood.ch\/index.php?rest_route=\/wp\/v2\/pages\/3301"}],"wp:attachment":[{"href":"https:\/\/www.adrianwood.ch\/index.php?rest_route=%2Fwp%2Fv2%2Fmedia&parent=3347"}],"curies":[{"name":"wp","href":"https:\/\/api.w.org\/{rel}","templated":true}]}}