{"id":34002,"date":"2026-03-30T10:38:48","date_gmt":"2026-03-30T08:38:48","guid":{"rendered":"https:\/\/www.adrianwood.ch\/?page_id=34002"},"modified":"2026-04-02T12:20:34","modified_gmt":"2026-04-02T10:20:34","slug":"2026-02-cornwall","status":"publish","type":"page","link":"https:\/\/www.adrianwood.ch\/","title":{"rendered":"2026-02 Cornwall"},"content":{"rendered":"<figure id=\"attachment_34003\" aria-describedby=\"caption-attachment-34003\" style=\"width: 1620px\" class=\"wp-caption alignleft\"><a href=\"https:\/\/www.adrianwood.ch\/wp-content\/uploads\/2026\/03\/COR_0339.jpg\"><img loading=\"lazy\" decoding=\"async\" class=\"size-full wp-image-34003\" src=\"https:\/\/www.adrianwood.ch\/wp-content\/uploads\/2026\/03\/COR_0339.jpg\" alt=\"\" width=\"1620\" height=\"1080\" srcset=\"https:\/\/www.adrianwood.ch\/wp-content\/uploads\/2026\/03\/COR_0339.jpg 1620w, https:\/\/www.adrianwood.ch\/wp-content\/uploads\/2026\/03\/COR_0339-300x200.jpg 300w, https:\/\/www.adrianwood.ch\/wp-content\/uploads\/2026\/03\/COR_0339-1024x683.jpg 1024w, https:\/\/www.adrianwood.ch\/wp-content\/uploads\/2026\/03\/COR_0339-768x512.jpg 768w, https:\/\/www.adrianwood.ch\/wp-content\/uploads\/2026\/03\/COR_0339-1536x1024.jpg 1536w\" sizes=\"auto, (max-width: 1620px) 100vw, 1620px\" \/><\/a><figcaption id=\"caption-attachment-34003\" class=\"wp-caption-text\">Godrevy Lighthouse from the coastal path<\/figcaption><\/figure>\n<h3><a href=\"https:\/\/www.adrianwood.ch\/?page_id=34005\">Programm<\/a><\/h3>\n<h3><a href=\"https:\/\/www.adrianwood.ch\/?page_id=34110\">Inhalt\/Contents<\/a><\/h3>\n<h2><strong>Cornwall und Devon<\/strong><\/h2>\n<p>Die Grafschaften Devon und Cornwall im S\u00fcdwesten von England haben an ihren K\u00fcsten, aber auch im Hinterland viel zu bieten: schroffe Granitfelsen, Heidelandschaften und bewaldete Senken, von Hecken ums\u00e4umte Weiden und auch das sagenumwobene Dartmoor. In K\u00fcstenn\u00e4he finden sich wunderbar angelegte G\u00e4rten, deren \u00fcberbordende Vegetation von der klimatischen Gunst der Region zeugen. Malerisch sind die Natursteinh\u00e4user in den abgelegenen D\u00f6rfern und bekannten St\u00e4dtchen. Orte wie St Ives ziehen mit ihrem besonderen Licht und der umgebenden Landschaft seit \u00fcber 100 Jahren K\u00fcnstler an. In den Fischerorten laden die Pubs zur Einkehr.<\/p>\n<p>Schmugglern ist es zu verdanken, dass der S\u00fcdwesten Englands heute ein reizvolles Wandergebiet ist. Denn um sie unter Kontrolle zu bekommen, legte man direkt an der zerkl\u00fcfteten K\u00fcste einen Pfad an, der heute als South West Coast Path viele Wanderer anlockt. Raue Klippen, felsige Buchten und goldene Sandstr\u00e4nde wechseln sich ab. Dazwischen Felsformationen, auf denen sich Burgen oder Burgruinen erheben.<\/p>\n","protected":false},"excerpt":{"rendered":"<p>Programm Inhalt\/Contents Cornwall und Devon Die Grafschaften Devon und Cornwall im S\u00fcdwesten von England haben an ihren K\u00fcsten, aber auch im Hinterland viel zu bieten: schroffe Granitfelsen, Heidelandschaften und bewaldete Senken, von Hecken ums\u00e4umte Weiden und auch das sagenumwobene Dartmoor. In K\u00fcstenn\u00e4he finden sich wunderbar angelegte G\u00e4rten, deren \u00fcberbordende Vegetation von der klimatischen Gunst der &hellip; <a href=\"https:\/\/www.adrianwood.ch\/\" class=\"more-link\">Continue reading <span class=\"screen-reader-text\">2026-02 Cornwall<\/span> <span class=\"meta-nav\">&rarr;<\/span><\/a><\/p>\n","protected":false},"author":1,"featured_media":0,"parent":20727,"menu_order":270,"comment_status":"closed","ping_status":"closed","template":"","meta":{"ngg_post_thumbnail":0,"footnotes":""},"class_list":["post-34002","page","type-page","status-publish","hentry"],"_links":{"self":[{"href":"https:\/\/www.adrianwood.ch\/index.php?rest_route=\/wp\/v2\/pages\/34002","targetHints":{"allow":["GET"]}}],"collection":[{"href":"https:\/\/www.adrianwood.ch\/index.php?rest_route=\/wp\/v2\/pages"}],"about":[{"href":"https:\/\/www.adrianwood.ch\/index.php?rest_route=\/wp\/v2\/types\/page"}],"author":[{"embeddable":true,"href":"https:\/\/www.adrianwood.ch\/index.php?rest_route=\/wp\/v2\/users\/1"}],"replies":[{"embeddable":true,"href":"https:\/\/www.adrianwood.ch\/index.php?rest_route=%2Fwp%2Fv2%2Fcomments&post=34002"}],"version-history":[{"count":5,"href":"https:\/\/www.adrianwood.ch\/index.php?rest_route=\/wp\/v2\/pages\/34002\/revisions"}],"predecessor-version":[{"id":34294,"href":"https:\/\/www.adrianwood.ch\/index.php?rest_route=\/wp\/v2\/pages\/34002\/revisions\/34294"}],"up":[{"embeddable":true,"href":"https:\/\/www.adrianwood.ch\/index.php?rest_route=\/wp\/v2\/pages\/20727"}],"wp:attachment":[{"href":"https:\/\/www.adrianwood.ch\/index.php?rest_route=%2Fwp%2Fv2%2Fmedia&parent=34002"}],"curies":[{"name":"wp","href":"https:\/\/api.w.org\/{rel}","templated":true}]}}