{"id":34005,"date":"2026-03-30T10:46:08","date_gmt":"2026-03-30T08:46:08","guid":{"rendered":"https:\/\/www.adrianwood.ch\/?page_id=34005"},"modified":"2026-03-30T17:34:16","modified_gmt":"2026-03-30T15:34:16","slug":"programm","status":"publish","type":"page","link":"https:\/\/www.adrianwood.ch\/?page_id=34005","title":{"rendered":"Programm"},"content":{"rendered":"<figure id=\"attachment_34006\" aria-describedby=\"caption-attachment-34006\" style=\"width: 1620px\" class=\"wp-caption alignleft\"><a href=\"https:\/\/www.adrianwood.ch\/wp-content\/uploads\/2026\/03\/COR_0080.jpg\"><img loading=\"lazy\" decoding=\"async\" class=\"size-full wp-image-34006\" src=\"https:\/\/www.adrianwood.ch\/wp-content\/uploads\/2026\/03\/COR_0080.jpg\" alt=\"\" width=\"1620\" height=\"1080\" srcset=\"https:\/\/www.adrianwood.ch\/wp-content\/uploads\/2026\/03\/COR_0080.jpg 1620w, https:\/\/www.adrianwood.ch\/wp-content\/uploads\/2026\/03\/COR_0080-300x200.jpg 300w, https:\/\/www.adrianwood.ch\/wp-content\/uploads\/2026\/03\/COR_0080-1024x683.jpg 1024w, https:\/\/www.adrianwood.ch\/wp-content\/uploads\/2026\/03\/COR_0080-768x512.jpg 768w, https:\/\/www.adrianwood.ch\/wp-content\/uploads\/2026\/03\/COR_0080-1536x1024.jpg 1536w\" sizes=\"auto, (max-width: 1620px) 100vw, 1620px\" \/><\/a><figcaption id=\"caption-attachment-34006\" class=\"wp-caption-text\">Die Gruppe am ersten Tag bei Budleigh Salterton<\/figcaption><\/figure>\n<h2><strong>Programm<\/strong><\/h2>\n<ol>\n<li><strong> Tag: Anreise nach Torquay \/ Devon<\/strong><\/li>\n<\/ol>\n<p>Fluganreise mit EasyJet von Basel nach Bristol, Transferfahrt (ca. 1,5 h) zur ersten Unterkunft in Torquay (Grafschaft Devon). Nach der Ankunft erstes gemeinsames Abendessen im Hotelrestaurant.<\/p>\n<ol start=\"2\">\n<li><strong> Tag: <a href=\"https:\/\/www.adrianwood.ch\/?page_id=34009\">Wanderung an der Jurassic Coast in Devon bei Exmouth<\/a><\/strong><\/li>\n<\/ol>\n<p>Wanderung an der sch\u00f6nsten Strecke der Jurassic Coast in Devon von Sidmouth bis Budleigh Salterton, sch\u00f6ner Einstieg mit tollen K\u00fcstenformationen aus rotem Sandstein.<\/p>\n<p>(Aufstieg 120 m, Abstieg 270 m, L\u00e4nge 11 km, Dauer ca. 4 h)<\/p>\n<p><em>Anfahrt nach Sidmouth &amp; R\u00fcckfahrt ab Budleigh Fahrtzeit ca. 1 h.<\/em><\/p>\n<ol start=\"3\">\n<li><strong> Tag: <a href=\"https:\/\/www.adrianwood.ch\/?page_id=34013\">Wanderung von Brixham nach Kingswear und Dartmouth<\/a><\/strong><\/li>\n<\/ol>\n<p>S\u00fcdlich von Brixham erreichen wir den K\u00fcstenpfad und folgen ihm entlang der K\u00fcste bis zur M\u00fcndung des fjordartig erweiterten River Dart. Von Kingswear aus setzen wir mit der F\u00e4hre nach Dartmouth \u00fcber \u2013 eine charmante Hafenstadt, deren enge Gassen, historische Geb\u00e4ude und lebendige Uferpromenade zum Erkunden und Verweilen einladen.<\/p>\n<p>(Auf- und Abstieg 350 m, L\u00e4nge 9 km, Dauer ca. 3,5 h)<\/p>\n<p><em>Anfahrt nach Brixham &amp; R\u00fcckfahrt ab Dartmouth Fahrtzeit ca. 1 h 30 min.<\/em><\/p>\n<ol start=\"4\">\n<li><strong> Tag: <a href=\"https:\/\/www.adrianwood.ch\/?page_id=34019\">Wanderung im Dartmoor bei Postbridge und Merrivale<\/a><\/strong><\/li>\n<\/ol>\n<p>Wanderung im Nationalpark Dartmoor zu bronzezeitlichen Siedlungen, Grabst\u00e4tten und megalithischen Stone Rows. Im Visitor Centre in Postbridge erwarten uns arch\u00e4ologische Funde. Wir erkunden eine ikonische Landschaft Dartmoors: Bellever Tor mit spektakul\u00e4rer Wollsackverwitterung des Granitgesteins. Auch zwei der ber\u00fchmten Clapper Bridges (alte Packpferdebr\u00fccken) liegen auf unserem Weg.<\/p>\n<p>(Auf- und Abstieg 250 m, L\u00e4nge 9,5 km, Dauer ca. 3,5 h)<\/p>\n<p><em>Fahrt von Torquay durchs Dartmoor nach Newquay Fahrtzeit ca. 2 h 45 min.<\/em><\/p>\n<ol start=\"5\">\n<li><strong> Tag: <a href=\"https:\/\/www.adrianwood.ch\/?page_id=34026\">Wanderung an Cornwalls Nordk\u00fcste von Portreath nach Gwithian<\/a><\/strong><\/li>\n<\/ol>\n<p>Entlang der Steilk\u00fcste vorbei an Brutgebieten von Seev\u00f6geln und Seerobben zum Godrevy Head mit dem auf einer Insel vorgelagerten Leuchtturm, der Virginia Woolf zu ihrem Roman \u201eTo the Lighthouse\u201c inspirierte. In Gwithian kann vor der R\u00fcckfahrt ein Pub mit Biergarten genossen werden.<\/p>\n<p>(Auf- und Abstieg 270 m, L\u00e4nge 13 km, Dauer ca. 4,5 h, kann verk\u00fcrzt werden durch sp\u00e4teren Einstieg)<\/p>\n<p><em>Anfahrt nach Portreath &amp; R\u00fcckfahrt von Gwithian Fahrtzeit ca. 1 h 20 min.<\/em><\/p>\n<ol start=\"6\">\n<li><strong> Tag: <a href=\"https:\/\/www.adrianwood.ch\/?page_id=34030\">South West Coast Path von Boscastle nach Tintagel<\/a><\/strong><\/li>\n<\/ol>\n<p>Auf dem South West Coast Path \u00fcber die zerkl\u00fcftete Klippen-k\u00fcste. Anschlie\u00dfend kann die Burgruine Tintagel Castle besichtigt werden, in der der mythische King Arthur geboren sein soll.<\/p>\n<p>(Auf- und Abstieg 280 m, L\u00e4nge 9,2 km, Dauer ca. 3.5 h)<\/p>\n<p><em>Anfahrt Boscastle\/Tintagel &amp; R\u00fcckfahrt Fahrtzeit ca. 1 h.<\/em><\/p>\n<ol start=\"7\">\n<li><strong> Tag: <a href=\"https:\/\/www.adrianwood.ch\/?page_id=34036\">Wanderung vom Minack Theatre \u00fcber Land\u2019s End nach Sennen Cove<\/a><\/strong><\/li>\n<\/ol>\n<p>Nach der Besichtigung des beeindruckend in die Steilk\u00fcste gehauenen Freilichttheaters Minack Theatre geht es auf die teilweise anspruchsvolle Wanderung \u00fcber Land\u2019s End, den westlichsten Zipfel Englands, bis zu den interessanten Granitformationen von Sennen Cove, insgesamt ein wundersch\u00f6ner K\u00fcstenabschnitt.<\/p>\n<p>(Auf- und Abstieg 280 m, L\u00e4nge 11,5 km, Dauer: ca. 4 h, kann um ca. 3 km verk\u00fcrzt werden)<\/p>\n<p><em>Anfahrt nach Minack Theatre &amp; R\u00fcckfahrt von Sennen Cove Fahrtzeit ca. 3 h.<\/em><\/p>\n<ol start=\"8\">\n<li><strong> Tag: <a href=\"https:\/\/www.adrianwood.ch\/?page_id=34042\">Wanderung von St. Ives nach Zennor<\/a><\/strong><\/li>\n<\/ol>\n<p>Morgens Besuch des bekannten K\u00fcnstler-St\u00e4dtchens St. Ives. Dann Wanderung von St. Ives entlang der rauen, heidebewachsenen Klippen zum romantischen Weiler Zennor, wo ein sehr sch\u00f6ner alter Pub zur Einkehr lockt. Auf der Weiterfahrt zur dritten Unterkunft nach Falmouth darf ein Fotostopp mit attraktivem Blick auf die Insel St. Michaels Mount nicht fehlen.<\/p>\n<p>(Auf- und Abstieg 220 m, L\u00e4nge 9 km, Dauer ca. 3,5 h)<\/p>\n<p><em>Anfahrt nach St. Ives &amp; Weiterfahrt von Zennor nach Falmouth Fahrtzeit ca. 1 h 45 min.<\/em><\/p>\n<ol start=\"9\">\n<li><strong> Tag: <a href=\"https:\/\/www.adrianwood.ch\/?page_id=34046\">Wanderung von Helford Passage nach Falmouth &amp; Besuch Trebah Garden<\/a><\/strong><\/li>\n<\/ol>\n<p>Mit einem Besuch des vor \u00fcber 170 Jahren angelegten Trebah Garden startet der Tag. Der Schluchtgarten mit Magnolien, Baumfarnen und vielen weiteren subtropischen Pflanzen erstreckt sich zwischen steilen H\u00fcgeln entlang eines Baches bis zum Ufer des Helford River. Anschlie\u00dfend folgt eine K\u00fcstenpfad-Wanderung von Helford Passage nach Falmouth zum Hotel in der N\u00e4he des Falmouth Harbours.<\/p>\n<p>(Auf- und Abstieg: 180 m, L\u00e4nge 11 km, Dauer ca. 4 h, die Wegstrecke kann im Stadtbereich von Falmouth verk\u00fcrzt oder verl\u00e4ngert werden.)<\/p>\n<p><em>Anfahrt bis Helford Passage Fahrtzeit ca. 30 min.<\/em><\/p>\n<ol start=\"10\">\n<li><strong> Tag: <a href=\"https:\/\/www.adrianwood.ch\/?page_id=34050\">Wanderung auf dem <\/a><\/strong><strong>Lizard, der s\u00fcdlichsten Halbinsel Englands<\/strong><\/li>\n<\/ol>\n<p>Wanderung von Lizard Point, wo mit etwas Gl\u00fcck Seerobben beim Baden beobachtet werden k\u00f6nnen. Es geht vorbei an rauen Klippen und lieblichem Farmland zum pittoresken Fischerdorf Cadgewith mit einer kleinen Fischfangflotte. Einkehrm\u00f6glichkeiten in Cadgewith.<\/p>\n<p>(Auf- und Abstieg 160 m, L\u00e4nge 8,5 km, Dauer ca. 3 h)<\/p>\n<p><em>Anfahrt nach Lizard Point &amp; R\u00fcckfahrt von Cadgewith Fahrtzeit ca. 1 h 30 min.<\/em><\/p>\n<ol start=\"11\">\n<li><strong> Tag: R\u00fcckreise<\/strong><\/li>\n<\/ol>\n<p>Um ca. 4:00 Uhr Transfer (ca. 4 h) vom Hotel in Falmouth zum Flughafen Bristol und R\u00fcckflug nach Basel.<\/p>\n","protected":false},"excerpt":{"rendered":"<p>Programm Tag: Anreise nach Torquay \/ Devon Fluganreise mit EasyJet von Basel nach Bristol, Transferfahrt (ca. 1,5 h) zur ersten Unterkunft in Torquay (Grafschaft Devon). Nach der Ankunft erstes gemeinsames Abendessen im Hotelrestaurant. Tag: Wanderung an der Jurassic Coast in Devon bei Exmouth Wanderung an der sch\u00f6nsten Strecke der Jurassic Coast in Devon von Sidmouth &hellip; <a href=\"https:\/\/www.adrianwood.ch\/?page_id=34005\" class=\"more-link\">Continue reading <span class=\"screen-reader-text\">Programm<\/span> <span class=\"meta-nav\">&rarr;<\/span><\/a><\/p>\n","protected":false},"author":1,"featured_media":0,"parent":34002,"menu_order":2700,"comment_status":"closed","ping_status":"closed","template":"","meta":{"ngg_post_thumbnail":0,"footnotes":""},"class_list":["post-34005","page","type-page","status-publish","hentry"],"_links":{"self":[{"href":"https:\/\/www.adrianwood.ch\/index.php?rest_route=\/wp\/v2\/pages\/34005","targetHints":{"allow":["GET"]}}],"collection":[{"href":"https:\/\/www.adrianwood.ch\/index.php?rest_route=\/wp\/v2\/pages"}],"about":[{"href":"https:\/\/www.adrianwood.ch\/index.php?rest_route=\/wp\/v2\/types\/page"}],"author":[{"embeddable":true,"href":"https:\/\/www.adrianwood.ch\/index.php?rest_route=\/wp\/v2\/users\/1"}],"replies":[{"embeddable":true,"href":"https:\/\/www.adrianwood.ch\/index.php?rest_route=%2Fwp%2Fv2%2Fcomments&post=34005"}],"version-history":[{"count":4,"href":"https:\/\/www.adrianwood.ch\/index.php?rest_route=\/wp\/v2\/pages\/34005\/revisions"}],"predecessor-version":[{"id":34060,"href":"https:\/\/www.adrianwood.ch\/index.php?rest_route=\/wp\/v2\/pages\/34005\/revisions\/34060"}],"up":[{"embeddable":true,"href":"https:\/\/www.adrianwood.ch\/index.php?rest_route=\/wp\/v2\/pages\/34002"}],"wp:attachment":[{"href":"https:\/\/www.adrianwood.ch\/index.php?rest_route=%2Fwp%2Fv2%2Fmedia&parent=34005"}],"curies":[{"name":"wp","href":"https:\/\/api.w.org\/{rel}","templated":true}]}}