{"id":3451,"date":"2014-12-18T21:31:06","date_gmt":"2014-12-18T20:31:06","guid":{"rendered":"http:\/\/adrianwood.ch\/?page_id=3451"},"modified":"2016-06-09T09:06:02","modified_gmt":"2016-06-09T09:06:02","slug":"2014-08-maggia","status":"publish","type":"page","link":"https:\/\/www.adrianwood.ch\/?page_id=3451","title":{"rendered":"2014-08 Maggia"},"content":{"rendered":"<figure id=\"attachment_3452\" aria-describedby=\"caption-attachment-3452\" style=\"width: 730px\" class=\"wp-caption alignleft\"><a href=\"http:\/\/adrianwood.ch\/wp-content\/uploads\/2014\/12\/MAG_0167_r7.jpg\"><img loading=\"lazy\" decoding=\"async\" class=\"size-full wp-image-3452\" src=\"http:\/\/adrianwood.ch\/wp-content\/uploads\/2014\/12\/MAG_0167_r7.jpg\" alt=\"auf dem Alpe Salei, Valle Vergeletto\" width=\"730\" height=\"487\" \/><\/a><figcaption id=\"caption-attachment-3452\" class=\"wp-caption-text\">auf dem Alpe Salei, Valle Vergeletto<\/figcaption><\/figure>\n<h2 style=\"text-align: center;\">F\u00fcnftageswanderung vom Leventina durch die Maggia ins Onsernone<br \/>\n1. &#8211; 5.August 2014<\/h2>\n<p style=\"text-align: justify;\">ALLGEMEINES Bergwan\u00acderung von der Valle Leventina durch die Valle Maggia ins Valle Onsernone wo wir im einmaligem Palazzo Armoncini (Tessinerklanghaus) unterbracht werden. Meist markierte Pfade (T2). Etwas Ausdauer, Tritt\u00acsicherheit und &#8211; fakultativ &#8211; Kaltwas\u00acserfestigkeit werden verlangt. Die Lager bestehen teilweise aus Matratzen am Dachboden mit Duvets oder Decken. Eine Dusche ist vorhanden. Man k\u00f6nnte wenn erwunscht einen Tag fr\u00fcher aufh\u00f6ren.<\/p>\n<p style=\"text-align: justify;\">PROGRAMM Freitag, 1.August: Treffpunkt Schalterhalle SBB 06:50. Abfahrt 07:04 nach Airolo (1141m), Ankunft 10:00. Seilbahn auf Sasso della Boggia (2065m). Wanderung via Alpe di Ravina (1775m) &#8211; Passo Sassello (2336m) &#8211; Fusio (1281m), 14km, 5Std. \u00dcbernachtung im Osteria Dazio, Lager mit Halbpension.<br \/>\nSamstag, 2.August: Fusio \u2013 Peccia (885m) \u2013 Prato (742m) \u2013 Cavergno (459m), 17km, 4.5Std. \u00dcbernachtung im Lager mit Halbpension.<br \/>\nSonntag, 3.August: Bus nach Maggia. Wanderung via Aurigeno (341m) \u2013 Passo della Garina (1076m) \u2013 Campo\/Mulegn (906m), Mittagessen \u2013 Sella (1019m) \u2013 Berzona (812m), Badem\u00f6glichkeit \u2013 Loco (678m), 12km, 4.5Std. \u00dcbernachtung in Palazzo Armoncini, Zimmer und Lager mit Halbpension.<br \/>\nMontag, 4.August: Postauto nach Vergeletto. Seilbahn nach Alpe Salei (1777m) \u2013 Lago del Salei (1923m) \u2013 Pilone (2191m) \u2013 Spruga (1113m), 9km, 3.5Std. 14:35 oder 16:35 Postauto nach Loco. \u00dcbernachtung in Palazzo Armoncini, Zimmer und Lager mit Halbpension oder Heimreise, Ankunft in Basel um 19:53 oder 21:53.<br \/>\nDienstag, 5.August: Loco \u2013 Niva &#8211; Onsernone Fluss (806m), Badem\u00f6glichkeit \u2013 Pila (590m) &#8211; Intragna (339m), Mittagessen und Dorfbesichtigung oder Baden im Fluss, 6km, 2Std. Zug um 15:32 nach Locarno. Abfahrt um 16:04, Ankunft in Basel um 19:53, oder jede Stunde.<\/p>\n<h3 style=\"text-align: justify;\"><a href=\"http:\/\/www.adrianwood.ch\/?page_id=7610\">Inhalt \/ Contents<\/a><\/h3>\n<p style=\"text-align: justify;\">ngg_shortcode_0_placeholder<\/p>\n<p>&nbsp;<\/p>\n","protected":false},"excerpt":{"rendered":"<p>F\u00fcnftageswanderung vom Leventina durch die Maggia ins Onsernone 1. &#8211; 5.August 2014 ALLGEMEINES Bergwan\u00acderung von der Valle Leventina durch die Valle Maggia ins Valle Onsernone wo wir im einmaligem Palazzo Armoncini (Tessinerklanghaus) unterbracht werden. Meist markierte Pfade (T2). Etwas Ausdauer, Tritt\u00acsicherheit und &#8211; fakultativ &#8211; Kaltwas\u00acserfestigkeit werden verlangt. Die Lager bestehen teilweise aus Matratzen am &hellip; <a href=\"https:\/\/www.adrianwood.ch\/?page_id=3451\" class=\"more-link\">Continue reading <span class=\"screen-reader-text\">2014-08 Maggia<\/span> <span class=\"meta-nav\">&rarr;<\/span><\/a><\/p>\n","protected":false},"author":1,"featured_media":0,"parent":140,"menu_order":1580,"comment_status":"closed","ping_status":"closed","template":"","meta":{"ngg_post_thumbnail":0,"footnotes":""},"class_list":["post-3451","page","type-page","status-publish","hentry"],"_links":{"self":[{"href":"https:\/\/www.adrianwood.ch\/index.php?rest_route=\/wp\/v2\/pages\/3451","targetHints":{"allow":["GET"]}}],"collection":[{"href":"https:\/\/www.adrianwood.ch\/index.php?rest_route=\/wp\/v2\/pages"}],"about":[{"href":"https:\/\/www.adrianwood.ch\/index.php?rest_route=\/wp\/v2\/types\/page"}],"author":[{"embeddable":true,"href":"https:\/\/www.adrianwood.ch\/index.php?rest_route=\/wp\/v2\/users\/1"}],"replies":[{"embeddable":true,"href":"https:\/\/www.adrianwood.ch\/index.php?rest_route=%2Fwp%2Fv2%2Fcomments&post=3451"}],"version-history":[{"count":2,"href":"https:\/\/www.adrianwood.ch\/index.php?rest_route=\/wp\/v2\/pages\/3451\/revisions"}],"predecessor-version":[{"id":7615,"href":"https:\/\/www.adrianwood.ch\/index.php?rest_route=\/wp\/v2\/pages\/3451\/revisions\/7615"}],"up":[{"embeddable":true,"href":"https:\/\/www.adrianwood.ch\/index.php?rest_route=\/wp\/v2\/pages\/140"}],"wp:attachment":[{"href":"https:\/\/www.adrianwood.ch\/index.php?rest_route=%2Fwp%2Fv2%2Fmedia&parent=3451"}],"curies":[{"name":"wp","href":"https:\/\/api.w.org\/{rel}","templated":true}]}}