{"id":3467,"date":"2014-12-19T12:17:17","date_gmt":"2014-12-19T11:17:17","guid":{"rendered":"http:\/\/adrianwood.ch\/?page_id=3467"},"modified":"2014-12-19T12:17:17","modified_gmt":"2014-12-19T11:17:17","slug":"08-02-brontallo","status":"publish","type":"page","link":"https:\/\/www.adrianwood.ch\/?page_id=3467","title":{"rendered":"08-02 Brontallo"},"content":{"rendered":"<h2>Samstag, 2. August 2014, Brontallo<\/h2>\n<p style=\"text-align: justify;\">Als ausw\u00e4rtige G\u00e4ste, untergebracht in der Gruppenunterkunft des Gemeindehauses von Fusio, erscheinen wir zur vereinbarten Zeit um 07.30 Uhr in der Osteria Dazio zum Morgenessen. Die Wirtin hat bis in die fr\u00fchen Morgenstunden mit den G\u00e4sten die 1. August-Feier genossen und vor lauter Musikgenuss und \u201eL\u00f6ffeln\u201c als Begleitung offensichtlich vergessen, das Brot rechtzeitig aus dem Tiefk\u00fchler zu nehmen. Leider zeigten die aktivierten Mikrowellen nur geringe Wirkung, weshalb die Brotschnitten im Kern noch festgefroren bleiben, was eine gewisse Reizung und Unmut bei uns essfreudigen Wanderern auszul\u00f6sen vermag. Durch einen unentbehrlichen Hausschl\u00fcssel wird selbst der Schreiber In Fusio noch total konfusio, als dieser doch schliesslich in seiner Brusttasche noch zum Vorschein kommt, obwohl er und sein Tischnachbar hundertf\u00fcnfzig Prozent \u00fcberzeugt waren, dass ihn bereits einer der Mitschl\u00e4fer zur R\u00fcckkehr ins Haus bei ihm verlangt hatte! <img decoding=\"async\" class=\"ngg-singlepic ngg-left\" src=\"http:\/\/adrianwood.ch\/wp-content\/gallery\/maggia03\/image001_r3.jpg\" alt=\"image001_r3\" \/><br \/>\nDessen ungeachtet schaffen wir alle noch rechtzeitig den Zustieg ins Postauto, welches uns um 09.05 Uhr talabw\u00e4rts in unz\u00e4hligen, steilen und engen Kurven nach Brontallo f\u00fchren wird, um die Gruppe vor Regenschauern zu schonen, was uns Adrian nicht zumuten m\u00f6chte. Doch in Peccia dr\u00fccken 2 Unentwegte den Halteknopf und w\u00fcnschen dem Rest der Gruppe eine gute Weiterfahrt. Regina und der Schreiber lassen es sich nicht nehmen, bereits am 2. Tag erneut das vorgesehene Wanderprogramm ausser Kraft zu setzen. So wandern sie frischfr\u00f6hlich &#8211; allen Regentropfen zum Trotz \u2013 in ihren Pelerinen<br \/>\nauf angenehmen Wegen via Sornico, Prato, Broglio in gut zwei Stunden bis Monzonico, wo sie durchn\u00e4sst sich endlich eine wohlverdiente Trinkpause auf einer m\u00f6glichst noch trockenen Bank g\u00f6nnen m\u00f6chten. Zuf\u00e4llig treffen sie dort auf einen Grossteil der Basler Touristen, welche sich um 10.30 Uhr von Brontallo aus via Verda, Menzonico auf eine Rundwanderung aufgemacht hatten, um doch noch etwas Bewegung vor dem Mittagessen zu erreichen.<br \/>\n<img decoding=\"async\" class=\"ngg-singlepic ngg-left\" src=\"http:\/\/adrianwood.ch\/wp-content\/gallery\/maggia03\/image002_r3.jpg\" alt=\"image002_r3\" \/><img decoding=\"async\" class=\"ngg-singlepic ngg-left\" src=\"http:\/\/adrianwood.ch\/wp-content\/gallery\/maggia03\/image003_r3.jpg\" alt=\"image003_r3\" \/><br \/>\n<img decoding=\"async\" class=\"ngg-singlepic ngg-left\" src=\"http:\/\/adrianwood.ch\/wp-content\/gallery\/maggia03\/image004_r3.jpg\" alt=\"image004_r3\" \/>Um 12.30 Uhr d\u00fcrfen wir uns eine kr\u00e4ftige Minestronesuppe genehmigen. Darauf werden aus der K\u00fcche frisch zubereitete Pizzoccheri serviert und wer dann noch Lust hat, geniesst zus\u00e4tzlich noch eine Torta del pane, welche der Chef h\u00f6chstpers\u00f6nlich f\u00fcr uns frisch gebacken hatte. Um 14 Uhr treffen wir uns einen Stock h\u00f6her zu einer PowerPoint-Pr\u00e4sentation, welche uns Frau Esther Anzini anbietet, die als Mitarbeiterin des Vereins Pro Brontallo t\u00e4tig ist. Sie schildert uns ausf\u00fchrlich die verschiedenen Projekte wie z.B. die Auffrischung der alten Kastanienhaine durch Neupflanzungen sowie den l\u00e4ngst f\u00e4lligen R\u00fcckschnitt alter B\u00e4ume, den wieder belebten Rebberg, den neu erstellten, grossen Bauernhof f\u00fcr die Viehhaltung als Ersatz der nicht mehr zugelassenen, alten Kuhst\u00e4lle, den Agrotourismus in privaten Unterk\u00fcnften, den Wiederaufbau der alten Kastanienm\u00fchle, die Sanierung der Kastanien-Trocknungsh\u00e4user sowie den Verkaufsladen mit einheimischen Produkten. Wir staunen alle \u00fcber den unb\u00e4ndigen \u00dcberlebenswillen dieses kleinen Dorfes mit seinen 55 Einwohnern, wovon 14 Kinder, und vernehmen aus der Beantwortung zus\u00e4tzlicher Fragen noch Einiges mehr von diesem Dorf und Tal.<br \/>\n<img decoding=\"async\" class=\"ngg-singlepic ngg-left\" src=\"http:\/\/adrianwood.ch\/wp-content\/gallery\/maggia03\/image005_r3.jpg\" alt=\"image005_r3\" \/><img decoding=\"async\" class=\"ngg-singlepic ngg-left\" src=\"http:\/\/adrianwood.ch\/wp-content\/gallery\/maggia03\/image006_r3.jpg\" alt=\"image006_r3\" \/><br \/>\nWer nicht vorher die Gelegenheit zu einem Dorfrundgang nutzte, kann anschliessend die gut gekennzeichneten und beschriebenen Objekte wie Waschhaus, \u00e4ltestes Haus im Dorf usw. n\u00e4her betrachten. Die gemeinsame Wanderung nach Carvegno startet um 15.30 Uhr mit 13 Personen. Weitere 7 Teilnehmer haben sich bereits auf eigene Faust vorher auf den Talabstieg aufgemacht. Durch die Regenf\u00e4lle sind die B\u00e4che derart angeschwollen, dass die \u00dcberquerung ziemlich heikel wird durch die bereits unter Wasser liegenden Trittsteine. Vor Erreichen der Ostella della Curva in Carvegno \u00f6ffnet Petrus nochmals den Duschhahn, sodass wir im Eilschritt durch das D\u00f6rfchen hetzen.<br \/>\n<img decoding=\"async\" class=\"ngg-singlepic ngg-left\" src=\"http:\/\/adrianwood.ch\/wp-content\/gallery\/maggia03\/image007_r3.jpg\" alt=\"image007_r3\" \/><img decoding=\"async\" class=\"ngg-singlepic ngg-left\" src=\"http:\/\/adrianwood.ch\/wp-content\/gallery\/maggia03\/image008_r3.jpg\" alt=\"image008_r3\" \/><br \/>\nDas Massenlager ist schnell besetzt und die durchn\u00e4ssten Kleider, Windjacken und Pelerinen h\u00e4ngen mangels Aufh\u00e4ngeeinrichtung an allen unm\u00f6glichen Orten. Um 19 Uhr erreicht uns via Warenlift im Essraum eine herrlich duftende Lasagne, begleitet mit gr\u00fcnem Salat, welche im Nu ihre Abnehmer findet. Als Kr\u00f6nung des Tages folgt zur Gaumenfreude mancher Kehle noch ein Tiramisu der Hausverwalterin. Eine halbe Stunde vor der Nachtruhe treffen sich 8 verantwortungsvolle Frauen und Mannen \u2013 einer von ihnen bereits im leichten Sommerpyjama gekleidet, was ein verhaltenes Kichern auszul\u00f6sen vermag &#8211; vor 2 unb\u00e4ndigen Kaffeemaschinen und machen sich fieberhaft Gedanken \u00fcber den morgigen Einsatz f\u00fcr einen kr\u00e4ftig mundenden Kaffee. Trotz allen Bem\u00fchungen verl\u00e4uft der Testlauf leider negativ. Das R\u00e4tsel l\u00f6st sich von alleine am n\u00e4chsten Morgen durch eine gen\u00fcgende Wassermenge im Beh\u00e4lter, welche dann endlich auch das orange L\u00e4mpchen erleuchten l\u00e4sst, das seinen Dienst am Vorabend vollends versagt hatte. Was die vergangene Nacht anbelangt ist allerdings zu bedauern, dass uns die Verwalterin leider erst am n\u00e4chsten Morgen auf die M\u00f6glichkeit der Verwendung einer zweiten Matratze aufmerksam machte. Nach dem Einschlafen folgten vielleicht 3 Stunden Tiefschlaf, worauf unter der zu d\u00fcnnen Matratze das harte Brett echte H\u00fcftschmerzen bei uns ausl\u00f6ste und jedes verzweifelte Wechseln auf die andere Seite ein un\u00fcberh\u00f6rbares \u00c4chzen des Bettgestells auszul\u00f6sen vermochte. Ja, ja, ich sollte es eigentlich wissen: solche Begebenheiten geh\u00f6ren zu g\u00fcnstig angebotenen Wandertagen in Gottes freier Natur und sie werden gottlob vereint mit gemeinsamen Kr\u00e4ften solidarisch getragen!<\/p>\n<p>Peter Stalder<\/p>\n<p>&nbsp;<\/p>\n","protected":false},"excerpt":{"rendered":"<p>Samstag, 2. August 2014, Brontallo Als ausw\u00e4rtige G\u00e4ste, untergebracht in der Gruppenunterkunft des Gemeindehauses von Fusio, erscheinen wir zur vereinbarten Zeit um 07.30 Uhr in der Osteria Dazio zum Morgenessen. Die Wirtin hat bis in die fr\u00fchen Morgenstunden mit den G\u00e4sten die 1. August-Feier genossen und vor lauter Musikgenuss und \u201eL\u00f6ffeln\u201c als Begleitung offensichtlich vergessen, &hellip; <a href=\"https:\/\/www.adrianwood.ch\/?page_id=3467\" class=\"more-link\">Continue reading <span class=\"screen-reader-text\">08-02 Brontallo<\/span> <span class=\"meta-nav\">&rarr;<\/span><\/a><\/p>\n","protected":false},"author":1,"featured_media":0,"parent":3451,"menu_order":1583,"comment_status":"closed","ping_status":"closed","template":"","meta":{"ngg_post_thumbnail":0,"footnotes":""},"class_list":["post-3467","page","type-page","status-publish","hentry"],"_links":{"self":[{"href":"https:\/\/www.adrianwood.ch\/index.php?rest_route=\/wp\/v2\/pages\/3467","targetHints":{"allow":["GET"]}}],"collection":[{"href":"https:\/\/www.adrianwood.ch\/index.php?rest_route=\/wp\/v2\/pages"}],"about":[{"href":"https:\/\/www.adrianwood.ch\/index.php?rest_route=\/wp\/v2\/types\/page"}],"author":[{"embeddable":true,"href":"https:\/\/www.adrianwood.ch\/index.php?rest_route=\/wp\/v2\/users\/1"}],"replies":[{"embeddable":true,"href":"https:\/\/www.adrianwood.ch\/index.php?rest_route=%2Fwp%2Fv2%2Fcomments&post=3467"}],"version-history":[{"count":0,"href":"https:\/\/www.adrianwood.ch\/index.php?rest_route=\/wp\/v2\/pages\/3467\/revisions"}],"up":[{"embeddable":true,"href":"https:\/\/www.adrianwood.ch\/index.php?rest_route=\/wp\/v2\/pages\/3451"}],"wp:attachment":[{"href":"https:\/\/www.adrianwood.ch\/index.php?rest_route=%2Fwp%2Fv2%2Fmedia&parent=3467"}],"curies":[{"name":"wp","href":"https:\/\/api.w.org\/{rel}","templated":true}]}}