{"id":3471,"date":"2014-12-19T12:29:08","date_gmt":"2014-12-19T11:29:08","guid":{"rendered":"http:\/\/adrianwood.ch\/?page_id=3471"},"modified":"2014-12-19T12:29:08","modified_gmt":"2014-12-19T11:29:08","slug":"08-03-passo-della-garina","status":"publish","type":"page","link":"https:\/\/www.adrianwood.ch\/?page_id=3471","title":{"rendered":"08-03 Passo della Garina"},"content":{"rendered":"<h2>Sonntag, 3.August 2014: Passo della Garina, Wanderung von Maggia nach Loco<\/h2>\n<p style=\"text-align: justify;\">Nach den zwei vorausgegangen Regentagen gilt unserer erster Blick nach dem Aufwachen dem Himmel oder dem Display des Smartphones. Der Tag beginnt jedenfalls ohne Niederschl\u00e4ge, was auch schon ganz gut ist.<br \/>\nNachdem wir die R\u00e4umlichkeiten im Ostella la Curva in Cavergno in Ordnung gebracht haben und die \u00fcbrigen Esswaren in den verschiedenen Rucks\u00e4cken verstaut worden sind, fahren wir mit dem Bus von Cavergno nach Maggia 332m.<br \/>\n<img decoding=\"async\" class=\"ngg-singlepic ngg-left\" src=\"http:\/\/adrianwood.ch\/wp-content\/gallery\/maggia04\/image001_r3.jpg\" alt=\"image001_r3\" \/><img decoding=\"async\" class=\"ngg-singlepic ngg-left\" src=\"http:\/\/adrianwood.ch\/wp-content\/gallery\/maggia04\/image003_r3.jpg\" alt=\"image003_r3\" \/><\/p>\n<p style=\"text-align: justify;\">Dort \u00fcberqueren wir den Fluss Maggia auf der langen H\u00e4ngebr\u00fccke, welche wir recht ins Schwanken bringen. WIr wandern durch das Dorf &#8211; oder eher Feriensiedlung Moghegno und kommen dann nach Aurigeno, wo wir den Weg Richtung Passo della Garina unter die F\u00fcsse nehmen. Wir tauchen in den Bergwald ein und kommen in vielen Kehren immer weiter hinauf ins Valle di Lareccio. In der Tiefe rauscht der Bergbach Ri di Dentro. Als wir beim Punkt 654m (ein Unterstand) sind beginnt es zu regnen und wir m\u00fcssen unsern Regenschutz anziehen oder den Schirm aufspannen &#8211; je nach Belieben.<\/p>\n<p style=\"text-align: justify;\"><img decoding=\"async\" class=\"ngg-singlepic ngg-left\" src=\"http:\/\/adrianwood.ch\/wp-content\/gallery\/maggia04\/image005_r3.jpg\" alt=\"image005_r3\" \/><img decoding=\"async\" class=\"ngg-singlepic ngg-left\" src=\"http:\/\/adrianwood.ch\/wp-content\/gallery\/maggia04\/image007_r3.jpg\" alt=\"image007_r3\" \/>Der folgenden Wegabschnitt ist teilweise etwas ausgesetzt. Der steinige und auch rutschige Pfad f\u00fchrt im steilen Bergwald ins Tal hinein. Das Tosen des Wildbaches begleitet uns. Es geht sogar wieder hinunter in ein Tobel, wo wir einen Bach \u00fcberqueren m\u00fcssen. Dann steigt der Weg wieder an. Wir schwitzen in unserer Regenmontur &#8211; es ist kein angenehmes Gehen. Endlich taucht im Nebel ein Steinhaus auf und ich denke, dass wir endlich den Pass erreicht h\u00e4tten. Aber dem ist nicht so. Es geht noch lange weiter hinauf durch den Bergwald bis wir endlich in eine Lichtung kommen und dann den Passo della Garina 1076m erreichen. Hier m\u00fcssen wir auf die anderen warten. Es wird uns langsam kalt. Wir m\u00fcssen die Kleider wechseln oder etwas Warmes anziehen. Adrian hat einen Besuch bei Phillip in seinem Rustico auf der Alp Campo\/ Mullen geplant. Einige in der Gruppe m\u00f6chten nicht im str\u00f6menden Regen dorthin gehen. Wo k\u00f6nnten wir den unterstehen? Wir erinnern uns an unseren letzten Besuch in Campo vor zwei Jahren. Da konnten wir draussen an der Sonne sitzen!<\/p>\n<p style=\"text-align: justify;\"><img decoding=\"async\" class=\"ngg-singlepic ngg-left\" src=\"http:\/\/adrianwood.ch\/wp-content\/gallery\/maggia04\/image009_r3.jpg\" alt=\"image009_r3\" \/><img decoding=\"async\" class=\"ngg-singlepic ngg-left\" src=\"http:\/\/adrianwood.ch\/wp-content\/gallery\/maggia04\/image011_r3.jpg\" alt=\"image011_r3\" \/>Ich geh\u00f6rte auch zu denjenigen, die ins Tal hinunter wandern wollten. Als wir unterwegs sind, h\u00f6rt der Regen auf und der Himmel wird immer heller und wir k\u00f6nnen uns in Loco unseres Regenzeugs entledigen. Wir machen einen Halt im Dorfrestaurant, wo wir etwas trinken. Wir finden dann den Weg hinunter in den Palazzo Armoncini. Dazu m\u00fcssen wir viele Treppenstufen hinuntersteigen. Der Hausbesitzer ist zuhause und noch am Vorbereiten unserer Zimmer. Wir k\u00f6nnen endlich die Schuhe ausziehen und draussen irgendwo einen Ast finden, um unser Regenzeug aufzuh\u00e4ngen &#8211; die W\u00e4scheleine ist verschwunden!<\/p>\n<p style=\"text-align: justify;\"><img decoding=\"async\" class=\"ngg-singlepic ngg-left\" src=\"http:\/\/adrianwood.ch\/wp-content\/gallery\/maggia04\/image013_r3.jpg\" alt=\"image013_r3\" \/><img decoding=\"async\" class=\"ngg-singlepic ngg-left\" src=\"http:\/\/adrianwood.ch\/wp-content\/gallery\/maggia04\/image015_r3.jpg\" alt=\"image015_r3\" \/>Die Sonne scheint nun und wir geniessen die W\u00e4rme auf einer Wiese in der Umgebung des M\u00e4nnerhauses (vier M\u00e4nner sind in einem Nebenhaus einquartiert). Zuvor helfen wir Bardo, Bohnen f\u00fcr unser Nachtessen zu entf\u00e4deln. Daf\u00fcr gibt es Tee oder Kaffee und etwas S\u00fcsses. So vergeht die Zeit bis zum Zimmerbezug. Wir k\u00f6nnen auch bereits die Dusche benutzen. So gibt es sp\u00e4ter keine grossen Wartezeiten mehr. Allm\u00e4hlich treffen auch die letzten im Palazzo ein und wir k\u00f6nnen um 19.00 essen. Es gibt einen gemischten Salat als Vorspeise und dann Tortellini und Rindfleisch sowie die Bohnen, die sehr gut munden. Als Nachtisch gibt uns Bardo eine Vorf\u00fchrung im Obertonsingen, die sehr interessant ist.<br \/>\nWir verschwinden ziemlich fr\u00fch in unseren diversen Nachtquartieren. Wir haben heute &#8211; im Gegensatz zu den beiden vorausgegangenen Regentagen &#8211; auch etwas geleistet !<br \/>\nLaut Swissmap: Distanz: 11.6km; Aufstieg:1089m; Abstieg: 781m; Marschzeit: 5h<br \/>\nWIr hoffen alle auf besseres Wetter f\u00fcr den morgigen Tag (die Prognosen sind gut).<\/p>\n<p style=\"text-align: justify;\">Marianne<\/p>\n","protected":false},"excerpt":{"rendered":"<p>Sonntag, 3.August 2014: Passo della Garina, Wanderung von Maggia nach Loco Nach den zwei vorausgegangen Regentagen gilt unserer erster Blick nach dem Aufwachen dem Himmel oder dem Display des Smartphones. Der Tag beginnt jedenfalls ohne Niederschl\u00e4ge, was auch schon ganz gut ist. Nachdem wir die R\u00e4umlichkeiten im Ostella la Curva in Cavergno in Ordnung gebracht &hellip; <a href=\"https:\/\/www.adrianwood.ch\/?page_id=3471\" class=\"more-link\">Continue reading <span class=\"screen-reader-text\">08-03 Passo della Garina<\/span> <span class=\"meta-nav\">&rarr;<\/span><\/a><\/p>\n","protected":false},"author":1,"featured_media":0,"parent":3451,"menu_order":1584,"comment_status":"closed","ping_status":"closed","template":"","meta":{"ngg_post_thumbnail":0,"footnotes":""},"class_list":["post-3471","page","type-page","status-publish","hentry"],"_links":{"self":[{"href":"https:\/\/www.adrianwood.ch\/index.php?rest_route=\/wp\/v2\/pages\/3471","targetHints":{"allow":["GET"]}}],"collection":[{"href":"https:\/\/www.adrianwood.ch\/index.php?rest_route=\/wp\/v2\/pages"}],"about":[{"href":"https:\/\/www.adrianwood.ch\/index.php?rest_route=\/wp\/v2\/types\/page"}],"author":[{"embeddable":true,"href":"https:\/\/www.adrianwood.ch\/index.php?rest_route=\/wp\/v2\/users\/1"}],"replies":[{"embeddable":true,"href":"https:\/\/www.adrianwood.ch\/index.php?rest_route=%2Fwp%2Fv2%2Fcomments&post=3471"}],"version-history":[{"count":0,"href":"https:\/\/www.adrianwood.ch\/index.php?rest_route=\/wp\/v2\/pages\/3471\/revisions"}],"up":[{"embeddable":true,"href":"https:\/\/www.adrianwood.ch\/index.php?rest_route=\/wp\/v2\/pages\/3451"}],"wp:attachment":[{"href":"https:\/\/www.adrianwood.ch\/index.php?rest_route=%2Fwp%2Fv2%2Fmedia&parent=3471"}],"curies":[{"name":"wp","href":"https:\/\/api.w.org\/{rel}","templated":true}]}}