{"id":3490,"date":"2014-12-19T16:49:13","date_gmt":"2014-12-19T15:49:13","guid":{"rendered":"http:\/\/adrianwood.ch\/?page_id=3490"},"modified":"2014-12-19T16:49:13","modified_gmt":"2014-12-19T15:49:13","slug":"einfuhrung","status":"publish","type":"page","link":"https:\/\/www.adrianwood.ch\/?page_id=3490","title":{"rendered":"Einf\u00fchrung"},"content":{"rendered":"<h2>13.-27. Mai 2007, Korsika, Einf\u00fchrung<\/h2>\n<p>Bisher hat unsere Wandergruppe jeden Fr\u00fchling ein anderes Ferienziel besucht, meistens im Mittelmeerraum, aber auch auf den britischen Inseln. Dieses Jahr gab es mit Korsika zum ersten Mal eine Wiederholung. Die \u201e\u00cele de Beaut\u00e9\u201c war schon vor 11 Jahren unsere 1.Wahl, weil sie wahrhaftig die sch\u00f6nste Mittelmeerinsel ist. Die ganze Insel ist sehr gebirgig. Monte Cinto erreicht 2706 m, und es gibt viele andere Zweitausender. Flaches Land gibt es nur entlang der Ostk\u00fcste. Manche Gipfel sind Kletterberge, und auch die Bergflanken zeigen oberhalb der W\u00e4lder viel nackten Fels.<\/p>\n<p><img decoding=\"async\" class=\"ngg-singlepic ngg-left\" src=\"http:\/\/adrianwood.ch\/wp-content\/gallery\/corsica03\/image003_r35.jpg\" alt=\"image003_r35\" \/><img decoding=\"async\" class=\"ngg-singlepic ngg-left\" src=\"http:\/\/adrianwood.ch\/wp-content\/gallery\/corsica03\/image001_r35.jpg\" alt=\"image001_r35\" \/>Sind wir dieser rauen Bergwelt noch gewachsen? Eine Begehung der ber\u00fchmten GR 20 quer durch die ganze Insel kommt sicher nicht in Frage. Man muss das ganze Gep\u00e4ck inkl. Proviant von einer abgelegenen H\u00fctte zur anderen tragen. Im 1996 hatten wir Teile davon gemacht, inkl. den \u201eCirque de Solitude\u201c, dessen Felskessel als die anspruch-vollste Etappe der ganzen Route gilt. Monte Cinto wurde damals auch von einem Teil der Gruppe bestiegen.<\/p>\n<p>Zum Gl\u00fcck gibt es heute auf Korsika weitere, gut markierte Langstreckenwanderungen. Am bekanntesten ist der Weitwanderweg \u201eMare e Monti\u201c, der im Nordwesten meist in K\u00fcstenn\u00e4he von Calvi nach Carg\u00e8se f\u00fchrt. Teile davon, kombiniert mit ausgew\u00e4hlten Etappen der GR 20, k\u00f6nnten f\u00fcr uns das Richtige sein. Die Meeresn\u00e4he w\u00fcrde nat\u00fcrlich die obligaten Badem\u00f6glichkeiten bieten. Eine Bootsfahrt darf auch nicht fehlen.<\/p>\n<p style=\"text-align: justify;\"><img decoding=\"async\" class=\"ngg-singlepic ngg-left\" src=\"http:\/\/adrianwood.ch\/wp-content\/gallery\/corsica03\/image007_r35.jpg\" alt=\"OLYMPUS DIGITAL CAMERA\" \/><img decoding=\"async\" class=\"ngg-singlepic ngg-left\" src=\"http:\/\/adrianwood.ch\/wp-content\/gallery\/corsica03\/image005_r35.jpg\" alt=\"image005_r35\" \/>Das mir schon bekannte Hotel l\u2019Aitone in Evisa wird immer noch vom gleichen Besitzer Toussaint Ceccaldi gef\u00fchrt. Ausser der Modernisierung der Zimmer hat sich nicht viel ge\u00e4ndert. Monsieur Ceccaldi\u2019s Englischkenntnisse haben sich genau so wenig wie meine Franz\u00f6sischkenntnisse gebessert, aber es gibt neu einen Englisch sprechenden Assistent, Jean-Pierre. Das Bergdorf Evisa liegt auf ca. 800 m H\u00f6he, zentral gelegen f\u00fcr Ausfl\u00fcge \u00fcber den Col de Verghio (1477m) ins Hochgebirge oder hinunter nach Porto an der K\u00fcste. Eine ganze Woche dort bedingt etwas viel Bus Fahren, aber die Strecken oberhalb der Spelunca-Schlucht und entlang der K\u00fcste nach Serriera sind sehr beeindruckend und wurden mit wenigen Ausnahmen von den Teilnehmern sichtlich genossen. Die halbwilden Ziegen, Schweine und K\u00fche sorgten manchmal f\u00fcr zus\u00e4tzliche Unterhaltung. Weil sich alles in der Gegend in fester Hand der Grossfamilie Ceccaldi befindet, hiess unsere Autocarfirma auch Ceccaldi (ein Bruder). Wir hatten grosses Gl\u00fcck mit unserem freundlichen und hilfsbereiten Fahrer Patrick.<\/p>\n<p style=\"text-align: justify;\"><img decoding=\"async\" class=\"ngg-singlepic ngg-left\" src=\"http:\/\/adrianwood.ch\/wp-content\/gallery\/corsica03\/image009_r35.jpg\" alt=\"image009_r35\" \/>Das gem\u00fctliche Hotel Sole e Monti in Quenza im s\u00fcdlichen Teil der Insel gab es auch noch. Der freundliche Besitzer namens F\u00e9licien Balesi hat uns den Aufenthalt sehr angenehm gemacht und uns kulinarisch nicht nur am Abend, sondern auch beim Fr\u00fchst\u00fcck verw\u00f6hnt. An den K\u00fcsten in Calvi und Bonifacio hatten wir weniger pers\u00f6nliche Hotels, ohne eigenes Restaurant. Beide Hotels sind aber zentral gelegen und bieten leichten Zugang zu einer grossen Auswahl von Restaurants mit verschiedenen Geschmacks-richtungen und Preisklassen. Obwohl ich meine fr\u00fcheren Kenntnisse f\u00fcr die Reservation passender Hotels genutzt habe, war ich mir nicht sicher, ob die getroffene Wahl f\u00fcr die Wanderungen ausreichend war.<\/p>\n<p style=\"text-align: justify;\"><img decoding=\"async\" class=\"ngg-singlepic ngg-left\" src=\"http:\/\/adrianwood.ch\/wp-content\/gallery\/corsica03\/image011_r35.jpg\" alt=\"image011_r35\" \/><img decoding=\"async\" class=\"ngg-singlepic ngg-left\" src=\"http:\/\/adrianwood.ch\/wp-content\/gallery\/corsica03\/image013_r35.jpg\" alt=\"image013_r35\" \/>Wie letztes Jahr an der Almalfi-K\u00fcste kam Mitglied Toni Jost mir zu Hilfe und erkl\u00e4rte sich bereit, mich bei einer Erkundigungsreise zu begleiten. Diese sollte nur eine Woche dauern und sich auf Calvi und Evisa beschr\u00e4nken. Trotz gemischtem Wetter ist es uns gelungen, alle mir noch nicht bekannten Wanderungen abzulaufen. Wir hatten gleich bemerkt, dass die 6-st\u00fcndigen Wanderungen in der wilden korsischen Bergwelt von den Teilnehmern viel abverlangen w\u00fcrde. Aufgrund dieser Kenntnisse habe ich die Reihenfolge der Touren ge\u00e4ndert, so dass etwas k\u00fcrzere Touren dazwischen kamen. Trotzdem blieb das Programm anspruchsvoll und die Wanderungen wurden als recht happig bezeichnet. F\u00fcr einen kleinen Teil der Gruppe musste ich fast jeden Tag eine alternative Kurzwanderung anbieten. Mit einer Photokopie des Wanderf\u00fchrers und den Markierungen folgend konnten diese Teilnehmer ihre eigene Route gut finden.<br \/>\n<img decoding=\"async\" class=\"ngg-singlepic ngg-left\" src=\"http:\/\/adrianwood.ch\/wp-content\/gallery\/corsica03\/image017_r35.jpg\" alt=\"image017_r35\" \/><img decoding=\"async\" class=\"ngg-singlepic ngg-left\" src=\"http:\/\/adrianwood.ch\/wp-content\/gallery\/corsica03\/image015_r35.jpg\" alt=\"image015_r35\" \/>Die Wanderferien starteten in Calvi, ein h\u00fcbscher Ferienort an der Nordk\u00fcste, mit grossem Bootshafen und alter Citadelle. Die erste Wanderung auf Capu di a Veta (703m) gab eine sch\u00f6ne Sicht auf der Stadt und weite Strecken der K\u00fcste frei. Anschliessend konnten wir in \u00fcberraschend warmem Wasser am feinen Sandstrand von Calvi baden. Auf unserer ersten langen Etappe des \u201eMare e Monti\u201c erlebten wir auf Bocca di Bonassa (1153m) Nebel und Sturm; wir wurden aber nie nass. Auch die erste GR 20 Wanderung zum Lac de Nino (1743m) fand teilweise im Nebel statt.<\/p>\n<p style=\"text-align: justify;\"><img decoding=\"async\" class=\"ngg-singlepic ngg-left\" src=\"http:\/\/adrianwood.ch\/wp-content\/gallery\/corsica03\/image019_r35.jpg\" alt=\"image019_r35\" \/><img decoding=\"async\" class=\"ngg-singlepic ngg-left\" src=\"http:\/\/adrianwood.ch\/wp-content\/gallery\/corsica03\/image021_r35.jpg\" alt=\"image021_r35\" \/>F\u00fcr die n\u00e4chsten Tage wurde das Wetter immer besser, und wir hatten praktisch nur noch Sonnenschein. Die landschaftlich reizvolle Wanderung nach Serriera durch bl\u00fchende Macchia und leichte Pinien- und Kastanienw\u00e4lder bot sch\u00f6ne Ausblicke \u00fcber das Meer, vor allem von Punkt Capu San Petru (914m). Durch die Spelunca-Schlucht f\u00fchrt ein alter Weg direkt von Evisa nach Ota. In diesem schmucken Bergdorf kosteten wir bei \u201eChez Felix\u201c Ceccaldi (auch ein Bruder) ein typisch korsisches Mittagessen.<\/p>\n<p style=\"text-align: justify;\"><img decoding=\"async\" class=\"ngg-singlepic ngg-left\" src=\"http:\/\/adrianwood.ch\/wp-content\/gallery\/corsica03\/image025_r35.jpg\" alt=\"image025_r35\" \/><img decoding=\"async\" class=\"ngg-singlepic ngg-left\" src=\"http:\/\/adrianwood.ch\/wp-content\/gallery\/corsica03\/image023_r35.jpg\" alt=\"image023_r35\" \/>Die pittoreske Ortschaft Girolata ist nur mit Schiff erreichbar. Vom Boot aus durften wir die beeindruckende Felslandschaft des Scandola Naturreservats erleben und nachher den Tag mit einer kurzen Wanderung und einem langen Strandaufenthalt beenden. Noch ein Mal ging es ins Hochgebirge Richtung Paglia Orba. Obwohl uns die Zeit nicht reichte, diesen Kletterberg zu besteigen, hatte sich die Wanderung durch das wilde Golo-Tal mit seinen vielen Wasserbecken (sog. Gumpen) sehr gelohnt. Wenn auch oft stark geschwitzt wurde, war es meistens angenehmes Wanderwetter. Manchmal reichte die Zeit f\u00fcr ein kurzes Bad im Fluss (Fango, Golo, Spelunca, Ortu, Oso) in einem sch\u00f6nen Felsbecken, oder f\u00fcr einen l\u00e4ngeren Aufenthalt am Meer (Bussaglia, Porto, Arone, Girolata, Pertusato).<\/p>\n<p style=\"text-align: justify;\"><img decoding=\"async\" class=\"ngg-singlepic ngg-left\" src=\"http:\/\/adrianwood.ch\/wp-content\/gallery\/corsica03\/image029_r35.jpg\" alt=\"image029_r35\" \/><img decoding=\"async\" class=\"ngg-singlepic ngg-left\" src=\"http:\/\/adrianwood.ch\/wp-content\/gallery\/corsica03\/image027_r35.jpg\" alt=\"image027_r35\" \/>Kr\u00f6nender Abschluss der Woche in Evisa war die Besteigung des Capu d\u2019Orto (1294m). Er ist vom Hotel l\u2019Aitone gut sichtbar und sieht von dieser Richtung wie ein unbezwingbarer Felsturm aus. Von Westen aber kann man \u00fcber einen langen Grat \u2013 trotz gelegentlicher Anwendung der H\u00e4nde, ohne richtiges Klettern \u2013 aufsteigen. Ein Grossteil der Gruppe hat den Gipfel erreicht, und den \u00fcberw\u00e4ltigenden Blick in die Tiefe zum Meer und auf die h\u00f6heren Berge wie Paglia Orba genossen.<\/p>\n<p style=\"text-align: justify;\"><img decoding=\"async\" class=\"ngg-singlepic ngg-left\" src=\"http:\/\/adrianwood.ch\/wp-content\/gallery\/corsica03\/image033_r35.jpg\" alt=\"OLYMPUS DIGITAL CAMERA\" \/><img decoding=\"async\" class=\"ngg-singlepic ngg-left\" src=\"http:\/\/adrianwood.ch\/wp-content\/gallery\/corsica03\/image031_r35.jpg\" alt=\"image031_r35\" \/>Dieses Erlebnis wurde f\u00fcr manche noch \u00fcbertroffen von der Umrundung der Aiguilles de Bavella, die Korsischen Dolomiten, eine Serie von Felst\u00fcrmen. An der Schl\u00fcsselstelle (eine mit Kette gesicherte absch\u00fcssige Platte) bildete sich eine Warteschlange, und es brauchte Zeit, bis alle sicher hinunter gelotst waren. Turm Nr. 3 wurde von einer kleinen Gruppe \u00fcber eine einfache Kletterstelle bestiegen. Der Weiterweg entpuppte sich anschliessend zur l\u00e4ngsten Wanderung von allen, und zum ersten Mal stimmte meine Zeitsch\u00e4tzung nicht, denn unser Bus musste eine zus\u00e4tzliche Stunde auf uns warten.<\/p>\n<p style=\"text-align: justify;\"><img decoding=\"async\" class=\"ngg-singlepic ngg-left\" src=\"http:\/\/adrianwood.ch\/wp-content\/gallery\/corsica03\/image035_r35.jpg\" alt=\"OLYMPUS DIGITAL CAMERA\" \/><img decoding=\"async\" class=\"ngg-singlepic ngg-left\" src=\"http:\/\/adrianwood.ch\/wp-content\/gallery\/corsica03\/image037_r35.jpg\" alt=\"OLYMPUS DIGITAL CAMERA\" \/>Alle diese Gehzeiten k\u00f6nnen in den interessanten GPS Aufzeichnungen von Wanderkamerad Hanspeter Sauter eingesehen werden.<\/p>\n<p style=\"text-align: justify;\"><img decoding=\"async\" class=\"ngg-singlepic ngg-left\" src=\"http:\/\/adrianwood.ch\/wp-content\/gallery\/corsica03\/image041_r35.jpg\" alt=\"OLYMPUS DIGITAL CAMERA\" \/><img decoding=\"async\" class=\"ngg-singlepic ngg-left\" src=\"http:\/\/adrianwood.ch\/wp-content\/gallery\/corsica03\/image039_r35.jpg\" alt=\"image039_r35\" \/>Am n\u00e4chsten Tag \u00fcberraschte uns der Besuch des Piscia di Gallo (\u201eHahnenpiss\u201c 836m) mit einem sehr steilen und felsigen Abstieg zu einem besonderen Aussichtspunkt, wo der 50m hohe Wasserfall mit Get\u00f6se zu Tale f\u00e4llt. Die letzte Wanderung von Bonifacio zum s\u00fcdlichsten Punkt der Insel, das Capu Pertusato, bildete ein sanfter Ausklang zu unseren sehr abwechslungsreichen Wandererlebnissen. Dort konnten wir eine sch\u00f6ne Bucht mit feinem Sandstrand f\u00fcr 3 volle Stunden beinahe f\u00fcr uns allein geniessen.<\/p>\n<p style=\"text-align: justify;\"><img decoding=\"async\" class=\"ngg-singlepic ngg-left\" src=\"http:\/\/adrianwood.ch\/wp-content\/gallery\/corsica03\/image043_r35.jpg\" alt=\"image043_r35\" \/><img decoding=\"async\" class=\"ngg-singlepic ngg-left\" src=\"http:\/\/adrianwood.ch\/wp-content\/gallery\/corsica03\/image045_r35.jpg\" alt=\"image045_r35\" \/>Alle Teilnehmerinnen und Teilnehmer haben die Wanderungen bravour\u00f6s gemeistert. Auch die Kurzwanderer haben es sich nicht immer leicht gemacht. Es gab keine wesentlichen Unf\u00e4lle, nur leichte Prellungen von St\u00fcrzen im flachen Gel\u00e4nde oder Steinen in der teils heftigen Brandung. Wir hatten wirklich Gl\u00fcck mit dem Wetter und unseren Sportsaktivit\u00e4ten, wenn man bedenkt, dass es unmittelbar nach unserer Abreise wegen Wetterumschlag drei t\u00f6dliche Unf\u00e4lle gegeben hat, zwei in den Bergen und einen am Meer. Die Gruppe wurde von einem der Neulinge als \u201eautonom\u201c bezeichnet. Tats\u00e4chlich waren fast alle bereit, selbst\u00e4ndig weiter zu gehen, wenn die Pause f\u00fcr sie zu lange dauerte. Nicht immer wurde der von mir geplante Weg eingeschlagen, so dass sich einige Male l\u00e4ngere Wanderzeiten als vorgesehen ergaben. Schlussendlich sind wir alle immer gut angekommen.<\/p>\n<p style=\"text-align: justify;\"><img decoding=\"async\" class=\"ngg-singlepic ngg-left\" src=\"http:\/\/adrianwood.ch\/wp-content\/gallery\/corsica03\/image049_r35.jpg\" alt=\"OLYMPUS DIGITAL CAMERA\" \/><img decoding=\"async\" class=\"ngg-singlepic ngg-left\" src=\"http:\/\/adrianwood.ch\/wp-content\/gallery\/corsica03\/image047_r35.jpg\" alt=\"OLYMPUS DIGITAL CAMERA\" \/>Wir lieben es, die Berge auf diese lockere und ungezwungene Art zu geniessen. Ich danke den st\u00e4rkeren und bergtechnisch versierteren Teilnehmerinnen und Teilnehmern f\u00fcr die stille Begleitung der etwas Langsameren oder Schw\u00e4cheren. Danke sage ich auch denjenigen Sprachbegabten, die mich bei der Organisation mit ihren Franz\u00f6sischkenntnissen unterst\u00fctzt und damit mir sehr geholfen haben.<\/p>\n<p style=\"text-align: justify;\"><img decoding=\"async\" class=\"ngg-singlepic ngg-left\" src=\"http:\/\/adrianwood.ch\/wp-content\/gallery\/corsica03\/image051_r35.jpg\" alt=\"OLYMPUS DIGITAL CAMERA\" \/>Zum Schluss m\u00f6chte ich allen danken f\u00fcr das reibungslose und umsichtige miteinander Umgehen, f\u00fcr die fr\u00f6hliche Stimmung und das mir in meine F\u00fchrung geschenkte Vertrauen. Ich w\u00fcnsche mir, dass wir solch sch\u00f6ne und von guter Kameradschaft gepr\u00e4gte Erlebnisse noch weitere Male erfahren d\u00fcrfen und wiederholen k\u00f6nnen.<\/p>\n<p style=\"text-align: justify;\">Adrian<\/p>\n<p style=\"text-align: justify;\">\n","protected":false},"excerpt":{"rendered":"<p>13.-27. Mai 2007, Korsika, Einf\u00fchrung Bisher hat unsere Wandergruppe jeden Fr\u00fchling ein anderes Ferienziel besucht, meistens im Mittelmeerraum, aber auch auf den britischen Inseln. Dieses Jahr gab es mit Korsika zum ersten Mal eine Wiederholung. Die \u201e\u00cele de Beaut\u00e9\u201c war schon vor 11 Jahren unsere 1.Wahl, weil sie wahrhaftig die sch\u00f6nste Mittelmeerinsel ist. Die ganze &hellip; <a href=\"https:\/\/www.adrianwood.ch\/?page_id=3490\" class=\"more-link\">Continue reading <span class=\"screen-reader-text\">Einf\u00fchrung<\/span> <span class=\"meta-nav\">&rarr;<\/span><\/a><\/p>\n","protected":false},"author":1,"featured_media":0,"parent":1183,"menu_order":2261,"comment_status":"closed","ping_status":"closed","template":"","meta":{"ngg_post_thumbnail":0,"footnotes":""},"class_list":["post-3490","page","type-page","status-publish","hentry"],"_links":{"self":[{"href":"https:\/\/www.adrianwood.ch\/index.php?rest_route=\/wp\/v2\/pages\/3490","targetHints":{"allow":["GET"]}}],"collection":[{"href":"https:\/\/www.adrianwood.ch\/index.php?rest_route=\/wp\/v2\/pages"}],"about":[{"href":"https:\/\/www.adrianwood.ch\/index.php?rest_route=\/wp\/v2\/types\/page"}],"author":[{"embeddable":true,"href":"https:\/\/www.adrianwood.ch\/index.php?rest_route=\/wp\/v2\/users\/1"}],"replies":[{"embeddable":true,"href":"https:\/\/www.adrianwood.ch\/index.php?rest_route=%2Fwp%2Fv2%2Fcomments&post=3490"}],"version-history":[{"count":0,"href":"https:\/\/www.adrianwood.ch\/index.php?rest_route=\/wp\/v2\/pages\/3490\/revisions"}],"up":[{"embeddable":true,"href":"https:\/\/www.adrianwood.ch\/index.php?rest_route=\/wp\/v2\/pages\/1183"}],"wp:attachment":[{"href":"https:\/\/www.adrianwood.ch\/index.php?rest_route=%2Fwp%2Fv2%2Fmedia&parent=3490"}],"curies":[{"name":"wp","href":"https:\/\/api.w.org\/{rel}","templated":true}]}}