{"id":3505,"date":"2014-12-19T17:59:01","date_gmt":"2014-12-19T16:59:01","guid":{"rendered":"http:\/\/adrianwood.ch\/?page_id=3505"},"modified":"2016-04-27T12:57:51","modified_gmt":"2016-04-27T12:57:51","slug":"05-14-capo-di-a-veta","status":"publish","type":"page","link":"https:\/\/www.adrianwood.ch\/?page_id=3505","title":{"rendered":"05-14 Capo di a Veta"},"content":{"rendered":"<h2>Notre Dame de la Serra &#8211; Capu di a Veta \u2013 Calvi Strand, 703m. 5.5 Std. oder Notre Dame de la Serrra &#8211; Golfe de la Revellata (baden), 3.5 Std.<\/h2>\n<p style=\"text-align: justify;\">Nachdem wir am Vortag problemlos die Insel erreicht und unser Hotel Balanea am Hafen von Calvi bezogen hatten, versammelten sich 23 Teilnehmer der diesj\u00e4hrigen \u201eAdrian-Wood-Wanderferien\u201c gegen 09.00 Uhr vor dem Hotel, um zur ersten Wanderung von Calvi, den Capu di a Veta (703 m), den \u201eHausberg von Calvi\u201c aufzubrechen.<\/p>\n<p style=\"text-align: justify;\">Anforderungen: leichte Bergwanderung, gut markierter Bergpfad, zun\u00e4chst ohne Probleme, im letzten Abschnitt leichte Blockkletterei,<\/p>\n<p style=\"text-align: justify;\">Wetter: sonnig, ziemlich heiss, Fr\u00fchling, Bl\u00fctenstr\u00e4ucher, Zistrosen, Lavendel, Ginster \u00fcberall.<\/p>\n<p><img decoding=\"async\" class=\"ngg-singlepic ngg-left\" src=\"http:\/\/adrianwood.ch\/wp-content\/gallery\/corsica04\/image001_1_r35.jpg\" alt=\"image001_1_r35\" \/><img decoding=\"async\" class=\"ngg-singlepic ngg-left\" src=\"http:\/\/adrianwood.ch\/wp-content\/gallery\/corsica04\/image003_1_r35.jpg\" alt=\"image003_1_r35\" \/><\/p>\n<p style=\"text-align: justify;\">Die Maccia ist im Mai total in Bl\u00fcte: rote und weisse Zistrosen, Lavendel, Rosmarin, und Pankranzlilien en Masse und nat\u00fcrlich bl\u00fchernder Kaktus.<\/p>\n<p style=\"text-align: justify;\"><img decoding=\"async\" class=\"ngg-singlepic ngg-left\" src=\"http:\/\/adrianwood.ch\/wp-content\/gallery\/corsica04\/image006_r35.jpg\" alt=\"image006_r35\" \/><img decoding=\"async\" class=\"ngg-singlepic ngg-left\" src=\"http:\/\/adrianwood.ch\/wp-content\/gallery\/corsica04\/image008_r35.jpg\" alt=\"image008_r35\" \/><\/p>\n<p style=\"text-align: justify;\">Highlights: unvergessliche Aussicht auf den Golf von Calvi, den Hafen und die alles beherrschende stattliche, genuesische Zitadelle<\/p>\n<p><img decoding=\"async\" class=\"ngg-singlepic ngg-left\" src=\"http:\/\/adrianwood.ch\/wp-content\/gallery\/corsica04\/image009_r35.jpg\" alt=\"image009_r35\" \/><img decoding=\"async\" class=\"ngg-singlepic ngg-left\" src=\"http:\/\/adrianwood.ch\/wp-content\/gallery\/corsica04\/image011_r35.jpg\" alt=\"image011_r35\" \/><\/p>\n<p style=\"text-align: justify;\">Nach z\u00fcgigem Aufstieg mit mehreren Photohalten erreichten wir nach knapp 1 \u00bd Stunden die Kapelle der Madonna di a Serra auf 243 m.<\/p>\n<p><img decoding=\"async\" class=\"ngg-singlepic ngg-left\" src=\"http:\/\/adrianwood.ch\/wp-content\/gallery\/corsica04\/image013_1.jpg\" alt=\"image013_1\" \/><img decoding=\"async\" class=\"ngg-singlepic ngg-left\" src=\"http:\/\/adrianwood.ch\/wp-content\/gallery\/corsica04\/image015_1.jpg\" alt=\"image015_1\" \/><img decoding=\"async\" class=\"ngg-singlepic ngg-left\" src=\"http:\/\/adrianwood.ch\/wp-content\/gallery\/corsica04\/image017_1.jpg\" alt=\"image017_1\" \/>Und nach ausgiebiger Rast marschierten wir zun\u00e4chst auf ebener \u201estaubiger Piste\u201c zwischen bl\u00fchenden Str\u00e4uchern und dornigem Gestr\u00fcpp zu \u201eunserem Gipfel\u201c, den Capu di a Veta.<\/p>\n<p><img decoding=\"async\" class=\"ngg-singlepic ngg-left\" src=\"http:\/\/adrianwood.ch\/wp-content\/gallery\/corsica04\/image019_1.jpg\" alt=\"image019_1\" \/><img decoding=\"async\" class=\"ngg-singlepic ngg-left\" src=\"http:\/\/adrianwood.ch\/wp-content\/gallery\/corsica04\/image021_1.jpg\" alt=\"image021_1\" \/><img decoding=\"async\" class=\"ngg-singlepic ngg-left\" src=\"http:\/\/adrianwood.ch\/wp-content\/gallery\/corsica04\/image022_1.jpg\" alt=\"image022_1\" \/><\/p>\n<p style=\"text-align: justify;\">Zuvor paassierten wir die Bocca Scassata und schwangen uns \u00fcber teilweise gute Granitbl\u00f6cke und Platten hinauf zum Gipfelkreuz (wenig schwierig).<\/p>\n<p style=\"text-align: justify;\"><img decoding=\"async\" class=\"ngg-singlepic ngg-left\" src=\"http:\/\/adrianwood.ch\/wp-content\/gallery\/corsica04\/image024_1.jpg\" alt=\"image024_1\" \/><img decoding=\"async\" class=\"ngg-singlepic ngg-left\" src=\"http:\/\/adrianwood.ch\/wp-content\/gallery\/corsica04\/image026_1.jpg\" alt=\"image026_1\" \/><img decoding=\"async\" class=\"ngg-singlepic ngg-left\" src=\"http:\/\/adrianwood.ch\/wp-content\/gallery\/corsica04\/image028_1.jpg\" alt=\"image028_1\" \/><\/p>\n<p style=\"text-align: justify;\">Wir hatten sicher Gl\u00fcck mit dem Wetter: aus dieser H\u00f6he genossen wir bei herrlicher Fernsicht eine atemberaubend, wundersch\u00f6ne Sicht auf die Halbinsel La Revellata, auf Calvi mit Hafen und Zitadelle, eine Rundumsicht bis zum Monte Grosso, die K\u00fcstenlinie und Bergwelt. Hier oben hielten wir eine ausgedehnte Mittagsrast mit anschliessendem Mittagsschl\u00e4fchen \u2013 nicht ganz ungest\u00f6rt, weil uns dort oben ein herrenloser Hund \u201ebewacht\u201c hat.<br \/>\nKaum zu glauben, aber es wird auch berichtet, dass es hier oben sehr st\u00fcrmisch zugehen kann und auch im Fr\u00fchling nicht immer sehr warm ist. Bei uns hat es sich lediglich leicht bew\u00f6lkt.<\/p>\n<p style=\"text-align: justify;\"><img decoding=\"async\" class=\"ngg-singlepic ngg-left\" src=\"http:\/\/adrianwood.ch\/wp-content\/gallery\/corsica04\/image029_r35.jpg\" alt=\"image029_r35\" \/><img decoding=\"async\" class=\"ngg-singlepic ngg-left\" src=\"http:\/\/adrianwood.ch\/wp-content\/gallery\/corsica04\/image031_r35.jpg\" alt=\"image031_r35\" \/><\/p>\n<p style=\"text-align: justify;\">Den Abstieg haben wir dann in z\u00fcgigen 3 \u00bd Stunden erledigt, auch schon deshalb, weil uns Adrian Badespass am Sandstrand von Calvi auf dem heutigen Programm angek\u00fcndigt hatte. Na klar, nach dieser schweisstreibenen Wanderung haben sich (fast) alle ins Wasser gest\u00fcrzt \u2013 sogar auch diejenigen, die die Badehose nicht dabei hatten.<br \/>\nUnd schlussendlich hat jeder Teilnehmer diesen Abend des 1. Wandertags auf seine Weise beendet. Wir (siehe letztes Photo, das sind Wir) haben uns von dieser Korsin \u201everw\u00f6hnen\u201c lassen:<\/p>\n<p style=\"text-align: justify;\"><img decoding=\"async\" class=\"ngg-singlepic ngg-left\" src=\"http:\/\/adrianwood.ch\/wp-content\/gallery\/corsica04\/image034_1.jpg\" alt=\"image034_1\" \/><img decoding=\"async\" class=\"ngg-singlepic ngg-left\" src=\"http:\/\/adrianwood.ch\/wp-content\/gallery\/corsica04\/image036.jpg\" alt=\"image036\" \/><\/p>\n<p style=\"text-align: justify;\">Sieht man uns die Anstrengung des ersten Tages an?<br \/>\nNein \u2013 wir st\u00e4rkten uns an diesem Abend f\u00fcr die kommenden Herausforderungen, die uns in den n\u00e4chsten Tagen erwarteten. Aber welche anstrengenden Wanderungen uns noch erwarten sollten, davon hatten wir zum Gl\u00fcck an diesem ersten Tag noch keine Ahnung. Heute hatte alles gestimmt an diesem 1. Wandertag: Das Wetter war angenehm, eine leicht zu bew\u00e4ltigende \u201eEingehtour\u201c in bunt bl\u00fchender Landschaft mit atemberaubenden Ausblicken auf die \u201eIle de Beaut\u00e9\u201c<br \/>\nPeter M.<\/p>\n<h2>14.Mai, Golfe de Revellata<\/h2>\n<p style=\"text-align: justify;\">Am ersten Wandertag teilte sich die Gruppe schon in Lang-und Kurzwanderer. Wir zogen aber noch gemeinsam los. Zu Fuss ging es vom Hotel aus zur Walfahrtkirche Notre Dame de la Serra. (324M\u00fc.M). Die Kirche wurde im 19.Jh.auf den Resten einer Kapelle aus dem 15.Jh. errichtet. Sie wird von einer Marienstatue \u00fcberragt die auf einem Felsen steht. Der Weg ging etwa 1 Stunde hinauf durch bl\u00fchenden Macchia und immer wieder mit Sicht auf die Bucht von Calvi. Bei der leider verschlossene Kirche trafen wir auf andere Gruppen welche allerdings mit dem Bus hochgefahren waren.<br \/>\n<img decoding=\"async\" class=\"ngg-singlepic ngg-left\" src=\"http:\/\/adrianwood.ch\/wp-content\/gallery\/corsica04\/image001_1r.jpg\" alt=\"image001_1r\" \/><\/p>\n<p style=\"text-align: justify;\">Die Langwanderer machten sich auf &#8220;ihren&#8221; Berg zu besteigen. Wir Sieben, zum Gl\u00fcck versehen mit einer Beschreibung der Tour, wanderten Richtung Tal. Auch mit einem Plan war es nicht ganz einfach, denn die Markierungen fehlten gr\u00f6sstenteils. Die markanten Punkte wie Tafonifelsen und die Fontana d&#8217;Acqua fanden wir jedoch und schlussendlich mussten wir ja immer bergab gehen. Ueberall bl\u00fchten Zistrosen und ragten die Tafonifelsen aus dem Macchiengeb\u00fcsch. Gegen Mittag sahen wir in ziemlich weiter Entfernung den Leuchtturm und viel n\u00e4her die Golfe de Revellata liegen. Nach einer kurzen Diskussion beschlossen wir direkt zum Strand zu gehen, im nachhinein war diese Entscheidung richtig.<br \/>\nDer Weg hinunter war zwar breit aber voller \u201arolling stones\u2019. Gaby versuchte eine K\u00fcrzung, tauchte dabei aber kopfvoran ins Geb\u00fcsch, zum Gl\u00fcck ohne schlimme Folgen. In der kleinen Bar an der Plage de l&#8217;Alga spendierte er allen ein Glas Ros\u00e9 auf den gl\u00fcckligen Ausgang. Kurz bevor wir unter ankamen, lief uns eine &#8220;wilde&#8221;aber sehr langsame Schildkr\u00f6te \u00fcber den Weg.<br \/>\n<img decoding=\"async\" class=\"ngg-singlepic ngg-left\" src=\"http:\/\/adrianwood.ch\/wp-content\/gallery\/corsica04\/image003_1.jpg\" alt=\"image003_1\" \/><img decoding=\"async\" class=\"ngg-singlepic ngg-left\" src=\"http:\/\/adrianwood.ch\/wp-content\/gallery\/corsica04\/image005_1.jpg\" alt=\"image005_1\" \/> \u00a0 <img decoding=\"async\" class=\"ngg-singlepic ngg-left\" src=\"http:\/\/adrianwood.ch\/wp-content\/gallery\/corsica04\/image007_1.jpg\" alt=\"image007_1\" \/><\/p>\n<p style=\"text-align: justify;\">Mutigen wagten sich sofort ins Wasser, ich liess mich zum Gl\u00fcck nach einiger Zeit auch dazu \u00fcberreden. Das Wasser war kristallklar und nicht zu kalt, allerdings fehlten f\u00fcr meinen Geschmack die Wellen. Im Laufe der Woche sollten wir aber noch genug Wellen erleben. Gebannt schauten wir 2 Hunde zu, welche ihrerseits stundenlang gebannt ins Wasser schauend auf und ab gingen, wie wenn sie etwas essbares suchten. Ein sch\u00f6ner K\u00fcstenweg f\u00fchrte von der Bucht Richtung Calvi, die Wegf\u00fchrung war wieder nicht ganz klar, auch deshalb weil im Ortsteil Tramiriccia viele neue Villen gebaut wurden. Eingangs Calvi f\u00fchren etliche Motorradfahrer aus dem Wallis an uns vorbei. Gaby&#8217;s Herz schlug h\u00f6her als er einen Fribourger dazwischen entdeckte.<br \/>\nAn der Hafenpromenade liessen wir die Wanderung ausklingen. Auf einmal brach Hektik aus, \u00fcberall wurden die Sonnenschirme zugeklappt. Wir wunderten uns nur kurz denn bald brach ein veritabler Sturm aus. Unser Vorhaben am Abend an Quai einen Salat zu essen mussten wir aufgeben, die Salatbl\u00e4tter w\u00e4ren ja aus den Teller geweht worden. Mit einem guten Essen, leider drinnen, bei chez Cristian ging dieser sch\u00f6nen Tag zu Ende.<br \/>\nMarijke<\/p>\n","protected":false},"excerpt":{"rendered":"<p>Notre Dame de la Serra &#8211; Capu di a Veta \u2013 Calvi Strand, 703m. 5.5 Std. oder Notre Dame de la Serrra &#8211; Golfe de la Revellata (baden), 3.5 Std. Nachdem wir am Vortag problemlos die Insel erreicht und unser Hotel Balanea am Hafen von Calvi bezogen hatten, versammelten sich 23 Teilnehmer der diesj\u00e4hrigen \u201eAdrian-Wood-Wanderferien\u201c &hellip; <a href=\"https:\/\/www.adrianwood.ch\/?page_id=3505\" class=\"more-link\">Continue reading <span class=\"screen-reader-text\">05-14 Capo di a Veta<\/span> <span class=\"meta-nav\">&rarr;<\/span><\/a><\/p>\n","protected":false},"author":1,"featured_media":0,"parent":1183,"menu_order":2262,"comment_status":"closed","ping_status":"closed","template":"","meta":{"ngg_post_thumbnail":0,"footnotes":""},"class_list":["post-3505","page","type-page","status-publish","hentry"],"_links":{"self":[{"href":"https:\/\/www.adrianwood.ch\/index.php?rest_route=\/wp\/v2\/pages\/3505","targetHints":{"allow":["GET"]}}],"collection":[{"href":"https:\/\/www.adrianwood.ch\/index.php?rest_route=\/wp\/v2\/pages"}],"about":[{"href":"https:\/\/www.adrianwood.ch\/index.php?rest_route=\/wp\/v2\/types\/page"}],"author":[{"embeddable":true,"href":"https:\/\/www.adrianwood.ch\/index.php?rest_route=\/wp\/v2\/users\/1"}],"replies":[{"embeddable":true,"href":"https:\/\/www.adrianwood.ch\/index.php?rest_route=%2Fwp%2Fv2%2Fcomments&post=3505"}],"version-history":[{"count":3,"href":"https:\/\/www.adrianwood.ch\/index.php?rest_route=\/wp\/v2\/pages\/3505\/revisions"}],"predecessor-version":[{"id":6804,"href":"https:\/\/www.adrianwood.ch\/index.php?rest_route=\/wp\/v2\/pages\/3505\/revisions\/6804"}],"up":[{"embeddable":true,"href":"https:\/\/www.adrianwood.ch\/index.php?rest_route=\/wp\/v2\/pages\/1183"}],"wp:attachment":[{"href":"https:\/\/www.adrianwood.ch\/index.php?rest_route=%2Fwp%2Fv2%2Fmedia&parent=3505"}],"curies":[{"name":"wp","href":"https:\/\/api.w.org\/{rel}","templated":true}]}}