{"id":3553,"date":"2014-12-21T15:13:30","date_gmt":"2014-12-21T14:13:30","guid":{"rendered":"http:\/\/adrianwood.ch\/?page_id=3553"},"modified":"2014-12-21T15:13:30","modified_gmt":"2014-12-21T14:13:30","slug":"05-16-col-de-verghio","status":"publish","type":"page","link":"https:\/\/www.adrianwood.ch\/?page_id=3553","title":{"rendered":"05-16 Col de Verghio"},"content":{"rendered":"<h2>16. Mai,\u00a0 Col de Verghio &#8211; For\u00eat d\u2019Aitone \u2013 Evisa (Kurzwanderer)<\/h2>\n<p style=\"text-align: justify;\">Teilnehmer: Marijke Osterbaan, Adelheid Kuhn, Marie-Louise Gemperli, Elisabeth Rodriguez, Gabiel Waeber, Agnes Brunner, Phlippe Schaetti<\/p>\n<h2><img decoding=\"async\" class=\"ngg-singlepic ngg-left\" src=\"http:\/\/adrianwood.ch\/wp-content\/gallery\/corsica07\/image001_r35.jpg\" alt=\"image001_r35\" \/><\/h2>\n<p style=\"text-align: justify;\">Adrian dr\u00fcckt mir am Col de Verghio (1477 m) die 1:25&#8217;000 IGN-Karte und den Bruckmann-Tourenbeschrieb Nr.18 in die Hand. So marschieren wir 7 Kurzwanderer um 10 Uhr los auf dem Wanderweg \u201eMare a Mare Nord\u201c. Mitten in Buchen- und Birkenw\u00e4lder steigen wir langsam herunter bis wir nach einer Stunde an einem Wasserlauf eine erste Rast machen. Es ist dunstig, vereinzelte Regentropfen fallen vom Himmel. \u00be Stunden sp\u00e4ter finden wir einen netten Ort f\u00fcr die Mittagsrast, wo jeder seinen Platz auf einem Felsblock findet. Beim Pont de Castericia \u00e4ndert sich der Charakter der Wanderung: der Weg wird interessanter, f\u00fchrt teilweise durch Schuttfelder und Grobblockhalden, es wird wieder sonnig und die Flora zeigt sich von der sch\u00f6nsten Seite mit Laricio-Kiefern und Strandkiefern und duftenden Blumen.<\/p>\n<p><img decoding=\"async\" class=\"ngg-singlepic ngg-left\" src=\"http:\/\/adrianwood.ch\/wp-content\/gallery\/corsica07\/image002_r35.jpg\" alt=\"image002_r35\" \/><img decoding=\"async\" class=\"ngg-singlepic ngg-left\" src=\"http:\/\/adrianwood.ch\/wp-content\/gallery\/corsica07\/image003_r35.jpg\" alt=\"image003_r35\" \/><\/p>\n<p style=\"text-align: justify;\">So erreichen wir eine H\u00e4ngebr\u00fccke, die uns auf die andere Talseite bringt. Zum Teil auf einer Fahrstrasse am \u201eBelvedere\u201c mit Blick auf die obere Spelunca-Schlucht vorbei, kommen wir zum herrlichen Weg entlang des Kastanienhaines oberhalb Evisa. Mit Interesse lesen wir die Erkl\u00e4rungen zur Kastanien-baumkultur, die in regelm\u00e4ssigen Abst\u00e4nden am Weg angebracht sind, und am\u00fcsieren uns an den Kapriolen der kleinen Ferkel, die da im Laub neben dem Weg schn\u00fcffeln. Die Edelkastanienkultivierung hat immer noch eine grosse Bedeutung hier oben in den gebirgigen Regionen.<br \/>\n<img decoding=\"async\" class=\"ngg-singlepic ngg-left\" src=\"http:\/\/adrianwood.ch\/wp-content\/gallery\/corsica07\/image005_r35.jpg\" alt=\"image005_r35\" \/>Um 16 Uhr in Evisa (830 m) angekommen, kehren wir noch im Caf\u00e9 auf der Place ein und erfrischen uns mit einem Tee, Panach\u00e9, Pastis oder Pietra-Bier mit dem leichten Geschmack von Kastanien.<br \/>\nPhilippe<\/p>\n","protected":false},"excerpt":{"rendered":"<p>16. Mai,\u00a0 Col de Verghio &#8211; For\u00eat d\u2019Aitone \u2013 Evisa (Kurzwanderer) Teilnehmer: Marijke Osterbaan, Adelheid Kuhn, Marie-Louise Gemperli, Elisabeth Rodriguez, Gabiel Waeber, Agnes Brunner, Phlippe Schaetti Adrian dr\u00fcckt mir am Col de Verghio (1477 m) die 1:25&#8217;000 IGN-Karte und den Bruckmann-Tourenbeschrieb Nr.18 in die Hand. So marschieren wir 7 Kurzwanderer um 10 Uhr los auf &hellip; <a href=\"https:\/\/www.adrianwood.ch\/?page_id=3553\" class=\"more-link\">Continue reading <span class=\"screen-reader-text\">05-16 Col de Verghio<\/span> <span class=\"meta-nav\">&rarr;<\/span><\/a><\/p>\n","protected":false},"author":1,"featured_media":0,"parent":1183,"menu_order":2265,"comment_status":"closed","ping_status":"closed","template":"","meta":{"ngg_post_thumbnail":0,"footnotes":""},"class_list":["post-3553","page","type-page","status-publish","hentry"],"_links":{"self":[{"href":"https:\/\/www.adrianwood.ch\/index.php?rest_route=\/wp\/v2\/pages\/3553","targetHints":{"allow":["GET"]}}],"collection":[{"href":"https:\/\/www.adrianwood.ch\/index.php?rest_route=\/wp\/v2\/pages"}],"about":[{"href":"https:\/\/www.adrianwood.ch\/index.php?rest_route=\/wp\/v2\/types\/page"}],"author":[{"embeddable":true,"href":"https:\/\/www.adrianwood.ch\/index.php?rest_route=\/wp\/v2\/users\/1"}],"replies":[{"embeddable":true,"href":"https:\/\/www.adrianwood.ch\/index.php?rest_route=%2Fwp%2Fv2%2Fcomments&post=3553"}],"version-history":[{"count":0,"href":"https:\/\/www.adrianwood.ch\/index.php?rest_route=\/wp\/v2\/pages\/3553\/revisions"}],"up":[{"embeddable":true,"href":"https:\/\/www.adrianwood.ch\/index.php?rest_route=\/wp\/v2\/pages\/1183"}],"wp:attachment":[{"href":"https:\/\/www.adrianwood.ch\/index.php?rest_route=%2Fwp%2Fv2%2Fmedia&parent=3553"}],"curies":[{"name":"wp","href":"https:\/\/api.w.org\/{rel}","templated":true}]}}