{"id":3574,"date":"2014-12-22T11:53:13","date_gmt":"2014-12-22T10:53:13","guid":{"rendered":"http:\/\/adrianwood.ch\/?page_id=3574"},"modified":"2014-12-22T11:53:13","modified_gmt":"2014-12-22T10:53:13","slug":"05-20-scandola","status":"publish","type":"page","link":"https:\/\/www.adrianwood.ch\/?page_id=3574","title":{"rendered":"05-20 Scandola"},"content":{"rendered":"<h2>20.Mai, Bootsausflug nach Scandola Naturreservat, Girolata (baden) \u2013 Bocca a la Crocce 269m 2 Std. oder Serriera &#8211; Curzu 3 Std.<\/h2>\n<p style=\"text-align: justify;\">Der Sonntag versprach ein geruhsamer Tag zu werden, stand doch ausnahmsweise eine Bootsfahrt auf dem Programm.<br \/>\n<img decoding=\"async\" class=\"ngg-singlepic ngg-left\" src=\"http:\/\/adrianwood.ch\/wp-content\/gallery\/corsica11\/image001_r35.jpg\" alt=\"image001_r35\" \/><img decoding=\"async\" class=\"ngg-singlepic ngg-left\" src=\"http:\/\/adrianwood.ch\/wp-content\/gallery\/corsica11\/image003_r35.jpg\" alt=\"image003_r35\" \/>Nach gewohnter, kurvenreicher Fahrt nach Porto hinunter, bestiegen wir ein Boot, das Kurs in das Naturschutzgebiet von Scandola nahm, dessen symbolischer W\u00e4chter der Fischadler ist. Er nistet auf Felsspitzen, von denen wir zwei hoch oben bewundern konnten.<\/p>\n<p><img decoding=\"async\" class=\"ngg-singlepic ngg-left\" src=\"http:\/\/adrianwood.ch\/wp-content\/gallery\/corsica11\/image005_r35.jpg\" alt=\"image005_r35\" \/><img decoding=\"async\" class=\"ngg-singlepic ngg-left\" src=\"http:\/\/adrianwood.ch\/wp-content\/gallery\/corsica11\/image007_r35.jpg\" alt=\"image007_r35\" \/><img decoding=\"async\" class=\"ngg-singlepic ngg-left\" src=\"http:\/\/adrianwood.ch\/wp-content\/gallery\/corsica11\/image009_r35.jpg\" alt=\"image009_r35\" \/>Eindrucksvolle Gebirgs-massive mit m\u00e4chtigen Porhyrerg\u00fcssen, viele H\u00f6hlen und Grotten, wobei eine genau die Form der Insel Korsika hat, glitten an uns vorbei. Nach 2 Std. Fahrt durch fjordartige Buchten mit glasklarem Wasser legten wir im Hafen von Girolata an. Dort zerteilte sich die Gruppe. Einige zog es sofort an den Strand, andere tranken erst etwas, und noch andere sorgten erst einmal f\u00fcr das leibliche Wohl. Zu Viert sassen wir im obersten Restaurant und liessen es uns gut gehen. Aber dann musste doch der 1-st\u00fcndige Marsch zur Badebucht in Angriff genommen werden. Das Ziel Cala di Tuara war schon lange sichtbar und endlich konnten auch wir uns im Meer abk\u00fchlen. Nach 2\u00bd Stunden D\u00f6sen und Schwimmen ging\u2019s aber schon wieder weiter.<br \/>\n<img decoding=\"async\" class=\"ngg-singlepic ngg-left\" src=\"http:\/\/adrianwood.ch\/wp-content\/gallery\/corsica11\/image013_r35.jpg\" alt=\"image013_r35\" \/><img decoding=\"async\" class=\"ngg-singlepic ngg-left\" src=\"http:\/\/adrianwood.ch\/wp-content\/gallery\/corsica11\/image015_r35.jpg\" alt=\"image015_r35\" \/>Adrian fand f\u00fcr die Nachz\u00fcgler eine Abk\u00fcrzung durch die Macchia, aber zur Strafe musste er 3 Schwer- und 1 Leichtgewicht \u00fcber eine hohe Mauer ziehen, um wieder auf den richtigen Weg zu kommen. 1 Std. Aufstieg in br\u00fctender Hitze (warum haben wir uns eigentlich im Meer abgek\u00fchlt), das Strassentrassee der D81 war schon lange in Sicht, die Bocca a Croce kam und kam nicht n\u00e4her.<\/p>\n<p><img decoding=\"async\" class=\"ngg-singlepic ngg-left\" src=\"http:\/\/adrianwood.ch\/wp-content\/gallery\/corsica11\/image017_r35.jpg\" alt=\"OLYMPUS DIGITAL CAMERA\" \/><img decoding=\"async\" class=\"ngg-singlepic ngg-left\" src=\"http:\/\/adrianwood.ch\/wp-content\/gallery\/corsica11\/image019_r35.jpg\" alt=\"image019_r35\" \/>Endlich oben, erwartete uns ein kleiner Kiosk; der Bier- und Magnum-Umsatz stieg gewaltig. Beim Aufenthalt fehlte wieder einmal ein Michaelis-Bruder. Kurz vor der Abfahrt tauchte er auf; er war mal noch kurz auf einen Gipfel gerannt. So ging ein weiterer Tag zu Ende. Er versprach, geruhsam zu werden, endete aber schweissgebadet. War aber trotzdem super.<br \/>\nAdelheid<\/p>\n<h2 style=\"text-align: justify;\">20. Mai, Serriera &#8211; Curzu<\/h2>\n<p style=\"text-align: justify;\">Anstelle des Bootsausfluges, der f\u00fcr diesen Tag vorgesehen war, haben Margrit und ich den Landweg genommen, da wir beide nicht boottauglich sind. Den Einstieg in die Mare e Monti haben wir erst nach mehreren Anl\u00e4ufen gefunden, und zwar bei der Kirche von Serriera. Diesen Weg kannte ich bestens. Ich hatte ihn schliesslich zwei Tage zuvor zusammen mit Agnes, Elisabeth und Gabi in entgegengesetzter Richtung gemacht. Viele neue Ansichten und Details kamen zum Vorschein, die ich zwei Tage zuvor nicht gesehen hatte.<br \/>\nMargrit und ich kamen gut voran. Es war zwar heiss und steinig, zuerst eine gute Stunde den Berg hinauf auf den Bocca di u Furcato, und dann ebenso lang hinunter in ein schmales Tal zum B\u00e4chlein Vetrice. Hier machten wir eine ausgiebige Siesta. Picnic, Fussb\u00e4dli, Halbschatten waren angesagt. Es war eine Traumwelt, absolute Ruhe, nur das leise Murmeln des B\u00e4chleins umh\u00fcllte uns.<br \/>\n<img decoding=\"async\" class=\"ngg-singlepic ngg-left\" src=\"http:\/\/adrianwood.ch\/wp-content\/gallery\/corsica11\/image021_r35.jpg\" alt=\"image021_r35\" \/>Dann hiess es den n\u00e4chsten Aufstieg in Angriff nehmen.. Es war mehr oder weniger ein besseres Bachbett, und wir waren froh um alle schattenspendenden Macchia-Str\u00e4ucher, denn es war sehr heiss. Nach einer weiteren guten Stunde erreichten wir den Kamm, den Bocca di Fueta, wo sich uns ein einmaliger Anblick bot, der Golfo di Girolata. Und am Hang leuchteten die roten D\u00e4cher von Partinello. Aber f\u00fcr uns hiess es weitergehen. Noch eine weitere Schrunde durchqueren und dann sahen wir den Friedhof von Curzu, fern ab vom Dorf auf einer sch\u00f6nen Terrasse mitten in der Macchia.<br \/>\nNach einem steilen Abstieg ins Dorf machten wir uns sofort auf die Suche nach dem Caf\u00e9, wo wir mit Patrick abgemacht hatten. Sofort st\u00fcrzten wir uns auf ein k\u00fchles Bier, gefolgt von Pastis und einer leckeren Glac\u00e9. Margrit hatte schliesslich an diesem Tag Geburtsag.<br \/>\nMarie-Louise<\/p>\n","protected":false},"excerpt":{"rendered":"<p>20.Mai, Bootsausflug nach Scandola Naturreservat, Girolata (baden) \u2013 Bocca a la Crocce 269m 2 Std. oder Serriera &#8211; Curzu 3 Std. Der Sonntag versprach ein geruhsamer Tag zu werden, stand doch ausnahmsweise eine Bootsfahrt auf dem Programm. Nach gewohnter, kurvenreicher Fahrt nach Porto hinunter, bestiegen wir ein Boot, das Kurs in das Naturschutzgebiet von Scandola &hellip; <a href=\"https:\/\/www.adrianwood.ch\/?page_id=3574\" class=\"more-link\">Continue reading <span class=\"screen-reader-text\">05-20 Scandola<\/span> <span class=\"meta-nav\">&rarr;<\/span><\/a><\/p>\n","protected":false},"author":1,"featured_media":0,"parent":1183,"menu_order":2269,"comment_status":"closed","ping_status":"closed","template":"","meta":{"ngg_post_thumbnail":0,"footnotes":""},"class_list":["post-3574","page","type-page","status-publish","hentry"],"_links":{"self":[{"href":"https:\/\/www.adrianwood.ch\/index.php?rest_route=\/wp\/v2\/pages\/3574","targetHints":{"allow":["GET"]}}],"collection":[{"href":"https:\/\/www.adrianwood.ch\/index.php?rest_route=\/wp\/v2\/pages"}],"about":[{"href":"https:\/\/www.adrianwood.ch\/index.php?rest_route=\/wp\/v2\/types\/page"}],"author":[{"embeddable":true,"href":"https:\/\/www.adrianwood.ch\/index.php?rest_route=\/wp\/v2\/users\/1"}],"replies":[{"embeddable":true,"href":"https:\/\/www.adrianwood.ch\/index.php?rest_route=%2Fwp%2Fv2%2Fcomments&post=3574"}],"version-history":[{"count":0,"href":"https:\/\/www.adrianwood.ch\/index.php?rest_route=\/wp\/v2\/pages\/3574\/revisions"}],"up":[{"embeddable":true,"href":"https:\/\/www.adrianwood.ch\/index.php?rest_route=\/wp\/v2\/pages\/1183"}],"wp:attachment":[{"href":"https:\/\/www.adrianwood.ch\/index.php?rest_route=%2Fwp%2Fv2%2Fmedia&parent=3574"}],"curies":[{"name":"wp","href":"https:\/\/api.w.org\/{rel}","templated":true}]}}