{"id":3582,"date":"2014-12-23T09:13:35","date_gmt":"2014-12-23T08:13:35","guid":{"rendered":"http:\/\/adrianwood.ch\/?page_id=3582"},"modified":"2014-12-23T09:13:35","modified_gmt":"2014-12-23T08:13:35","slug":"05-21-capu-dortu","status":"publish","type":"page","link":"https:\/\/www.adrianwood.ch\/?page_id=3582","title":{"rendered":"05-21 Capu d&#8217;Ortu"},"content":{"rendered":"<h2>21. Mai, Piana, Chalet des Roches Bleues 480m \u2013 Capu d\u2019Ortu 1294m \u2013 Chalet des Roches Bleues 6Std.<\/h2>\n<p style=\"text-align: justify;\">Ausnahmsweise durften wir schon um 7.30 Uhr das Fr\u00fchst\u00fcck einnehmen, da doch eine etwas l\u00e4ngere Wanderung auf dem Programm stand. Nachdem die Akkus mit Energie versehen waren, hiess es um 8.30 Uhr Abfahrt vom Hotel Aitone in Evisa. Patrick, unser zuverl\u00e4ssiger Chauffeur bew\u00e4ltigte die kurvenreiche Strecke runter nach Porto und die nicht weniger kurvenreiche Strecke wieder hoch Richtung Piana gekonnt wie immer.<br \/>\nZwischen Porto und Piana liegt das Restaurant Chalet des Roches Bleues (418m), welches unser Ausgangspunkt der aktuellen Wanderung war. Um 9.30 Uhr machten wir uns auf die Socken, d.h. 18 waghalsige Wanderer wagten sich ins Ungewisse. Gegen\u00fcber dem Restaurant beginnt beim Trinkbrunnen der beschilderte Aufstieg zum Capu d\u2019Ortu. Laut Tafel wird der Aufstieg mit 2\u00bd Stunden angegeben. Die ersten ca. 25 Min. stiegen wir durch einen mit Macchie und Kiefern durchsetzten Steilhang. Nach kurzer Pause f\u00fcr Photoshooting und einen Schluck aus der Flasche ging es etwas weniger steil bergan.<\/p>\n<p style=\"text-align: justify;\"><img decoding=\"async\" class=\"ngg-singlepic ngg-left\" src=\"http:\/\/adrianwood.ch\/wp-content\/gallery\/corsica12\/image001_r35.jpg\" alt=\"image001_r35\" \/><img decoding=\"async\" class=\"ngg-singlepic ngg-left\" src=\"http:\/\/adrianwood.ch\/wp-content\/gallery\/corsica12\/image003_r35.jpg\" alt=\"image003_r35\" \/>Nach 1 Stunde war eine etwas l\u00e4ngere Trinkpause angesagt, unterhalb einer recht steilen Felsplatte. Da ein direkter Weg \u00fcber die Felsplatte mit Steinm\u00e4nnchen markiert war, wurde diese Variante zum weiteren Aufstieg gew\u00e4hlt, wobei die H\u00e4nde doch ab und zu eingesetzt werden mussten. Oberhalb der Felsplatte fanden wir wiederum den markierten Bergpfad. Der felsige Aufstieg f\u00fchrte an herrlichen Bergblumen vorbei. Linker Hand konnte man die Tafoniplastiken der Palani-Felsen bestaunen. Hier konnte man der Phantasie freien Lauf lassen und man h\u00f6rte von schlafendem Nilpferd, angreifendem Haifisch oder sonstigen Viechereien, die man in den Felsgebilden erkennen konnte.<\/p>\n<p style=\"text-align: justify;\"><img decoding=\"async\" class=\"ngg-singlepic ngg-left\" src=\"http:\/\/adrianwood.ch\/wp-content\/gallery\/corsica12\/image005_r35.jpg\" alt=\"image005_r35\" \/><img decoding=\"async\" class=\"ngg-singlepic ngg-left\" src=\"http:\/\/adrianwood.ch\/wp-content\/gallery\/corsica12\/image007_r35.jpg\" alt=\"image007_r35\" \/>Nach ca. 2 Stunden erreichten wir den Sattel Bocca di Piazza Moninca (947m). Hier verabschiedeten sich 3 Kollegen, welche den Gipfel ausliessen und den Abstieg direkt Richtung Piana in Angriff nahmen. F\u00fcr die restlichen 15 Verbliebenen ging es zun\u00e4chst durch eine Buschlandschaft (Baumerika), danach \u00fcber Felsplatten an einem Couloir entlang. Jetzt wurde der Aufstieg interessant und recht alpin, d.h. der 4X4 musste zugeschaltet werden, denn ohne H\u00e4nde kommt man das letzte Teilst\u00fcck nicht hoch. Die ersten erreichten nach gut 3 Stunden den Gipfel (1294m) [die 2\u00bd Std. laut Wegweiser sind doch eher knapp bemessen]. Kurze Zeit sp\u00e4ter waren alle Wagemutigen eingetroffen, mit etwas unterschiedlichen \u201eAufstiegs-erfahrungen\u201c. Die Aussicht vom Capu d\u2019Ortu ist fast unbeschreiblich. Von einem Plateau sieht man direkt runter nach Porto und den tollen K\u00fcstenformationen. Die Ortschaften Ota und Evisa konnten gut eingesehen werden.<br \/>\n<img decoding=\"async\" class=\"ngg-singlepic ngg-left\" src=\"http:\/\/adrianwood.ch\/wp-content\/gallery\/corsica12\/image009_r35.jpg\" alt=\"image009_r35\" \/><img decoding=\"async\" class=\"ngg-singlepic ngg-left\" src=\"http:\/\/adrianwood.ch\/wp-content\/gallery\/corsica12\/image011_r35.jpg\" alt=\"image011_r35\" \/>Wer einen Feldstecher dabei hatte, konnte sogar unser Hotel erkennen. Auch die wilde Spelunca Schlucht zeigte sich praktisch in der ganzen L\u00e4nge. Eigentlich konnten wir alle unsere Wanderungen die wir in der Woche zuvor absolviert hatten, nochmals geistig und visuell nachvollziehen. Auch das \u201ekorsische Matterhorn\u201c (Paglia Orba), unter dem wir am Samstag vorbei marschiert waren, zeigte sich wie auf dem Pr\u00e4sentierteller. Auf dem Gipfel trafen wir 5 Korsen, richtige Prachtkerle, die alle eine Flasche Rotwein dabei hatten und diese nat\u00fcrlich auch k\u00f6pften. Der Eine hat uns dann beim Mittags-schl\u00e4fchen etwas vorgeschnarcht, zum Gaudi seiner Kollegen. Nach einer Stunde Mittagsrast, hiess es zun\u00e4chst die gleiche Strecke runter. Diejenigen, die nicht mit der Beinl\u00e4nge XXL ausger\u00fcstet sind, hatten sicher nicht nur Freude am Abstieg.<\/p>\n<p style=\"text-align: justify;\">Ab dem Sattel Piazza Moninca f\u00fchrte der Abstieg \u00fcber endlose Serpentien zu dem Flusstal des Riusseau de Piazza Moninca. Am Fluss entlang f\u00fchrte der breite Bergpfad Richtung Piana (vorbei an zwei Badefreaks, wer wohl?). Oberhalb des Fussballfeldes von Piana haben wir die 3 vor uns abgestiegenen Kollegen getroffen. Laut Adrian f\u00fchrt das letzte St\u00fcck des Abstiegs \u00fcber die Strada Alta (Hochstrasse), die oberhalb der Fahrstrasse liegt. Der Hinweis, dass man nach kurzer Strecke die Abzweigung Richtung les Roches Bleues ignorieren soll und weiter gerade marschieren, war sehr wertvoll. Diese Strada Alta bietet nochmals eine Aussicht, die schlicht weg genial ist. Besser als 1000 Worte kann hier nur ein sch\u00f6nes Photo helfen. Etwas oberhalb des Restaurants des Roches Bleues f\u00fchrte der Weg nochmals steil hinab auf die Fahrstrasse und ein paar Minuten sp\u00e4ter erreichten wir das Ziel (17.30 Uhr).<\/p>\n<p style=\"text-align: justify;\"><img decoding=\"async\" class=\"ngg-singlepic ngg-left\" src=\"http:\/\/adrianwood.ch\/wp-content\/gallery\/corsica12\/image013_r35.jpg\" alt=\"image013_r35\" \/>Als nach einiger Zeit auch die zwei frisch \u201eGebadeten\u201c eingetroffen waren, dachten wir: \u201eAlles Heil angekommen und ab zur\u00fcck ins Hotel\u201c. Nur, 5 liebe Kollegen fehlten noch! Die waren nicht beim Fussballplatz (Aufpickm\u00f6glichkeit f\u00fcr Insider) und auch nicht auf der klassischen Strada Alta. Die hatten schlicht und einfach noch nicht genug und hatten die Ab-zweigung \u00fcber les Roches Bleues (300m Aufstieg), d. h. den 2. Bergpreis des Tages auch noch ab-solviert. Etwas abgek\u00e4mpft sind sie um ca. 18.20 Uhr auch am Zielort eingetroffen.<br \/>\nAuf der R\u00fcckfahrt konnte reichlich diskutiert werden, bez\u00fcglich Kommunikationsprobleme.<br \/>\nPatrick hat uns zum x-mal sicher nach Evisa ins Hotel kutschiert und nach einer erfrischenden Dusche wurde um 20.00 Uhr das Nachtessen serviert. Wie die Tage zuvor wurden wir mit einem 4 Gang Men\u00fc verw\u00f6hnt. Vorspeise: Soupe Corse \/ Hauptgang: Spaghetti, Osso Bucco \/ Zwischengang: K\u00e4seplatte \/ Dessert: Fr\u00fcchte nach Wahl.<br \/>\nDa sich Patrick am n\u00e4chsten Tag als unser Chauffeur verabschieden w\u00fcrde, \u00fcberreichten ihm Adrian und Agnes unser gesammeltes \u201eTrinkgeld\u201c. Er hat w\u00e4hrend der ganzen Woche einen tollen Job gemacht. Patrick freute sich riesig und sagte, er hoffe zuk\u00fcnftig nur solch angenehme Gruppen transportieren zu d\u00fcrfen. Um 22 Uhr hiess es von diversen Seiten \u201epfused guet\u201c. Der Tag war doch recht lang und anstrengend. Nach kurzem geistigen Zusammenfassen der Ereignisse des ganzen Tages, bin ich zufrieden eingeschlafen.<br \/>\nPeter S.<\/p>\n","protected":false},"excerpt":{"rendered":"<p>21. Mai, Piana, Chalet des Roches Bleues 480m \u2013 Capu d\u2019Ortu 1294m \u2013 Chalet des Roches Bleues 6Std. Ausnahmsweise durften wir schon um 7.30 Uhr das Fr\u00fchst\u00fcck einnehmen, da doch eine etwas l\u00e4ngere Wanderung auf dem Programm stand. Nachdem die Akkus mit Energie versehen waren, hiess es um 8.30 Uhr Abfahrt vom Hotel Aitone in &hellip; <a href=\"https:\/\/www.adrianwood.ch\/?page_id=3582\" class=\"more-link\">Continue reading <span class=\"screen-reader-text\">05-21 Capu d&#8217;Ortu<\/span> <span class=\"meta-nav\">&rarr;<\/span><\/a><\/p>\n","protected":false},"author":1,"featured_media":0,"parent":1183,"menu_order":2270,"comment_status":"closed","ping_status":"closed","template":"","meta":{"ngg_post_thumbnail":0,"footnotes":""},"class_list":["post-3582","page","type-page","status-publish","hentry"],"_links":{"self":[{"href":"https:\/\/www.adrianwood.ch\/index.php?rest_route=\/wp\/v2\/pages\/3582","targetHints":{"allow":["GET"]}}],"collection":[{"href":"https:\/\/www.adrianwood.ch\/index.php?rest_route=\/wp\/v2\/pages"}],"about":[{"href":"https:\/\/www.adrianwood.ch\/index.php?rest_route=\/wp\/v2\/types\/page"}],"author":[{"embeddable":true,"href":"https:\/\/www.adrianwood.ch\/index.php?rest_route=\/wp\/v2\/users\/1"}],"replies":[{"embeddable":true,"href":"https:\/\/www.adrianwood.ch\/index.php?rest_route=%2Fwp%2Fv2%2Fcomments&post=3582"}],"version-history":[{"count":0,"href":"https:\/\/www.adrianwood.ch\/index.php?rest_route=\/wp\/v2\/pages\/3582\/revisions"}],"up":[{"embeddable":true,"href":"https:\/\/www.adrianwood.ch\/index.php?rest_route=\/wp\/v2\/pages\/1183"}],"wp:attachment":[{"href":"https:\/\/www.adrianwood.ch\/index.php?rest_route=%2Fwp%2Fv2%2Fmedia&parent=3582"}],"curies":[{"name":"wp","href":"https:\/\/api.w.org\/{rel}","templated":true}]}}