{"id":3588,"date":"2014-12-23T09:21:47","date_gmt":"2014-12-23T08:21:47","guid":{"rendered":"http:\/\/adrianwood.ch\/?page_id=3588"},"modified":"2014-12-23T09:21:47","modified_gmt":"2014-12-23T08:21:47","slug":"05-21-capu-rosso","status":"publish","type":"page","link":"https:\/\/www.adrianwood.ch\/?page_id=3588","title":{"rendered":"05-21 Capu Rosso"},"content":{"rendered":"<h2 style=\"text-align: justify;\">21.Mai\u00a0 Piana 319m &#8211; Capu Rosso 331m &#8211; Piana, 3 Std. (Kurzwanderer)<\/h2>\n<p style=\"text-align: justify;\">Teilnehmer: Verena Ceresoli, Agnes Brunner, Philippe Schaetti<br \/>\nNachdem der Bus die Langwanderer bei Ch\u00e2let des Roches bleues abgeladen hat, fahren wir weiter \u00fcber Piana bis zum Punkt 407. Sommerlich heisses Wetter begleitet uns auf der 3.5 Stunden langen Wanderung zum Capu Rosso und zur\u00fcck. Beeindruckend ist vor allem de herrliche Duft der Macchia, wobei die Hitze uns schon einiges abverlangt, w\u00e4hrend wir gem\u00e4chlich bis auf 64 m herunter steigen.<br \/>\n<img decoding=\"async\" class=\"ngg-singlepic ngg-left\" src=\"http:\/\/adrianwood.ch\/wp-content\/gallery\/corsica13\/image001_r35.jpg\" alt=\"image001_r35\" \/><img decoding=\"async\" class=\"ngg-singlepic ngg-left\" src=\"http:\/\/adrianwood.ch\/wp-content\/gallery\/corsica13\/image003_r35.jpg\" alt=\"image003_r35\" \/>Dann beginnt der Aufstieg zum Capu. Agnes macht weiter oben eine Pause und kehrt dann zur\u00fcck. Vreni und ich nehmen den letzten steilen Anstieg durch eine pr\u00e4chtige begr\u00fcnte Rinne in den r\u00f6tlichen Felsen auf bis wir den Genuesenturm Tour de Turgiu um die Mittagszeit erreichen (331 m). Ein herrlicher Blick belohnt die Anstrengung, wobei die Klippen neben dem Turm senkrecht hinab zum Meer fallen und wir im Osten den Capo d\u2019Ortu erkennen, den die Langwanderer heute besteigen. Nach der Mittagsrast beim Turm geht es auf dem gleichen Weg zur\u00fcck.<br \/>\n<img decoding=\"async\" class=\"ngg-singlepic ngg-left\" src=\"http:\/\/adrianwood.ch\/wp-content\/gallery\/corsica13\/image007_r35.jpg\" alt=\"image007_r35\" \/><img decoding=\"async\" class=\"ngg-singlepic ngg-left\" src=\"http:\/\/adrianwood.ch\/wp-content\/gallery\/corsica13\/image005_1_r35.jpg\" alt=\"image005_1_r35\" \/>Um 14 Uhr holt uns der Bus beim Punkt 407 ab und bringt uns zur Plage d\u2019Arone, wo uns ein erfrischendes Meeresbad erwartet. Auch Elisabeth und Gabriel treffen wir wieder, und auf dem R\u00fcckweg machen wir einen Besichtigungshalt im Dorf Piana, bevor der Bus uns dann durch die eindr\u00fccklichen bizarren r\u00f6tlichen Felsformationen der Calanches wieder zum Ch\u00e2let des Roches bleues bringt.<br \/>\nPhilippe<\/p>\n","protected":false},"excerpt":{"rendered":"<p>21.Mai\u00a0 Piana 319m &#8211; Capu Rosso 331m &#8211; Piana, 3 Std. (Kurzwanderer) Teilnehmer: Verena Ceresoli, Agnes Brunner, Philippe Schaetti Nachdem der Bus die Langwanderer bei Ch\u00e2let des Roches bleues abgeladen hat, fahren wir weiter \u00fcber Piana bis zum Punkt 407. Sommerlich heisses Wetter begleitet uns auf der 3.5 Stunden langen Wanderung zum Capu Rosso und &hellip; <a href=\"https:\/\/www.adrianwood.ch\/?page_id=3588\" class=\"more-link\">Continue reading <span class=\"screen-reader-text\">05-21 Capu Rosso<\/span> <span class=\"meta-nav\">&rarr;<\/span><\/a><\/p>\n","protected":false},"author":1,"featured_media":0,"parent":1183,"menu_order":2271,"comment_status":"closed","ping_status":"closed","template":"","meta":{"ngg_post_thumbnail":0,"footnotes":""},"class_list":["post-3588","page","type-page","status-publish","hentry"],"_links":{"self":[{"href":"https:\/\/www.adrianwood.ch\/index.php?rest_route=\/wp\/v2\/pages\/3588","targetHints":{"allow":["GET"]}}],"collection":[{"href":"https:\/\/www.adrianwood.ch\/index.php?rest_route=\/wp\/v2\/pages"}],"about":[{"href":"https:\/\/www.adrianwood.ch\/index.php?rest_route=\/wp\/v2\/types\/page"}],"author":[{"embeddable":true,"href":"https:\/\/www.adrianwood.ch\/index.php?rest_route=\/wp\/v2\/users\/1"}],"replies":[{"embeddable":true,"href":"https:\/\/www.adrianwood.ch\/index.php?rest_route=%2Fwp%2Fv2%2Fcomments&post=3588"}],"version-history":[{"count":0,"href":"https:\/\/www.adrianwood.ch\/index.php?rest_route=\/wp\/v2\/pages\/3588\/revisions"}],"up":[{"embeddable":true,"href":"https:\/\/www.adrianwood.ch\/index.php?rest_route=\/wp\/v2\/pages\/1183"}],"wp:attachment":[{"href":"https:\/\/www.adrianwood.ch\/index.php?rest_route=%2Fwp%2Fv2%2Fmedia&parent=3588"}],"curies":[{"name":"wp","href":"https:\/\/api.w.org\/{rel}","templated":true}]}}