{"id":3591,"date":"2014-12-23T17:21:27","date_gmt":"2014-12-23T16:21:27","guid":{"rendered":"http:\/\/adrianwood.ch\/?page_id=3591"},"modified":"2014-12-23T17:21:27","modified_gmt":"2014-12-23T16:21:27","slug":"05-22-quenza","status":"publish","type":"page","link":"https:\/\/www.adrianwood.ch\/?page_id=3591","title":{"rendered":"05-22 Quenza"},"content":{"rendered":"<h2>22. Mai, Transfer vom Hotel l\u2019Aitone, Evisa via Col de St-Eustache nach Hotel Sole e Monti, Quenza<\/h2>\n<p style=\"text-align: justify;\">Heute verlassen wir die Gebirgswelt von Evisa, wo wir bis anhin happige Tageswanderungen unternommen haben. An dieser Stelle m\u00f6chte ich allen \u2013 M\u00e4nnlein und Weiblein \u2013 herzlich danken f\u00fcr die Unterst\u00fctzung, die sie mir einzeln gegeben haben. Somit konnte ich mit der Gruppe einigermassen mithalten. Ganz lieben Dank.<br \/>\nFr\u00fchst\u00fcck um 07.30h, Abfahrt 08.30h von Hotel l\u2019Aitone (gute Verpflegung, aber wir im 3. Stock des Anbaus litten sehr unter Dieselgeruch). Das Wetter ist leicht bedeckt, ideal als Reisetag. Wir fahren nach S\u00fcden, in Richtung Ajaccio. Die kurvenreiche Strecke zeigt uns die Insel Korsika von ihrer wilden Seite: bewaldete H\u00fcgel und felsige Erhebungen. L\u00e4ngs der Strasse immer wieder das \u00fcbliche Bild: Schweine mit ihren Jungen und weiter Richtung K\u00fcste K\u00fche, die das noch \u00fcppig vorhandene Gras nicht verschm\u00e4hen. Je s\u00fcdlicher wir kommen, durchfahren wir den Obstgarten Korsika, wo Kirschen- und Olivenb\u00e4ume eine gute Ernte versprechen. Im Atelier de Poterie in Sagone (Golfo di Sagone) kauft Adrian das bei seinem letzten Besuch ersichtete Tongef\u00e4ss. Die Panoramafahrt entlang der Meeresk\u00fcste ist von besonderer Natursch\u00f6nheit; das t\u00fcrkisblaue Wasser und die bizarren Felsformationen bezaubern die Besucher dieser Gegend. Nat\u00fcrlich fehlen auch schmucke D\u00f6rfer mit ihren Villen, Palmen und Pinienw\u00e4lder nicht.<\/p>\n<p style=\"text-align: justify;\"><img decoding=\"async\" class=\"ngg-singlepic ngg-left\" src=\"http:\/\/adrianwood.ch\/wp-content\/gallery\/corsica14\/cor_0582_r35.jpg\" alt=\"cor_0582_r35\" \/><img decoding=\"async\" class=\"ngg-singlepic ngg-left\" src=\"http:\/\/adrianwood.ch\/wp-content\/gallery\/corsica14\/cor_0590_r35.jpg\" alt=\"cor_0590_r35\" \/>Wir umfahren die Stadt Ajaccio, und entdecken nach Mezzavia ein respektables St\u00fcck eines intakten Aqu\u00e4dukts. Wir kehren definitiv in die Zivilisation zur\u00fcck: in Sicht der Flughafen von Ajaccio (wo Adrian letztesmal den Heimflug antreten hat), l\u00e4ngs der Strasse Eisenbahnschienen und alsdann eine stark frequentierte Autobahn. Auf einer guten Nebenstrasse, mitten durch Clementinen- und Orangenhaine, erreichen wir die gr\u00f6ssere Ortschaft Cauro, wo unser Chauffeur Patrick voller Stolz den Wohnsitz seiner Familie zeigt, die wir \u00fcber das Wochenende kennen lernen durften. Jetzt wird es Zeit f\u00fcr eine Trinkpause. Auf der Anh\u00f6he von Cauro, in der Auberge l\u2019Acquella, machen wir Halt, und da &#8230; passiert es, der praktisch neue Autobus erleidet einen Defekt. Es macht kr\u00e4ftig \u201epuff\u201c, die Hydraulik steigt aus. Bis der Busersatz aus Ajaccio da ist, vergehen 45 Min., so dass um 11.20 die Fahrt mit neuem Mann und Material fortgesetzt werden kann. Langsam meldet sich auch der Hunger an. Infolge der Versp\u00e4tung (Buswechsel) verzichten wir auf den geplanten Besuch in Sartene und nehmen in Bicchiasano einen Richtungswechsel nach Osten vor. Hier wird das Picnic im Dorfladen und in der B\u00e4ckerei eingekauft. Mittagspause von 12.40-13.15h auf dem Col de St-Eustache, auf 996 M. Das Wetter in den Bergen ist dunstig, aber sehr warm. Die Berg- = Panoramastrasse nach Aullene ist sehr kurvenreich und interessant und entsch\u00e4digt uns f\u00fcr den Wegfall des Besuches in Sartene. Unser neuer Buschauffeur hat grosse Freude an seinen Fahrg\u00e4sten und erkundigt sich bei Adrian, welche Eintrittsbedingungen f\u00fcr eine Clubmitgliedschaft gelten. Er sei ein guter Bergg\u00e4nger und Liebhaber der Natur, Wandern in der Gruppe w\u00e4re gerade richtig als Freizeitbesch\u00e4ftigung nach seiner Pensionierung. Wir &#8211; im vorderen Teil des Cars Sitzende -haben gute Unterhaltung mit ihm.<br \/>\n<img decoding=\"async\" class=\"ngg-singlepic ngg-left\" src=\"http:\/\/adrianwood.ch\/wp-content\/gallery\/corsica14\/image001_r35.jpg\" alt=\"image001_r35\" \/><img decoding=\"async\" class=\"ngg-singlepic ngg-left\" src=\"http:\/\/adrianwood.ch\/wp-content\/gallery\/corsica14\/image003_r35.jpg\" alt=\"image003_r35\" \/>Um 14h erreichen wir das Bergdorf Quenza, wo wir im Hotel Sole e Monti f\u00fcr zwei N\u00e4chte wohnen werden. Erst Zimmerbezug, Spaziergang durchs Dorf mit Besuch der historischen Kapelle beim Friedhof, und dann Zeit f\u00fcr einen ersten Jass unter der Traubenlaube vor dem Hotel. Um 18.30h ist von Adrian ein Ap\u00e9ro angesagt. Nachdem Huguette und Jean-Fran\u00e7ois Stampf dazu stossen \u2013 sie wohnen im Nebendorf Zonza und f\u00fcr uns alle eine \u00dcberraschung, nur f\u00fcr Adrian nicht \u2013 genehmigen wir einen doppelten Ap\u00e9ro. Besten Dank an Adrian, Huguette und Jean-Fran\u00e7ois f\u00fcr die Einladung. &#8211; Mit einem feinen Nachtessen beenden wir unseren langen Reisetag und begeben uns ca. 22h zu Bett f\u00fcr eine lange verdiente Nachtruhe.<br \/>\nMartha<\/p>\n","protected":false},"excerpt":{"rendered":"<p>22. Mai, Transfer vom Hotel l\u2019Aitone, Evisa via Col de St-Eustache nach Hotel Sole e Monti, Quenza Heute verlassen wir die Gebirgswelt von Evisa, wo wir bis anhin happige Tageswanderungen unternommen haben. An dieser Stelle m\u00f6chte ich allen \u2013 M\u00e4nnlein und Weiblein \u2013 herzlich danken f\u00fcr die Unterst\u00fctzung, die sie mir einzeln gegeben haben. Somit &hellip; <a href=\"https:\/\/www.adrianwood.ch\/?page_id=3591\" class=\"more-link\">Continue reading <span class=\"screen-reader-text\">05-22 Quenza<\/span> <span class=\"meta-nav\">&rarr;<\/span><\/a><\/p>\n","protected":false},"author":1,"featured_media":0,"parent":1183,"menu_order":2272,"comment_status":"closed","ping_status":"closed","template":"","meta":{"ngg_post_thumbnail":0,"footnotes":""},"class_list":["post-3591","page","type-page","status-publish","hentry"],"_links":{"self":[{"href":"https:\/\/www.adrianwood.ch\/index.php?rest_route=\/wp\/v2\/pages\/3591","targetHints":{"allow":["GET"]}}],"collection":[{"href":"https:\/\/www.adrianwood.ch\/index.php?rest_route=\/wp\/v2\/pages"}],"about":[{"href":"https:\/\/www.adrianwood.ch\/index.php?rest_route=\/wp\/v2\/types\/page"}],"author":[{"embeddable":true,"href":"https:\/\/www.adrianwood.ch\/index.php?rest_route=\/wp\/v2\/users\/1"}],"replies":[{"embeddable":true,"href":"https:\/\/www.adrianwood.ch\/index.php?rest_route=%2Fwp%2Fv2%2Fcomments&post=3591"}],"version-history":[{"count":0,"href":"https:\/\/www.adrianwood.ch\/index.php?rest_route=\/wp\/v2\/pages\/3591\/revisions"}],"up":[{"embeddable":true,"href":"https:\/\/www.adrianwood.ch\/index.php?rest_route=\/wp\/v2\/pages\/1183"}],"wp:attachment":[{"href":"https:\/\/www.adrianwood.ch\/index.php?rest_route=%2Fwp%2Fv2%2Fmedia&parent=3591"}],"curies":[{"name":"wp","href":"https:\/\/api.w.org\/{rel}","templated":true}]}}