{"id":360,"date":"2011-01-15T12:13:09","date_gmt":"2011-01-15T11:13:09","guid":{"rendered":"http:\/\/adrianwood.ch\/"},"modified":"2017-04-06T11:24:27","modified_gmt":"2017-04-06T11:24:27","slug":"05-23-handa-island","status":"publish","type":"page","link":"https:\/\/www.adrianwood.ch\/?page_id=360","title":{"rendered":"05-23 Handa Island"},"content":{"rendered":"<div class=\"pmdi_content_wrapper\">\n<p class=\"Normal-P\" style=\"margin-top: 3pt; margin-bottom: 3pt; direction: ltr; unicode-bidi: normal;\"><span class=\"Normal-H\"><span style=\"font-weight: bold; font-size: 11pt;\">Samstag, 23. Mai,<\/span><span style=\"font-weight: bold; font-size: 11pt;\"> Naturreservat Handa-Island<\/span><\/span><\/p>\n<p class=\"Normal-P\" style=\"direction: ltr; unicode-bidi: normal;\"><span class=\"Normal-H\"><\/span><\/p>\n<table class=\"TableNormal-T\" style=\"border-collapse: collapse;\" cellspacing=\"0\">\n<tbody>\n<tr class=\"-R\">\n<td class=\"-C\" style=\"width: 201.3pt; background-color: transparent;\">\n<p class=\"Normal-P\" style=\"margin-top: 3pt; margin-bottom: 3pt; direction: ltr; unicode-bidi: normal;\"><span class=\"Normal-H\"><span style=\"font-size: 11pt;\"><img decoding=\"async\" src=\"http:\/\/www.adrianwood.ch\/wp-content\/uploads\/2017\/04\/1491477855_image1.jpeg\" data-link=\"\" width=\"253px       \" height=\"249px       \"><\/span><\/span><\/p>\n<\/td>\n<td class=\"-C\" style=\"width: 291.45pt; background-color: transparent;\" colspan=\"2\">\n<p class=\"NormalWeb-P\" style=\"margin-top: 3pt; margin-bottom: 3pt; background-color: #ccffcc; direction: ltr; unicode-bidi: normal;\"><span class=\"NormalWeb-H\"><a href=\"http:\/\/www.willkommeninschottland.com\" target=\"\">www.willkommeninschottland.com<\/a><\/span><\/p>\n<p class=\"NormalWeb-P\" style=\"margin-top: 0pt; margin-bottom: 0pt; background-color: #ccffcc; text-align: justify; text-justify: inter-ideograph; direction: ltr; unicode-bidi: normal;\"><span class=\"NormalWeb-H\"><span style=\"font-style: italic; font-size: 11pt;\">Diese spektakul\u00e4re Insel gleich vor der K\u00fcste von Sutherland ist Heimat einer der gr\u00f6\u00dften Seevogelkolonien in Nordwest Europa. Im Sommer geht es hier, wenn mehr als 200000 Seev\u00f6gel zum br\u00fct<\/span><span style=\"font-style: italic; font-size: 11pt;\">en hier herziehen, sehr lebendig zu.<\/span><span style=\"font-style: italic; font-size: 11pt;\">Hier kann man auf den Klippen Alk, Tordalk, Dreizehenm\u00f6wen und Papageitaucher beobachten. Mittelmeer und Schmarotzer-m\u00f6wen nisten auf dem Moorland, einige sogar in der N\u00e4he des Pfades. Wer von den Klippen auf die See schaut, kann dort oft Delphine, Schweinswale und Zwergwale beobachten. Am \u00f6stlichen Ende der Insel stehen mehrere Hausruinen. Im fr\u00fchen 19. Jahrhundert lebten hier um die 60 Menschen. Anno 1847 wanderten sie, nachdem die Kartoffelmehltau die Ernte vernichtet hatte nach Neuschottland aus. Aufseher, einfaches Besucher\/Empfangszentrum. Rundweg (6 km). <\/span><\/span><\/p>\n<\/td>\n<\/tr>\n<tr class=\"-R\">\n<td class=\"-C\" style=\"width: 492.75pt; background-color: transparent;\" colspan=\"3\">\n<p class=\"BodyText-P\" style=\"margin-top: 6pt; text-align: justify; text-justify: inter-ideograph; direction: ltr; unicode-bidi: normal;\"><span class=\"BodyText-H\"><span style=\"font-family: Times New Roman;\">Die Main\u00e4chte in Schottland sind kurz, gem\u00e4ss Bert\u2019s GPS-Ger\u00e4t geht die Sonne 21.54 Uhr unter und um 04.40 Uhr bereits wieder auf. Doch das Fr\u00fchst\u00fcck ist erst um 07.30 Uhr angesagt &#8211; was tun? Es gibt einige von uns, die machen schon kurz nach Sonnenaufgang Exkursionen, andere sperren das Tageslicht aus oder versuchen trotz Helligkeit gen\u00fcgend Schlaf zu bekommen. Doch heute ist es nicht so hell und die Farben haben einen erheblichen Graustich. Nichtsdestotrotz &#8211; uns erwartet wieder ein neues schottisches Abenteuer und daf\u00fcr haben wir uns, dank Goretex, bestens ausger\u00fcstet. <\/span><\/span><\/p>\n<p class=\"Normal-P\" style=\"margin-top: 3pt; margin-bottom: 3pt; text-align: justify; text-justify: inter-ideograph; direction: ltr; unicode-bidi: normal;\"><span class=\"Normal-H\"><span style=\"font-size: 11pt;\">Der Fr\u00fchst\u00fccksraum ist schon gut besetzt und am Buffet kann man sich mit M\u00fcsli, Kompott, Milch und Fruchts\u00e4ften eindecken. Und bald kommt auch schon Kaffee oder Tee. Am Vorabend haben wir auf einer Liste mit unserer Zimmernummer eingetragen, welche Eierspeise mit diversen Beilagen wir w\u00fcnschen. Die etwas scheue Servierdame kommt jetzt mit zwei dampfenden Tellern und fl\u00fcstert eine Zimmernummer, diejenigen am n\u00e4chsten Tisch geben das lautestarke Echo \u201eZimmer 12\u201c \u2013und schon t\u00f6nt\u2019s vom anderen Raumende \u201ehier &#8211; aber ich mag eigentlich kein scrambled egg, &#8211; na ja, isch jo gliich\u201c. Dann wird Zimmer 7 ausgerufen, niemand meldet sich, ach so, Adrian ist noch nicht da, so wird halt der Teller zur\u00fcckgetragen. Endlich kommen ein paar Toasts (=Brotscheiben!), womit man die Wartezeit mit Gomfi und Butter (Allergiker werden da speziell gewarnt, &#8220;Butter enth\u00e4lt Milch&#8221;!) \u00fcberbr\u00fccken kann. Bis alle ihr bestelltes Fr\u00fchst\u00fcck haben, vergeht eine Weile und es ist nicht gesagt, dass, wenn man fr\u00fchzeitig kommt, man auch zuerst bedient wird. Oder &#8211; wenn man selbst zwar am Vorabend die Bestell-Liste korrekt ausgef\u00fcllt hat, der Zimmer<\/span><span style=\"font-size: 11pt;\">\u00adkollege aber nicht und dieser dann jetzt das Menu f\u00fcr Zimmer 12 unwissentlich einfach wegschnappt &#8230;.. (Anmerkung: die zwei Kameraden vertragen sich immer noch sehr gut).<\/span><\/span><\/p>\n<p class=\"Normal-P\" style=\"margin-top: 3pt; margin-bottom: 3pt; text-align: justify; text-justify: inter-ideograph; direction: ltr; unicode-bidi: normal;\"><span class=\"Normal-H\"><span style=\"font-size: 11pt;\">Um 09.00 Uhr kommt unser Bus und wir fahren zum B&amp;B, wo zwei von uns untergebracht sind. Adrian geht zur Haust\u00fcr, l\u00e4utet und wartet auf ihr Auftauchen, w\u00e4hrenddessen Jan beim Hinterausgang herausspringt und ungesehen in den Bus einsteigt. (Wenn wir nicht gerufen h\u00e4tten, w\u00e4re Adrian vielleicht immer noch dort). <\/span><\/span><\/p>\n<p class=\"Normal-P\" style=\"margin-top: 3pt; margin-bottom: 3pt; text-align: justify; text-justify: inter-ideograph; direction: ltr; unicode-bidi: normal;\"><span class=\"Normal-H\"><span style=\"font-size: 11pt;\">Ungef\u00e4hr 15 km fahren wir entlang der K\u00fcste zum Bootshafen Tarbet. Dort kauft Adrian am Kassenh\u00e4uschen unsere Billette und dann \u00fcbersetzen wir, aufgeteilt in 3 Gruppen und perfekt mit Schwimmwesten gesichert, zum Naturschutzreservat Handa-Island. Am weissen Sandstrand werden wir von zwei \u201eWarden\u201c mit einem mobilen Holzsteg in Empfang genommen und anschliessend im Visitor-Centre \u00fcber Handa-Island und \u00fcber die Verhaltensregeln informiert und instruiert.<\/span><\/span><\/p>\n<p class=\"Normal-P\" style=\"margin-top: 3pt; margin-bottom: 3pt; direction: ltr; unicode-bidi: normal;\"><span class=\"Normal-H\"><a href=\"http:\/\/en.wikipedia.org\/wiki\/Handa,_Scotland\" target=\"\">http:\/\/en.wikipedia.org\/wiki\/Handa,_Scotland<\/a><\/span><\/p>\n<\/td>\n<\/tr>\n<tr class=\"-R\">\n<td class=\"-C\" style=\"width: 492.75pt; background-color: transparent;\" colspan=\"3\">\n<p class=\"Normal-P\" style=\"margin-top: 6pt; text-align: center; direction: ltr; unicode-bidi: normal;\"><span class=\"Normal-H\"><span style=\"font-size: 11pt;\"><img decoding=\"async\" src=\"http:\/\/www.adrianwood.ch\/wp-content\/uploads\/2017\/04\/1491477855_image2.jpeg\" data-link=\"\" width=\"232px       \" height=\"152px       \"><\/span><span style=\"font-size: 11pt;\"><img decoding=\"async\" src=\"http:\/\/www.adrianwood.ch\/wp-content\/uploads\/2017\/04\/1491477855_image3.jpeg\" data-link=\"\" width=\"190px       \" height=\"155px       \"><\/span><span style=\"font-size: 11pt;\"><img decoding=\"async\" src=\"http:\/\/www.adrianwood.ch\/wp-content\/uploads\/2017\/04\/1491477855_image4.jpeg\" data-link=\"\" width=\"205px       \" height=\"154px       \"><\/span><\/span><\/p>\n<\/td>\n<\/tr>\n<tr class=\"-R\">\n<td class=\"-C\" style=\"width: 492.75pt; background-color: transparent;\" colspan=\"3\">\n<p class=\"Normal-P\" style=\"margin-top: 3pt; margin-bottom: 3pt; text-align: justify; text-justify: inter-ideograph; direction: ltr; unicode-bidi: normal;\"><span class=\"Normal-H\">Ausgestattet mit Kamera, Feldstecher, Vogelkundebuch etc. geht\u2019s \u00fcber Naturpfade und Holzstege quer durch und um die Insel. Ein paar verfallene Mauern erinnern an die vor ca. 160 Jahren nach Nova Scotia ausgewanderten Bewohner, die so der Hungersnot entkamen. Bald schon sehen wir auch das lebende Whisky-Label \u201eThe Famous Grouse\u201c im Gras herumstolzieren. Weiter oben werden wir von \u201eSkuas\u201c kritisch be\u00e4ugt, worauf wir respektvoll weiter ziehen, denn es ist bekannt, dass sie w\u00e4hrend der Brutzeit, ihr Nest mit Sturzflugattacken verteidigen. Nach ca. 40 Minuten erreichen wir die steilen Klippen am Nordrand der Insel, mit Tausenden von Trottellummen. Jiri insistiert hier, das seien Pinguine und Wikipedia gibt ihm recht (hat er wohl diesen Beitrag selbst verfasst?):<\/span><\/p>\n<\/td>\n<\/tr>\n<tr class=\"-R\">\n<td class=\"-C\" style=\"width: 246.4pt; background-color: transparent;\" colspan=\"2\">\n<p class=\"Normal-P\" style=\"margin-top: 3pt; margin-bottom: 3pt; direction: ltr; unicode-bidi: normal;\"><span class=\"Normal-H\"><img decoding=\"async\" src=\"http:\/\/www.adrianwood.ch\/wp-content\/uploads\/2017\/04\/1491477855_image5.jpeg\" data-link=\"\" width=\"299px       \" height=\"233px       \"><\/span><\/p>\n<\/td>\n<td class=\"-C\" style=\"width: 246.35pt; background-color: transparent;\">\n<p class=\"NormalWeb-P\" style=\"margin-top: 3pt; margin-bottom: 3pt; background-color: #ccffcc; text-align: justify; text-justify: inter-ideograph; direction: ltr; unicode-bidi: normal;\"><span class=\"NormalWeb-H\"><span style=\"font-style: italic; color: #333333; font-size: 11pt;\"><img decoding=\"async\" src=\"http:\/\/www.adrianwood.ch\/wp-content\/uploads\/2017\/04\/1491477855_image6.jpeg\" data-link=\"\" width=\"311px       \" height=\"234px       \"><\/span><\/span><\/p>\n<\/td>\n<\/tr>\n<tr class=\"-R\">\n<td class=\"-C\" style=\"width: 492.75pt; background-color: transparent;\" colspan=\"3\">\n<p class=\"NormalWeb-P\" style=\"margin-top: 3pt; margin-bottom: 3pt; background-color: #ccffcc; direction: ltr; unicode-bidi: normal;\"><span class=\"NormalWeb-H\"><span style=\"font-style: italic; color: #333333; font-size: 11pt;\">Der \u201ePinguin\u201c der Nordhalbkugel <\/span><\/span><\/p>\n<p class=\"NormalWeb-P\" style=\"margin-top: 3pt; margin-bottom: 3pt; background-color: #ccffcc; text-align: justify; text-justify: inter-ideograph; direction: ltr; unicode-bidi: normal;\"><span class=\"NormalWeb-H\"><span style=\"font-style: italic; font-size: 11pt;\">Der veraltete Name \u201epinguinus\u201c verr\u00e4t, dass es sich um den Vogel handelt, den man urspr\u00fcnglich als <\/span><a href=\"http:\/\/de.wikipedia.org\/wiki\/Pinguine\" target=\"\">Pinguin<\/a><span style=\"font-style: italic; font-size: 11pt;\"> bezeichnete, um dann den Namen auf die nicht verwandten Pinguine der S\u00fcdhalbkugel zu \u00fcber<\/span><span style=\"font-style: italic; font-size: 11pt;\">\u00adtragen. Der Ursprung des Namens Pinguin ist wahrscheinlich <\/span><a href=\"http:\/\/de.wikipedia.org\/wiki\/Walisisch\" target=\"\">Walisisch<\/a><span style=\"font-style: italic; font-size: 11pt;\">: pen bedeutet Kopf, und gwyn bedeutet wei\u00df. Der Vogel hatte in der Tat einen auffallenden gro\u00dfen Fleck wei\u00dfer <\/span><a href=\"http:\/\/de.wikipedia.org\/wiki\/Feder\" target=\"\">Federn<\/a><span style=\"font-style: italic; font-size: 11pt;\"> auf seinem Vorder<\/span><span style=\"font-style: italic; font-size: 11pt;\">\u00adschnabel. Auch sein Bauch war wei\u00df, der R\u00fccken hingegen schwarz, so dass eine gewisse \u00c4hnlichkeit zu Pinguinen bestand. <\/span><span style=\"font-style: italic; font-size: 11pt;\">Andere Quellen nennen das Englische \u201eping wing\u201c (\u201ekurzer Fl\u00fcgel\u201c) als Wurzel des Wortes \u201ePinguin\u201c.<\/span><\/span><\/p>\n<\/td>\n<\/tr>\n<tr class=\"-R\">\n<td class=\"-C\" style=\"width: 492.75pt; background-color: transparent;\" colspan=\"3\">\n<p class=\"BodyText-P\" style=\"text-align: center; direction: ltr; unicode-bidi: normal;\"><span class=\"BodyText-H\"><img decoding=\"async\" src=\"http:\/\/www.adrianwood.ch\/wp-content\/uploads\/2017\/04\/1491477855_image7.jpeg\" data-link=\"\" width=\"201px       \" height=\"151px       \"><img decoding=\"async\" src=\"http:\/\/www.adrianwood.ch\/wp-content\/uploads\/2017\/04\/1491477855_image8.jpeg\" data-link=\"\" width=\"114px       \" height=\"152px       \"> <img decoding=\"async\" src=\"http:\/\/www.adrianwood.ch\/wp-content\/uploads\/2017\/04\/1491477855_image9.jpeg\" data-link=\"\" width=\"114px       \" height=\"152px       \"> <img decoding=\"async\" src=\"http:\/\/www.adrianwood.ch\/wp-content\/uploads\/2017\/04\/1491477855_image10.jpeg\" data-link=\"\" width=\"201px       \" height=\"151px       \"><\/span><\/p>\n<\/td>\n<\/tr>\n<tr class=\"-R\">\n<td class=\"-C\" style=\"width: 492.75pt; background-color: transparent;\" colspan=\"3\">\n<p class=\"BodyText-P\" style=\"text-align: justify; text-justify: inter-ideograph; direction: ltr; unicode-bidi: normal;\"><span class=\"BodyText-H\"><span style=\"font-family: Times New Roman;\">Der Himmel ist schon lange eint\u00f6nig grau und jetzt beginnt es auch noch zu regnen. Wir holen unsere Regen\u00fcberz\u00fcge, M\u00fctzen, Pelerinen und Schirme hervor und h\u00fcllen uns gegen die verschwenderisch dargebotene N\u00e4sse sorgf\u00e4ltig ein, schade, dass es so unfreundlich ist, denn die Vogelwelt hier ist wirklich einzigartig. Aber zum Gl\u00fcck posieren \u201es\u00fcsse\u201c Papageientaucher ganz nahe am Klippenweg und so kennt auch die Euphorie keine feuchten Grenzen mehr. Mit unz\u00e4hligen Pixeln werden die<\/span><span style=\"font-family: Times New Roman;\"> Taucherli als \u201eCatch of the Day\u201c festgehalten.<\/span><\/span><\/p>\n<p class=\"BodyText-P\" style=\"text-align: justify; text-justify: inter-ideograph; direction: ltr; unicode-bidi: normal;\"><span class=\"BodyText-H\"><span style=\"font-family: Times New Roman;\">Die Sch\u00f6nheit der Landschaft verschwindet nun fast ganz im Grau, Feldstecher und Fotoapparate leiden unter der N\u00e4sse und Einzelne streiken sogar. Auch uns Sportcl\u00fcbblern wird es langsam zu nass. Wir nehmen den R\u00fcckweg in Angriff, \u00fcbersetzen wieder mit dem F\u00e4hrb\u00f6\u00f6tli nach Tarbet, wo das Restaurant mit feinen schottischen Spezialit\u00e4ten den Tag wieder erhellt. Dort hat es nur wenig Platz, aber f\u00fcr die Nachz\u00fcgler r\u00e4umt man kameradschaftlich die Sitze und verzieht sich in den wartenden Bus. F\u00fcr die geplante Nachmittags<\/span><span style=\"font-family: Times New Roman;\">\u00adwanderung am Strand gibt es leider keine Interessenten und so fahren wir direkt zur\u00fcck ins Hotel resp. B&amp;B zum Trocknen der Ausr\u00fcstung und Desinfizieren der Kehlen. Um 19.00 Uhr treffen wir uns wieder zum Nachtessen und niemand bereut die Teilnahme an diesen erlebnisreichen Regentag.<\/span> <\/span><\/p>\n<\/td>\n<\/tr>\n<tr class=\"-R\">\n<td class=\"-C\" style=\"width: 492.75pt; background-color: transparent;\" colspan=\"3\">\n<p class=\"BodyText-P\" style=\"text-align: center; direction: ltr; unicode-bidi: normal;\"><span class=\"BodyText-H\"><img decoding=\"async\" src=\"http:\/\/www.adrianwood.ch\/wp-content\/uploads\/2017\/04\/1491477855_image11.jpeg\" data-link=\"\" width=\"211px       \" height=\"158px       \"><img decoding=\"async\" src=\"http:\/\/www.adrianwood.ch\/wp-content\/uploads\/2017\/04\/1491477855_image12.jpeg\" data-link=\"\" width=\"209px       \" height=\"157px       \"> <img decoding=\"async\" src=\"http:\/\/www.adrianwood.ch\/wp-content\/uploads\/2017\/04\/1491477855_image13.jpeg\" data-link=\"\" width=\"207px       \" height=\"155px       \"><\/span><\/p>\n<\/td>\n<\/tr>\n<p><!-- [if !supportMisalignedColumns]--><\/tbody>\n<\/table>\n<\/div>\n","protected":false},"excerpt":{"rendered":"<p>Samstag, 23. Mai, Naturreservat Handa-Island www.willkommeninschottland.com Diese spektakul\u00e4re Insel gleich vor der K\u00fcste von Sutherland ist Heimat einer der gr\u00f6\u00dften Seevogelkolonien in Nordwest Europa. Im Sommer geht es hier, wenn mehr als 200000 Seev\u00f6gel zum br\u00fcten hier herziehen, sehr lebendig zu.Hier kann man auf den Klippen Alk, Tordalk, Dreizehenm\u00f6wen und Papageitaucher beobachten. Mittelmeer und Schmarotzer-m\u00f6wen &hellip; <a href=\"https:\/\/www.adrianwood.ch\/?page_id=360\" class=\"more-link\">Continue reading <span class=\"screen-reader-text\">05-23 Handa Island<\/span> <span class=\"meta-nav\">&rarr;<\/span><\/a><\/p>\n","protected":false},"author":1,"featured_media":0,"parent":157,"menu_order":2331,"comment_status":"closed","ping_status":"closed","template":"","meta":{"ngg_post_thumbnail":0,"footnotes":""},"class_list":["post-360","page","type-page","status-publish","hentry"],"_links":{"self":[{"href":"https:\/\/www.adrianwood.ch\/index.php?rest_route=\/wp\/v2\/pages\/360","targetHints":{"allow":["GET"]}}],"collection":[{"href":"https:\/\/www.adrianwood.ch\/index.php?rest_route=\/wp\/v2\/pages"}],"about":[{"href":"https:\/\/www.adrianwood.ch\/index.php?rest_route=\/wp\/v2\/types\/page"}],"author":[{"embeddable":true,"href":"https:\/\/www.adrianwood.ch\/index.php?rest_route=\/wp\/v2\/users\/1"}],"replies":[{"embeddable":true,"href":"https:\/\/www.adrianwood.ch\/index.php?rest_route=%2Fwp%2Fv2%2Fcomments&post=360"}],"version-history":[{"count":2,"href":"https:\/\/www.adrianwood.ch\/index.php?rest_route=\/wp\/v2\/pages\/360\/revisions"}],"predecessor-version":[{"id":11963,"href":"https:\/\/www.adrianwood.ch\/index.php?rest_route=\/wp\/v2\/pages\/360\/revisions\/11963"}],"up":[{"embeddable":true,"href":"https:\/\/www.adrianwood.ch\/index.php?rest_route=\/wp\/v2\/pages\/157"}],"wp:attachment":[{"href":"https:\/\/www.adrianwood.ch\/index.php?rest_route=%2Fwp%2Fv2%2Fmedia&parent=360"}],"curies":[{"name":"wp","href":"https:\/\/api.w.org\/{rel}","templated":true}]}}