{"id":364,"date":"2011-01-15T12:41:16","date_gmt":"2011-01-15T11:41:16","guid":{"rendered":"http:\/\/adrianwood.ch\/"},"modified":"2011-01-15T12:41:16","modified_gmt":"2011-01-15T11:41:16","slug":"05-24-sandwood-bay","status":"publish","type":"page","link":"https:\/\/www.adrianwood.ch\/?page_id=364","title":{"rendered":"05-24 Sandwood Bay"},"content":{"rendered":"<h2>Sonntag, 24.Mai 2009, Sandwood Bay<\/h2>\n<table border=\"0\" cellspacing=\"0\" cellpadding=\"0\">\n<tbody>\n<tr>\n<td colspan=\"2\" width=\"657\" valign=\"top\">Die meistgestellte Frage beim Fr\u00fchst\u00fcck war \u201cist alles trocken geworden?. Nicht ahnend das am Abend alles wieder plotschnass sein w\u00fcrde. Noch sah das Wetter vielversprechend aus.<\/td>\n<\/tr>\n<tr>\n<td width=\"328\" valign=\"top\">\u00a0<img decoding=\"async\" class=\"ngg-singlepic ngg-none\" src=\"http:\/\/adrianwood.ch\/wp-content\/gallery\/scotland24\/image001.jpg\" alt=\"image001\" \/><\/td>\n<td width=\"329\" valign=\"top\">\u00a0<img decoding=\"async\" class=\"ngg-singlepic ngg-none\" src=\"http:\/\/adrianwood.ch\/wp-content\/gallery\/scotland24\/image002.jpg\" alt=\"image002\" \/><\/td>\n<\/tr>\n<tr>\n<td colspan=\"2\" width=\"657\" valign=\"top\">Kenny fuhr uns bis nach Sheigra, Endpunkt der Strasse. Dort\u00a0 starteten wir unsere Wanderung zur Sandwood Beach. Zuerst wanderten wir wieder an den Schaf und L\u00e4mmerherden vorbei. Dann \u00fcber Moorland, noch war es trocken aber es windete schon recht giftig. Nach ca. einer Stunde gab es einen l\u00e4ngeren Trinkhalt und angesichts den dunkler werdenden Wolken zogen wir schon mal die Regenhosen an. Genau auf dem h\u00f6chsten Punkt legte der Storm richtig los und fing es an zu regnen. Meine Rucksackregenhaube segelte schon bald davon. Ich versuchte ihn noch zu erreichen aber in der N\u00e4he der Klippen war es mir zu gef\u00e4hrlich. Jetzt hiess es Pellerine anziehen. Bei diesem Sturm war es unm\u00f6glich es alleine zu schaffen. Zum Gl\u00fcck gab es genug freiwillige Helfer.<\/td>\n<\/tr>\n<tr>\n<td width=\"328\" valign=\"top\">\u00a0<img decoding=\"async\" class=\"ngg-singlepic ngg-none\" src=\"http:\/\/adrianwood.ch\/wp-content\/gallery\/scotland24\/image003.jpg\" alt=\"image003\" \/><\/td>\n<td width=\"329\" valign=\"top\">\u00a0<img decoding=\"async\" class=\"ngg-singlepic ngg-none\" src=\"http:\/\/adrianwood.ch\/wp-content\/gallery\/scotland24\/image004.jpg\" alt=\"image004\" \/><\/td>\n<\/tr>\n<tr>\n<td width=\"328\" valign=\"top\">\u00a0<img decoding=\"async\" class=\"ngg-singlepic ngg-none\" src=\"http:\/\/adrianwood.ch\/wp-content\/gallery\/scotland24\/image005.jpg\" alt=\"image005\" \/><\/td>\n<td width=\"329\" valign=\"top\">\u00a0<img decoding=\"async\" class=\"ngg-singlepic ngg-none\" src=\"http:\/\/adrianwood.ch\/wp-content\/gallery\/scotland24\/image006.jpg\" alt=\"image006\" \/><\/td>\n<\/tr>\n<tr>\n<td colspan=\"2\" width=\"657\" valign=\"top\">Trotz allem beeindruckte auch diesen Felsnadel \u201cAm Buachaille (the shepherd)\u201d uns sehr. Er ist 90 Meter hoch und aus Torridonian Sandstein. Dieser Stein ist 600 Millionen Jahre alt. Aehnliches Gestein wurde in Canada gefunden, damit ist bewiesen dass die Schottische Hochlanden einst zu Nord Amerika und nicht zu England geh\u00f6rten. Nicht gerade badelike angezogen kamen wir bei der Sandwood Beach an. Ich gestehe, dass es mir bei Sonnenschein besser gefallen h\u00e4tte. Der Sand war zwar auch jetzt goldgelb und fein, die Wellen wunderbar aber nicht sehr einladend zum Baden.<\/td>\n<\/tr>\n<tr>\n<td width=\"328\" valign=\"top\">\u00a0<img decoding=\"async\" class=\"ngg-singlepic ngg-none\" src=\"http:\/\/adrianwood.ch\/wp-content\/gallery\/scotland24\/image007.jpg\" alt=\"image007\" \/><\/td>\n<td width=\"329\" valign=\"top\">\u00a0<img decoding=\"async\" class=\"ngg-singlepic ngg-none\" src=\"http:\/\/adrianwood.ch\/wp-content\/gallery\/scotland24\/image008.jpg\" alt=\"image008\" \/><\/td>\n<\/tr>\n<tr>\n<td width=\"328\" valign=\"top\">\u00a0<img decoding=\"async\" class=\"ngg-singlepic ngg-none\" src=\"http:\/\/adrianwood.ch\/wp-content\/gallery\/scotland24\/image009.jpg\" alt=\"image009\" \/><\/td>\n<td width=\"329\" valign=\"top\">\u00a0<img decoding=\"async\" class=\"ngg-singlepic ngg-none\" src=\"http:\/\/adrianwood.ch\/wp-content\/gallery\/scotland24\/image010.jpg\" alt=\"image010\" \/><\/td>\n<\/tr>\n<tr>\n<td colspan=\"2\" width=\"657\" valign=\"top\">Nun galt es ein trockenes Pl\u00e4tzchen zum picknicken zu finden. Wie die V\u00f6gel klebten wir an den Felsw\u00e4nde oder fanden eine H\u00f6hle. Es sah recht lustig aus, aber alle konnten im Trockenen und einigermassen windgesch\u00fctzt essen. Die Highlands sind schon etwas sehr spezielles, denn wo sonst gibt es den sch\u00f6nsten Strand des Landes und man braucht 2 Stunden zu Fuss!!!\u00a0 um ihn zu erreichen.<\/td>\n<\/tr>\n<tr>\n<td width=\"328\" valign=\"top\">\u00a0<img decoding=\"async\" class=\"ngg-singlepic ngg-none\" src=\"http:\/\/adrianwood.ch\/wp-content\/gallery\/scotland24\/image011.jpg\" alt=\"image011\" \/><\/td>\n<td width=\"329\" valign=\"top\">\u00a0<img decoding=\"async\" class=\"ngg-singlepic ngg-none\" src=\"http:\/\/adrianwood.ch\/wp-content\/gallery\/scotland24\/image012.jpg\" alt=\"image012\" \/><\/td>\n<\/tr>\n<tr>\n<td colspan=\"2\" width=\"657\" valign=\"top\">Um ca. halb 2 machten wir uns auf dem R\u00fcckweg welcher etwa 2 Stunden dauerte. Es gibt dar\u00fcber nicht all zu viel zu erz\u00e4hlen, Moor, Loch, Heidekraut, usw., usw. Sogar der Rother Wanderf\u00fchrer schreibt \u201dund<\/td>\n<\/tr>\n<tr>\n<td width=\"328\" valign=\"top\">wandere auf den leider langweiligem Weg zur\u00fcck zum Parkplatz in Blairmore.\u201dDer Bus brachte die nasse Gesellschaft zur\u00fcck zum Hotel. Zum Gl\u00fcck hatte es grosse Zimmer und die Heizung war auch eingeschaltet. Beim Nachtessen waren wenigstens alle Haare wieder trocken, Schuhe und Jacken noch nicht ganz. F\u00fcr einen H\u00f6hepunkt sorgte Ren\u00e8, er spendierte zum Geburtstag allen einen Whisky. So ging der Tag auch drinnen \u201cfeuchtfr\u00f6hlich\u201dzu Ende.<\/p>\n<p>\u00a0\u00a0\u00a0\u00a0\u00a0\u00a0\u00a0\u00a0\u00a0\u00a0\u00a0\u00a0\u00a0\u00a0\u00a0\u00a0\u00a0\u00a0\u00a0\u00a0\u00a0\u00a0\u00a0\u00a0\u00a0\u00a0 \u00a0\u00a0\u00a0\u00a0\u00a0\u00a0\u00a0\u00a0\u00a0\u00a0\u00a0\u00a0\u00a0\u00a0\u00a0Marijke<\/td>\n<td width=\"329\" valign=\"top\">\u00a0<img decoding=\"async\" class=\"ngg-singlepic ngg-none\" src=\"http:\/\/adrianwood.ch\/wp-content\/gallery\/scotland24\/image013.jpg\" alt=\"image013\" \/><\/td>\n<\/tr>\n<\/tbody>\n<\/table>\n<p>\u00a0<img decoding=\"async\" class=\"ngg-singlepic ngg-none\" src=\"http:\/\/adrianwood.ch\/wp-content\/gallery\/scotland24\/image003_0.jpg\" alt=\"image003_0\" \/><\/p>\n<p><img decoding=\"async\" class=\"ngg-singlepic ngg-none\" src=\"http:\/\/adrianwood.ch\/wp-content\/gallery\/scotland24\/image001.gif\" alt=\"image001\" \/><\/p>\n","protected":false},"excerpt":{"rendered":"<p>Sonntag, 24.Mai 2009, Sandwood Bay Die meistgestellte Frage beim Fr\u00fchst\u00fcck war \u201cist alles trocken geworden?. Nicht ahnend das am Abend alles wieder plotschnass sein w\u00fcrde. Noch sah das Wetter vielversprechend aus. \u00a0 \u00a0 Kenny fuhr uns bis nach Sheigra, Endpunkt der Strasse. Dort\u00a0 starteten wir unsere Wanderung zur Sandwood Beach. Zuerst wanderten wir wieder an &hellip; <a href=\"https:\/\/www.adrianwood.ch\/?page_id=364\" class=\"more-link\">Continue reading <span class=\"screen-reader-text\">05-24 Sandwood Bay<\/span> <span class=\"meta-nav\">&rarr;<\/span><\/a><\/p>\n","protected":false},"author":1,"featured_media":0,"parent":157,"menu_order":2331,"comment_status":"closed","ping_status":"closed","template":"","meta":{"ngg_post_thumbnail":0,"footnotes":""},"class_list":["post-364","page","type-page","status-publish","hentry"],"_links":{"self":[{"href":"https:\/\/www.adrianwood.ch\/index.php?rest_route=\/wp\/v2\/pages\/364","targetHints":{"allow":["GET"]}}],"collection":[{"href":"https:\/\/www.adrianwood.ch\/index.php?rest_route=\/wp\/v2\/pages"}],"about":[{"href":"https:\/\/www.adrianwood.ch\/index.php?rest_route=\/wp\/v2\/types\/page"}],"author":[{"embeddable":true,"href":"https:\/\/www.adrianwood.ch\/index.php?rest_route=\/wp\/v2\/users\/1"}],"replies":[{"embeddable":true,"href":"https:\/\/www.adrianwood.ch\/index.php?rest_route=%2Fwp%2Fv2%2Fcomments&post=364"}],"version-history":[{"count":0,"href":"https:\/\/www.adrianwood.ch\/index.php?rest_route=\/wp\/v2\/pages\/364\/revisions"}],"up":[{"embeddable":true,"href":"https:\/\/www.adrianwood.ch\/index.php?rest_route=\/wp\/v2\/pages\/157"}],"wp:attachment":[{"href":"https:\/\/www.adrianwood.ch\/index.php?rest_route=%2Fwp%2Fv2%2Fmedia&parent=364"}],"curies":[{"name":"wp","href":"https:\/\/api.w.org\/{rel}","templated":true}]}}