{"id":3663,"date":"2015-01-04T12:24:44","date_gmt":"2015-01-04T11:24:44","guid":{"rendered":"http:\/\/adrianwood.ch\/?page_id=3663"},"modified":"2015-01-04T12:24:44","modified_gmt":"2015-01-04T11:24:44","slug":"2014-01-furggelenstock","status":"publish","type":"page","link":"https:\/\/www.adrianwood.ch\/?page_id=3663","title":{"rendered":"2014-01 Furggelenstock"},"content":{"rendered":"<figure id=\"attachment_3664\" aria-describedby=\"caption-attachment-3664\" style=\"width: 730px\" class=\"wp-caption alignleft\"><a href=\"http:\/\/adrianwood.ch\/wp-content\/uploads\/2015\/01\/DSC_0184_r_r7.jpg\"><img loading=\"lazy\" decoding=\"async\" class=\"size-full wp-image-3664\" src=\"http:\/\/adrianwood.ch\/wp-content\/uploads\/2015\/01\/DSC_0184_r_r7.jpg\" alt=\"auf dem Furggelenstock 1658m\" width=\"730\" height=\"487\" \/><\/a><figcaption id=\"caption-attachment-3664\" class=\"wp-caption-text\">auf dem Furggelenstock 1658m<\/figcaption><\/figure>\n<h2>Furggelenstock: Schneeschuhtour vom 25.Januar 2014<\/h2>\n<p style=\"text-align: justify;\">Am Samstag machte eine Gruppe von 11 Personen von Mitgliedern des Novartis Berg- &amp; Skiclubs und der Naturfreunde Basel-Riehen eine Schneeschuhtour von Illgau im Muotatal \u00fcber die Ibergeregg und den Furggelenstock nach Brunni SZ. Die Bedingungen h\u00e4tten nicht besser sein k\u00f6nnen. Die Landschaft war tief und frisch verschneit, der Himmel wolkenlos. Es wehte kaum ein Wind, aber wenn schon, war er eisig kalt.<br \/>\nZun\u00e4chst fuhren wir mit dem Bus bis zur Talstation der Seilbahn nach Illgau. In diesen Gondeln sind nur 6 Passagiere erlaubt. Also brauchten wir zwei Fahrten. Da aber noch zwei andere Passagiere dabei waren, gab es einen \u00dcberz\u00e4hligen. Wir wollten jedoch keine dritte Fahrt machen, und so schmuggelte sich der Leichteste von uns noch zus\u00e4tzlich in die Gondel. Dies entging jedoch der Maschinistin in der Bergstation trotz Video\u00fcberwachung. Oben angekommen gab es von ihr dann noch eine geh\u00f6rige Portion Schelte. Nach einem kurzen Spaziergang durch das Dorf ging die Fahrt mit einer zweiten Seilbahn bis zum Oberberg. Da die zwei zus\u00e4tzlichen Personen nicht mehr dabei waren, hatten wir auf der zweiten Fahrt keine Probleme mehr. Von der einsam am Waldrand gelegenen Bergstation ging es zun\u00e4chst ohne Schneeschuhe auf einem gestampften Pfad in einer Viertelstunde hinauf zum Bergrestaurant Oberberg, wo sich bei einem Kaffeehalt die beiden getrennt gefahrenen Gruppen wieder treffen konnten. Kurz vor 11 Uhr begannen wir dann mit der eigentlichen Tour auf Schneeschuhen.<br \/>\nDie Region ist ein beliebtes Gebiet f\u00fcr Schneeschuhtouren. Daher war die ganze Route vorgespurt. Lila Wegweiser halfen bei der Orientierung. Die Aussicht nach S\u00fcden zum Stoss und Umgebung war pr\u00e4chtig. Auch der Vierwaldst\u00e4ttersee mit der Rigi Hochfluh, Rigi Kulm und dahinter der Pilatus waren sehr plastisch. Bald blickte die Gipfelkuppe des Grossen Mythen \u00fcber den Horizont. Mit zunehmender H\u00f6he wurde der Mythen immer m\u00e4chtiger und nach einiger Zeit kamen dahinter auch der Kleine Mythen und der Haggenspitz hervor. Kurz vor der Sternenegg macht der Pfad eine Spitzkehre und bald geht es durch den Wald steil hinunter bis zur Ibergeregg. An diesem von Skifahrern \u00fcberlaufenen Pass verweilten wir nur solange als unbedingt n\u00f6tig. Und weiter ging es hoch zum mit Skiliften zugebauten Br\u00fcnnelistock. Wir folgten dem (von unten gesehen) linken Rand der Skipiste. Die Gipfelrast hielten wir kurz, denn bald wurde das eisige L\u00fcftchen unangenehm. Von dort oben erblickten wir auch unser n\u00e4chstes Ziel, den Furggelenstock. Auf dem Br\u00fcnnelistock geht der Blick auch weit nach Osten, eine endlose Bergkette bis zum S\u00e4ntis. Den Furggelenstock erreichten wir in weiteren 50 Minuten. Auch hier gab es wieder ein umfassendes Panorama. Aber erstens war es kalt und zweitens wollten wir in Brunni den Bus um 16.30 Uhr erreichen. Zudem zogen von Nordwesten her hohe Wolkenfelder herein, die die Sonne abdeckten. Also hielten wir unsere Pause kurz. Es ging nun ziemlich steil hinunter zur Alp Furggelen, wo wir kurz auf die Nachz\u00fcgler warteten. Zum Schluss folgte ein sch\u00f6ner Abstieg durch den tief verschneiten Wald hinunter nach Brunni zur Haltestelle des Busses, den wir mit gen\u00fcgend Zeitreserve erreichten.<br \/>\nWir waren 6 \u00bc Stunden unterwegs, davon 4 \u00be Stunden in Bewegung. Die Streckenl\u00e4nge betrug 10.8 km, die gesamten Anstiege 680 m, die Abstiege zusammen 800 m.<br \/>\nHanspeter Sauter<br \/>\nTeilnehmer: Adrian Wood, Margrit Probst, Regina Denzler, Ingo Weiss, Susanne Neuenschwander, Alexandro Z\u00fcrcher, Hanspeter Sauter, Charlotte L\u00fcdi, Werner Schl\u00fcter, Peter Sutter, Anna Sutter ngg_shortcode_0_placeholder<\/p>\n<figure id=\"attachment_3667\" aria-describedby=\"caption-attachment-3667\" style=\"width: 858px\" class=\"wp-caption alignleft\"><a href=\"http:\/\/adrianwood.ch\/wp-content\/uploads\/2015\/01\/2014-01-25-Tracks_r8.jpg\"><img loading=\"lazy\" decoding=\"async\" class=\"size-full wp-image-3667\" src=\"http:\/\/adrianwood.ch\/wp-content\/uploads\/2015\/01\/2014-01-25-Tracks_r8.jpg\" alt=\"Illgau - Ibergeregg - Furggelenstock - Brunni\" width=\"858\" height=\"631\" \/><\/a><figcaption id=\"caption-attachment-3667\" class=\"wp-caption-text\">Illgau &#8211; Ibergeregg &#8211; Furggelenstock &#8211; Brunni<\/figcaption><\/figure>\n","protected":false},"excerpt":{"rendered":"<p>Furggelenstock: Schneeschuhtour vom 25.Januar 2014 Am Samstag machte eine Gruppe von 11 Personen von Mitgliedern des Novartis Berg- &amp; Skiclubs und der Naturfreunde Basel-Riehen eine Schneeschuhtour von Illgau im Muotatal \u00fcber die Ibergeregg und den Furggelenstock nach Brunni SZ. Die Bedingungen h\u00e4tten nicht besser sein k\u00f6nnen. Die Landschaft war tief und frisch verschneit, der Himmel &hellip; <a href=\"https:\/\/www.adrianwood.ch\/?page_id=3663\" class=\"more-link\">Continue reading <span class=\"screen-reader-text\">2014-01 Furggelenstock<\/span> <span class=\"meta-nav\">&rarr;<\/span><\/a><\/p>\n","protected":false},"author":1,"featured_media":0,"parent":122,"menu_order":1141,"comment_status":"closed","ping_status":"closed","template":"","meta":{"ngg_post_thumbnail":0,"footnotes":""},"class_list":["post-3663","page","type-page","status-publish","hentry"],"_links":{"self":[{"href":"https:\/\/www.adrianwood.ch\/index.php?rest_route=\/wp\/v2\/pages\/3663","targetHints":{"allow":["GET"]}}],"collection":[{"href":"https:\/\/www.adrianwood.ch\/index.php?rest_route=\/wp\/v2\/pages"}],"about":[{"href":"https:\/\/www.adrianwood.ch\/index.php?rest_route=\/wp\/v2\/types\/page"}],"author":[{"embeddable":true,"href":"https:\/\/www.adrianwood.ch\/index.php?rest_route=\/wp\/v2\/users\/1"}],"replies":[{"embeddable":true,"href":"https:\/\/www.adrianwood.ch\/index.php?rest_route=%2Fwp%2Fv2%2Fcomments&post=3663"}],"version-history":[{"count":0,"href":"https:\/\/www.adrianwood.ch\/index.php?rest_route=\/wp\/v2\/pages\/3663\/revisions"}],"up":[{"embeddable":true,"href":"https:\/\/www.adrianwood.ch\/index.php?rest_route=\/wp\/v2\/pages\/122"}],"wp:attachment":[{"href":"https:\/\/www.adrianwood.ch\/index.php?rest_route=%2Fwp%2Fv2%2Fmedia&parent=3663"}],"curies":[{"name":"wp","href":"https:\/\/api.w.org\/{rel}","templated":true}]}}