{"id":370,"date":"2011-01-15T17:03:09","date_gmt":"2011-01-15T16:03:09","guid":{"rendered":"http:\/\/adrianwood.ch\/"},"modified":"2011-01-15T17:03:09","modified_gmt":"2011-01-15T16:03:09","slug":"05-25-faraig-head","status":"publish","type":"page","link":"https:\/\/www.adrianwood.ch\/?page_id=370","title":{"rendered":"05-25 Faraig Head"},"content":{"rendered":"<h2>Montag, 25.Mai, Faraig Head (K\u00fcste) \u2013 Smoo Cave<\/h2>\n<table border=\"0\" cellspacing=\"0\" cellpadding=\"0\">\n<tbody>\n<tr>\n<td colspan=\"2\" width=\"657\" valign=\"top\">Heute ist wieder Standortwechsel von Kinlochbervie nach Tongue.Mit gepackten Koffern verlassen wir um 9.15 das Hotel in Kinlochbervie und fahren der K\u00fcste entlang zur Nordk\u00fcste. Schon nach \u00be Stunden gibt es den ersten Halt an der Award Winning Beach von Durness. Wir steigen zur Sandk\u00fcste hinunter, wandern auf den Sandstrand und betrachten die Wellen. Es ist recht windig, k\u00fchl und stark bew\u00f6lkt, nichts zum baden! Recht bald findet man die ganze Gruppe im Souveniershop.<\/td>\n<\/tr>\n<tr>\n<td width=\"328\" valign=\"top\">\u00a0<img decoding=\"async\" class=\"ngg-singlepic ngg-none\" src=\"http:\/\/adrianwood.ch\/wp-content\/gallery\/scotland25\/image002.jpg\" alt=\"image002\" \/><\/td>\n<td width=\"329\" valign=\"top\">\u00a0<img decoding=\"async\" class=\"ngg-singlepic ngg-none\" src=\"http:\/\/adrianwood.ch\/wp-content\/gallery\/scotland25\/image004.jpg\" alt=\"image004\" \/><\/td>\n<\/tr>\n<tr>\n<td colspan=\"2\" width=\"657\" valign=\"top\">Um 10.45 Uhr geht es wieder weiter zu einer alten Armee Unterkunft die zu Werkst\u00e4tten f\u00fcr K\u00fcnstler (Maler, T\u00f6pfer, etc.) umgebaut wurde. Wir schauen in die verschieden L\u00e4den und treffen uns dann im Cafe Coco Mountain wo es die beste Schokolade gibt. Die musste nat\u00fcrlich probiert werden.<\/td>\n<\/tr>\n<tr>\n<td width=\"328\" valign=\"top\">\u00a0<img decoding=\"async\" class=\"ngg-singlepic ngg-none\" src=\"http:\/\/adrianwood.ch\/wp-content\/gallery\/scotland25\/image006.jpg\" alt=\"image006\" \/><\/td>\n<td width=\"329\" valign=\"top\">\u00a0<img decoding=\"async\" class=\"ngg-singlepic ngg-none\" src=\"http:\/\/adrianwood.ch\/wp-content\/gallery\/scotland25\/image008.jpg\" alt=\"image008\" \/><a class=\"shutterset_\" href=\"http:\/\/adrianwood.ch\/wp-content\/gallery\/scotland25\/image008.jpg\"><\/a><\/td>\n<\/tr>\n<tr>\n<td colspan=\"2\" width=\"657\" valign=\"top\">Dann geht es wieder weiter nach Faraig Head wo es eine zweist\u00fcndige Wanderung zur K\u00fcste gibt. Nach der Besichtigung der Ruine einer Kirche nehmen wir den Weg zur K\u00fcste unter die F\u00fcsse. Das Wetter ist gn\u00e4dig, es regnet nicht; es ist windig und k\u00fchl, doch hie und da gibt es kurze Augenblicke mit Sonnenschein. Nach einer halben Stunde haben wir das K\u00fcstencliff mit den V\u00f6geln erreicht. Hier gibt es neben den M\u00f6ven auch die trolligen Pagageientaucher (Puffins) zu sehen. Doch sie sind zu weit weg um Fotos machen zu k\u00f6nnen. Wir machen hier die Mittagspause und schauen den V\u00f6geln zu.<\/td>\n<\/tr>\n<tr>\n<td width=\"328\" valign=\"top\">\u00a0<img decoding=\"async\" class=\"ngg-singlepic ngg-none\" src=\"http:\/\/adrianwood.ch\/wp-content\/gallery\/scotland25\/image010.jpg\" alt=\"image010\" \/><\/td>\n<td width=\"329\" valign=\"top\">\u00a0<img decoding=\"async\" class=\"ngg-singlepic ngg-none\" src=\"http:\/\/adrianwood.ch\/wp-content\/gallery\/scotland25\/image012.jpg\" alt=\"image012\" \/><\/td>\n<\/tr>\n<tr>\n<td colspan=\"2\" width=\"657\" valign=\"top\">Auf dem gleichen Weg gehen wir wieder zur\u00fcck zum Bus. Um 14 Uhr geht es der Nordk\u00fcste entlang weiter zum Smoo Cave. Wir steigen zu dieser Grotte hinab und machen noch eine kurze Wanderung der K\u00fcste entlang.<\/td>\n<\/tr>\n<tr>\n<td width=\"328\" valign=\"top\">\u00a0<img decoding=\"async\" class=\"ngg-singlepic ngg-none\" src=\"http:\/\/adrianwood.ch\/wp-content\/gallery\/scotland25\/image014.jpg\" alt=\"image014\" \/><\/td>\n<td width=\"329\" valign=\"top\">\u00a0<img decoding=\"async\" class=\"ngg-singlepic ngg-none\" src=\"http:\/\/adrianwood.ch\/wp-content\/gallery\/scotland25\/image016.jpg\" alt=\"image016\" \/><\/td>\n<\/tr>\n<tr>\n<td width=\"328\" valign=\"top\">\u00a0<img decoding=\"async\" class=\"ngg-singlepic ngg-none\" src=\"http:\/\/adrianwood.ch\/wp-content\/gallery\/scotland25\/image018.jpg\" alt=\"image018\" \/><\/td>\n<td width=\"329\" valign=\"top\">\u00a0<img decoding=\"async\" class=\"ngg-singlepic ngg-none\" src=\"http:\/\/adrianwood.ch\/wp-content\/gallery\/scotland25\/image020.jpg\" alt=\"image020\" \/><\/td>\n<\/tr>\n<tr>\n<td colspan=\"2\" width=\"657\" valign=\"top\">Wieder ist das Wetter sehr gn\u00e4dig, kein Regen. Hier gibt es sch\u00f6ne Blumen zu sehen und auch zwei Muschelbeisser k\u00f6nnen wir beobachten. Dann geht es weiter mit dem Bus Richtung Tongue.<\/td>\n<\/tr>\n<tr>\n<td width=\"328\" valign=\"top\">\u00a0<img decoding=\"async\" class=\"ngg-singlepic ngg-none\" src=\"http:\/\/adrianwood.ch\/wp-content\/gallery\/scotland25\/image022.jpg\" alt=\"image022\" \/><\/td>\n<td width=\"329\" valign=\"top\">\u00a0<img decoding=\"async\" class=\"ngg-singlepic ngg-none\" src=\"http:\/\/adrianwood.ch\/wp-content\/gallery\/scotland25\/image024.jpg\" alt=\"image024\" \/><\/td>\n<\/tr>\n<tr>\n<td width=\"328\" valign=\"top\">Vor diesem Dorf machen wir noch einen kurzen Stop um unser Ziel von Morgen, den Ben Hope, oder Ben Loyal zu fotografieren. In der Zwischenzeit sind die Wolken verschwunden und es ist recht sonnig geworden. Es ist eine sch\u00f6ne Abendstimmung.In Tongue angekommen beziehen wir das Hotel Ben Loyal. Recht bald gibt es wieder ein gutes Abendessen. Da es nach dem Abendessen doch hell ist machen ein paar Leute noch eine Wanderung zur Ruine. Es gibt einen wundersch\u00f6nen Sonnen-untergang. Schottland zeigt sich wieder einmal von seiner besten Seite.Albert<\/td>\n<td width=\"329\" valign=\"top\">\u00a0<img decoding=\"async\" class=\"ngg-singlepic ngg-none\" src=\"http:\/\/adrianwood.ch\/wp-content\/gallery\/scotland25\/image026.jpg\" alt=\"image026\" \/><\/td>\n<\/tr>\n<\/tbody>\n<\/table>\n<p><img decoding=\"async\" class=\"ngg-singlepic ngg-none\" src=\"http:\/\/adrianwood.ch\/wp-content\/gallery\/scotland25\/image002_0.jpg\" alt=\"image002_0\" \/><img decoding=\"async\" class=\"ngg-singlepic ngg-none\" src=\"http:\/\/adrianwood.ch\/wp-content\/gallery\/scotland25\/image001.gif\" alt=\"image001\" \/><\/p>\n","protected":false},"excerpt":{"rendered":"<p>Montag, 25.Mai, Faraig Head (K\u00fcste) \u2013 Smoo Cave Heute ist wieder Standortwechsel von Kinlochbervie nach Tongue.Mit gepackten Koffern verlassen wir um 9.15 das Hotel in Kinlochbervie und fahren der K\u00fcste entlang zur Nordk\u00fcste. Schon nach \u00be Stunden gibt es den ersten Halt an der Award Winning Beach von Durness. Wir steigen zur Sandk\u00fcste hinunter, wandern &hellip; <a href=\"https:\/\/www.adrianwood.ch\/?page_id=370\" class=\"more-link\">Continue reading <span class=\"screen-reader-text\">05-25 Faraig Head<\/span> <span class=\"meta-nav\">&rarr;<\/span><\/a><\/p>\n","protected":false},"author":1,"featured_media":0,"parent":157,"menu_order":2332,"comment_status":"closed","ping_status":"closed","template":"","meta":{"ngg_post_thumbnail":0,"footnotes":""},"class_list":["post-370","page","type-page","status-publish","hentry"],"_links":{"self":[{"href":"https:\/\/www.adrianwood.ch\/index.php?rest_route=\/wp\/v2\/pages\/370","targetHints":{"allow":["GET"]}}],"collection":[{"href":"https:\/\/www.adrianwood.ch\/index.php?rest_route=\/wp\/v2\/pages"}],"about":[{"href":"https:\/\/www.adrianwood.ch\/index.php?rest_route=\/wp\/v2\/types\/page"}],"author":[{"embeddable":true,"href":"https:\/\/www.adrianwood.ch\/index.php?rest_route=\/wp\/v2\/users\/1"}],"replies":[{"embeddable":true,"href":"https:\/\/www.adrianwood.ch\/index.php?rest_route=%2Fwp%2Fv2%2Fcomments&post=370"}],"version-history":[{"count":0,"href":"https:\/\/www.adrianwood.ch\/index.php?rest_route=\/wp\/v2\/pages\/370\/revisions"}],"up":[{"embeddable":true,"href":"https:\/\/www.adrianwood.ch\/index.php?rest_route=\/wp\/v2\/pages\/157"}],"wp:attachment":[{"href":"https:\/\/www.adrianwood.ch\/index.php?rest_route=%2Fwp%2Fv2%2Fmedia&parent=370"}],"curies":[{"name":"wp","href":"https:\/\/api.w.org\/{rel}","templated":true}]}}