{"id":381,"date":"2011-01-15T17:52:49","date_gmt":"2011-01-15T16:52:49","guid":{"rendered":"http:\/\/adrianwood.ch\/"},"modified":"2011-01-15T17:52:49","modified_gmt":"2011-01-15T16:52:49","slug":"05-27-castle-of-may","status":"publish","type":"page","link":"https:\/\/www.adrianwood.ch\/?page_id=381","title":{"rendered":"05-27 Castle of May"},"content":{"rendered":"<h2>Mittwoch, 27 Mai, Tongue \u2013 Stromness<\/h2>\n<table border=\"1\" cellspacing=\"0\" cellpadding=\"0\">\n<tbody>\n<tr>\n<td colspan=\"2\" width=\"657\" valign=\"top\">Es ist nie gut beim Fr\u00fchst\u00fcck vor dem Chef von einem\u00a0 \u201e\u00a0SUVA-Bericht\u201c zu sprechen, sonst wird man gleich zum \u201efreiwilligen\u201c Schreiber des \u201eTages-Bericht\u201c bestimmt\u2026.<\/td>\n<\/tr>\n<tr>\n<td width=\"328\" valign=\"top\">Es war mit wundervoller Sicht auf den Ben Hope (927 m), dem letzten \u201eMunro\u201c (schottischen Gipfel &gt; 3000\u00a0<a title=\"Fu\u00df (Ma\u00dfeinheit)\" href=\"http:\/\/de.wikipedia.org\/wiki\/Fu\u00c3?_(Ma\u00c3?einheit)\">ft<\/a> oder 914,4\u00a0m) den wir am Vortag erklommen hatten, als, w\u00e4hrend wir unser Fr\u00fchst\u00fcck bei Dudelsackkl\u00e4ngen im Hotel Ben Loyal in Tongue genossen, ein Regenbogen \u00fcber den Ruinen des Castle of Bharraich erschien. Nach dem Einsteigen in den Bus folgte dann eine kleine Schrecksekunde als Brigitte bemerkte, dass Sie vergass, den Check abzugeben, den Ihr Adrian zur Bezahlung des B&amp;B am Vortag zugesteckt hatte. Wir nehmen die Scrabster Route Richtung F\u00e4hre und es regnet mal wieder \u201cWhat Else?\u201d.<\/td>\n<td width=\"328\" valign=\"top\">\u00a0<img decoding=\"async\" class=\"ngg-singlepic ngg-none\" src=\"http:\/\/adrianwood.ch\/wp-content\/gallery\/scotland27\/image001.jpg\" alt=\"image001\" \/><\/td>\n<\/tr>\n<tr>\n<td width=\"328\" valign=\"top\">\u00a0<img decoding=\"async\" class=\"ngg-singlepic ngg-none\" src=\"http:\/\/adrianwood.ch\/wp-content\/gallery\/scotland27\/image002.jpg\" alt=\"image002\" \/><\/td>\n<td width=\"328\" valign=\"top\">\u00a0<img decoding=\"async\" class=\"ngg-singlepic ngg-none\" src=\"http:\/\/adrianwood.ch\/wp-content\/gallery\/scotland27\/image003.jpg\" alt=\"image003\" \/><\/td>\n<\/tr>\n<tr>\n<td colspan=\"2\" width=\"657\" valign=\"top\">Eine gr\u00f6ssere Anzahl Teilnehmer m\u00f6chte das Castle of Mey in Caithness besuchen., was einen kleinen Umweg bedeutete. Adrian entschied, dass man eine Stunde zum Besuch des Schlosses opfern k\u00f6nnte. Das Schloss war die Residenz der \u00ab\u00a0Queen Mom\u00a0\u00bb. Eine finstere, unkomfortable Trutzburg in der sie die Monate Juli und\u00a0 Oktober zu verbringen geruhte. Eine gef\u00fchrte Tour in exakt einer Stunde? Die Zeiteinteilung hat Adrian arg beunruhigt, da er bef\u00fcrchtete, dass wir die F\u00e4hre um 13.15h verpassen w\u00fcrden.<\/td>\n<\/tr>\n<tr>\n<td width=\"328\" valign=\"top\">\u00a0<img decoding=\"async\" class=\"ngg-singlepic ngg-none\" src=\"http:\/\/adrianwood.ch\/wp-content\/gallery\/scotland27\/image004.jpg\" alt=\"image004\" \/><\/td>\n<td width=\"328\" valign=\"top\">\u00a0<img decoding=\"async\" class=\"ngg-singlepic ngg-none\" src=\"http:\/\/adrianwood.ch\/wp-content\/gallery\/scotland27\/image005.jpg\" alt=\"image005\" \/><\/td>\n<\/tr>\n<tr>\n<td colspan=\"2\" width=\"657\" valign=\"top\">Was mir von der F\u00fchrung im Ged\u00e4chtnis verblieb, ist der blaue Regenmantel der dort auf einem Stuhl im Entr\u00e9e bereit lag, wie f\u00fcr einen Spaziergang der \u201eQueen Mom\u201c im Verlaufe des Tages. Zudem ein Photo des Menus ihrer Hunde, ihre gut best\u00fcckte Hausbar (leider nur leere Flaschen), die abgetragenen Kleider mit den durchgescheuerten \u00c4rmeln, die Gl\u00fcckwunschkarten der Enkel wie auch das Zimmer in dem Elisabeth nie schlafen wollte und den Fernseher\u2026 den sie jeweils w\u00e4hrend ihres Aufenthalts mietete. Ich hatte mich eigentlich gefreut die G\u00e4rten zu sehen, speziell den grossen Gem\u00fcsegarten &#8211; ein echtes Wunder in diesen Breitengraden &#8211;\u00a0 aber das miese Wetter und Adrians \u201eHetzerei\u201c, erlaubten mir lediglich einen \u201eExpress-Besuch\u201c.<\/td>\n<\/tr>\n<tr>\n<td width=\"328\" valign=\"top\">\u00a0<img decoding=\"async\" class=\"ngg-singlepic ngg-none\" src=\"http:\/\/adrianwood.ch\/wp-content\/gallery\/scotland27\/image006.jpg\" alt=\"image006\" \/><\/td>\n<td width=\"328\" valign=\"top\">\u00a0<img decoding=\"async\" class=\"ngg-singlepic ngg-none\" src=\"http:\/\/adrianwood.ch\/wp-content\/gallery\/scotland27\/image007.jpg\" alt=\"image007\" \/><\/td>\n<\/tr>\n<tr>\n<td colspan=\"2\" width=\"657\" valign=\"top\">Nun, wir sind zur Zeit am Ferry-Pier angelangt und haben uns von Kenny, unserem sympathischen Fahrer verabschiedet und da alle Hunger litten, zog jeder seinen letzten Proviant hervor und wir veranstalteten in der Einschiffungshalle ein Pic-Nic. Die Passage nach den Orkney-Inseln dauerte 11\/2 Stunden und welch Wunder, die Sonne zeigte sich als wir die Steilk\u00fcste der Insel Hoy mit ihrem ber\u00fchmten, im Meer aufgerichteten, Old Man passierten, dem Ziel unseres morgigen Ausfluges.<\/td>\n<\/tr>\n<tr>\n<td width=\"328\" valign=\"top\">\u00a0<img decoding=\"async\" class=\"ngg-singlepic ngg-none\" src=\"http:\/\/adrianwood.ch\/wp-content\/gallery\/scotland27\/image008.jpg\" alt=\"image008\" \/><\/td>\n<td width=\"328\" valign=\"top\">\u00a0<img decoding=\"async\" class=\"ngg-singlepic ngg-none\" src=\"http:\/\/adrianwood.ch\/wp-content\/gallery\/scotland27\/image009.jpg\" alt=\"image009\" \/><\/td>\n<\/tr>\n<tr>\n<td colspan=\"2\" width=\"657\" valign=\"top\">Die Ankunft im Hafen von Strommess wurde traumhaft. Dieses wundervolle, kleine stufenf\u00f6rmige angelegte St\u00e4dtchen, das uns mit der Folkloregruppe \u00ab\u00a0The Adderbury Morris Men\u00a0\u00bb auf dem Quai empfing. Das Entdecken des stillen St\u00e4dtchens mit seinen kleinen Gassen, windgesch\u00fctzt unter der w\u00e4rmenden Sonne, wurde zum echten Erlebnis.<\/td>\n<\/tr>\n<tr>\n<td width=\"328\" valign=\"top\">\u00a0<img decoding=\"async\" class=\"ngg-singlepic ngg-none\" src=\"http:\/\/adrianwood.ch\/wp-content\/gallery\/scotland27\/image010.jpg\" alt=\"image010\" \/><\/td>\n<td width=\"328\" valign=\"top\">\u00a0<img decoding=\"async\" class=\"ngg-singlepic ngg-none\" src=\"http:\/\/adrianwood.ch\/wp-content\/gallery\/scotland27\/image011.jpg\" alt=\"image011\" \/><\/td>\n<\/tr>\n<tr>\n<td colspan=\"2\" width=\"657\" valign=\"top\">Das \u00ab\u00a0Stromess Hotel\u00a0\u00bb erwies sich dann als wahrhaft archaische Einrichtung mit einem altmodisch anmutenden Charme, einem Speiseraum der die 50er Jahre w\u00fcrdigte, wo zwischen Fr\u00fchlingsrollen, Prawns, s\u00fcssem Mais, Salat, Steak und Eintopf, Haddock mit Dill und Limonensauce bis zum Schokoladen-Fondant und Apfel-Crumble mit Vanillesauce, sich trotz Altersheimatmosph\u00e4re, die Speisen zu einem kulinarischen H\u00f6henflug erhoben\u2026.<\/p>\n<p>Jean-Francois<\/td>\n<\/tr>\n<\/tbody>\n<\/table>\n","protected":false},"excerpt":{"rendered":"<p>Mittwoch, 27 Mai, Tongue \u2013 Stromness Es ist nie gut beim Fr\u00fchst\u00fcck vor dem Chef von einem\u00a0 \u201e\u00a0SUVA-Bericht\u201c zu sprechen, sonst wird man gleich zum \u201efreiwilligen\u201c Schreiber des \u201eTages-Bericht\u201c bestimmt\u2026. Es war mit wundervoller Sicht auf den Ben Hope (927 m), dem letzten \u201eMunro\u201c (schottischen Gipfel &gt; 3000\u00a0ft oder 914,4\u00a0m) den wir am Vortag erklommen &hellip; <a href=\"https:\/\/www.adrianwood.ch\/?page_id=381\" class=\"more-link\">Continue reading <span class=\"screen-reader-text\">05-27 Castle of May<\/span> <span class=\"meta-nav\">&rarr;<\/span><\/a><\/p>\n","protected":false},"author":1,"featured_media":0,"parent":157,"menu_order":2334,"comment_status":"closed","ping_status":"closed","template":"","meta":{"ngg_post_thumbnail":0,"footnotes":""},"class_list":["post-381","page","type-page","status-publish","hentry"],"_links":{"self":[{"href":"https:\/\/www.adrianwood.ch\/index.php?rest_route=\/wp\/v2\/pages\/381","targetHints":{"allow":["GET"]}}],"collection":[{"href":"https:\/\/www.adrianwood.ch\/index.php?rest_route=\/wp\/v2\/pages"}],"about":[{"href":"https:\/\/www.adrianwood.ch\/index.php?rest_route=\/wp\/v2\/types\/page"}],"author":[{"embeddable":true,"href":"https:\/\/www.adrianwood.ch\/index.php?rest_route=\/wp\/v2\/users\/1"}],"replies":[{"embeddable":true,"href":"https:\/\/www.adrianwood.ch\/index.php?rest_route=%2Fwp%2Fv2%2Fcomments&post=381"}],"version-history":[{"count":0,"href":"https:\/\/www.adrianwood.ch\/index.php?rest_route=\/wp\/v2\/pages\/381\/revisions"}],"up":[{"embeddable":true,"href":"https:\/\/www.adrianwood.ch\/index.php?rest_route=\/wp\/v2\/pages\/157"}],"wp:attachment":[{"href":"https:\/\/www.adrianwood.ch\/index.php?rest_route=%2Fwp%2Fv2%2Fmedia&parent=381"}],"curies":[{"name":"wp","href":"https:\/\/api.w.org\/{rel}","templated":true}]}}