{"id":384,"date":"2011-01-15T18:07:50","date_gmt":"2011-01-15T17:07:50","guid":{"rendered":"http:\/\/adrianwood.ch\/"},"modified":"2011-01-15T18:07:50","modified_gmt":"2011-01-15T17:07:50","slug":"05-28-old-man-of-hoy","status":"publish","type":"page","link":"https:\/\/www.adrianwood.ch\/?page_id=384","title":{"rendered":"05-28 Old Man of Hoy"},"content":{"rendered":"<h2>Donnerstag, 28.Mai, Old Man of Hoy.<\/h2>\n<table border=\"0\" cellspacing=\"0\" cellpadding=\"0\">\n<tbody>\n<tr>\n<td colspan=\"2\" width=\"657\" valign=\"top\">Heute geht&#8217;s nach Hoy. Eine kleine Insel im S\u00fcden der Orkneys, &#8211; na ja, mittelgross, ca. 20 x 9 km &#8211; wo wir den &#8220;Old Man of Hoy&#8221; von Nahem anschauen wollen &#8211; eine 137 m hohe Felss\u00e4ule vor den Westklippen, die wir gestern schon im Vorbeifahren von Weitem gesehen hatten.Die Wanderung wird &#8211; laut Adrian &#8211; nicht speziell anstrengend sein &#8211; 3-6 Stunden, je nachdem ob wir den h\u00f6chsten Gipfel (479 m) ersteigen oder nicht. Und &#8220;nass&#8221;? Je nun&#8230; er, Adrian, will sich bem\u00fchen etwas Sumpf f\u00fcr uns zu finden &#8230;<\/p>\n<p>Das z&#8217;Morge im Stromness Hotel ist, wie fast immer in den vergangenen Tagen, grandios. Tee, Kaffee, Juice, Eier, Speck, Haggis (nach sehr langem Z\u00f6gern bin ich zu einem Fan davon geworden), W\u00fcrstchen (von denen weniger begeistert) und zum ersten Mal Porridge (sehr fein!).<\/p>\n<p>Um 10 Uhr f\u00e4hrt die F\u00e4hre nach Hoy vom Pier ab, das gerade vis-a-vis vom Hotel liegt,. Es sind nicht alle 25 CSC-Schottland-Wanderer dabei &#8211; Einige haben ein eigenes Programm und erkunden das &#8220;Mainland&#8221;. Mainland Orkney nat\u00fcrlich, die Hauptinsel. Nach ca. 30 Minuten m\u00e4ssig schaukelnde \u00dcberfahrt legen wir bei Moaness an, wo schon ein Minibus auf uns wartet, dessen Chauffeur uns auf der Fahrt nach Rackwick eine Menge Interessantes und Skurriles \u00fcber Hoy erz\u00e4hlt. Er zeigt den Felsbrocken, hoch oben am Berg, der wie ein Haus mit Dach und Fenstern bemalt ist, er erw\u00e4hnt, dass die Regierung auf seine Reklamationen wegen der l\u00f6chrigen Strasse Abhilfe versprach und wirklich ein Warnungsschild &#8220;Bumpy Road&#8221; montieren liess, er zeigt die Torfstecherin, die im Moor an der Arbeit ist und die Stellen in der Ferne, wo die zwei 35kV-Leitungen vom Festland, die alle Orkney-Inseln mit Strom versorgen auf Hoy ankommen. Und zwischendurch h\u00e4lt er an, damit wir &#8220;Dwarfie Stane&#8221; eine 5000 Jahre alte neolithische Grabkammer von aussen und innen besichtigen k\u00f6nnen. Einzelne &#8220;Old men&#8221; k\u00f6nnen nicht widerstehen, sie steigen ins Grab &#8212; und gottseidank wieder heraus. Die Paparazzi dokumentieren&#8217;s.<\/td>\n<\/tr>\n<tr>\n<td width=\"335\" valign=\"top\">\u00a0<img decoding=\"async\" class=\"ngg-singlepic ngg-none\" src=\"http:\/\/adrianwood.ch\/wp-content\/gallery\/scotland28\/image001.jpg\" alt=\"image001\" \/><\/td>\n<td width=\"322\" valign=\"top\">\u00a0<img decoding=\"async\" class=\"ngg-singlepic ngg-none\" src=\"http:\/\/adrianwood.ch\/wp-content\/gallery\/scotland28\/image002.jpg\" alt=\"image002\" \/><\/td>\n<\/tr>\n<tr>\n<td colspan=\"2\" width=\"657\" valign=\"top\">Von Rackwick, dem Startpunkt unserer Wanderung (ca. 10 H\u00e4user, ein Museum, 1 Hostel, ein Hinweisschild zum &#8220;Old Man of Hoy&#8221;), geht&#8217;s um Viertel ab 11 los. Der Anstieg ist m\u00e4ssig, auf guter Wegspur, wir sehen Blumen, Mutterschafe mit ihren L\u00e4mmern, ein paar 350L-Diesel\u00f6lf\u00e4sser, Drainagerohre, wir haben Aussicht aufs und \u00fcbers Meer und den &#8220;Alten Mann..&#8221;, der nach einer Stunde langsam sichtbar wird. Und je n\u00e4her wir ihm kommen, desto st\u00e4rker windet es und kurz bevor wir am Aussichtspunkt ankommen, wo wir eigentlich<\/td>\n<\/tr>\n<tr>\n<td width=\"335\" valign=\"top\">\u00a0<img decoding=\"async\" class=\"ngg-singlepic ngg-none\" src=\"http:\/\/adrianwood.ch\/wp-content\/gallery\/scotland28\/image003.jpg\" alt=\"image003\" \/><\/td>\n<td width=\"322\" valign=\"top\">\u00a0<img decoding=\"async\" class=\"ngg-singlepic ngg-none\" src=\"http:\/\/adrianwood.ch\/wp-content\/gallery\/scotland28\/image004.jpg\" alt=\"image004\" \/><\/td>\n<\/tr>\n<tr>\n<td colspan=\"2\" width=\"657\" valign=\"top\">verweilen und bewundern wollten, setzt Regen ein. Je nun&#8230;&#8230;.Wir sind halt in Schottland &#8230; und daf\u00fcr habe ich mir in Basel eine neue, phantastisch wasserabstossende Windjacke gekauft. Sie bew\u00e4hrt sich! Drum geht&#8217;s halt bald &#8211; nach den \u00fcblichen Fotos &#8211; weiter. Zuerst einer schmalen Wegspur folgend, dann von Grasb\u00fcschel zu Grasb\u00fcschel schreitend, die immer elastischer werden und immer tiefer einsinken &#8211; hah! &#8211; endlich ist er da, der nasse Sumpf, den Adrian gestern versprochen hat &#8211; und zur Kr\u00f6nung sinken noch die Wolken immer tiefer und tiefer, bis wir im dichten Nebel wandern, der nur durch das gespenstisch schrille Kreischen der Skua durchdrungen wird!!!<\/td>\n<\/tr>\n<tr>\n<td width=\"335\" valign=\"top\">Aber kein Problem! Adrian l\u00e4uft &#8220;nach Kompass&#8221;, zweimal sichert er sich mit einer GPS-Kontrolle ab, einmal schwenkt er nach links&#8230;. aber schlussendlich sind wir genau dort, wo er hinwollte. Wir steigen ab und traversieren einen Bach &#8211; ok, es ist steil, rutschig und nass und hat versteckte Fallgruben &#8230; aber wir kommen wohlbehalten auf dem anderen Hang an &#8212; und es regnet nicht mehr, wir setzen uns, picknicken (etwas versp\u00e4tet, es ist 14:15), geniessen die Aussicht auf den n\u00f6rdlichsten nat\u00fcrlichen Wald Englands und ziehen dann weiter, auf immer breiter und besser werdenden Wegen bis Linksness, wo ein kleines Caf\u00e9 uns freundlich aufnimmt. Die &#8220;Hot Chocolate&#8221; ist zwar ausverkauft &#8211; sooooviele Besucher haben sie nicht erwartet &#8212; aber ein exzellentes Schottisches Bier tr\u00f6stet mich schnell.<\/td>\n<td width=\"322\" valign=\"top\">\u00a0<img decoding=\"async\" class=\"ngg-singlepic ngg-none\" src=\"http:\/\/adrianwood.ch\/wp-content\/gallery\/scotland28\/image005.jpg\" alt=\"image005\" \/><\/td>\n<\/tr>\n<tr>\n<td width=\"335\" valign=\"top\">\u00a0<img decoding=\"async\" class=\"ngg-singlepic ngg-none\" src=\"http:\/\/adrianwood.ch\/wp-content\/gallery\/scotland28\/image006.jpg\" alt=\"image006\" \/><\/td>\n<td width=\"322\" valign=\"top\">Um 17 Uhr schaukelt uns die F\u00e4hre in 30 Minuten nach Stromness zur\u00fcck, unterwegs bringen noch ein paar auf den Felsen liegende Seehunde die Fotoapparate zum Einsatz und nach Kleiderwechsel und Dusche ist schon das Nachtessen angesagt.Anschliessend hat Hans einen Sondereinsatz. Er organisiert f\u00fcr uns einen separaten Raum &#8211; den &#8220;Still Room&#8221;- (Hans und &#8220;still&#8221; sind eigentlich f\u00fcr mich inkompatible Gegens\u00e4tze, bis mir einf\u00e4llt, dass &#8220;Still&#8221; auch ein Destillationsapparat ist &#8211; und Hans ist ja Ingenieur. Aha!) Item &#8230; dort h\u00e4lt Hans die Lob- und Dankesrede auf Adrian. Aber vorher produziert Hans noch eine Super &#8220;Schweiz-Werbung&#8221;.<\/td>\n<\/tr>\n<tr>\n<td colspan=\"2\" width=\"657\" valign=\"top\">\u00a0<\/td>\n<\/tr>\n<tr>\n<td width=\"335\" valign=\"top\">\u00a0<img decoding=\"async\" class=\"ngg-singlepic ngg-none\" src=\"http:\/\/adrianwood.ch\/wp-content\/gallery\/scotland28\/image007.jpg\" alt=\"image007\" \/><\/td>\n<td width=\"322\" valign=\"top\">\u00a0<img decoding=\"async\" class=\"ngg-singlepic ngg-none\" src=\"http:\/\/adrianwood.ch\/wp-content\/gallery\/scotland28\/image008.jpg\" alt=\"image008\" \/><\/td>\n<\/tr>\n<tr>\n<td colspan=\"2\" width=\"657\" valign=\"top\">Andere G\u00e4ste haben nach einem typischen Schweizer Lied gefragt und so kombiniert er den Text von &#8220;Vo Luz\u00e4rn&#8230;&#8221; mit der Melodie von &#8220;Es Buureb\u00fcebli&#8230;&#8221;. Dazu schunkelte er noch! Genial!!! Alles ist begeistert. Und als Adrian zum Dank noch ein echter &#8220;Deerstalker&#8221;-Hut \u00fcberreicht wird, kennt die Begeisterung aller keine Grenzen. Es war ein Suuuper-Tag. So toll, dass sogar unsere Spur auf der Insel aus dem Weltraum sichtbar war.\u00a0\u00a0\u00a0 Merci Adrian.\u00a0\u00a0\u00a0\u00a0 Bert.<\/td>\n<\/tr>\n<\/tbody>\n<\/table>\n<p>\u00a0<img decoding=\"async\" class=\"ngg-singlepic ngg-none\" src=\"http:\/\/adrianwood.ch\/wp-content\/gallery\/scotland28\/image003_0.jpg\" alt=\"image003_0\" \/><\/p>\n<p><img decoding=\"async\" class=\"ngg-singlepic ngg-none\" src=\"http:\/\/adrianwood.ch\/wp-content\/gallery\/scotland28\/image001.gif\" alt=\"image001\" \/><\/p>\n","protected":false},"excerpt":{"rendered":"<p>Donnerstag, 28.Mai, Old Man of Hoy. Heute geht&#8217;s nach Hoy. Eine kleine Insel im S\u00fcden der Orkneys, &#8211; na ja, mittelgross, ca. 20 x 9 km &#8211; wo wir den &#8220;Old Man of Hoy&#8221; von Nahem anschauen wollen &#8211; eine 137 m hohe Felss\u00e4ule vor den Westklippen, die wir gestern schon im Vorbeifahren von Weitem &hellip; <a href=\"https:\/\/www.adrianwood.ch\/?page_id=384\" class=\"more-link\">Continue reading <span class=\"screen-reader-text\">05-28 Old Man of Hoy<\/span> <span class=\"meta-nav\">&rarr;<\/span><\/a><\/p>\n","protected":false},"author":1,"featured_media":0,"parent":157,"menu_order":2335,"comment_status":"closed","ping_status":"closed","template":"","meta":{"ngg_post_thumbnail":0,"footnotes":""},"class_list":["post-384","page","type-page","status-publish","hentry"],"_links":{"self":[{"href":"https:\/\/www.adrianwood.ch\/index.php?rest_route=\/wp\/v2\/pages\/384","targetHints":{"allow":["GET"]}}],"collection":[{"href":"https:\/\/www.adrianwood.ch\/index.php?rest_route=\/wp\/v2\/pages"}],"about":[{"href":"https:\/\/www.adrianwood.ch\/index.php?rest_route=\/wp\/v2\/types\/page"}],"author":[{"embeddable":true,"href":"https:\/\/www.adrianwood.ch\/index.php?rest_route=\/wp\/v2\/users\/1"}],"replies":[{"embeddable":true,"href":"https:\/\/www.adrianwood.ch\/index.php?rest_route=%2Fwp%2Fv2%2Fcomments&post=384"}],"version-history":[{"count":0,"href":"https:\/\/www.adrianwood.ch\/index.php?rest_route=\/wp\/v2\/pages\/384\/revisions"}],"up":[{"embeddable":true,"href":"https:\/\/www.adrianwood.ch\/index.php?rest_route=\/wp\/v2\/pages\/157"}],"wp:attachment":[{"href":"https:\/\/www.adrianwood.ch\/index.php?rest_route=%2Fwp%2Fv2%2Fmedia&parent=384"}],"curies":[{"name":"wp","href":"https:\/\/api.w.org\/{rel}","templated":true}]}}