{"id":387,"date":"2011-01-15T18:18:39","date_gmt":"2011-01-15T17:18:39","guid":{"rendered":"http:\/\/adrianwood.ch\/"},"modified":"2011-01-15T18:18:39","modified_gmt":"2011-01-15T17:18:39","slug":"05-29-orkney-mainland","status":"publish","type":"page","link":"https:\/\/www.adrianwood.ch\/?page_id=387","title":{"rendered":"05-29 Orkney Mainland"},"content":{"rendered":"<h2>Freitag, 29.Mai, Orkney Islands, Stromness bis Kirkwall<\/h2>\n<table border=\"1\" cellspacing=\"0\" cellpadding=\"0\">\n<tbody>\n<tr>\n<td colspan=\"2\" width=\"657\" valign=\"top\"><strong>&#8220;Lass den Sonnenschein rein ! \u00a0\u00a0\u00a0<\/strong>Hans Peter<\/p>\n<p>und tats\u00e4chlich: kaum ist Hans nach Grimsby abgeflogen, bricht der erste vollst\u00e4ndig wolkenfreie Sonnentag der ganzen Schottlandreise ein \u2013 es ist leider nicht nur der sch\u00f6nste, aber abgesehen vom Flugtag auch der <em>letzte Transfertag<\/em>. Ein neuer Bus holt uns 09:00 vom Stromness Hotel ab. <strong>Megafon !<\/strong> Alle Anweisungen des Kapo, falls welche, auch hinten im Bus verstanden ! Und wir fahren eine ereignisreiche Strecke mit sieben Stationen ab:<\/td>\n<\/tr>\n<tr>\n<td width=\"328\" valign=\"top\">\u00a0<img decoding=\"async\" class=\"ngg-singlepic ngg-none\" src=\"http:\/\/adrianwood.ch\/wp-content\/gallery\/scotland29\/image001.jpg\" alt=\"image001\" \/><\/td>\n<td width=\"329\" valign=\"top\">\u00a0<img decoding=\"async\" class=\"ngg-singlepic ngg-none\" src=\"http:\/\/adrianwood.ch\/wp-content\/gallery\/scotland29\/image002.jpg\" alt=\"image002\" \/><\/td>\n<\/tr>\n<tr>\n<td colspan=\"2\" width=\"657\" valign=\"top\">1) <strong>Maes Howe<\/strong>: geheimnisvoller neolithischer Grab, ca. 5000 Jahre alt, dessen langer Eingang den Sonnenstrahl nur w\u00e4hrend der Wintersonnenwende f\u00fcr 5 Tage durchl\u00e4sst. Tragende Steinplatten, einige mehrere Meter lang, m\u00fcssen bis zu 30 t schwer sein. Im 12. Jahrhundert, als Orkney Norwegen geh\u00f6rte, erhielten einzelne Steinplatten zus\u00e4tzlich runische Aufschriften \u2013 von Vikingen eingeritzt. Auch zu sehen ist hier das Original des notorisch bekannten Maeshowe <strong>L\u00f6wen<\/strong>, dem man sonst haupts\u00e4chlich auf den T-shirts in Kirkwall begegnet !<\/td>\n<\/tr>\n<tr>\n<td width=\"328\" valign=\"top\">\u00a0<img decoding=\"async\" class=\"ngg-singlepic ngg-none\" src=\"http:\/\/adrianwood.ch\/wp-content\/gallery\/scotland29\/image003.jpg\" alt=\"image003\" \/><\/td>\n<td width=\"329\" valign=\"top\">\u00a0<img decoding=\"async\" class=\"ngg-singlepic ngg-none\" src=\"http:\/\/adrianwood.ch\/wp-content\/gallery\/scotland29\/image004.jpg\" alt=\"image004\" \/><\/td>\n<\/tr>\n<tr>\n<td colspan=\"2\" width=\"657\" valign=\"top\">2) <strong>Standing Stones of Stenness<\/strong>: ein Komplex von neolithischen Steinen zwischen den Lochs Stenness und Harry. Urspr\u00fcnglich 12, jetzt nur noch 4 Megalithe, protzen mit ihrer H\u00f6he und Masse \u2013 dabei sind sie jedoch erstaunlich d\u00fcnn&#8230;<\/p>\n<p>3) <strong>Ring of Brodgar<\/strong>: ca. 400 m weiter n\u00f6rdlich, ein noch viel gr\u00f6sserer Kreis (100 m im Diameter !) von 60 Megalithen mit arch\u00e4ologischen Hinweisen auf soziale Aktivit\u00e4ten aus der Bronzezeit, d.h. zwischen 5000 und 2500 B.C.<\/td>\n<\/tr>\n<tr>\n<td width=\"328\" valign=\"top\">\u00a0<img decoding=\"async\" class=\"ngg-singlepic ngg-none\" src=\"http:\/\/adrianwood.ch\/wp-content\/gallery\/scotland29\/image005.jpg\" alt=\"image005\" \/><\/td>\n<td width=\"329\" valign=\"top\">\u00a0<img decoding=\"async\" class=\"ngg-singlepic ngg-none\" src=\"http:\/\/adrianwood.ch\/wp-content\/gallery\/scotland29\/image006.jpg\" alt=\"image006\" \/><\/td>\n<\/tr>\n<tr>\n<td colspan=\"2\" width=\"657\" valign=\"top\">4) <strong>Skara Brae<\/strong>: ein kleines neolithisches Fischer- und Bauerndorf (&#8220;Pompei der Orkney Islands&#8221;) n\u00f6rdlich von Stromness, aus der Zeit von ca. 3000 B.C.. Das Dorf wurde 1850 durch W. G. Watt (7th Laird of Breckness) entdeckt, nachdem ein Sturm D\u00fcnnen beseitigte, die das Dorf vollst\u00e4ndig bedeckt hielten. Die H\u00e4user des Dorfes sind mit vielen noch gut erkennbaren Details sichtbar. Wir finden Feuerstellen, eingebaute Nischen, Betten, Umkleidekabinen und <strong>Latrinen <\/strong>mit Wassersp\u00fclung \u2013 alles gut erhalten. Anschliessend Besichtigung des nahegelegenen <strong>&#8220;Skaill Hauses&#8221;, <\/strong>noch heute im Familienbesitz des Entdeckers. Im Haus eine beachtenswerte <strong>Kuriosit\u00e4tensammlung<\/strong>, wie Bischofsbett, Geschirr von Kapit\u00e4n Cook, neolithische Funde und eine Regimentsflagge der Roten Armee (Sowjetunion 1920).<\/td>\n<\/tr>\n<tr>\n<td width=\"328\" valign=\"top\">\u00a0<img decoding=\"async\" class=\"ngg-singlepic ngg-none\" src=\"http:\/\/adrianwood.ch\/wp-content\/gallery\/scotland29\/image007.jpg\" alt=\"image007\" \/><\/td>\n<td width=\"329\" valign=\"top\">\u00a0<img decoding=\"async\" class=\"ngg-singlepic ngg-none\" src=\"http:\/\/adrianwood.ch\/wp-content\/gallery\/scotland29\/image008.jpg\" alt=\"image008\" \/><\/td>\n<\/tr>\n<tr>\n<td colspan=\"2\" width=\"657\" valign=\"top\">5) 13:40 &#8211; 15:30: <em>Letzte Wanderung<\/em> an den Cliffen vorbei (<em>letzte Fototermine <\/em>f\u00fcr V\u00f6gel, Wellen und Bl\u00fcmchen) zum <strong>Memorial von Lord Kitchener<\/strong> (<em>letzter Mittagshalt<\/em>).<\/td>\n<\/tr>\n<tr>\n<td width=\"328\" valign=\"top\">\u00a0<img decoding=\"async\" class=\"ngg-singlepic ngg-none\" src=\"http:\/\/adrianwood.ch\/wp-content\/gallery\/scotland29\/image009.jpg\" alt=\"image009\" \/><\/td>\n<td width=\"329\" valign=\"top\">\u00a0<img decoding=\"async\" class=\"ngg-singlepic ngg-none\" src=\"http:\/\/adrianwood.ch\/wp-content\/gallery\/scotland29\/image010.jpg\" alt=\"image010\" \/><\/td>\n<\/tr>\n<tr>\n<td colspan=\"2\" width=\"657\" valign=\"top\">6) Busfahrt nach <strong>Broch of Gurness<\/strong>: ca. 2000 Jahre altes, befestigtes Steindorf. Ein wunderbar erhaltenes, <strong>wasserdichtes Aquarium<\/strong> aus Stein mit neolithischen Fischen in der Ecke (Fische klar sichtbar von oben mit einer Guiness B\u00fcchse in der Hand).<\/td>\n<\/tr>\n<tr>\n<td width=\"328\" valign=\"top\">\u00a0<img decoding=\"async\" class=\"ngg-singlepic ngg-none\" src=\"http:\/\/adrianwood.ch\/wp-content\/gallery\/scotland29\/image011.jpg\" alt=\"image011\" \/><\/td>\n<td width=\"329\" valign=\"top\">\u00a0<img decoding=\"async\" class=\"ngg-singlepic ngg-none\" src=\"http:\/\/adrianwood.ch\/wp-content\/gallery\/scotland29\/image012.jpg\" alt=\"image012\" \/><\/td>\n<\/tr>\n<tr>\n<td colspan=\"2\" width=\"657\" valign=\"top\">7) Weiterfahrt nach <strong>Kirkwall<\/strong>, Besichtigung der wundersch\u00f6nen <strong>Kathedrale<\/strong> (12. Jahrhundert), des Bischofspalastes sowie der Stadt. Im Bischofspalast versetzen die \u00dcberreste der ehemaligen <strong>bisch\u00f6flichen Bierbrauerei <\/strong>Jan in einen Zustand heiliger Erregung \u2013 es ist die h\u00f6chste Zeit f\u00fcr den Hoteltransfer\u2026<\/p>\n<p>Es folgen das <em>letzte Abendmahl<\/em> und die <em>letzte \u00dcbernachtung<\/em>. Es war eine wundersch\u00f6ne Reise, man dankt dem Kapo nochmals herzlichst f\u00fcr seine beachtenswerte Vorarbeit und f\u00fcr die perfekte Reiseorganisation\u2026<\/p>\n<p>\u00a0\u00a0\u00a0\u00a0\u00a0\u00a0\u00a0\u00a0\u00a0\u00a0\u00a0\u00a0\u00a0\u00a0\u00a0\u00a0\u00a0\u00a0\u00a0\u00a0\u00a0\u00a0\u00a0\u00a0\u00a0\u00a0\u00a0\u00a0\u00a0\u00a0\u00a0\u00a0\u00a0\u00a0\u00a0\u00a0\u00a0\u00a0\u00a0\u00a0\u00a0\u00a0\u00a0\u00a0\u00a0\u00a0\u00a0\u00a0\u00a0\u00a0\u00a0\u00a0\u00a0\u00a0\u00a0\u00a0\u00a0\u00a0\u00a0\u00a0\u00a0\u00a0\u00a0\u00a0\u00a0\u00a0\u00a0\u00a0\u00a0\u00a0\u00a0\u00a0\u00a0\u00a0\u00a0\u00a0\u00a0\u00a0\u00a0\u00a0\u00a0\u00a0\u00a0\u00a0\u00a0\u00a0\u00a0\u00a0\u00a0\u00a0\u00a0\u00a0\u00a0\u00a0\u00a0\u00a0\u00a0\u00a0\u00a0\u00a0\u00a0\u00a0\u00a0\u00a0\u00a0\u00a0\u00a0\u00a0\u00a0\u00a0\u00a0\u00a0\u00a0\u00a0\u00a0\u00a0\u00a0\u00a0\u00a0\u00a0\u00a0\u00a0\u00a0\u00a0\u00a0\u00a0\u00a0\u00a0\u00a0\u00a0\u00a0 \u00a0\u00a0\u00a0\u00a0\u00a0\u00a0\u00a0\u00a0\u00a0 Ji\u0159\u00ed<\/td>\n<\/tr>\n<\/tbody>\n<\/table>\n<p>\u00a0<img decoding=\"async\" class=\"ngg-singlepic ngg-none\" src=\"http:\/\/adrianwood.ch\/wp-content\/gallery\/scotland29\/image003_0.jpg\" alt=\"image003_0\" \/><\/p>\n<p><img decoding=\"async\" class=\"ngg-singlepic ngg-none\" src=\"http:\/\/adrianwood.ch\/wp-content\/gallery\/scotland29\/image001.gif\" alt=\"image001\" \/><\/p>\n","protected":false},"excerpt":{"rendered":"<p>Freitag, 29.Mai, Orkney Islands, Stromness bis Kirkwall &#8220;Lass den Sonnenschein rein ! \u00a0\u00a0\u00a0Hans Peter und tats\u00e4chlich: kaum ist Hans nach Grimsby abgeflogen, bricht der erste vollst\u00e4ndig wolkenfreie Sonnentag der ganzen Schottlandreise ein \u2013 es ist leider nicht nur der sch\u00f6nste, aber abgesehen vom Flugtag auch der letzte Transfertag. Ein neuer Bus holt uns 09:00 vom &hellip; <a href=\"https:\/\/www.adrianwood.ch\/?page_id=387\" class=\"more-link\">Continue reading <span class=\"screen-reader-text\">05-29 Orkney Mainland<\/span> <span class=\"meta-nav\">&rarr;<\/span><\/a><\/p>\n","protected":false},"author":1,"featured_media":0,"parent":157,"menu_order":2336,"comment_status":"closed","ping_status":"closed","template":"","meta":{"ngg_post_thumbnail":0,"footnotes":""},"class_list":["post-387","page","type-page","status-publish","hentry"],"_links":{"self":[{"href":"https:\/\/www.adrianwood.ch\/index.php?rest_route=\/wp\/v2\/pages\/387","targetHints":{"allow":["GET"]}}],"collection":[{"href":"https:\/\/www.adrianwood.ch\/index.php?rest_route=\/wp\/v2\/pages"}],"about":[{"href":"https:\/\/www.adrianwood.ch\/index.php?rest_route=\/wp\/v2\/types\/page"}],"author":[{"embeddable":true,"href":"https:\/\/www.adrianwood.ch\/index.php?rest_route=\/wp\/v2\/users\/1"}],"replies":[{"embeddable":true,"href":"https:\/\/www.adrianwood.ch\/index.php?rest_route=%2Fwp%2Fv2%2Fcomments&post=387"}],"version-history":[{"count":0,"href":"https:\/\/www.adrianwood.ch\/index.php?rest_route=\/wp\/v2\/pages\/387\/revisions"}],"up":[{"embeddable":true,"href":"https:\/\/www.adrianwood.ch\/index.php?rest_route=\/wp\/v2\/pages\/157"}],"wp:attachment":[{"href":"https:\/\/www.adrianwood.ch\/index.php?rest_route=%2Fwp%2Fv2%2Fmedia&parent=387"}],"curies":[{"name":"wp","href":"https:\/\/api.w.org\/{rel}","templated":true}]}}