{"id":3879,"date":"2015-04-02T12:48:29","date_gmt":"2015-04-02T11:48:29","guid":{"rendered":"http:\/\/adrianwood.ch\/?page_id=3879"},"modified":"2015-04-02T12:48:29","modified_gmt":"2015-04-02T11:48:29","slug":"einfuhrung","status":"publish","type":"page","link":"https:\/\/www.adrianwood.ch\/?page_id=3879","title":{"rendered":"Einf\u00fchrung"},"content":{"rendered":"<p style=\"text-align: justify;\">Weil uns die gr\u00f6sseren Mittelmeerinseln langsam ausgehen, habe ich dieses Jahr eine Halbinsel anstatt einer Insel f\u00fcr unsere Wanderferien ausgew\u00e4hlt \u2013 die Amalfik\u00fcste. Ich hatte sie vor drei Jahre zusammen mit Janet, meiner Frau, besucht, aber nur eine lange Wanderung w\u00e4hrend der vier Tage dort gemacht. Das reichte um zu wissen, wie sch\u00f6n die Landschaft ist und um die Reise und die Unterk\u00fcnfte zu planen, aber nicht um alle Wanderungen zuverl\u00e4ssig zu leiten. Deswegen bin ich einen Monat vor der Gruppenreise zusammen mit Toni Jost noch einmal nach Neapel geflogen. W\u00e4hrend einer Woche haben wir alle Wanderungen, die ich f\u00fcr die Gruppe geplant hatte, ablaufen k\u00f6nnen.<br \/>\n<img decoding=\"async\" class=\"ngg-singlepic ngg-left alignnone\" src=\"http:\/\/adrianwood.ch\/wp-content\/gallery\/amalfi03\/image001_r35.jpg\" alt=\"image001_r35\" \/> <img decoding=\"async\" class=\"ngg-singlepic ngg-left alignnone\" src=\"http:\/\/adrianwood.ch\/wp-content\/gallery\/amalfi03\/image003_r35.jpg\" alt=\"image003_r35\" \/><br \/>\n<img decoding=\"async\" class=\"ngg-singlepic ngg-left\" src=\"http:\/\/adrianwood.ch\/wp-content\/gallery\/amalfi03\/image005_r35.jpg\" alt=\"image005_r35\" \/>Es reichte sogar f\u00fcr einen Besuch von Capri mit einer kurzen Wanderung und einem Badeaufenhalt. Das Wetter in M\u00e4rz war nicht immer sch\u00f6n und wir sind manchmal in Nebel gelaufen. Geregnet hat es aber nur am ersten Abend und wir sind nie nass geworden. Die Wanderungen waren mit einer Ausnahme gut zu finden, und wenn wir kurz falsch gelaufen sind, bin ich selber schuld gewesen. Allerdings hat der Versuch, einer Route um den Monte Avvocata herum zum Santuario dell\u2019 Avvocata aus einem etwas veralteten F\u00fchrer zu folgen, so viel Zeit und Energie gekostet, dass ich am n\u00e4chsten Morgenkaum laufen konnte. Schlussendlich nahmen wir eine direkte Route und kamen \u00fcber endlose Treppen bei einbrechender Dunkelheit sicher nach Maiori hinunter. Es war der letzte Tag der Winterzeit.<br \/>\nIch hatte f\u00fcr die Gruppe jeden Tag eine k\u00fcrzere alternative Wanderung ausgeschrieben, weil ich wusste, das manche Teilnehmer nicht so weit wandern wollten oder konnten. Sie mussten dann nat\u00fcrlich auf eigene Faust durchgef\u00fchrt werden, aber ich hatte sie abgelaufen und konnte die n\u00f6tigen Tips geben. Zum Beispiel auf dem \u201aUnteren Weg der G\u00f6tter\u2019 wo ein grosser Wegweiser in die v\u00f6llig falsche Richtung nach Positano zeigte.<\/p>\n<p style=\"text-align: justify;\"><img decoding=\"async\" class=\"ngg-singlepic ngg-left\" src=\"http:\/\/adrianwood.ch\/wp-content\/gallery\/amalfi03\/image007_r35.jpg\" alt=\"image007_r35\" \/><img decoding=\"async\" class=\"ngg-singlepic ngg-left\" src=\"http:\/\/adrianwood.ch\/wp-content\/gallery\/amalfi03\/image009_r35.jpg\" alt=\"image009_r35\" \/><img decoding=\"async\" class=\"ngg-singlepic ngg-right\" src=\"http:\/\/adrianwood.ch\/wp-content\/gallery\/amalfi03\/image011_r35.jpg\" alt=\"image011_r35\" \/>Der Gegend hat eine lange kulturelle Geschichte und bietet mehr Sehensw\u00fcrdigkeiten als unsere bisherigen Wandergebiete. Kleine Splittergruppen haben dann an manchen Tagen ihr eigenes Ausflugs-programm gestaltet. Die Insel Capri war ein beliebtes Ziel und auch die Thermalb\u00e4der von Ischia haben Besucher von uns angezogen. F\u00fcr den Besuch vom nahliegenden Pompeji hatte ich eine fakultative dreit\u00e4gige Verl\u00e4ngerung in Neapel geplant. Die Mehrheit der Teilnehmer machte davon Gebrauch und erlebte auch dort aktive und interessante Ferientage. Ein Grund nach Neapel zu fliegen boten die sehr g\u00fcnstige Fl\u00fcge mit Easyjet direkt von Basel. Ich habe schon im Dezember gebucht um die besten Preise zu bekommen.<br \/>\n<img decoding=\"async\" class=\"ngg-singlepic ngg-left\" src=\"http:\/\/adrianwood.ch\/wp-content\/gallery\/amalfi03\/image013_r35.jpg\" alt=\"OLYMPUS DIGITAL CAMERA\" \/><img decoding=\"async\" class=\"ngg-singlepic ngg-left\" src=\"http:\/\/adrianwood.ch\/wp-content\/gallery\/amalfi03\/image015_r35.jpg\" alt=\"OLYMPUS DIGITAL CAMERA\" \/>Auch die Hotels in Amalfi, Sant\u2019Agata und Neapel konnten im Internet ausgesucht und reserviert werden. Nur das Hotel in Amalfi kannte ich von fr\u00fcher. Obwohl Sant\u2019Agata als Dorf weniger reizvoll als Amalfi oder Positano ist, stellte es sich als praktisches Wanderzentrum heraus und das Hotel-personal war sehr freundlich und hilfreich. In Neapel w\u00e4hlte ich ein viel teureres aber sch\u00f6n gelegenes Hotel am Meer aus. Wenn wir kein Gep\u00e4ck dabei hatten, haben wir die g\u00fcnstigen \u00f6ffentlichen Busse ben\u00fctzt, ausser nach Agerola und von Colle di San Pietri, wo ich um etwas Zeit zu sparen, nachtr\u00e4glich einen privaten (Sirenbus) Bus organisiert habe. Die einheimischen Fahrer waren sehr geschickt in der Bew\u00e4ltigung der engen, kurvenreichen Strassen, aber bei viel Gegenvekehr kam man trotzdem nur langsam voran.<\/p>\n<p style=\"text-align: justify;\"><img decoding=\"async\" class=\"ngg-singlepic ngg-left\" src=\"http:\/\/adrianwood.ch\/wp-content\/gallery\/amalfi03\/image017_r35.jpg\" alt=\"OLYMPUS DIGITAL CAMERA\" \/><img decoding=\"async\" class=\"ngg-singlepic ngg-left\" src=\"http:\/\/adrianwood.ch\/wp-content\/gallery\/amalfi03\/image019_r35.jpg\" alt=\"image019_r35\" \/>Das Wetter war wahrend der Wanderwoche grossenteils freundlich und wir konnten fast alle Wanderungen planm\u00e4ssig durchf\u00fchren. Ausgerechnet die Wanderung nach dem Santuario dell\u2019 Avvocata, die so viel M\u00fche bei der Vorbereitung verursacht hat, ist ausgefallen. Es gab am ersten Tag der Wanderwoche immer noch Nebel in den Bergen oberhalb von ca 600m. und ich habe deswegen eine Wanderung an der sonnige K\u00fcste von Maiori zur\u00fcck nach Amalfi vorgezogen. Obwohl sie fast ausschliesslich auf Treppen und kleinen betonierten Wegen verlief, hat niemand reklamiert und es gab eine gute Einf\u00fchrung und Einblick in die typischen D\u00f6rfer der Amalfik\u00fcste. Die n\u00e4chsten drei Wanderungen von Amalfi aus in das Valle delle Ferriere, nach Positano auf den \u201aOberen G\u00f6tterweg\u2019 und auf den Monte Commune boten grandiose Aussichten in die Steilw\u00e4nde und Schluchten der K\u00fcstenlandschaft und \u00fcber das Meer bis Capri und den Golf von Neapel. Die Wanderungen um Sant\u2019Agata liefen mehr in K\u00fcstenn\u00e4he und endeten an kleine Buchten. Das Meer wahr noch nicht besonders warm und die Badem\u00f6glichkeiten wurden nicht von allen wahrgenommen. Bei einem alleinstehenden Restaurant in einer dieser Buchte wartete ein ausgezeichnete Fischmittagessen auf uns.<br \/>\n<img decoding=\"async\" class=\"ngg-singlepic ngg-left\" src=\"http:\/\/adrianwood.ch\/wp-content\/gallery\/amalfi03\/image021_r35.jpg\" alt=\"image021_r35\" \/><img decoding=\"async\" class=\"ngg-singlepic ngg-left\" src=\"http:\/\/adrianwood.ch\/wp-content\/gallery\/amalfi03\/image023_r35.jpg\" alt=\"image023_r35\" \/>Die vorletzte Wanderung (eine Schwarze im Rother Wanderf\u00fchrer) verlangte etwas Orientierungskunst durch dichte Macchia und am Schluss den Einsatz der H\u00e4nde beim Abstieg \u00fcber Felsen zum Meer. Leider rutschte Marie-Louise auf einem versteckten losen Stein aus und verdrehte ihr Kn\u00f6chelgelenk. Ich nutzte den Vorteil des Internets um ihren Flug umzubuchen, aber erst am \u00fcbern\u00e4chste Tag im Bruderholzspital, stellte man fest, dass sie das Schienbein gebrochen hatte!<br \/>\nNachdem ein Teil der Gruppe schon abgereist war, fuhr der Rest nach Neapel f\u00fcr den mehr touristischen Teil der Ferien. Unterwegs gab es die Gelegenheit zu einer letzten gemeinsamen Wanderung auf den Vesuv. Sie war nur kurz, weil die Strasse bis ca 100 m. unterhalb des Kraterrands reicht, aber es war eine Vervollst\u00e4ndigung unserer Italienischen Vulkanbesteigungen nach Mount Etna, Stromboli und Vulcano in Jahr 2003. Fr\u00fchnachmittags bezogen wir schon unsere luxuri\u00f6sen Zimmer in Neapel und genossen von unseren Balkonen die prachtvolle Sicht auf das Castel Ouvo und den Golf von Neapel bis zum Vesuv, Capri und Ischia.<\/p>\n<p style=\"text-align: justify;\"><img decoding=\"async\" class=\"ngg-singlepic ngg-left\" src=\"http:\/\/adrianwood.ch\/wp-content\/gallery\/amalfi03\/image027_r35.jpg\" alt=\"image027_r35\" \/><img decoding=\"async\" class=\"ngg-singlepic ngg-left\" src=\"http:\/\/adrianwood.ch\/wp-content\/gallery\/amalfi03\/image025_r35.jpg\" alt=\"image025_r35\" \/>\u00a0\u00a0\u00a0\u00a0\u00a0\u00a0\u00a0\u00a0\u00a0\u00a0\u00a0\u00a0\u00a0\u00a0\u00a0\u00a0\u00a0\u00a0\u00a0\u00a0\u00a0 das beste St\u00fcck<br \/>\nWir verteilten uns in kleine Gruppen um die Stadt zu erkunden, und f\u00fcr manche reichte die Zeit noch um das Museo Archeologico mit seinen vielen Funden aus Pompeji zu besuchen. Am n\u00e4chsten Tag konnte man die Altstadt, andere Museen oder eine Insel besichtigen. Der letzte Tag war f\u00fcr den Besuch der eindr\u00fccklichen Ausgrabungen von Pompeji reserviert. Wir kamen alle zu einem letzten gemeinsamen Nachtessen in einem kleinen Fischrestaurant unter den Mauren des Castel Ouvo zusammen &#8211; ein toller Abschluss zu einer erhohlsamen und genussvollen Wanderwoche.<br \/>\nWie immer danke ich allen meinen Wanderkameraden f\u00fcr ihr entgegengebrachtes Vertrauen und ihr freundliches Mitmachen. Ich hoffe Euch bald wieder auf Wanderungen zu begleiten.<\/p>\n<p style=\"text-align: justify;\">Adrian<\/p>\n","protected":false},"excerpt":{"rendered":"<p>Weil uns die gr\u00f6sseren Mittelmeerinseln langsam ausgehen, habe ich dieses Jahr eine Halbinsel anstatt einer Insel f\u00fcr unsere Wanderferien ausgew\u00e4hlt \u2013 die Amalfik\u00fcste. Ich hatte sie vor drei Jahre zusammen mit Janet, meiner Frau, besucht, aber nur eine lange Wanderung w\u00e4hrend der vier Tage dort gemacht. Das reichte um zu wissen, wie sch\u00f6n die Landschaft &hellip; <a href=\"https:\/\/www.adrianwood.ch\/?page_id=3879\" class=\"more-link\">Continue reading <span class=\"screen-reader-text\">Einf\u00fchrung<\/span> <span class=\"meta-nav\">&rarr;<\/span><\/a><\/p>\n","protected":false},"author":1,"featured_media":0,"parent":1193,"menu_order":2241,"comment_status":"closed","ping_status":"closed","template":"","meta":{"ngg_post_thumbnail":0,"footnotes":""},"class_list":["post-3879","page","type-page","status-publish","hentry"],"_links":{"self":[{"href":"https:\/\/www.adrianwood.ch\/index.php?rest_route=\/wp\/v2\/pages\/3879","targetHints":{"allow":["GET"]}}],"collection":[{"href":"https:\/\/www.adrianwood.ch\/index.php?rest_route=\/wp\/v2\/pages"}],"about":[{"href":"https:\/\/www.adrianwood.ch\/index.php?rest_route=\/wp\/v2\/types\/page"}],"author":[{"embeddable":true,"href":"https:\/\/www.adrianwood.ch\/index.php?rest_route=\/wp\/v2\/users\/1"}],"replies":[{"embeddable":true,"href":"https:\/\/www.adrianwood.ch\/index.php?rest_route=%2Fwp%2Fv2%2Fcomments&post=3879"}],"version-history":[{"count":0,"href":"https:\/\/www.adrianwood.ch\/index.php?rest_route=\/wp\/v2\/pages\/3879\/revisions"}],"up":[{"embeddable":true,"href":"https:\/\/www.adrianwood.ch\/index.php?rest_route=\/wp\/v2\/pages\/1193"}],"wp:attachment":[{"href":"https:\/\/www.adrianwood.ch\/index.php?rest_route=%2Fwp%2Fv2%2Fmedia&parent=3879"}],"curies":[{"name":"wp","href":"https:\/\/api.w.org\/{rel}","templated":true}]}}