{"id":391,"date":"2011-01-16T10:19:37","date_gmt":"2011-01-16T09:19:37","guid":{"rendered":"http:\/\/adrianwood.ch\/"},"modified":"2011-01-16T10:19:37","modified_gmt":"2011-01-16T09:19:37","slug":"05-30-kirkwall-flug","status":"publish","type":"page","link":"https:\/\/www.adrianwood.ch\/?page_id=391","title":{"rendered":"05-30 Kirkwall Flug"},"content":{"rendered":"<h2 style=\"text-align: left;\">Samstag, 30.Mai, Burray \u2013 Kirkwall \u2013 Glasgow \u2013 London \u2013 Basel<\/h2>\n<table border=\"0\" cellspacing=\"0\" cellpadding=\"0\" width=\"660\">\n<tbody>\n<tr>\n<td colspan=\"2\" width=\"660\" valign=\"top\">Unser Abreisetag zeigte sich auch als wetterrm\u00e4ssig perfekt. Schade nur, dass wir nicht fr\u00fcher mehr solches Wetter hatten. Aber ich glaube, alle waren trotzdem zufrieden und auch f\u00fcr mich war es ein sehr befriedigendes Erlebnis, die Schottland Reise vom Jahre 1995 auf diese Weise fortzusetzen. Ich danke allen f\u00fcr ihre Anpassungsf\u00e4higkeit und ihre tolle Kameradschaft und hoffe, dass wir unsere Wanderreisen noch einige Jahre fortsetzen k\u00f6nnen.<\/td>\n<\/tr>\n<tr>\n<td width=\"326\" valign=\"top\">\u00a0<img decoding=\"async\" class=\"ngg-singlepic ngg-none\" src=\"http:\/\/adrianwood.ch\/wp-content\/gallery\/scotland30\/image001.jpg\" alt=\"image001\" \/><\/td>\n<td width=\"334\" valign=\"top\">\u00a0<img decoding=\"async\" class=\"ngg-singlepic ngg-none\" src=\"http:\/\/adrianwood.ch\/wp-content\/gallery\/scotland30\/image002.jpg\" alt=\"image002\" \/><\/td>\n<\/tr>\n<tr>\n<td width=\"326\" valign=\"top\">\u00a0<img decoding=\"async\" class=\"ngg-singlepic ngg-none\" src=\"http:\/\/adrianwood.ch\/wp-content\/gallery\/scotland30\/image003.jpg\" alt=\"image003\" \/><\/td>\n<td width=\"334\" valign=\"top\">\u00a0<img decoding=\"async\" class=\"ngg-singlepic ngg-none\" src=\"http:\/\/adrianwood.ch\/wp-content\/gallery\/scotland30\/image004.jpg\" alt=\"image004\" \/><\/td>\n<\/tr>\n<tr>\n<td colspan=\"2\" width=\"660\" valign=\"top\">\u00a0\u00a0\u00a0\u00a0\u00a0\u00a0\u00a0\u00a0\u00a0\u00a0\u00a0<\/td>\n<\/tr>\n<tr>\n<td width=\"326\" valign=\"top\">\u00a0<img decoding=\"async\" class=\"ngg-singlepic ngg-none\" src=\"http:\/\/adrianwood.ch\/wp-content\/gallery\/scotland30\/image005.jpg\" alt=\"image005\" \/><\/td>\n<td width=\"334\" valign=\"top\">Nach anf\u00e4nglichen Schwierigkeiten mit dem Gep\u00e4cktransport im Hoteleigenen \u201acourtesy bus\u2019, musste kurzfristig ein separater Gep\u00e4cktransporter organisiert werden. So verlief dann auch die Heimreise perfekt. Im Mini-flughafen von Kirkwall war es viel gemutlicher als in grossen Flugh\u00e4fen und vom kleinem Flugzeug aus hatten wir eine sch\u00f6ne Sicht zuerst \u00fcber die ganzen Orkney Inseln und dann \u00fcber das schottische Hochland bevor wir in Glasgow landeten. Es ging bald weiter nach London Heathrow, wo wir zwei sp\u00e4ter Angemeldete, die \u00fcber Aberdeen fliegen mussten, wieder trafen. Nach einem etwas l\u00e4ngerem Aufenhalt flogen wir p\u00fcnktlich weiter nach Basel, wo alle sicher und mit allem Gep\u00e4ck ankamen.\u00a0\u00a0\u00a0\u00a0\u00a0\u00a0\u00a0\u00a0\u00a0\u00a0\u00a0\u00a0\u00a0\u00a0\u00a0\u00a0\u00a0\u00a0\u00a0\u00a0\u00a0\u00a0\u00a0\u00a0\u00a0\u00a0\u00a0\u00a0\u00a0\u00a0\u00a0\u00a0\u00a0\u00a0\u00a0\u00a0\u00a0\u00a0\u00a0\u00a0\u00a0\u00a0\u00a0\u00a0\u00a0\u00a0\u00a0\u00a0\u00a0\u00a0\u00a0\u00a0\u00a0\u00a0 Adrian<\/td>\n<\/tr>\n<tr>\n<td width=\"326\" valign=\"top\">\u00a0<img decoding=\"async\" class=\"ngg-singlepic ngg-none\" src=\"http:\/\/adrianwood.ch\/wp-content\/gallery\/scotland30\/image006.jpg\" alt=\"image006\" \/><\/td>\n<td width=\"334\" valign=\"top\">\u00a0<img decoding=\"async\" class=\"ngg-singlepic ngg-none\" src=\"http:\/\/adrianwood.ch\/wp-content\/gallery\/scotland30\/image007.jpg\" alt=\"image007\" \/><\/td>\n<\/tr>\n<\/tbody>\n<\/table>\n","protected":false},"excerpt":{"rendered":"<p>Samstag, 30.Mai, Burray \u2013 Kirkwall \u2013 Glasgow \u2013 London \u2013 Basel Unser Abreisetag zeigte sich auch als wetterrm\u00e4ssig perfekt. Schade nur, dass wir nicht fr\u00fcher mehr solches Wetter hatten. Aber ich glaube, alle waren trotzdem zufrieden und auch f\u00fcr mich war es ein sehr befriedigendes Erlebnis, die Schottland Reise vom Jahre 1995 auf diese Weise &hellip; <a href=\"https:\/\/www.adrianwood.ch\/?page_id=391\" class=\"more-link\">Continue reading <span class=\"screen-reader-text\">05-30 Kirkwall Flug<\/span> <span class=\"meta-nav\">&rarr;<\/span><\/a><\/p>\n","protected":false},"author":1,"featured_media":0,"parent":157,"menu_order":2337,"comment_status":"closed","ping_status":"closed","template":"","meta":{"ngg_post_thumbnail":0,"footnotes":""},"class_list":["post-391","page","type-page","status-publish","hentry"],"_links":{"self":[{"href":"https:\/\/www.adrianwood.ch\/index.php?rest_route=\/wp\/v2\/pages\/391","targetHints":{"allow":["GET"]}}],"collection":[{"href":"https:\/\/www.adrianwood.ch\/index.php?rest_route=\/wp\/v2\/pages"}],"about":[{"href":"https:\/\/www.adrianwood.ch\/index.php?rest_route=\/wp\/v2\/types\/page"}],"author":[{"embeddable":true,"href":"https:\/\/www.adrianwood.ch\/index.php?rest_route=\/wp\/v2\/users\/1"}],"replies":[{"embeddable":true,"href":"https:\/\/www.adrianwood.ch\/index.php?rest_route=%2Fwp%2Fv2%2Fcomments&post=391"}],"version-history":[{"count":0,"href":"https:\/\/www.adrianwood.ch\/index.php?rest_route=\/wp\/v2\/pages\/391\/revisions"}],"up":[{"embeddable":true,"href":"https:\/\/www.adrianwood.ch\/index.php?rest_route=\/wp\/v2\/pages\/157"}],"wp:attachment":[{"href":"https:\/\/www.adrianwood.ch\/index.php?rest_route=%2Fwp%2Fv2%2Fmedia&parent=391"}],"curies":[{"name":"wp","href":"https:\/\/api.w.org\/{rel}","templated":true}]}}