{"id":3915,"date":"2015-04-02T14:32:35","date_gmt":"2015-04-02T13:32:35","guid":{"rendered":"http:\/\/adrianwood.ch\/?page_id=3915"},"modified":"2015-04-02T14:32:35","modified_gmt":"2015-04-02T13:32:35","slug":"05-01-valle-delle-ferriere","status":"publish","type":"page","link":"https:\/\/www.adrianwood.ch\/?page_id=3915","title":{"rendered":"05-01 Valle delle Ferriere"},"content":{"rendered":"<h2>1. Mai, Valle delle Ferriere<\/h2>\n<p style=\"text-align: justify;\"><img decoding=\"async\" class=\"ngg-singlepic ngg-left\" src=\"http:\/\/adrianwood.ch\/wp-content\/gallery\/amalfi05\/image001_r35.jpg\" alt=\"image001_r35\" \/><img decoding=\"async\" class=\"ngg-singlepic ngg-left\" src=\"http:\/\/adrianwood.ch\/wp-content\/gallery\/amalfi05\/image003_r35.jpg\" alt=\"image003_r35\" \/>Was wir von der Start um 08 Uhr mit dem Treppencorso:<\/p>\n<p style=\"text-align: justify;\">Restaurant-Terrasse unseres Hotels \u201eAmalfi\u201c aus schon gesehen haben, den Treppenweg \u201eSalta dei Padroni\u201c, sp\u00fcren wir nun an unserem eigenen Leib, w\u00e4hrend wir die 260 H\u00f6henmeter (920 Stufen hat Marieke gez\u00e4hlt, 1000 hat Adrian gesch\u00e4tzt) hinaufkraxlen.<\/p>\n<p style=\"text-align: justify;\"><img decoding=\"async\" class=\"ngg-singlepic ngg-left\" src=\"http:\/\/adrianwood.ch\/wp-content\/gallery\/amalfi05\/image005_r35.jpg\" alt=\"image005_r35\" \/><img decoding=\"async\" class=\"ngg-singlepic ngg-left\" src=\"http:\/\/adrianwood.ch\/wp-content\/gallery\/amalfi05\/image007_r35.jpg\" alt=\"image007_r35\" \/>Dazwischen immer wieder sch\u00f6ne Ausblicke auf das St\u00e4dtchen Amalfi in der Morgensonne. Nach einer Pause auf dem Kirchplatz von Pontone geht es um 10 Uhr weiter, diesmal in gem\u00e4chlicher Steigung, und wir traversieren den zum Teil felsigen Hang der Valle delle Ferriere, auf dem Weg der Wasserleitung bis zum Talkessel, wo wir an den Wasserf\u00e4llen im Walde, bei etwas tr\u00fcbem Wetter, Mittagspause machen.<\/p>\n<p style=\"text-align: justify;\"><img decoding=\"async\" class=\"ngg-singlepic ngg-right\" src=\"http:\/\/adrianwood.ch\/wp-content\/gallery\/amalfi05\/image009_r35.jpg\" alt=\"image009_r35\" \/>Wir bewundern die sch\u00f6ne Flora, so die violetten Zyklamen und sp\u00e4ter die blassrosa Orchideen. Bald geht es weiter auf der anderen Talseite, fast ebenhin, mit sch\u00f6nen Blicken in Richtung Meer, und dabei lichtet das Wetter immer mehr auf. Nach einer Pause bei der \u201eOasis del Cacchiatore\u201c \u2013 einem rustikalen Bauernhof \u2013 geht\u2019s durch Terrassen-g\u00e4rten herunter nach Pogerola (326 m), wo wir uns in der \u201eCocktail-Bar\u201c ein frisches Bier zu Gem\u00fcte f\u00fchren.<\/p>\n<p><img decoding=\"async\" class=\"ngg-singlepic ngg-left\" src=\"http:\/\/adrianwood.ch\/wp-content\/gallery\/amalfi05\/image011.jpg\" alt=\"image011\" \/>Der nun folgende Abstieg auf dem Serpentinen-Saumweg nach Amalfi bei milder Nachmittagssonne ist ein herrlicher Abschluss unserer heutigen Tour um 16 Uhr. Abends werden wir im Ristorante del Theatro, wo wir schon am ersten Abend assen, mit einem feinen Fischessen und ausgezeichnetem lokalem Wein verw\u00f6hnt.<br \/>\nPhilippe<\/p>\n","protected":false},"excerpt":{"rendered":"<p>1. Mai, Valle delle Ferriere Was wir von der Start um 08 Uhr mit dem Treppencorso: Restaurant-Terrasse unseres Hotels \u201eAmalfi\u201c aus schon gesehen haben, den Treppenweg \u201eSalta dei Padroni\u201c, sp\u00fcren wir nun an unserem eigenen Leib, w\u00e4hrend wir die 260 H\u00f6henmeter (920 Stufen hat Marieke gez\u00e4hlt, 1000 hat Adrian gesch\u00e4tzt) hinaufkraxlen. Dazwischen immer wieder sch\u00f6ne &hellip; <a href=\"https:\/\/www.adrianwood.ch\/?page_id=3915\" class=\"more-link\">Continue reading <span class=\"screen-reader-text\">05-01 Valle delle Ferriere<\/span> <span class=\"meta-nav\">&rarr;<\/span><\/a><\/p>\n","protected":false},"author":1,"featured_media":0,"parent":1193,"menu_order":2243,"comment_status":"closed","ping_status":"closed","template":"","meta":{"ngg_post_thumbnail":0,"footnotes":""},"class_list":["post-3915","page","type-page","status-publish","hentry"],"_links":{"self":[{"href":"https:\/\/www.adrianwood.ch\/index.php?rest_route=\/wp\/v2\/pages\/3915","targetHints":{"allow":["GET"]}}],"collection":[{"href":"https:\/\/www.adrianwood.ch\/index.php?rest_route=\/wp\/v2\/pages"}],"about":[{"href":"https:\/\/www.adrianwood.ch\/index.php?rest_route=\/wp\/v2\/types\/page"}],"author":[{"embeddable":true,"href":"https:\/\/www.adrianwood.ch\/index.php?rest_route=\/wp\/v2\/users\/1"}],"replies":[{"embeddable":true,"href":"https:\/\/www.adrianwood.ch\/index.php?rest_route=%2Fwp%2Fv2%2Fcomments&post=3915"}],"version-history":[{"count":0,"href":"https:\/\/www.adrianwood.ch\/index.php?rest_route=\/wp\/v2\/pages\/3915\/revisions"}],"up":[{"embeddable":true,"href":"https:\/\/www.adrianwood.ch\/index.php?rest_route=\/wp\/v2\/pages\/1193"}],"wp:attachment":[{"href":"https:\/\/www.adrianwood.ch\/index.php?rest_route=%2Fwp%2Fv2%2Fmedia&parent=3915"}],"curies":[{"name":"wp","href":"https:\/\/api.w.org\/{rel}","templated":true}]}}