{"id":3921,"date":"2015-04-02T15:38:04","date_gmt":"2015-04-02T14:38:04","guid":{"rendered":"http:\/\/adrianwood.ch\/?page_id=3921"},"modified":"2020-01-11T15:43:44","modified_gmt":"2020-01-11T15:43:44","slug":"05-02-capo-moro","status":"publish","type":"page","link":"https:\/\/www.adrianwood.ch\/?page_id=3921","title":{"rendered":"05-02 Capo Moro"},"content":{"rendered":"<div class=\"pmdi_content_wrapper\">\n<h2 class=\"Normal-P\" style=\"margin-bottom: 6pt; text-align: justify; text-justify: inter-ideograph; direction: ltr; unicode-bidi: normal;\"><span class=\"Normal-H\"><span style=\"font-weight: bold; font-size: 11pt;\">2. Mai, <\/span><span style=\"font-weight: bold; font-size: 11pt;\">Agerola\/Bomerano <\/span><span style=\"font-weight: bold; font-size: 11pt;\">&#8211;<\/span><span style=\"font-weight: bold; font-size: 11pt;\"> Capo Muro<\/span><span style=\"font-weight: bold; font-size: 11pt;\"> &#8211; <\/span><span style=\"font-weight: bold; font-size: 11pt;\">Caserma Forestale<\/span><span style=\"font-weight: bold; font-size: 11pt;\">&#8211;<\/span><span style=\"font-weight: bold; font-size: 11pt;\">Santa Maria del Castello <\/span><span style=\"font-weight: bold; font-size: 11pt;\">&#8211;<\/span><span style=\"font-weight: bold; font-size: 11pt;\"> Positano<\/span><\/span><\/h2>\n<p class=\"Normal-P\" style=\"margin-bottom: 6pt; text-align: justify; text-justify: inter-ideograph; direction: ltr; unicode-bidi: normal;\"><span class=\"Normal-H\"><\/span><\/p>\n<table class=\"TableNormal-T\" style=\"width: 481.7pt; border-collapse: collapse;\" cellspacing=\"0\">\n<tbody>\n<tr class=\"-R\">\n<td class=\"-C\" style=\"width: 481.7pt; background-color: transparent;\" colspan=\"2\">\n<p class=\"Normal-P\" style=\"margin-bottom: 6pt; text-align: justify; text-justify: inter-ideograph; direction: ltr; unicode-bidi: normal;\"><span class=\"Normal-H\"><span style=\"font-size: 11pt;\">Wir waren total 32 Personen, die am Hafen von Amalfi den Bus bestiegen um auf die etwas l\u00e4ngere Wander-Strecke von Agerola nach Positano unter die F\u00fcsse zu nehmen. Zun\u00e4chst war eine Busfahrt von Amalfi nach Agerola zu bew\u00e4ltigen, die uns den typischen Nervenkitzel vermittelte, den unweigerlich jeden Automobilisten befallen, wenn er sich der K\u00fcstenstrasse entlang der Amalfik\u00fcste fortbewegen will. Das Kreuzen von gr\u00f6sseren Fahrzeugen stellt f\u00fcr die betro<\/span><span style=\"font-size: 11pt;\">ffenen Chauffeure ein m\u00fchseliges Vor und Zur\u00fcck mit oft nur Zentimeter grossen Abst\u00e4nden zu Fahrzeug und Felswand dar und war in der Folge denn auch entsprechend zeitaufw\u00e4ndig. Ganz ohne Kratzer ging es dann aber doch nicht ab, man hofft, dass sich die Gegenspieler g\u00fctlich einigen konnten.<\/span><\/span><\/p>\n<\/td>\n<\/tr>\n<tr class=\"-R\">\n<td class=\"-C\" style=\"width: 252.3pt; background-color: transparent;\">\n<p class=\"Normal-P\" style=\"margin-bottom: 6pt; text-align: justify; text-justify: inter-ideograph; direction: ltr; unicode-bidi: normal;\"><span class=\"Normal-H\"><span style=\"font-size: 11pt;\"><img decoding=\"async\" src=\"http:\/\/www.adrianwood.ch\/wp-content\/uploads\/2020\/01\/1578757386_image1.jpeg\" data-link=\"\" width=\"320px       \" height=\"206.060577427822px       \"><\/span><\/span><\/p>\n<\/td>\n<td class=\"-C\" style=\"width: 229.4pt; background-color: transparent;\">\n<p class=\"Normal-P\" style=\"margin-bottom: 6pt; text-align: justify; text-justify: inter-ideograph; direction: ltr; unicode-bidi: normal;\"><span class=\"Normal-H\"><span style=\"font-size: 11pt;\"><img decoding=\"async\" src=\"http:\/\/www.adrianwood.ch\/wp-content\/uploads\/2020\/01\/1578757386_image2.jpeg\" data-link=\"\" width=\"310.568503937008px       \" height=\"206px       \"><\/span><span style=\"font-size: 11pt;\">.<\/span><\/span><\/p>\n<\/td>\n<\/tr>\n<tr class=\"-R\">\n<td class=\"-C\" style=\"width: 481.7pt; background-color: transparent;\" colspan=\"2\">\n<p class=\"Normal-P\" style=\"margin-bottom: 6pt; text-align: justify; text-justify: inter-ideograph; direction: ltr; unicode-bidi: normal;\"><span class=\"Normal-H\"><span style=\"font-size: 11pt;\">Leichte Nebelschwaden verdeckten ab und zu den einmaligen Tiefblick auf das Mittelmeer. Nach dem Bew\u00e4ltigen einiger Treppen erreichten wir eine Betonpiste namens Via Pendola, die sich mit stetiger Steigung dem Berghang entlang wand. Ein erster Aussichtspunkt fand sich bei einem merkw\u00fcrdigen kleinen Altar, nur mit der Aussicht war es nicht weit her. Nebelschwaden blockierten auch hier die Tiefsicht. Daf\u00fcr konnten jene, die zu grosse Banknoten mit <\/span><span style=\"font-size: 11pt;\">dabei hatten<\/span><span style=\"font-size: 11pt;\">, diese gleich gegen Kleingeld eintauschen.<\/span><\/span><\/p>\n<p class=\"Normal-P\" style=\"margin-bottom: 6pt; text-align: justify; text-justify: inter-ideograph; direction: ltr; unicode-bidi: normal;\"><span class=\"Normal-H\"><span style=\"font-size: 11pt;\">Immerhin schafften wir es in etwas mehr als einer Stunde in Bomerano in 636 m H\u00f6he, dem Ausgangspunkt unserer Wanderung, anzu-kommen. Auf der Piazza Paolo Capasso hielt unser Bus, die Wanderfreudigen teilten sich sodann in zwei fast gleich starke Gruppen, die Abteilung der Genusswanderer und die Abteilung der Angefressenen. Die letztere Gruppe, der ich selber angeh\u00f6rte, machte sich dann sogleich \u00fcber die Via Piano an den Aufstieg zum Capo <\/span><span style=\"font-size: 11pt;\">Muro<\/span><span style=\"font-size: 11pt;\">.<\/span><\/span><\/p>\n<\/td>\n<\/tr>\n<tr class=\"-R\">\n<td class=\"-C\" style=\"width: 481.7pt; background-color: transparent;\" colspan=\"2\">\n<p class=\"Normal-P\" style=\"margin-bottom: 6pt; text-align: justify; text-justify: inter-ideograph; direction: ltr; unicode-bidi: normal;\"><span class=\"Normal-H\"><span style=\"font-size: 11pt;\">Wenig sp\u00e4ter erreichten wir den h\u00f6chsten Punkt unserer Wanderung, den Capo Muro auf einer H\u00f6he von 1072 m. Hier war dann ein kleiner Halt angesagt, der von Rafaello gleich zum Besteigen des kleinen Felsblockes genutzt wurde. Dort posierte er dann als S\u00e4ulenheiliger und dankbares Photosujet aller mit Kameras bewaffneten TeilnehmerInnen. <\/span><\/span><\/p>\n<p class=\"Normal-P\" style=\"margin-bottom: 6pt; text-align: justify; text-justify: inter-ideograph; direction: ltr; unicode-bidi: normal;\"><span class=\"Normal-H\"><span style=\"font-size: 11pt;\">Kurze Zeit sp\u00e4ter erreichten wir eine Schotterpiste der wir folgten, bis der Weg \u00fcber eine Flanke rechts \u00fcber Serpentinen in die H\u00f6he f\u00fchrte. Zur linken fanden wir eine Gruppe Ziegen, die das karge Gras zupften und sich auch am Laub von B\u00e4umen und Str\u00e4uchern g\u00fctlich taten.<\/span><\/span><\/p>\n<\/td>\n<\/tr>\n<tr class=\"-R\" style=\"height: 79.15pt;\">\n<td class=\"-C\" style=\"width: 252.3pt; background-color: transparent;\">\n<p class=\"Normal-P\" style=\"margin-bottom: 6pt; text-align: justify; text-justify: inter-ideograph; direction: ltr; unicode-bidi: normal;\"><span class=\"Normal-H\"><span style=\"font-size: 11pt;\"><img decoding=\"async\" src=\"http:\/\/www.adrianwood.ch\/wp-content\/uploads\/2020\/01\/1578757386_image3.jpeg\" data-link=\"\" width=\"315.527664041995px       \" height=\"210px       \"><\/span><\/span><\/p>\n<\/td>\n<td class=\"-C\" style=\"width: 229.4pt; background-color: transparent;\">\n<p class=\"Normal-P\" style=\"margin-bottom: 6pt; text-align: justify; text-justify: inter-ideograph; direction: ltr; unicode-bidi: normal;\"><span class=\"Normal-H\"><span style=\"font-size: 11pt;\"><img decoding=\"async\" src=\"http:\/\/www.adrianwood.ch\/wp-content\/uploads\/2020\/01\/1578757386_image4.jpeg\" data-link=\"\" width=\"314.019947506562px       \" height=\"209px       \"><\/span><\/span><\/p>\n<\/td>\n<\/tr>\n<tr class=\"-R\">\n<td class=\"-C\" style=\"width: 481.7pt; background-color: transparent;\" colspan=\"2\">\n<p class=\"Normal-P\" style=\"margin-bottom: 6pt; text-align: justify; text-justify: inter-ideograph; direction: ltr; unicode-bidi: normal;\"><span class=\"Normal-H\"><span style=\"font-size: 11pt;\">Der von dort <\/span><span style=\"font-size: 11pt;\">weiter f\u00fchrende<\/span><span style=\"font-size: 11pt;\"> Weg war gut markiert und eigentlich naturgegeben. Allerdings verlor er sich sp\u00e4ter zunehmend in einem Gewirr von Scheinwegen und oft unter B\u00fcschen und niedrigen Steineichen <\/span><span style=\"font-size: 11pt;\">verdeckten Markierungen. Also kam es, wie es kommen musste, die Gruppe verlor den vom CAI angelegten rot-weissen Faden und geriet auf Abwege. Schliesslich blies Adrian zur R\u00fcckkehr, die vermisste Wegmarkierung wurde <\/span><span style=\"font-size: 11pt;\">wieder gefunden<\/span><span style=\"font-size: 11pt;\"> und sachte zum Campo die Galli abgestiegen. Kurz darauf kam ein erneuter ruppiger Aufstieg, der wegen eines vor drei Jahren erfolgten Bergsturzes vom Monte Sant\u2019Angelo neu angelegt worden war. Zum Teil auf allen Vieren wurde diese Strecke bew\u00e4ltigt und darauf in leichter Blockkletterei die Bergsturzstrecke \u00fcberwunden.<\/span><\/span><\/p>\n<\/td>\n<\/tr>\n<tr class=\"-R\">\n<td class=\"-C\" style=\"width: 252.3pt; background-color: transparent;\">\n<p class=\"Normal-P\" style=\"margin-bottom: 6pt; text-align: justify; text-justify: inter-ideograph; direction: ltr; unicode-bidi: normal;\"><span class=\"Normal-H\"><span style=\"font-size: 11pt;\"><img decoding=\"async\" src=\"http:\/\/www.adrianwood.ch\/wp-content\/uploads\/2020\/01\/1578757386_image5.jpeg\" data-link=\"\" width=\"320.744566929134px       \" height=\"361px       \"><\/span><\/span><\/p>\n<\/td>\n<td class=\"-C\" style=\"width: 229.4pt; background-color: transparent;\">\n<p class=\"Normal-P\" style=\"margin-bottom: 6pt; text-align: justify; text-justify: inter-ideograph; direction: ltr; unicode-bidi: normal;\"><span class=\"Normal-H\"><span style=\"font-size: 11pt;\"><img decoding=\"async\" src=\"http:\/\/www.adrianwood.ch\/wp-content\/uploads\/2020\/01\/1578757386_image6.jpeg\" data-link=\"\" width=\"313px       \" height=\"365.166719160105px       \"><\/span><\/span><\/p>\n<\/td>\n<\/tr>\n<tr class=\"-R\">\n<td class=\"-C\" style=\"width: 481.7pt; background-color: transparent;\" colspan=\"2\">\n<p class=\"Normal-P\" style=\"margin-bottom: 6pt; text-align: justify; text-justify: inter-ideograph; direction: ltr; unicode-bidi: normal;\"><span class=\"Normal-H\"><span style=\"font-size: 11pt;\">Nun fand eine Mehrzahl der Gruppe eine Mittagsrast f\u00fcr angebracht. Das Wetter lud zwar nicht gerade zum Grillieren ein -die Nebelschwaden waren noch immer allgegen-w\u00e4rtig- aber f\u00fcr einen Schluck aus der Feldflasche und ein Eingeklemmtes waren die Temperaturen doch freundlich genug. <\/span><\/span><\/p>\n<p class=\"Normal-P\" style=\"margin-bottom: 6pt; text-align: justify; text-justify: inter-ideograph; direction: ltr; unicode-bidi: normal;\"><span class=\"Normal-H\"><span style=\"font-size: 11pt;\">Lang verweilen wollten wir ohnehin nicht, lag doch noch ein gutes Wegst\u00fcck vor uns. <\/span><\/span><\/p>\n<p class=\"Normal-P\" style=\"margin-bottom: 6pt; text-align: justify; text-justify: inter-ideograph; direction: ltr; unicode-bidi: normal;\"><span class=\"Normal-H\"><span style=\"font-size: 11pt;\">Der weitere Weg f\u00fchrte uns \u00fcber die sch\u00f6ne Aussichtsplattform \u201eI Trasiti\u201c zur tiefer gelegenen <\/span><span style=\"font-size: 11pt;\">Caserma<\/span><span style=\"font-size: 11pt;\">Forestale<\/span><span style=\"font-size: 11pt;\">.<\/span><span style=\"font-size: 11pt;\"> Das Wetter hatte sich inzwischen m\u00e4chtig verbessert, die Sonne enorm an Kraft zugelegt, sodass hier und dort der Schweiss weggewischt werden musste. Die Caserma Forestale liessen wir allerdings kurzerhand links liegen und strebten durch einen Wald mit S\u00e4ulenwacholdern Kiefern und Schirmpinien der Ortschaft Mandrone und der Kirche Santa Maria del Castello zu. <\/span><\/span><\/p>\n<\/td>\n<\/tr>\n<tr class=\"-R\">\n<td class=\"-C\" style=\"width: 252.3pt; background-color: transparent;\">\n<p class=\"Normal-P\" style=\"margin-bottom: 6pt; text-align: justify; text-justify: inter-ideograph; direction: ltr; unicode-bidi: normal;\"><span class=\"Normal-H\"><span style=\"font-size: 11pt;\"><img decoding=\"async\" src=\"http:\/\/www.adrianwood.ch\/wp-content\/uploads\/2020\/01\/1578757386_image7.jpeg\" data-link=\"\" width=\"321.537847769029px       \" height=\"214px       \"><\/span><\/span><\/p>\n<\/td>\n<td class=\"-C\" style=\"width: 229.4pt; background-color: transparent;\">\n<p class=\"Normal-P\" style=\"margin-bottom: 6pt; text-align: justify; text-justify: inter-ideograph; direction: ltr; unicode-bidi: normal;\"><span class=\"Normal-H\"><span style=\"font-size: 11pt;\"><img decoding=\"async\" src=\"http:\/\/www.adrianwood.ch\/wp-content\/uploads\/2020\/01\/1578757386_image8.jpeg\" data-link=\"\" width=\"321px       \" height=\"214px       \"><\/span><\/span><\/p>\n<\/td>\n<\/tr>\n<tr class=\"-R\">\n<td class=\"-C\" style=\"width: 481.7pt; background-color: transparent;\" colspan=\"2\">\n<p class=\"Normal-P\" style=\"margin-bottom: 6pt; text-align: justify; text-justify: inter-ideograph; direction: ltr; unicode-bidi: normal;\"><span class=\"Normal-H\"><span style=\"font-size: 11pt;\">Die Sicht auf die Bergw\u00e4lder war atemberaubend sch\u00f6n. Zypressen reckten sich wie Kerzen in die H\u00f6he und bildeten einen einmaligen Kontrast zu den hellen Kalksteinfelsen und dem blauen Meer im Hintergrund. Sobald wir aus dem Wald traten gelangten wir zu einigen Geh\u00f6ften und in kurzer Distanz kam die Kirche Santa Maria del Castello in Sicht. \u00dcber eine asphaltierte Strasse gelangten wir an einem Restaurant vorbei <\/span><span style=\"font-size: 11pt;\">zur Kirche, die wir \u00fcber eine Treppe erreichten. Die Eingangst\u00fcre zur Kirche war verschlossen und einige Muratori waren vor der Kirche dabei, L\u00f6cher im strapazierten Mauerwerk zu flicken.<\/span><\/span><\/p>\n<\/td>\n<\/tr>\n<tr class=\"-R\">\n<td class=\"-C\" style=\"width: 252.3pt; background-color: transparent;\">\n<p class=\"Normal-P\" style=\"margin-bottom: 6pt; text-align: justify; text-justify: inter-ideograph; direction: ltr; unicode-bidi: normal;\"><span class=\"Normal-H\"><span style=\"font-size: 11pt;\"><img decoding=\"async\" src=\"http:\/\/www.adrianwood.ch\/wp-content\/uploads\/2020\/01\/1578757386_image9.jpeg\" data-link=\"\" width=\"314px       \" height=\"244.601364829396px       \"><\/span><\/span><\/p>\n<\/td>\n<td class=\"-C\" style=\"width: 229.4pt; background-color: transparent;\">\n<p class=\"Normal-P\" style=\"margin-bottom: 6pt; text-align: justify; text-justify: inter-ideograph; direction: ltr; unicode-bidi: normal;\"><span class=\"Normal-H\"><span style=\"font-size: 11pt;\"><img decoding=\"async\" src=\"http:\/\/www.adrianwood.ch\/wp-content\/uploads\/2020\/01\/1578757386_image10.jpeg\" data-link=\"\" width=\"321.144041994751px       \" height=\"238px       \"><\/span><\/span><\/p>\n<\/td>\n<\/tr>\n<tr class=\"-R\">\n<td class=\"-C\" style=\"width: 481.7pt; background-color: transparent;\" colspan=\"2\">\n<p class=\"Normal-P\" style=\"margin-bottom: 6pt; text-align: justify; text-justify: inter-ideograph; direction: ltr; unicode-bidi: normal;\"><span class=\"Normal-H\"><span style=\"font-size: 11pt;\">Wir entschieden uns f\u00fcr eine kurze Pause im Restaurant am Fusse der Kirche und setzten darauf unseren Weg fort in Richtung Positano. Einige wollte ja unbedingt das Schiff um 17:00 Uhr zur\u00fcck nach Amalfi erwischen <\/span><span style=\"font-size: 11pt;\">und es<\/span><span style=\"font-size: 11pt;\"> war immerhin noch der Abstieg von 685 m auf 0 m zu bew\u00e4ltigen. Gl\u00fccklicherweise lag diese Wegstrecke im Schatten des M. Comune und des Capo di Masina. In endlosen Serpentinen wand sich der Weg \u00fcber eine Steilstufe und gew\u00e4hrte einen grossartigen Tiefblick auf das malerische St\u00e4dtchen <\/span><span style=\"font-size: 11pt;\">Positano<\/span><span style=\"font-size: 11pt;\">.<\/span><\/span><\/p>\n<\/td>\n<\/tr>\n<tr class=\"-R\">\n<td class=\"-C\" style=\"width: 252.3pt; background-color: transparent;\">\n<p class=\"Normal-P\" style=\"margin-bottom: 6pt; text-align: justify; text-justify: inter-ideograph; direction: ltr; unicode-bidi: normal;\"><span class=\"Normal-H\"><span style=\"font-size: 11pt;\"><img decoding=\"async\" src=\"http:\/\/www.adrianwood.ch\/wp-content\/uploads\/2020\/01\/1578757386_image11.jpeg\" data-link=\"\" width=\"318px       \" height=\"229.282729658793px       \"><\/span><\/span><\/p>\n<\/td>\n<td class=\"-C\" style=\"width: 229.4pt; background-color: transparent;\">\n<p class=\"Normal-P\" style=\"margin-bottom: 6pt; text-align: justify; text-justify: inter-ideograph; direction: ltr; unicode-bidi: normal;\"><span class=\"Normal-H\"><span style=\"font-size: 11pt;\"><img decoding=\"async\" src=\"http:\/\/www.adrianwood.ch\/wp-content\/uploads\/2020\/01\/1578757386_image12.jpeg\" data-link=\"\" width=\"308.395695538058px       \" height=\"226px       \"><\/span><\/span><\/p>\n<\/td>\n<\/tr>\n<tr class=\"-R\">\n<td class=\"-C\" style=\"width: 481.7pt; background-color: transparent;\" colspan=\"2\">\n<p class=\"Normal-P\" style=\"margin-bottom: 6pt; text-align: justify; text-justify: inter-ideograph; direction: ltr; unicode-bidi: normal;\"><span class=\"Normal-H\"><span style=\"font-size: 11pt;\">Die Spitzengruppe erreichte den Sandstrand am Meer in etwas mehr als 45 Minuten und erlabte sich all sogleich an einem k\u00fchlen Bier und genoss die wundervolle Meersicht. Es war reichlich verdient. Ob dies allerdings den exorbitanten Preis rechtfertigen mag bleibe dahingestellt. <\/span><\/span><\/p>\n<p class=\"Normal-P\" style=\"margin-bottom: 6pt; text-align: justify; text-justify: inter-ideograph; direction: ltr; unicode-bidi: normal;\"><span class=\"Normal-H\"><span style=\"font-size: 11pt;\">Die Gruppe der Genusswanderer hatte f\u00fcr uns das Gel\u00e4nde bereits sondiert und mit guten Ratschl\u00e4gen aufgewartet bez\u00fcglich der Beschaffung von Bootstickets. Mit der Zeit trafen auch die Nachz\u00fcgler ein und das Gros der Gruppe r\u00fcstete sich f\u00fcr die R\u00fcckfahrt nach Amalfi. Einige Unentwegte wollten sich allerdings noch im Meer tummeln und erst sp\u00e4ter die R\u00fcckfahrt antreten.<\/span><\/span><\/p>\n<p class=\"Normal-P\" style=\"margin-bottom: 6pt; text-align: justify; text-justify: inter-ideograph; direction: ltr; unicode-bidi: normal;\"><span class=\"Normal-H\"><span style=\"font-size: 11pt;\">Die R\u00fcckfahrt war jedenfalls sehr erholsam, Staus und riskante Man\u00f6ver waren keine zu verzeichnen. Alle erreichten unser Hotel in Amalfi ohne gr\u00f6ssere Probleme.<\/span><\/span><\/p>\n<p class=\"Normal-P\" style=\"margin-bottom: 6pt; text-align: justify; text-justify: inter-ideograph; direction: ltr; unicode-bidi: normal;\"><span class=\"Normal-H\"><span style=\"font-size: 11pt;\">Besten Dank an Adrian f\u00fcr die gute F\u00fchrung!<\/span><\/span><\/p>\n<p class=\"Normal-P\" style=\"margin-bottom: 6pt; text-align: justify; text-justify: inter-ideograph; direction: ltr; unicode-bidi: normal;\"><span class=\"Normal-H\"><span style=\"font-size: 11pt;\">Franz<\/span><\/span><\/p>\n<\/td>\n<\/tr>\n<p><!-- [if !supportMisalignedColumns]--><\/tbody>\n<\/table>\n<\/div>\n","protected":false},"excerpt":{"rendered":"<p>2. Mai, Agerola\/Bomerano &#8211; Capo Muro &#8211; Caserma Forestale&#8211;Santa Maria del Castello &#8211; Positano Wir waren total 32 Personen, die am Hafen von Amalfi den Bus bestiegen um auf die etwas l\u00e4ngere Wander-Strecke von Agerola nach Positano unter die F\u00fcsse zu nehmen. Zun\u00e4chst war eine Busfahrt von Amalfi nach Agerola zu bew\u00e4ltigen, die uns den &hellip; <a href=\"https:\/\/www.adrianwood.ch\/?page_id=3921\" class=\"more-link\">Continue reading <span class=\"screen-reader-text\">05-02 Capo Moro<\/span> <span class=\"meta-nav\">&rarr;<\/span><\/a><\/p>\n","protected":false},"author":1,"featured_media":0,"parent":1193,"menu_order":2244,"comment_status":"closed","ping_status":"closed","template":"","meta":{"ngg_post_thumbnail":0,"footnotes":""},"class_list":["post-3921","page","type-page","status-publish","hentry"],"_links":{"self":[{"href":"https:\/\/www.adrianwood.ch\/index.php?rest_route=\/wp\/v2\/pages\/3921","targetHints":{"allow":["GET"]}}],"collection":[{"href":"https:\/\/www.adrianwood.ch\/index.php?rest_route=\/wp\/v2\/pages"}],"about":[{"href":"https:\/\/www.adrianwood.ch\/index.php?rest_route=\/wp\/v2\/types\/page"}],"author":[{"embeddable":true,"href":"https:\/\/www.adrianwood.ch\/index.php?rest_route=\/wp\/v2\/users\/1"}],"replies":[{"embeddable":true,"href":"https:\/\/www.adrianwood.ch\/index.php?rest_route=%2Fwp%2Fv2%2Fcomments&post=3921"}],"version-history":[{"count":3,"href":"https:\/\/www.adrianwood.ch\/index.php?rest_route=\/wp\/v2\/pages\/3921\/revisions"}],"predecessor-version":[{"id":21491,"href":"https:\/\/www.adrianwood.ch\/index.php?rest_route=\/wp\/v2\/pages\/3921\/revisions\/21491"}],"up":[{"embeddable":true,"href":"https:\/\/www.adrianwood.ch\/index.php?rest_route=\/wp\/v2\/pages\/1193"}],"wp:attachment":[{"href":"https:\/\/www.adrianwood.ch\/index.php?rest_route=%2Fwp%2Fv2%2Fmedia&parent=3921"}],"curies":[{"name":"wp","href":"https:\/\/api.w.org\/{rel}","templated":true}]}}