{"id":3951,"date":"2015-04-03T10:01:45","date_gmt":"2015-04-03T09:01:45","guid":{"rendered":"http:\/\/adrianwood.ch\/?page_id=3951"},"modified":"2015-04-03T10:01:45","modified_gmt":"2015-04-03T09:01:45","slug":"05-04-campanella","status":"publish","type":"page","link":"https:\/\/www.adrianwood.ch\/?page_id=3951","title":{"rendered":"05-04 Campanella"},"content":{"rendered":"<h2>4.Mai, Sant\u2019Agata\u2013Termini\u2013Kapelle San Costanzo\u2013Punta Campanella\u2013Termini<\/h2>\n<p style=\"text-align: justify;\">P\u00fcnktlich um 9.15 stehen die Wanderfreudigen unseres Sportclubs bei der Bushaltestelle in Sant\u2019 Agata. Der Bus f\u00e4hrt durch eine typisch mediterrane Gartenlandschaft durch D\u00f6rfer wie Pastena,, Monticchico und Casa nach Termini. Die Dorfplatz\u2013Terrasse bietet sich einen wundersch\u00f6nen Blick auf Capri \u2013 es werden die ersten Bilder des Tages geknipst.<br \/>\n<img decoding=\"async\" class=\"ngg-singlepic ngg-left\" src=\"http:\/\/adrianwood.ch\/wp-content\/gallery\/amalfi09\/image001_r35.jpg\" alt=\"image001_r35\" \/>Wir werden heute zur westlichsten Landspitze der Sorrentinischen Halbinsel, zur Punta Campanella wandern. Am Abend des heutigen Tages konnte ich von einem Aussichtspunkt in Sant\u2019 Agata ein Bild der beiden Berge aufnehmen, die wir am Morgen \u00fcberquerten, den San Costanzo und den San Croce.<br \/>\nDer h\u00f6chste H\u00fcgel des Gebietes um Massa Lubrese hat zwei Spitzen. Auf der \u00f6stlichen, San Costanzo( 486m) befindet sich die kleine Kapelle aus dem 16. Jahrh. Von hier aus hat man eine herrliche Aussicht auf die beiden Golfe von Neapel und Salerno. Die andere Spitze, der San Croce ist nicht zug\u00e4nglich, der Wanderweg f\u00fchrt jedoch aussen herum und bietet grandiose Ausblicke auf Capri.<\/p>\n<p style=\"text-align: justify;\"><img decoding=\"async\" class=\"ngg-singlepic ngg-left\" src=\"http:\/\/adrianwood.ch\/wp-content\/gallery\/amalfi09\/image003_r35.jpg\" alt=\"image003_r35\" \/><img decoding=\"async\" class=\"ngg-singlepic ngg-left\" src=\"http:\/\/adrianwood.ch\/wp-content\/gallery\/amalfi09\/image005_r35.jpg\" alt=\"image005_r35\" \/>\u00a0\u00a0\u00a0\u00a0 Auf der Terrasse von Termini mit Blick auf Capri.\u00a0\u00a0\u00a0\u00a0\u00a0\u00a0\u00a0\u00a0\u00a0\u00a0\u00a0\u00a0\u00a0 Aufstieg auf den M. Costanzo mit Blick auf Termini.<br \/>\nWir steigen \u00fcber die Dorfstrasse und sp\u00e4ter \u00fcber die obligaten Steintreppen, den alten Pilgerpfad hinauf ins Gr\u00fcne der G\u00e4rten, Felder und Wiesen, die terrassiert sind. Sp\u00e4ter wandern wir auf einem Felsplattenweg hinauf auf den Aussichtspunkt, wo die sehr bescheidene Kapelle steht. Hier oben machen wir den ersten Halt, denn die Aussicht auf den Golf von Neapel sowie auf den Golf von Salerno ist grossartig.<\/p>\n<p><img decoding=\"async\" class=\"ngg-singlepic ngg-left\" src=\"http:\/\/adrianwood.ch\/wp-content\/gallery\/amalfi09\/image007_r35.jpg\" alt=\"image007_r35\" \/><img decoding=\"async\" class=\"ngg-singlepic ngg-left\" src=\"http:\/\/adrianwood.ch\/wp-content\/gallery\/amalfi09\/image009_r35.jpg\" alt=\"image009_r35\" \/>Hinauf zum M. Costanzo. Im Hintergrund M.Croce und Capri.\u00a0\u00a0\u00a0\u00a0\u00a0\u00a0\u00a0\u00a0 Blick auf die Amalfik\u00fcste und Marina del Cantone.<br \/>\nWir sehen auf die Amalfik\u00fcste hinunter, wo wo wir auf den Latteri Bergen gewandert sind und wir sehen den Vesuv, den etliche von unserer Gruppe noch kennenlernen werden. Es wir wieder heftig fotographiert, um die wunderbare Aussicht und die Details, Menschen und auch Pflanzen festzuhalten. Viele greifen zur Wasserflasche und knabbern etwas aus dem Rucksack.<\/p>\n<p style=\"text-align: justify;\"><img decoding=\"async\" class=\"ngg-singlepic ngg-left\" src=\"http:\/\/adrianwood.ch\/wp-content\/gallery\/amalfi09\/image011_r35.jpg\" alt=\"image011_r35\" \/><img decoding=\"async\" class=\"ngg-singlepic ngg-left\" src=\"http:\/\/adrianwood.ch\/wp-content\/gallery\/amalfi09\/image013_r35.jpg\" alt=\"image013_r35\" \/>Endlich nehmen wir den kurzen R\u00fcckweg auf den Grat unter die F\u00fcsse. Wir tauchen in einen lichten Wald, Pineta di San Costanzo ein und gelangen dann \u00fcber eine Fahrstrasse auf einen Aussichtspunkt unterhalb des M.Croce. Von hier aus bietet sich ein grossartiger Blick auf Capri. Hier halten wir auch wieder kurz ein, um unseren Durst zu stillen und uns f\u00fcr den steilen Abstieg zur Punta Campanella zu st\u00e4rken.<br \/>\nHier eine Informationen zur Punta Campanella:<br \/>\nSpitze der Halbinsel von Sorrent und Scheitelpunkt der Golfe von Neapel und Salerno. Die Entfernung von Capri betr\u00e4gt 5km. Hier befand sich der griechische Tempel der Athena (auch Athenaion genannt) der sp\u00e4ter der r\u00f6mischen G\u00f6ttin Minerva gewidmet wurde. Das ganze Gebiet geh\u00f6rt zum<br \/>\nRiserva Naturale Marina Punta Campanello. Weitere Informationen findet man auf der Website: http:\/\/www.parks.it\/riserva.marina.punta.campanella\/Gindex.html<\/p>\n<p><img decoding=\"async\" class=\"ngg-singlepic ngg-left\" src=\"http:\/\/adrianwood.ch\/wp-content\/gallery\/amalfi09\/image015_r35.jpg\" alt=\"image015_r35\" \/><img decoding=\"async\" class=\"ngg-singlepic ngg-left\" src=\"http:\/\/adrianwood.ch\/wp-content\/gallery\/amalfi09\/image017_r35.jpg\" alt=\"image017_r35\" \/>\u00a0\u00a0\u00a0\u00a0\u00a0\u00a0\u00a0\u00a0\u00a0\u00a0\u00a0\u00a0\u00a0\u00a0\u00a0\u00a0\u00a0 Im Pineta di San Costanzo\u00a0\u00a0\u00a0\u00a0\u00a0\u00a0\u00a0\u00a0\u00a0\u00a0\u00a0\u00a0\u00a0\u00a0\u00a0\u00a0\u00a0\u00a0\u00a0\u00a0\u00a0\u00a0\u00a0\u00a0\u00a0\u00a0\u00a0\u00a0\u00a0 \u00a0\u00a0 Wir umrunden den Gipfel des San Croce<br \/>\n<img decoding=\"async\" class=\"ngg-singlepic ngg-left\" src=\"http:\/\/adrianwood.ch\/wp-content\/gallery\/amalfi09\/image018_r35.jpg\" alt=\"image018_r35\" \/><img decoding=\"async\" class=\"ngg-singlepic ngg-left\" src=\"http:\/\/adrianwood.ch\/wp-content\/gallery\/amalfi09\/image020_r35.jpg\" alt=\"image020_r35\" \/>\u00a0\u00a0\u00a0\u00a0\u00a0\u00a0\u00a0\u00a0 Capri im Hintergrund. Einige von unserer Gruppe waren schon dort und andere haben es noch vor.<\/p>\n<p style=\"text-align: justify;\">Der steile Abstieg durch das teilweise undurchdringliche Macchiengel\u00e4nde beginnt. Was den Pfad betrifft kommt es mir vor als seien wir irgendwo in den Schweizer Bergen. Die Pflanzen sind aber anders und die Aussicht ebenfalls. Der oder die eine stolpert und f\u00e4llt um. Gl\u00fccklicherweise ist nichts passiert. Um die Aussicht zu geniessen emphielt es sich, stillzustehen.<\/p>\n<p style=\"text-align: justify;\"><img decoding=\"async\" class=\"ngg-singlepic ngg-left\" src=\"http:\/\/adrianwood.ch\/wp-content\/gallery\/amalfi09\/image024_1_r35.jpg\" alt=\"image024_1_r35\" \/><img decoding=\"async\" class=\"ngg-singlepic ngg-left\" src=\"http:\/\/adrianwood.ch\/wp-content\/gallery\/amalfi09\/image022_r35.jpg\" alt=\"image022_r35\" \/>Der Wachtturm und die Punta Campanella vom Meer aus. Diese Gegend geh\u00f6rt zum Parc Naturale.<\/p>\n<p style=\"text-align: justify;\">Bald sehen wir den Turm unten an der Inselspitze. Dieser Turm ist einer der vielen Wacht\u00fcrme ( Torre Costiere ), welche zur Zeit des K\u00f6nigreichs von Neapel gebaut wurden ( 1334 ). Langsam kommt der Turm immer n\u00e4her und nimmt Formen an. Ich bin froh, endlich unten zu sein und ebenen Boden unter den F\u00fcssen zu haben.<br \/>\nUnten angekommen zerstreut sich die Gruppe in alle Richtungen. Alle suchen sich einen Picknickplatz. Der Schatten des Turmes reicht nur f\u00fcr wenige und ist nicht sehr attraktiv sch\u00fctzt aber vor der heissen Mittagssonne. So lassen sich die meisten an einem Grasbord oder auf der kleinen Wiese nieder, um die Beine zu strecken und ein Sonnenbad zu geniessen.<\/p>\n<p style=\"text-align: justify;\"><img decoding=\"async\" class=\"ngg-singlepic ngg-left\" src=\"http:\/\/adrianwood.ch\/wp-content\/gallery\/amalfi09\/image026_r715.jpg\" alt=\"image026_r715\" \/><img decoding=\"async\" class=\"ngg-singlepic ngg-left\" src=\"http:\/\/adrianwood.ch\/wp-content\/gallery\/amalfi09\/image028_r35.jpg\" alt=\"image028_r35\" \/><img decoding=\"async\" class=\"ngg-singlepic ngg-left\" src=\"http:\/\/adrianwood.ch\/wp-content\/gallery\/amalfi09\/image030_r35.jpg\" alt=\"image030_r35\" \/>Die Rastenden im Angesicht von Capri. Welch erhebendes Gef\u00fchl, ein richtiges Feriengef\u00fchl. Hier k\u00f6nnen wir die Seele baumeln lassen.<\/p>\n<p style=\"text-align: justify;\"><img decoding=\"async\" class=\"ngg-singlepic ngg-left\" src=\"http:\/\/adrianwood.ch\/wp-content\/gallery\/amalfi09\/image032_r35.jpg\" alt=\"image032_r35\" \/>Nach der ausgedehnten Mittagsrast wandern wir auf der Alta Via di Lattari bei sanfter Steigung in Richtung Termini. Der Nordhang des Capo Campanello ist von undurchdringlichem Geb\u00fcsch besetzt. Aber irgenwo wird es schon einige wenige Pfade hinunter zu einer einsamen Meeresbucht geben.<br \/>\nAber solches Wissen haben nur die Insider, die wir dann an der Bushaltestelle in Termini vermissen. Dort nehmen wir nach einem oder zwei Bieren den Bus nach Sant\u2019Agata. Am Abend finden sich die Leute in den wenigen Restaurants von Sant\u2019Agata wider. Erst ganz sp\u00e4t stossen die Vermissten zu uns \u2013 sonnengebrannt.<br \/>\nDies war wieder eine wundersch\u00f6ne Wanderung. Marianne<\/p>\n","protected":false},"excerpt":{"rendered":"<p>4.Mai, Sant\u2019Agata\u2013Termini\u2013Kapelle San Costanzo\u2013Punta Campanella\u2013Termini P\u00fcnktlich um 9.15 stehen die Wanderfreudigen unseres Sportclubs bei der Bushaltestelle in Sant\u2019 Agata. Der Bus f\u00e4hrt durch eine typisch mediterrane Gartenlandschaft durch D\u00f6rfer wie Pastena,, Monticchico und Casa nach Termini. Die Dorfplatz\u2013Terrasse bietet sich einen wundersch\u00f6nen Blick auf Capri \u2013 es werden die ersten Bilder des Tages geknipst. Wir &hellip; <a href=\"https:\/\/www.adrianwood.ch\/?page_id=3951\" class=\"more-link\">Continue reading <span class=\"screen-reader-text\">05-04 Campanella<\/span> <span class=\"meta-nav\">&rarr;<\/span><\/a><\/p>\n","protected":false},"author":1,"featured_media":0,"parent":1193,"menu_order":2247,"comment_status":"closed","ping_status":"closed","template":"","meta":{"ngg_post_thumbnail":0,"footnotes":""},"class_list":["post-3951","page","type-page","status-publish","hentry"],"_links":{"self":[{"href":"https:\/\/www.adrianwood.ch\/index.php?rest_route=\/wp\/v2\/pages\/3951","targetHints":{"allow":["GET"]}}],"collection":[{"href":"https:\/\/www.adrianwood.ch\/index.php?rest_route=\/wp\/v2\/pages"}],"about":[{"href":"https:\/\/www.adrianwood.ch\/index.php?rest_route=\/wp\/v2\/types\/page"}],"author":[{"embeddable":true,"href":"https:\/\/www.adrianwood.ch\/index.php?rest_route=\/wp\/v2\/users\/1"}],"replies":[{"embeddable":true,"href":"https:\/\/www.adrianwood.ch\/index.php?rest_route=%2Fwp%2Fv2%2Fcomments&post=3951"}],"version-history":[{"count":0,"href":"https:\/\/www.adrianwood.ch\/index.php?rest_route=\/wp\/v2\/pages\/3951\/revisions"}],"up":[{"embeddable":true,"href":"https:\/\/www.adrianwood.ch\/index.php?rest_route=\/wp\/v2\/pages\/1193"}],"wp:attachment":[{"href":"https:\/\/www.adrianwood.ch\/index.php?rest_route=%2Fwp%2Fv2%2Fmedia&parent=3951"}],"curies":[{"name":"wp","href":"https:\/\/api.w.org\/{rel}","templated":true}]}}