{"id":3977,"date":"2015-04-03T14:54:49","date_gmt":"2015-04-03T13:54:49","guid":{"rendered":"http:\/\/adrianwood.ch\/?page_id=3977"},"modified":"2020-01-24T09:52:59","modified_gmt":"2020-01-24T09:52:59","slug":"05-06-jeranto","status":"publish","type":"page","link":"https:\/\/www.adrianwood.ch\/?page_id=3977","title":{"rendered":"05-06 Jeranto"},"content":{"rendered":"<h2>6. Mai, Nerano-Jeranto-Nerano-Marina del Cantone ( ca 3h ) 7. und letzter Wandertag<\/h2>\n<p>Auch heute, gegen\u00fcber J-F \u2019s Prognosen \u201edas Wetter ist nicht gut\u201c, lacht mich schon fr\u00fch am morgen die Sonne an, und sie versprach einen sch\u00f6nen , warmen Tag.<br \/>\nSo entschieden sich einige f\u00fcr Capri, Ischia oder einen Ausflug nach Sorrento.<\/p>\n<p style=\"text-align: justify;\"><img decoding=\"async\" class=\"ngg-singlepic ngg-left\" src=\"http:\/\/adrianwood.ch\/wp-content\/gallery\/amalfi11\/image001_r35.jpg\" alt=\"image001_r35\"><img decoding=\"async\" class=\"ngg-singlepic ngg-left\" src=\"http:\/\/adrianwood.ch\/wp-content\/gallery\/amalfi11\/image003_r35.jpg\" alt=\"image003_r35\"><img decoding=\"async\" class=\"ngg-singlepic ngg-left\" src=\"http:\/\/adrianwood.ch\/wp-content\/gallery\/amalfi11\/image005_r35.jpg\" alt=\"image005_r35\">Sechs Wanderer ( Jean-Francois, Huguette, Marlene, Rafaello mit Kamera, Fritz und ich ) begleiteten Adrian zur Baia de Jeranto, einer \u201eeinsamen\u201c Badebucht mitten in einem wundersch\u00f6nen Naturschutzgebiet, welche wir schon von Punta Campanella aus gesehen haben.<br \/>\nWir versammelten uns um 9Uhr an der Busstation in Sant\u2019Agata, versehen mit Picknick und Badehose, und schon ging es nach Nerano (180m), zum Ausgangspunkt.<\/p>\n<p style=\"text-align: justify;\">Ein gepflasterter Saumpfad, dann ein geschotterter Promenadenweg, vorbei an einer Mariengrotte und immer mit wundersch\u00f6ner Aussicht auf das Meer mit seinen Buchten, nicht zu vergessen die Blumenpracht, welche<\/p>\n<p style=\"text-align: justify;\"><img decoding=\"async\" class=\"ngg-singlepic ngg-left\" src=\"http:\/\/adrianwood.ch\/wp-content\/gallery\/amalfi11\/image007_r35.jpg\" alt=\"image007_r35\"><img decoding=\"async\" class=\"ngg-singlepic ngg-left\" src=\"http:\/\/adrianwood.ch\/wp-content\/gallery\/amalfi11\/image009_r35.jpg\" alt=\"image009_r35\"> auch diese Wanderung zu einem Erlebnis machte, f\u00fchrten uns langsam in steiniges Gel\u00e4nde, abw\u00e4rts zur Halbinsel mit dem Landsporn Punta di Montalto. Nach kurzem Aufstieg stehen wir neben dem Torre Montalto, aus dem 16. Jahr-hundert (125m) und blicken in tiefblaues Wasser.<br \/>\nNun versuchten wir noch zu einem weiteren Aussichtspunkt aufzusteigen, jedoch die Markierung endete in der wilden , buschigen , stacheligen K\u00fcstenlandschaft (mit Schlangen). Und so folgten wir langsam abw\u00e4rts steigend den Geschichtslehrpfad Baia di Jeranto, welcher uns durch Olivenhaine f\u00fchrte. Wir trafen auf ein Bauernhaus , ein Olivensammelhaus, ein altes Wasserbecken, ebenso sah man ein altes Schutzdach \u00fcber einer kleinen Zitronenplantage.<br \/>\n<img decoding=\"async\" class=\"ngg-singlepic ngg-left\" src=\"http:\/\/adrianwood.ch\/wp-content\/gallery\/amalfi11\/image013_r35.jpg\" alt=\"image013_r35\"><img decoding=\"async\" class=\"ngg-singlepic ngg-left\" src=\"http:\/\/adrianwood.ch\/wp-content\/gallery\/amalfi11\/image011_r35.jpg\" alt=\"image011_r35\">Der Pfad endete oberhalb unserer einsamen, romantischen Bucht bei einem alten Steinbruch. Hier konnten noch alte Geb\u00e4ude besichtigt werden die fr\u00fcher zum Abbau, zur Verarbeitung und Verschiffung der Kalkfelsen benutzt wurden.<br \/>\nJetzt trennten uns nur noch wenige Meter vor dem Badevergn\u00fcgen und schon tauchten die ersten ins Meer. Ein Picknick, dann ein Sonnenbad, perfekt\u2026..<\/p>\n<p style=\"text-align: justify;\"><img decoding=\"async\" class=\"ngg-singlepic ngg-left\" src=\"http:\/\/adrianwood.ch\/wp-content\/gallery\/amalfi11\/image015_r35.jpg\" alt=\"image015_r35\"><img decoding=\"async\" class=\"ngg-singlepic ngg-left\" src=\"http:\/\/adrianwood.ch\/wp-content\/gallery\/amalfi11\/image017_r35.jpg\" alt=\"image017_r35\">Silvana und Eric statteten auch einen kurzen Besuch ab, jedoch die Orchideen waren st\u00e4rker, und sie spazierten weiter.<br \/>\nDann pl\u00f6tzlich, gegen 13Uhr vielleicht, wurde es lebhaft. Von allen Seiten wurde die Bucht gest\u00fcrmt, nur die K\u00fcstenpolizei verhinderte schlimmeres. Adrian erwachte und fand sich umgeben von Pasta-schmatzenden, Sandwich-essenden, Joint-rauchenden und Kajaks-schiebenden wieder. Man schaute dem Treiben eine Weile zu, auch ein Boot, welches ankern wollte und von der K\u00fcstenpolizei aufgegriffen wurde, teilte unsere Aufmerksamkeit.<br \/>\nIrgendwann hatten wir alle genug, denn es wurde eng und laut in dieser kleinen Bucht, und so packten wir zusammen und stiegen wieder auf, wanderten auf demselben Weg zur\u00fcck nach Nerano. Bierdurst und Eisgel\u00fcste motivierten uns nach Marina del Cantone abzusteigen, und so genossen wir die letzte Stunde am Meer .<\/p>\n<p style=\"text-align: justify;\"><img decoding=\"async\" class=\"ngg-singlepic ngg-left\" src=\"http:\/\/adrianwood.ch\/wp-content\/gallery\/amalfi11\/image019_r35.jpg\" alt=\"image019_r35\"><img decoding=\"async\" class=\"ngg-singlepic ngg-left\" src=\"http:\/\/adrianwood.ch\/wp-content\/gallery\/amalfi11\/image023_1_r35.jpg\" alt=\"OLYMPUS DIGITAL CAMERA\">Um 17Uhr30 fuhren wir dann \u00fcber Termini (300m) zur\u00fcck nach Santa\u2019Agata.<br \/>\nEin wundersch\u00f6ner Tag ging zu Ende, und mit einem gemeinsamen Nachtessen fand die Wanderwoche ihren ersten Abschluss.<br \/>\nVielen Dank Adrian.<br \/>\nGisela<\/p>\n","protected":false},"excerpt":{"rendered":"<p>6. Mai, Nerano-Jeranto-Nerano-Marina del Cantone ( ca 3h ) 7. und letzter Wandertag Auch heute, gegen\u00fcber J-F \u2019s Prognosen \u201edas Wetter ist nicht gut\u201c, lacht mich schon fr\u00fch am morgen die Sonne an, und sie versprach einen sch\u00f6nen , warmen Tag. So entschieden sich einige f\u00fcr Capri, Ischia oder einen Ausflug nach Sorrento. Sechs Wanderer &hellip; <a href=\"https:\/\/www.adrianwood.ch\/?page_id=3977\" class=\"more-link\">Continue reading <span class=\"screen-reader-text\">05-06 Jeranto<\/span> <span class=\"meta-nav\">&rarr;<\/span><\/a><\/p>\n","protected":false},"author":1,"featured_media":0,"parent":1193,"menu_order":2249,"comment_status":"closed","ping_status":"closed","template":"","meta":{"ngg_post_thumbnail":0,"footnotes":""},"class_list":["post-3977","page","type-page","status-publish","hentry"],"_links":{"self":[{"href":"https:\/\/www.adrianwood.ch\/index.php?rest_route=\/wp\/v2\/pages\/3977","targetHints":{"allow":["GET"]}}],"collection":[{"href":"https:\/\/www.adrianwood.ch\/index.php?rest_route=\/wp\/v2\/pages"}],"about":[{"href":"https:\/\/www.adrianwood.ch\/index.php?rest_route=\/wp\/v2\/types\/page"}],"author":[{"embeddable":true,"href":"https:\/\/www.adrianwood.ch\/index.php?rest_route=\/wp\/v2\/users\/1"}],"replies":[{"embeddable":true,"href":"https:\/\/www.adrianwood.ch\/index.php?rest_route=%2Fwp%2Fv2%2Fcomments&post=3977"}],"version-history":[{"count":2,"href":"https:\/\/www.adrianwood.ch\/index.php?rest_route=\/wp\/v2\/pages\/3977\/revisions"}],"predecessor-version":[{"id":21625,"href":"https:\/\/www.adrianwood.ch\/index.php?rest_route=\/wp\/v2\/pages\/3977\/revisions\/21625"}],"up":[{"embeddable":true,"href":"https:\/\/www.adrianwood.ch\/index.php?rest_route=\/wp\/v2\/pages\/1193"}],"wp:attachment":[{"href":"https:\/\/www.adrianwood.ch\/index.php?rest_route=%2Fwp%2Fv2%2Fmedia&parent=3977"}],"curies":[{"name":"wp","href":"https:\/\/api.w.org\/{rel}","templated":true}]}}