{"id":3985,"date":"2015-04-04T11:21:58","date_gmt":"2015-04-04T10:21:58","guid":{"rendered":"http:\/\/adrianwood.ch\/?page_id=3985"},"modified":"2015-04-04T11:21:58","modified_gmt":"2015-04-04T10:21:58","slug":"05-06-capri","status":"publish","type":"page","link":"https:\/\/www.adrianwood.ch\/?page_id=3985","title":{"rendered":"05-06 Capri"},"content":{"rendered":"<h2>Samstag 6. Mai, Capri<\/h2>\n<p style=\"text-align: justify;\">Nach 6 wundersch\u00f6nen aber doch recht anspruchsvollen Wanderungen gab es heute einen etwas weniger anstrengenden Tag. In kleinen Gruppen fuhren wir nach Sorrento. Am Hafen hatten wir etwas M\u00fche die richtige Billette f\u00fcr die R\u00fcckfahrt zu bekommen und so beschlossen wir diese erst in Capri zu l\u00f6sen,da wir sonst entweder schon um 13 oder erst um 18 Uhrt h\u00e4tten zur\u00fcckfahren m\u00fcssen.<br \/>\n<img decoding=\"async\" class=\"ngg-singlepic ngg-left\" src=\"http:\/\/adrianwood.ch\/wp-content\/gallery\/amalfi12\/06-mai-santagata-022_r35.jpg\" alt=\"DIGITAL CAMERA\" \/><img decoding=\"async\" class=\"ngg-singlepic ngg-left\" src=\"http:\/\/adrianwood.ch\/wp-content\/gallery\/amalfi12\/dsc_0718_r35.jpg\" alt=\"dsc_0718_r35\" \/>Als Capri in Sicht kam hielten wir es im Innern des Schiffes nicht mehr aus, denn bekanntlich ist der erste Eindruck massgebend. Dieser entt\u00e4uschte nicht, schroffe Felsen und weisse D\u00f6rfer im sch\u00f6nsten Sonnenlicht. Wir erschracken dann doch etwas \u00fcber die Menschenmege welche sich an Land begab.<br \/>\n<img decoding=\"async\" class=\"ngg-singlepic ngg-left\" src=\"http:\/\/adrianwood.ch\/wp-content\/gallery\/amalfi12\/amalfi-6-5-06-004-small-1_r35.jpg\" alt=\"amalfi-6-5-06-004-small-1_r35\" \/><img decoding=\"async\" class=\"ngg-singlepic ngg-left\" src=\"http:\/\/adrianwood.ch\/wp-content\/gallery\/amalfi12\/dsc_0757_r35.jpg\" alt=\"dsc_0757_r35\" \/>Mit der Funiculaire erreichten wir schnell das Dorf Capri aber auch dort war es \u00fcbervoll. Deshalb machten wir uns sofort auf dem Weg zur Villa Jovis,dieser f\u00fchrte an Villen und G\u00e4rten entlang zuerst zum Aussichtspunkt Parco Astarita. Von dort aus hatten wir einen grandiosen Blick auf einen Teil des Festlandes und den Punta della Campanella, wo wir vor 2 Tagen wanderten.Das Ausgrabungsgel\u00e4nde der Villa erstreckt sich \u00fcber eine stufenweise angelegte Fl\u00e4che von 7000 m2. Wir suchten den h\u00f6chsten Punkt genannt Salto di Tiberio um zu sehen wo der grausame und misstrauische Kaiser angeblich missbeliebige G\u00e4ste, Frevler und unfolgsame Sklaven in das 300 Meter tiefer gelegene Meer st\u00fcrzen liess.<br \/>\nUnser f\u00fcnfer Gr\u00fcpplein verkleinerte sich auf 3 und wir beschlossen auf eine Terrasse, mit wundersch\u00f6ner Aussicht etwas zu essen.<br \/>\n<img decoding=\"async\" class=\"ngg-singlepic ngg-left\" src=\"http:\/\/adrianwood.ch\/wp-content\/gallery\/amalfi12\/amalfi-6-5-06-024-small-3_r352.jpg\" alt=\"DIGITAL CAMERA\" \/><img decoding=\"async\" class=\"ngg-singlepic ngg-left\" src=\"http:\/\/adrianwood.ch\/wp-content\/gallery\/amalfi12\/dsc_0748_r35.jpg\" alt=\"dsc_0748_r35\" \/>Auf dem R\u00fcckweg entdeckten wir den Wegweiser zur Arco Naturale, ein nat\u00fcrliches Felsentor das sich hoch \u00fcber den Fluten erhebt. Wie \u00fcberall in dieser Gegend war auch dieses Naturwunder nur \u00fcber Treppen zu erreichen. Adelheid und Edith fanden das sie nun endg\u00fcltig genug Stufen hinauf und hinunter gegangen waren.<br \/>\nSie hatten aber die Rechnung ohne Helgas Begeisterung gemacht und so mussten sie sich wohl oder \u00fcbel auf den Weg machen und zugeben, das es sich gelohnt hatte.<br \/>\nLangsam wurde es Zeit Richtung Schiff zu gehen, welches um 16.20 fuhr. Wir tauchten in die Menschen-menge wieder ein. Wie ruhig war es nur einwenig Abseits gewesen. Wir gingen zu Fuss zum Hafen hinunter, denn es waren ja Wanderferien und es brauchte fast eine Wanderkarte um den richtigen Einstieg zu finden.<br \/>\nObwohl die Insel nur 6 km lang und 3 km breit ist, habe ich lange nicht alles sehen k\u00f6nnen, z.B. die blaue Grotte oder Anacapri. Ein Grund nochnals zu kommen. In den Schaumwellen des Schnellbootes verschwand die Insel, die Erinnerung an bl\u00fchenden G\u00e4rten und weissen H\u00e4usern bleibt.<br \/>\nIn Sorrento bummelten Adelheid und ich noch etwas durch die Altstadt und als wir in die festlich geschm\u00fcckte Kathedrale eintraten, wurden wir Zeuge, wie das Brautpaar die Ringen und Kuss austauschten. Im Bus zur\u00fcck trafen wir Philipp welcher den Tag in Neapel verbracht hatte.<br \/>\nEin Teil der Gruppe flog am n\u00e4chsten Tag nach Hause, es war also unser letztes gemeinsames Nachtessen mit am Schluss eine grosse Abschiedsszene.<br \/>\nAuch ohne 5-st\u00fcndige Wanderung sp\u00fcrte ich meine Beine, aber es war ein wunderbaren Tag. Marijke<\/p>\n","protected":false},"excerpt":{"rendered":"<p>Samstag 6. Mai, Capri Nach 6 wundersch\u00f6nen aber doch recht anspruchsvollen Wanderungen gab es heute einen etwas weniger anstrengenden Tag. In kleinen Gruppen fuhren wir nach Sorrento. Am Hafen hatten wir etwas M\u00fche die richtige Billette f\u00fcr die R\u00fcckfahrt zu bekommen und so beschlossen wir diese erst in Capri zu l\u00f6sen,da wir sonst entweder schon &hellip; <a href=\"https:\/\/www.adrianwood.ch\/?page_id=3985\" class=\"more-link\">Continue reading <span class=\"screen-reader-text\">05-06 Capri<\/span> <span class=\"meta-nav\">&rarr;<\/span><\/a><\/p>\n","protected":false},"author":1,"featured_media":0,"parent":1193,"menu_order":2250,"comment_status":"closed","ping_status":"closed","template":"","meta":{"ngg_post_thumbnail":0,"footnotes":""},"class_list":["post-3985","page","type-page","status-publish","hentry"],"_links":{"self":[{"href":"https:\/\/www.adrianwood.ch\/index.php?rest_route=\/wp\/v2\/pages\/3985","targetHints":{"allow":["GET"]}}],"collection":[{"href":"https:\/\/www.adrianwood.ch\/index.php?rest_route=\/wp\/v2\/pages"}],"about":[{"href":"https:\/\/www.adrianwood.ch\/index.php?rest_route=\/wp\/v2\/types\/page"}],"author":[{"embeddable":true,"href":"https:\/\/www.adrianwood.ch\/index.php?rest_route=\/wp\/v2\/users\/1"}],"replies":[{"embeddable":true,"href":"https:\/\/www.adrianwood.ch\/index.php?rest_route=%2Fwp%2Fv2%2Fcomments&post=3985"}],"version-history":[{"count":0,"href":"https:\/\/www.adrianwood.ch\/index.php?rest_route=\/wp\/v2\/pages\/3985\/revisions"}],"up":[{"embeddable":true,"href":"https:\/\/www.adrianwood.ch\/index.php?rest_route=\/wp\/v2\/pages\/1193"}],"wp:attachment":[{"href":"https:\/\/www.adrianwood.ch\/index.php?rest_route=%2Fwp%2Fv2%2Fmedia&parent=3985"}],"curies":[{"name":"wp","href":"https:\/\/api.w.org\/{rel}","templated":true}]}}