{"id":4024,"date":"2015-08-01T11:30:08","date_gmt":"2015-08-01T10:30:08","guid":{"rendered":"http:\/\/adrianwood.ch\/?page_id=4024"},"modified":"2016-06-30T13:05:23","modified_gmt":"2016-06-30T13:05:23","slug":"einfuhrung","status":"publish","type":"page","link":"https:\/\/www.adrianwood.ch\/?page_id=4024","title":{"rendered":"Einf\u00fchrung"},"content":{"rendered":"<h2>Einf\u00fchrung und Zusammenfassung<\/h2>\n<p style=\"text-align: justify;\">Ich hatte schon lange an Wanderferien auf den kleinen Griechischen Inseln im Aegeischen Meer gedacht, aber meine Gedanken wurden erst konkret als einer der Teilnehmer letztes Jahr von seinen Erfahrungen auf Nisyros und Kalymnos gesprochen hat. Er kannte auch eine Wanderf\u00fchrerin die m\u00f6glicherweise uns leiten k\u00f6nnte. Es hat sich herausgestellt, dass sie nicht mehr zur Verf\u00fcgung stand, aber ich habe letzten Herbst an einer Reise mit einer anderen organisierten Gruppe auf 6 der in Wirklichkeit viel mehr als 12 Dodekanes Inseln teilgenommen. Es hat mir sehr gut gefallen und unsere Gruppenreise dieses Jahr folgte einer \u00e4hnlichen Route, ohne die 2 kleinsten Inseln um die Anzahl F\u00e4hrefahrten etwas zu reduzieren. Die Dodekanes Inselgruppe im S\u00fcdosten der \u00c4g\u00e4is erstreckt sich von Karpathos im S\u00fcden entlang der T\u00fcrkischen K\u00fcste bis Patmos im Norden. Wir haben die Inseln Kos, Kalymnos, Patmos und Nisyros besucht.<\/p>\n<p style=\"text-align: justify;\"><img decoding=\"async\" class=\"ngg-singlepic ngg-left\" src=\"http:\/\/www.adrianwood.ch\/wp-content\/gallery\/dodekanes1501\/image001_r36.jpg\" alt=\"image001_r36\" \/><img decoding=\"async\" class=\"ngg-singlepic ngg-left\" src=\"http:\/\/www.adrianwood.ch\/wp-content\/gallery\/dodekanes1501\/image002_r36.jpg\" alt=\"image002_r36\" \/><br \/>\nDer Flughafen liegt auf der Insel Kos, die ich schon vor mehr als 30 Jahre besucht hatte und heute die touristischste Insel ist. Zwischen Flugankunft und F\u00e4hreabfahrt nach Kalymnos, unsere erste Insel, hatten wir einige Stunden auf Kos zur Verf\u00fcgung. Nach der kurzen Fahrt nach Mastichari liefen wir ein St\u00fcck den Strand entlang bis zu der Ruine einer fr\u00fchchristlichen Basilika. Es blieb noch Zeit f\u00fcr ein Abendessen mit Meeresblick wobei wir den Sonnenuntergang geniessen konnten.<\/p>\n<p style=\"text-align: justify;\">Jede Insel die wir besucht haben hat seinen eigenen Charakter:<img decoding=\"async\" class=\"ngg-singlepic ngg-left\" src=\"http:\/\/www.adrianwood.ch\/wp-content\/gallery\/dodekanes1501\/image003_r36.jpg\" alt=\"image003_r36\" \/><img decoding=\"async\" class=\"ngg-singlepic ngg-left\" src=\"http:\/\/www.adrianwood.ch\/wp-content\/gallery\/dodekanes1501\/image004_r36.jpg\" alt=\"image004_r36\" \/><\/p>\n<p style=\"text-align: justify;\">Die Insel <strong>Kalymnos<\/strong>, fr\u00fcher Schwammtaucher &#8211; heute Kletterinsel, wird von vier m\u00e4chtigen Kalksteinr\u00fccken mit imposanten Steilk\u00fcsten durchzogen und wirkt verh\u00e4ltnism\u00e4ssig schroff und karg. Unsere erste Wanderung auf dem \u201aItalienerweg\u2018, in umgekehrter Richtung als letztes Jahr, brachte uns nach Vathi wo ich vorher \u00fcbernachtet hatte. Es gab ein fr\u00f6hliches Wiedersehen mit Pantelis, unser Wirt von damals. Manche von uns nahmen die Gelegenheit war mit einem Boot, an steilen Felsw\u00e4nden vorbei, zu einer kleinen Bucht zu fahren. Am n\u00e4chsten Tag haben wir alle ein Boot zur Nachbarinsel Telendos genommen um eine K\u00fcstenwanderung mit sch\u00f6ner Aussicht zu einem zerfallenen Dorf zu machen. Nicht alle Teilnehmer haben den Ziel erreicht weil das tiefblaue Wasser in den einsamen Buchten zu verlockend wirkte.<\/p>\n<p style=\"text-align: justify;\"><img decoding=\"async\" class=\"ngg-singlepic ngg-left\" src=\"http:\/\/www.adrianwood.ch\/wp-content\/gallery\/dodekanes1501\/image005_r36.jpg\" alt=\"image005_r36\" \/><img decoding=\"async\" class=\"ngg-singlepic ngg-left\" src=\"http:\/\/www.adrianwood.ch\/wp-content\/gallery\/dodekanes1501\/image006_r36.jpg\" alt=\"image006_r36\" \/><img decoding=\"async\" class=\"ngg-singlepic ngg-left\" src=\"http:\/\/www.adrianwood.ch\/wp-content\/gallery\/dodekanes1501\/image007_r36.jpg\" alt=\"image007_r36\" \/><img decoding=\"async\" class=\"ngg-singlepic ngg-left\" src=\"http:\/\/www.adrianwood.ch\/wp-content\/gallery\/dodekanes1501\/image008_r36.jpg\" alt=\"image008_r36\" \/><\/p>\n<p style=\"text-align: justify;\">Die relativ kleine \u201eHeilige Insel\u201c <strong>Patmos<\/strong> beherbergt einige Zeugen der Antike, doch weltber\u00fchmt wurde es durch die Offenbarung der Apokalypse, die der Evangelist Johannes der Theologe hier niederschrieb. In Erinnerung an dieses Ereignis wurde 1000 Jahre sp\u00e4ter das burgartige Johanneskloster errichtet, das heute ein UNESCO-Weltkulturerbe und die Hauptattraktion der Insel ist. Wegen Verschiebung der F\u00e4hrefahrzeiten kamen wir erst am Vormittag vor unsere Weiterfahrt zur n\u00e4chsten Insel zur Besichtigung des eindr\u00fcckliche Klosters. Wir hatten aber zwei volle Tage Zeit zuerst den S\u00fcden und dann den Norden von Patmos auszukundschaften und die herrlichen Buchten im vollen Z\u00fcgen zu geniessen.<\/p>\n<p style=\"text-align: justify;\"><img decoding=\"async\" class=\"ngg-singlepic ngg-left\" src=\"http:\/\/www.adrianwood.ch\/wp-content\/gallery\/dodekanes1501\/image009_r36.jpg\" alt=\"image009_r36\" \/><img decoding=\"async\" class=\"ngg-singlepic ngg-left\" src=\"http:\/\/www.adrianwood.ch\/wp-content\/gallery\/dodekanes1501\/image010_r36.jpg\" alt=\"image010_r36\" \/><img decoding=\"async\" class=\"ngg-singlepic ngg-left\" src=\"http:\/\/www.adrianwood.ch\/wp-content\/gallery\/dodekanes1501\/image011_r36.jpg\" alt=\"image011_r36\" \/><img decoding=\"async\" class=\"ngg-singlepic ngg-left\" src=\"http:\/\/www.adrianwood.ch\/wp-content\/gallery\/dodekanes1501\/image012_r36.jpg\" alt=\"image012_r36\" \/><\/p>\n<p style=\"text-align: justify;\">Die abwechslungsreiche Landschaft von <strong>Nisyros<\/strong> zeigt viele interessante Spuren des Vulkanismus, eine kratergespickte Caldera, warme Quellen, Schwefell\u00f6cher, schwarze Lavastr\u00e4nde und Bimssteinw\u00e4nde. Sie geben der Insel ihr besonderes Gepr\u00e4ge und, obwohl sie nicht sehr gross ist, ist sie ein lohnendes Wanderziel. Ein Besuch des eigenartigen Kraters bildet nat\u00fcrlich den H\u00f6hepunkt. Aber auch auf den \u00e4usseren und den inneren Flanken der Caldera gibt es interessante Routen. Eine davon wurde nicht von unserer Wanderleiterin geplant, aber von einem Teilnehmer auf der Karte entdeckt. Mit etwas Suchen haben wir den teilweise \u00fcberwachsenen aber landschaftlich sch\u00f6nen Weg gefunden und bis zum Ziel folgen k\u00f6nnen.<\/p>\n<p style=\"text-align: justify;\"><img decoding=\"async\" class=\"ngg-singlepic ngg-left\" src=\"http:\/\/www.adrianwood.ch\/wp-content\/gallery\/dodekanes1501\/image013_r36.jpg\" alt=\"image013_r36\" \/><img decoding=\"async\" class=\"ngg-singlepic ngg-left\" src=\"http:\/\/www.adrianwood.ch\/wp-content\/gallery\/dodekanes1501\/image014_r36.jpg\" alt=\"image014_r36\" \/><\/p>\n<p style=\"text-align: justify;\">Die Reise von Patmos nach Nisyros war lang und f\u00fchrte schon \u00fcber Kos, weil eine direkte Verbindung fehlte. Bis Kos gab es ein schnelles Linienschiff, aber f\u00fcr der die Weiterfahrt mussten wir zuerst einen Bus nach Kardamena nehmen und dann ein Schiff nach Mandraki chartern. Ein Vorteil der Gruppengr\u00f6sse, dass so etwas m\u00f6glich war. F\u00fcr die R\u00fcckfahrt nach Kos war auch ein eigenes Schiff n\u00f6tig und wir konnten alle innen Platz nehmen weil es heftig regnete. Das war der einzige Regenschauer wahrend den zwei Wochen und kurz nach unserer Ankunft schien schon wieder die Sonne.<\/p>\n<p style=\"text-align: justify;\"><img decoding=\"async\" class=\"ngg-singlepic ngg-left\" src=\"http:\/\/www.adrianwood.ch\/wp-content\/gallery\/dodekanes1501\/image015_r36.jpg\" alt=\"image015_r36\" \/><img decoding=\"async\" class=\"ngg-singlepic ngg-left\" src=\"http:\/\/www.adrianwood.ch\/wp-content\/gallery\/dodekanes1501\/image016_r36.jpg\" alt=\"image016_r36\" \/><\/p>\n<p style=\"text-align: justify;\">Die Hippokratesinsel <strong>Kos<\/strong> geh\u00f6rt zu den gro\u00dfen Inseln der Dodekanes und bietet lange Sandstr\u00e4nde, fruchtbare Ebenen, aber auch zwei Gebirgsst\u00f6cke. Der Aufstieg zu der 17 km lange Dikeos-Kette im Osten wird belohnt mit einer phantastischen Aussicht \u00fcber die \u00e4g\u00e4ische Inselwelt bis nach Kleinasien. Dazwischen liegt, umgeben von Weinbergen und Olivenkulturen, die m\u00e4chtige, von den Venezianern gegr\u00fcndete Festung von Antimachia, die wir schon am Nachmittag unseres Ankunftstages besucht haben. Die Natur hat grosse Teile des alten Mauerwerks zur\u00fcck erobert und es mit einem Blumenmeer \u00fcberzogen.<\/p>\n<p style=\"text-align: justify;\"><img decoding=\"async\" class=\"ngg-singlepic ngg-left\" src=\"http:\/\/www.adrianwood.ch\/wp-content\/gallery\/dodekanes1501\/image017_r36.jpg\" alt=\"image017_r36\" \/><img decoding=\"async\" class=\"ngg-singlepic ngg-left\" src=\"http:\/\/www.adrianwood.ch\/wp-content\/gallery\/dodekanes1501\/image018_r36.jpg\" alt=\"image018_r36\" \/><br \/>\nDer Dikeos mit sein 826m war unsere einzige nennenswerte Bergbesteigung. Der Weg hinauf war sehr steinig, wurde aber von allen gut bew\u00e4ltigt. Der Abstieg f\u00fchrte uns zum verlassenen Dorf Palio Pyli mit seiner Burg, wo wir ein Abendessen an einem lauschigen Platz mit wunderbarer Aussicht geniessen konnten. Am letzten Wandertag fuhren wir nach Kefalos am westlichen Ende der Insel und liefen an Ueberresten der Antike vorbei zu den wilden Str\u00e4nden an der Westk\u00fcste. Es blieb nur noch einen Tag f\u00fcr die Besichtigung der historischen Stadt Kos vor unserem Heimflug direkt bis Basel.<\/p>\n<p style=\"text-align: justify;\"><img decoding=\"async\" class=\"ngg-singlepic ngg-left\" src=\"http:\/\/adrianwood.ch\/wp-content\/gallery\/dodekanes1502\/image019_r7.jpg\" alt=\"image019_r7\" \/><\/p>\n<p style=\"text-align: justify;\">Ich glaube ich kann sagen, dass die Dodekanes Wanderferien sehr gut gelaufen sind. Wir hatten immer sch\u00f6nstes (Bade-) Wetter ausser an dem Vormittag an dem wir sowieso einen Bootstransfer hatten. Christina, unsere Wanderleiterin, die kurzfristig eingesprungen ist weil ihr Kollege krank war, hat sich gut ausgekannt auch mit den kulturellen Aspekten. Die Wanderungen verliefen dann gem\u00fctlich weil sie viel Zeit f\u00fcr Pausen eingebaut hatte. Das war m\u00f6glich und sinnvoll weil die Wanderungen auf den kleinen Inseln k\u00fcrzer waren als wir sie in der Vergangenheit hatten. Die Berge waren nicht so hoch aber die Landschaft mit den vielen Insel, Halbinsel und Buchten doch sehr sch\u00f6n und abwechslungsreich. Die Str\u00e4nde waren wirklich wundersch\u00f6n und das Wetter dazu perfekt mit einer Wassertemperatur von schon 20 Grad. So viele Badende gab es noch nie und ich glaube ich habe selber nie im Leben so viel Zeit am Strand verbracht wie in diesen Ferien.<\/p>\n<p style=\"text-align: justify;\"><img decoding=\"async\" class=\"ngg-singlepic ngg-left\" src=\"http:\/\/www.adrianwood.ch\/wp-content\/gallery\/dodekanes1501\/image020_r36.jpg\" alt=\"image020_r36\" \/><img decoding=\"async\" class=\"ngg-singlepic ngg-left\" src=\"http:\/\/www.adrianwood.ch\/wp-content\/gallery\/dodekanes1501\/image021_r36.jpg\" alt=\"image021_r36\" \/><br \/>\nIch danke allen Teilnehmer\/innen f\u00fcr die freundliche Kameradschaft, die wir wie immer genossen haben. Die Gruppe hat einen gute Zusammenhalt gehabt und auch die Neulinge, die es jedes Jahr gibt, haben sich gut integriert. Hoffentlich teilen sie mit mir diese Meinung. Unsere Wanderreisen werden noch fortgesetzt und die Pl\u00e4ne f\u00fcr n\u00e4chstes und sogar \u00fcbern\u00e4chstes Jahr sind schon in Vorbereitung. Ich freue mich darauf, Euch noch einmal eine interessante Reise anzubieten.<br \/>\nAdrian<\/p>\n","protected":false},"excerpt":{"rendered":"<p>Einf\u00fchrung und Zusammenfassung Ich hatte schon lange an Wanderferien auf den kleinen Griechischen Inseln im Aegeischen Meer gedacht, aber meine Gedanken wurden erst konkret als einer der Teilnehmer letztes Jahr von seinen Erfahrungen auf Nisyros und Kalymnos gesprochen hat. Er kannte auch eine Wanderf\u00fchrerin die m\u00f6glicherweise uns leiten k\u00f6nnte. Es hat sich herausgestellt, dass sie &hellip; <a href=\"https:\/\/www.adrianwood.ch\/?page_id=4024\" class=\"more-link\">Continue reading <span class=\"screen-reader-text\">Einf\u00fchrung<\/span> <span class=\"meta-nav\">&rarr;<\/span><\/a><\/p>\n","protected":false},"author":1,"featured_media":0,"parent":4013,"menu_order":2502,"comment_status":"closed","ping_status":"closed","template":"","meta":{"ngg_post_thumbnail":0,"footnotes":""},"class_list":["post-4024","page","type-page","status-publish","hentry"],"_links":{"self":[{"href":"https:\/\/www.adrianwood.ch\/index.php?rest_route=\/wp\/v2\/pages\/4024","targetHints":{"allow":["GET"]}}],"collection":[{"href":"https:\/\/www.adrianwood.ch\/index.php?rest_route=\/wp\/v2\/pages"}],"about":[{"href":"https:\/\/www.adrianwood.ch\/index.php?rest_route=\/wp\/v2\/types\/page"}],"author":[{"embeddable":true,"href":"https:\/\/www.adrianwood.ch\/index.php?rest_route=\/wp\/v2\/users\/1"}],"replies":[{"embeddable":true,"href":"https:\/\/www.adrianwood.ch\/index.php?rest_route=%2Fwp%2Fv2%2Fcomments&post=4024"}],"version-history":[{"count":9,"href":"https:\/\/www.adrianwood.ch\/index.php?rest_route=\/wp\/v2\/pages\/4024\/revisions"}],"predecessor-version":[{"id":7913,"href":"https:\/\/www.adrianwood.ch\/index.php?rest_route=\/wp\/v2\/pages\/4024\/revisions\/7913"}],"up":[{"embeddable":true,"href":"https:\/\/www.adrianwood.ch\/index.php?rest_route=\/wp\/v2\/pages\/4013"}],"wp:attachment":[{"href":"https:\/\/www.adrianwood.ch\/index.php?rest_route=%2Fwp%2Fv2%2Fmedia&parent=4024"}],"curies":[{"name":"wp","href":"https:\/\/api.w.org\/{rel}","templated":true}]}}