{"id":4046,"date":"2015-08-01T15:42:42","date_gmt":"2015-08-01T14:42:42","guid":{"rendered":"http:\/\/adrianwood.ch\/?page_id=4046"},"modified":"2015-08-01T15:42:42","modified_gmt":"2015-08-01T14:42:42","slug":"kalymnos","status":"publish","type":"page","link":"https:\/\/www.adrianwood.ch\/?page_id=4046","title":{"rendered":"Kalymnos"},"content":{"rendered":"<figure id=\"attachment_4047\" aria-describedby=\"caption-attachment-4047\" style=\"width: 730px\" class=\"wp-caption alignleft\"><a href=\"http:\/\/adrianwood.ch\/wp-content\/uploads\/2015\/08\/DEK_0088_r_r7.jpg\"><img loading=\"lazy\" decoding=\"async\" class=\"size-full wp-image-4047\" src=\"http:\/\/adrianwood.ch\/wp-content\/uploads\/2015\/08\/DEK_0088_r_r7.jpg\" alt=\"Pothia Hafen\" width=\"730\" height=\"487\" \/><\/a><figcaption id=\"caption-attachment-4047\" class=\"wp-caption-text\">Pothia Hafen<\/figcaption><\/figure>\n<h2>Kalymnos, von der Schwammtaucher zur Kletterer-Insel<\/h2>\n<p><strong>2. Tag, Sonntag, 03.05.15: Italienerweg<\/strong><br \/>\nHeute wandern wir von Pothia nach Vathi auf dem alten Italiener-Weg, ein landestypsicher Pfad mit Marmor-<br \/>\nplatten an unwegsamen Stellen. Badem\u00f6glichkeit in Vathy. Gemeinsames Abendessen in Vathi. R\u00fcckfahrt<br \/>\nmit dem Bus zur\u00fcck nach Panormos. Wanderzeit ca. 4 Stunden.<br \/>\n<strong>3. Tag, Montag, 04.05.15: Telendos<\/strong><br \/>\nBusfahrt nach Mirties. Von dort aus fahren wir mit dem Boot zur Nachbarinsel Telendos. Die einsame<br \/>\nWanderung f\u00fchrt zu einem verlassenen und zerfallenden Weiler mit alten Gr\u00e4bern bei der Kirchenruine Agios Konstantinos. Unterwegs mehrere Badem\u00f6glichkeiten. Am Abend f\u00e4hrt uns das Boot zur\u00fcck. Busfahrt nach Panormos zu unserem Hotel. Wanderzeit ca. 4 Stunden.<br \/>\n<strong>4. Tag, Dienstag, 05.05.15: Pothia, Fahrt nach Kalymnos<\/strong><br \/>\nTransfer zum Hafen von Kalymnos. Besichtung von Pothia. Wir fahren mit dem Linienschiff um 14:45h nach Patmos, Ankunft 16:20h. Transfer zum Hotel. ngg_shortcode_0_placeholder<\/p>\n<figure id=\"attachment_4048\" aria-describedby=\"caption-attachment-4048\" style=\"width: 858px\" class=\"wp-caption alignleft\"><a href=\"http:\/\/adrianwood.ch\/wp-content\/uploads\/2015\/08\/Kalymnos-Map_r8.jpg\"><img loading=\"lazy\" decoding=\"async\" class=\"size-full wp-image-4048\" src=\"http:\/\/adrianwood.ch\/wp-content\/uploads\/2015\/08\/Kalymnos-Map_r8.jpg\" alt=\"Kalymnos\" width=\"858\" height=\"933\" \/><\/a><figcaption id=\"caption-attachment-4048\" class=\"wp-caption-text\">Kalymnos und Telendos<\/figcaption><\/figure>\n","protected":false},"excerpt":{"rendered":"<p>Kalymnos, von der Schwammtaucher zur Kletterer-Insel 2. Tag, Sonntag, 03.05.15: Italienerweg Heute wandern wir von Pothia nach Vathi auf dem alten Italiener-Weg, ein landestypsicher Pfad mit Marmor- platten an unwegsamen Stellen. Badem\u00f6glichkeit in Vathy. Gemeinsames Abendessen in Vathi. R\u00fcckfahrt mit dem Bus zur\u00fcck nach Panormos. Wanderzeit ca. 4 Stunden. 3. Tag, Montag, 04.05.15: Telendos Busfahrt &hellip; <a href=\"https:\/\/www.adrianwood.ch\/?page_id=4046\" class=\"more-link\">Continue reading <span class=\"screen-reader-text\">Kalymnos<\/span> <span class=\"meta-nav\">&rarr;<\/span><\/a><\/p>\n","protected":false},"author":1,"featured_media":0,"parent":4013,"menu_order":2504,"comment_status":"closed","ping_status":"closed","template":"","meta":{"ngg_post_thumbnail":0,"footnotes":""},"class_list":["post-4046","page","type-page","status-publish","hentry"],"_links":{"self":[{"href":"https:\/\/www.adrianwood.ch\/index.php?rest_route=\/wp\/v2\/pages\/4046","targetHints":{"allow":["GET"]}}],"collection":[{"href":"https:\/\/www.adrianwood.ch\/index.php?rest_route=\/wp\/v2\/pages"}],"about":[{"href":"https:\/\/www.adrianwood.ch\/index.php?rest_route=\/wp\/v2\/types\/page"}],"author":[{"embeddable":true,"href":"https:\/\/www.adrianwood.ch\/index.php?rest_route=\/wp\/v2\/users\/1"}],"replies":[{"embeddable":true,"href":"https:\/\/www.adrianwood.ch\/index.php?rest_route=%2Fwp%2Fv2%2Fcomments&post=4046"}],"version-history":[{"count":0,"href":"https:\/\/www.adrianwood.ch\/index.php?rest_route=\/wp\/v2\/pages\/4046\/revisions"}],"up":[{"embeddable":true,"href":"https:\/\/www.adrianwood.ch\/index.php?rest_route=\/wp\/v2\/pages\/4013"}],"wp:attachment":[{"href":"https:\/\/www.adrianwood.ch\/index.php?rest_route=%2Fwp%2Fv2%2Fmedia&parent=4046"}],"curies":[{"name":"wp","href":"https:\/\/api.w.org\/{rel}","templated":true}]}}