{"id":4064,"date":"2015-08-02T07:53:33","date_gmt":"2015-08-02T06:53:33","guid":{"rendered":"http:\/\/adrianwood.ch\/?page_id=4064"},"modified":"2016-07-02T10:21:58","modified_gmt":"2016-07-02T10:21:58","slug":"05-05-pothia-patmos","status":"publish","type":"page","link":"https:\/\/www.adrianwood.ch\/?page_id=4064","title":{"rendered":"05-05 Pothia-Patmos"},"content":{"rendered":"<h2>Dienstag, 05.05.2015, Pothia, Transfer von Kalymnos nach Patmos<\/h2>\n<p style=\"text-align: justify;\">Nach einem gem\u00fctlichen Fr\u00fchst\u00fcck im Hotel Kalydna Island erfahren wir gegen 9 Uhr, der \u00fcblichen Abfahrtszeit, dass sich unser Bus um 30 Minuten versp\u00e4ten wird. Aus den 30 Minuten wird dann eine Versp\u00e4tung von 1 1\/2 Stunden bis zur Abfahrt. Dies wird aber von allen recht gelassen aufgenommen. Adrian nutzt die Zeit um noch im Hotel-Pool zu schwimmen; andere nutzen in der Lobby das Free-WLAN und checkten ihre Mails, surfen im Internet oder schreiben Postkarten.<\/p>\n<p style=\"text-align: justify;\"><img decoding=\"async\" class=\"ngg-singlepic ngg-left\" src=\"http:\/\/www.adrianwood.ch\/wp-content\/gallery\/dodekanes1505\/image001_r36.jpg\" alt=\"image001_r36\" \/><img decoding=\"async\" class=\"ngg-singlepic ngg-left\" src=\"http:\/\/www.adrianwood.ch\/wp-content\/gallery\/dodekanes1505\/image003_r36.jpg\" alt=\"image003_r36\" \/><\/p>\n<p style=\"text-align: justify;\">Um 11:40 Uhr erreichen wir mit dem Bus die Hafenstadt Pothia. Bis zur Abfahrt mit dem Linienschiff nach Patmos bleibt Zeit zum Besuch der Schwammfabrik &#8220;Sponges Warehouse KALYMNOS&#8221; an der Uferpromenade. Hier erfahren wir, dass die Insel Kalymnos f\u00fcr ihre Schwammtaucher-Tradition ber\u00fchmt ist und die Naturschw\u00e4mme als &#8220;Spezialit\u00e4t&#8221; der Insel gelten. Eine Angestellte erkl\u00e4rt uns die Behandlungsschritte vom harten, schwarzen Gegenstand, den die Schwammtaucher vom Meeresgrund holen, bis zum gereinigten, hell gebleichten, weichen und zurecht gestutzten Schwamm, der seinen Platz im Badezimmer findet. Anschliessend k\u00f6nnen wir uns noch im Show-Room umsehen und Schw\u00e4mme in verschiedenen Qualit\u00e4tsstufen und Gr\u00f6ssen kaufen.<\/p>\n<p><img decoding=\"async\" class=\"ngg-singlepic ngg-left\" src=\"http:\/\/www.adrianwood.ch\/wp-content\/gallery\/dodekanes1505\/image005_r36.jpg\" alt=\"image005_r36\" \/><img decoding=\"async\" class=\"ngg-singlepic ngg-left\" src=\"http:\/\/www.adrianwood.ch\/wp-content\/gallery\/dodekanes1505\/image007_r36.jpg\" alt=\"image007_r36\" \/><\/p>\n<p style=\"text-align: justify;\">Ab 12:30 Uhr bis 14:30 haben wir freie Zeit, die Stadt auf eigene Faust zu erkunden und\/oder in einem Restaurant an der Hafenpromenade das Mittagessen mit griechischen Vorspeisen, Kalamari, Octopus, Ouzo und Wein zu geniessen.<\/p>\n<p style=\"text-align: justify;\"><img decoding=\"async\" class=\"ngg-singlepic ngg-left\" src=\"http:\/\/www.adrianwood.ch\/wp-content\/gallery\/dodekanes1505\/image009_r36.jpg\" alt=\"image009_r36\" \/><img decoding=\"async\" class=\"ngg-singlepic ngg-left\" src=\"http:\/\/www.adrianwood.ch\/wp-content\/gallery\/dodekanes1505\/image011_r36.jpg\" alt=\"image011_r36\" \/><\/p>\n<p style=\"text-align: justify;\">Um 14:40 trifft unser Schiff, die Dodecamos Pride, im Hafen ein. Die Koffer wurden schnell im Inneren verstaut und p\u00fcnktlich um 14:45 legt das Schiff ab. Die Gruppe verteilt sich schutzsuchend vor Sonne und Wind im ger\u00e4umigen Inneren oder sucht einen Platz auf dem kleineren Sonnendeck. Manche stellen sich dem starken Fahrtwind unseres Schnellbootes, um das Meer und die grossen und kleinen Inseln von der Reling zu betrachten.<\/p>\n<p style=\"text-align: justify;\"><img decoding=\"async\" class=\"ngg-singlepic ngg-left\" src=\"http:\/\/www.adrianwood.ch\/wp-content\/gallery\/dodekanes1505\/image013_r36.jpg\" alt=\"image013_r36\" \/><img decoding=\"async\" class=\"ngg-singlepic ngg-left\" src=\"http:\/\/www.adrianwood.ch\/wp-content\/gallery\/dodekanes1505\/image015_r36.jpg\" alt=\"image015_r36\" \/><\/p>\n<p style=\"text-align: justify;\">Um 15:30 erreichen wir den Hafen von Leros, um 16:00 den Hafen von Lipsi. Alles verl\u00e4uft sehr routiniert, kaum 5 Minuten vergehen zwischen An- zum Ablegen.<\/p>\n<p style=\"text-align: justify;\"><img decoding=\"async\" class=\"ngg-singlepic ngg-left\" src=\"http:\/\/www.adrianwood.ch\/wp-content\/gallery\/dodekanes1505\/image017_r36.jpg\" alt=\"image017_r36\" \/><img decoding=\"async\" class=\"ngg-singlepic ngg-left\" src=\"http:\/\/www.adrianwood.ch\/wp-content\/gallery\/dodekanes1505\/image019_r36.jpg\" alt=\"image019_r36\" \/><\/p>\n<p style=\"text-align: justify;\">Um 16:30 kommen wir in der Hafenstadt Skala auf Patmos an. Unsere Gastgeber erwarten uns schon, um unser Gep\u00e4ck mit einen kleinen Pick-up-Roller ins Hotel zu fahren. Ein kleiner Fussmarsch f\u00fchrt uns zum Hotel Effie, wo die Zimmerverteilung erfolgt.<\/p>\n<p style=\"text-align: justify;\"><img decoding=\"async\" class=\"ngg-singlepic ngg-left\" src=\"http:\/\/www.adrianwood.ch\/wp-content\/gallery\/dodekanes1505\/image021_r36.jpg\" alt=\"image021_r36\" \/><img decoding=\"async\" class=\"ngg-singlepic ngg-left\" src=\"http:\/\/www.adrianwood.ch\/wp-content\/gallery\/dodekanes1505\/image023_r36.jpg\" alt=\"image023_r36\" \/><\/p>\n<p style=\"text-align: justify;\">Um 18:00 ist &#8220;Info&#8221; auf dem Hotel-Hof. Christina erz\u00e4hlt uns, dass Patmos auch &#8220;die heilige Insel&#8221; genannt wird, weil der Evangelist Johannes hier in den Jahren 95\/96 seine Vision der Apokalypse hatte, die die Grundlage f\u00fcr das letzte Buch im Neuen Testament bildet.<\/p>\n<p style=\"text-align: justify;\"><img decoding=\"async\" class=\"ngg-singlepic ngg-left\" src=\"http:\/\/www.adrianwood.ch\/wp-content\/gallery\/dodekanes1505\/image025_r36.jpg\" alt=\"image025_r36\" \/><\/p>\n<p style=\"text-align: justify;\">Nach den Informationen \u00fcber die Wandertour f\u00fcr den n\u00e4chsten Tag ging es zu Fuss quer durch die Fussg\u00e4ngerzone der Stadt Skala zu der Fisch-Taverne Chiliomodi, wo uns ein gedeckter Tisch erwartet.<br \/>\nDas Essen besteht aus griechischen Vorspeisen, von denen die \u00fcppig gereichten Platten mit den 5 cm-kleinen Fischen in besonderer Erinnerung bleiben werden; nicht zu vergessen die grossen, leckeren Doraden als Hauptgericht. Wein floss reichlich, spendiert von der Kalymnos-Busgesellschaft als Kompensation f\u00fcr die morgentliche Versp\u00e4tung.<br \/>\nIngrid<\/p>\n<p style=\"text-align: justify;\"><img decoding=\"async\" class=\"ngg-singlepic ngg-left\" src=\"http:\/\/adrianwood.ch\/wp-content\/gallery\/dodekanes1507\/image033.jpg\" alt=\"image033\" \/><\/p>\n","protected":false},"excerpt":{"rendered":"<p>Dienstag, 05.05.2015, Pothia, Transfer von Kalymnos nach Patmos Nach einem gem\u00fctlichen Fr\u00fchst\u00fcck im Hotel Kalydna Island erfahren wir gegen 9 Uhr, der \u00fcblichen Abfahrtszeit, dass sich unser Bus um 30 Minuten versp\u00e4ten wird. Aus den 30 Minuten wird dann eine Versp\u00e4tung von 1 1\/2 Stunden bis zur Abfahrt. Dies wird aber von allen recht gelassen &hellip; <a href=\"https:\/\/www.adrianwood.ch\/?page_id=4064\" class=\"more-link\">Continue reading <span class=\"screen-reader-text\">05-05 Pothia-Patmos<\/span> <span class=\"meta-nav\">&rarr;<\/span><\/a><\/p>\n","protected":false},"author":1,"featured_media":0,"parent":4013,"menu_order":2507,"comment_status":"closed","ping_status":"closed","template":"","meta":{"ngg_post_thumbnail":0,"footnotes":""},"class_list":["post-4064","page","type-page","status-publish","hentry"],"_links":{"self":[{"href":"https:\/\/www.adrianwood.ch\/index.php?rest_route=\/wp\/v2\/pages\/4064","targetHints":{"allow":["GET"]}}],"collection":[{"href":"https:\/\/www.adrianwood.ch\/index.php?rest_route=\/wp\/v2\/pages"}],"about":[{"href":"https:\/\/www.adrianwood.ch\/index.php?rest_route=\/wp\/v2\/types\/page"}],"author":[{"embeddable":true,"href":"https:\/\/www.adrianwood.ch\/index.php?rest_route=\/wp\/v2\/users\/1"}],"replies":[{"embeddable":true,"href":"https:\/\/www.adrianwood.ch\/index.php?rest_route=%2Fwp%2Fv2%2Fcomments&post=4064"}],"version-history":[{"count":4,"href":"https:\/\/www.adrianwood.ch\/index.php?rest_route=\/wp\/v2\/pages\/4064\/revisions"}],"predecessor-version":[{"id":8369,"href":"https:\/\/www.adrianwood.ch\/index.php?rest_route=\/wp\/v2\/pages\/4064\/revisions\/8369"}],"up":[{"embeddable":true,"href":"https:\/\/www.adrianwood.ch\/index.php?rest_route=\/wp\/v2\/pages\/4013"}],"wp:attachment":[{"href":"https:\/\/www.adrianwood.ch\/index.php?rest_route=%2Fwp%2Fv2%2Fmedia&parent=4064"}],"curies":[{"name":"wp","href":"https:\/\/api.w.org\/{rel}","templated":true}]}}