{"id":4080,"date":"2015-08-02T08:53:15","date_gmt":"2015-08-02T07:53:15","guid":{"rendered":"http:\/\/adrianwood.ch\/?page_id=4080"},"modified":"2016-07-02T10:43:30","modified_gmt":"2016-07-02T10:43:30","slug":"05-07-lambi","status":"publish","type":"page","link":"https:\/\/www.adrianwood.ch\/?page_id=4080","title":{"rendered":"05-07 Lambi"},"content":{"rendered":"<h2>7.Mai 2015 K\u00fcstenwanderung: Kambos \u2013 Kloster Geranou \u2013 Strand von Lambi<\/h2>\n<p style=\"text-align: justify;\">Um 8.45h nehmen wir den lokalen Bus unten an der Hauptstrasse. Dieser bringt uns auf einer Kurvenreichen Strasse, die oft mit Eukalyptus B\u00e4umen ges\u00e4umt ist, in 10 Minuten zur Kambo Beach. Von hier geht es in einer Stunde auf einem schmalen Weg durch Macchia, d.h. rosa Zistrosen und wilden Lavendel, \u00fcber einen H\u00fcgel zum Liginou Strand.<\/p>\n<p style=\"text-align: justify;\"><img decoding=\"async\" class=\"ngg-singlepic ngg-left\" src=\"http:\/\/www.adrianwood.ch\/wp-content\/gallery\/dodekanes1507\/image001_r36.jpg\" alt=\"image001_r36\" \/><img decoding=\"async\" class=\"ngg-singlepic ngg-left\" src=\"http:\/\/www.adrianwood.ch\/wp-content\/gallery\/dodekanes1507\/image002_r36.jpg\" alt=\"image002_r36\" \/><\/p>\n<p style=\"text-align: justify;\">Eine wenige nehmen hier ihr erstes Seebad, die Andern ruhen im Schatten der Tamarisken B\u00e4ume. Um 10.15 Uhr geht es weiter zur n\u00e4chsten Bucht, wo wir bereits nach 45 Minuten ankommen. F\u00fcr die meisten zu schnell, um schon wieder ein Bad zu nehmen. Auch sind es nur noch 15 Min. Aufstieg zum Kloster Panagia Geranou. Christina teilt uns allen mit, dass bei der Kapelle oben um 12.00h \u2013 nach dem Lunch \u2013 Abmarsch ist.<\/p>\n<p><img decoding=\"async\" class=\"ngg-singlepic ngg-left\" src=\"http:\/\/www.adrianwood.ch\/wp-content\/gallery\/dodekanes1507\/image003_r36.jpg\" alt=\"image003_r36\" \/><img decoding=\"async\" class=\"ngg-singlepic ngg-left\" src=\"http:\/\/www.adrianwood.ch\/wp-content\/gallery\/dodekanes1507\/image004_r36.jpg\" alt=\"image004_r36\" \/><\/p>\n<p style=\"text-align: justify;\">Individuell steigen wir hoch zu den 2 Kapellen. Der Lefteris erkl\u00e4rt uns die Ikonen und dann geniessen wir die tolle Aussicht und unser Picknick. Schatten ist hier oben Mangelware und so dr\u00e4ngen sich alle der Mauer entlang auf einer Bank und am Boden.<\/p>\n<p><img decoding=\"async\" class=\"ngg-singlepic ngg-left\" src=\"http:\/\/adrianwood.ch\/wp-content\/gallery\/dodekanes1510\/image005_r7.jpg\" alt=\"image005_r7\" \/><\/p>\n<p><img decoding=\"async\" class=\"ngg-singlepic ngg-left\" src=\"http:\/\/www.adrianwood.ch\/wp-content\/gallery\/dodekanes1507\/image006_r36.jpg\" alt=\"image006_r36\" \/><img decoding=\"async\" class=\"ngg-singlepic ngg-left\" src=\"http:\/\/www.adrianwood.ch\/wp-content\/gallery\/dodekanes1507\/image007_r36.jpg\" alt=\"image007_r36\" \/><\/p>\n<p style=\"text-align: justify;\">Eher ungem\u00fctlich, um noch l\u00e4nger auf Adrian zu warten, der noch unten am Strand badet. Um 12.30 Uhr, d.h. \u00bd Stunde sp\u00e4ter als abgemacht, entscheiden wir, ohne Adrian weiterzuziehen, da er den Weg ja sowieso kennt. Dann schwitzen wir auf der geteerten Strasse bis zum Stausee.<\/p>\n<p><img decoding=\"async\" class=\"ngg-singlepic ngg-left\" src=\"http:\/\/www.adrianwood.ch\/wp-content\/gallery\/dodekanes1507\/image008_r36.jpg\" alt=\"image008_r36\" \/><img decoding=\"async\" class=\"ngg-singlepic ngg-left\" src=\"http:\/\/www.adrianwood.ch\/wp-content\/gallery\/dodekanes1507\/image009_r36.jpg\" alt=\"image009_r36\" \/><\/p>\n<p style=\"text-align: justify;\">Gott sei Dank ist die Sauna nach einer halben Stunde vorbei. Hier weht nun ein herrliches L\u00fcftchen! Nach einer verdienten Trinkpause geht es auf einem Geisspfad dem linken Seeufer entlang auf eine Passh\u00f6he. Von hier sehen wir bereits unser Tagesziel, die Lambi Bucht. Durch einen kleinen Erdbeerbaum Hain erreichen wir den Strand um 14.15 Uhr. Herrlich, dass wir uns hier nun beinahe 3 Stunden aufhalten k\u00f6nnen.<\/p>\n<p style=\"text-align: justify;\"><img decoding=\"async\" class=\"ngg-singlepic ngg-left\" src=\"http:\/\/www.adrianwood.ch\/wp-content\/gallery\/dodekanes1507\/image010_r36.jpg\" alt=\"image010_r36\" \/><img decoding=\"async\" class=\"ngg-singlepic ngg-left\" src=\"http:\/\/www.adrianwood.ch\/wp-content\/gallery\/dodekanes1507\/image011_r36.jpg\" alt=\"image011_r36\" \/><br \/>\nDie einen springen sofort ins k\u00fchle Nass, doch die Meisten geniessen zuerst ein erfrischendes Bier in der Taverne. Die bunten runden Kieselsteine an diesem Strand sind einmalig, das Meer ist angenehm warm und hat nicht zu hohe Wellen, so richtig zum Schwimmen. P\u00fcnktlich um 17.00 Uhr holt uns der Bus ab und bringt uns nach Skala zur\u00fcck.<\/p>\n<p style=\"text-align: justify;\">Um 19.00h spazieren wir alle gemeinsam dem Skala Strand entlang zu einem Restaurant am Meer. Wiederum geniessen wir die vielen verschiedenen Vorspeisen, diesmal sogar mit Gem\u00fcse. Auch die Hauptspeise mit Zwiebel Rindsgulasch und Pommes Frites mundet ausgezeichnet.<br \/>\nVreny S.<\/p>\n<p style=\"text-align: justify;\"><img decoding=\"async\" class=\"ngg-singlepic ngg-left\" src=\"http:\/\/adrianwood.ch\/wp-content\/gallery\/dodekanes1510\/image026.jpg\" alt=\"image026\" \/><\/p>\n","protected":false},"excerpt":{"rendered":"<p>7.Mai 2015 K\u00fcstenwanderung: Kambos \u2013 Kloster Geranou \u2013 Strand von Lambi Um 8.45h nehmen wir den lokalen Bus unten an der Hauptstrasse. Dieser bringt uns auf einer Kurvenreichen Strasse, die oft mit Eukalyptus B\u00e4umen ges\u00e4umt ist, in 10 Minuten zur Kambo Beach. Von hier geht es in einer Stunde auf einem schmalen Weg durch Macchia, &hellip; <a href=\"https:\/\/www.adrianwood.ch\/?page_id=4080\" class=\"more-link\">Continue reading <span class=\"screen-reader-text\">05-07 Lambi<\/span> <span class=\"meta-nav\">&rarr;<\/span><\/a><\/p>\n","protected":false},"author":1,"featured_media":0,"parent":4013,"menu_order":2510,"comment_status":"closed","ping_status":"closed","template":"","meta":{"ngg_post_thumbnail":0,"footnotes":""},"class_list":["post-4080","page","type-page","status-publish","hentry"],"_links":{"self":[{"href":"https:\/\/www.adrianwood.ch\/index.php?rest_route=\/wp\/v2\/pages\/4080","targetHints":{"allow":["GET"]}}],"collection":[{"href":"https:\/\/www.adrianwood.ch\/index.php?rest_route=\/wp\/v2\/pages"}],"about":[{"href":"https:\/\/www.adrianwood.ch\/index.php?rest_route=\/wp\/v2\/types\/page"}],"author":[{"embeddable":true,"href":"https:\/\/www.adrianwood.ch\/index.php?rest_route=\/wp\/v2\/users\/1"}],"replies":[{"embeddable":true,"href":"https:\/\/www.adrianwood.ch\/index.php?rest_route=%2Fwp%2Fv2%2Fcomments&post=4080"}],"version-history":[{"count":2,"href":"https:\/\/www.adrianwood.ch\/index.php?rest_route=\/wp\/v2\/pages\/4080\/revisions"}],"predecessor-version":[{"id":8372,"href":"https:\/\/www.adrianwood.ch\/index.php?rest_route=\/wp\/v2\/pages\/4080\/revisions\/8372"}],"up":[{"embeddable":true,"href":"https:\/\/www.adrianwood.ch\/index.php?rest_route=\/wp\/v2\/pages\/4013"}],"wp:attachment":[{"href":"https:\/\/www.adrianwood.ch\/index.php?rest_route=%2Fwp%2Fv2%2Fmedia&parent=4080"}],"curies":[{"name":"wp","href":"https:\/\/api.w.org\/{rel}","templated":true}]}}