{"id":4085,"date":"2015-08-02T09:13:49","date_gmt":"2015-08-02T08:13:49","guid":{"rendered":"http:\/\/adrianwood.ch\/?page_id=4085"},"modified":"2016-07-02T10:50:02","modified_gmt":"2016-07-02T10:50:02","slug":"05-08-johanneskloster","status":"publish","type":"page","link":"https:\/\/www.adrianwood.ch\/?page_id=4085","title":{"rendered":"05-08 Johanneskloster"},"content":{"rendered":"<h2>08.Mai 2015, Johanneskloster auf Patmos und Weiterfahrt nach Nisyros \u00fcber Kos<\/h2>\n<p style=\"text-align: justify;\">Wie schon seit Beginn unserer Wanderferien im Dodekanes strahlt auch heute wieder die Sonne von einem wolkenlosen Himmel. Gem\u00e4ss Programm sollen wir den Morgen in der Stadt Skala verbringen und um 13:30h die F\u00e4hre nach Nisyros via Kos nehmen. Weil wir aber 2 Tage vorher die Besichtigung des weltber\u00fchmten Johannesklosters aus zeitlichen Gr\u00fcnden nicht durchf\u00fchren konnten, nutzten wir den freien Morgen, um den Besuch nachzuholen.<\/p>\n<p style=\"text-align: justify;\"><img decoding=\"async\" class=\"ngg-singlepic ngg-left\" src=\"http:\/\/www.adrianwood.ch\/wp-content\/gallery\/dodekanes1407-1\/image001_r36.jpg\" alt=\"image001_r36\" \/><img decoding=\"async\" class=\"ngg-singlepic ngg-left\" src=\"http:\/\/www.adrianwood.ch\/wp-content\/gallery\/dodekanes1407-1\/image003_r36.jpg\" alt=\"image003_r36\" \/><\/p>\n<p style=\"text-align: justify;\">Nach dem Fr\u00fchst\u00fcck im Hotel Effie, sobald alle Mitreisenden das Gep\u00e4ck im Hof des Hotels deponiert hatten, damit der Hotelbesitzer es zu einem sp\u00e4teren Zeitpunkt an den Hafen bringen kann, marschieren wir los bis zur Polizeistation im Zentrum der Stadt Skala, wo uns ein Bus bis zum Johanneskloster f\u00e4hrt (den Aufstieg zu Fuss fand ja schon 2 Tage fr\u00fcher statt). Bevor wir die Besichtigung beginnen, gibt uns Chris, die lokale F\u00fchrerin ausf\u00fchrlich Auskunft \u00fcber die Geschichte des Klosters \u201eAgios Ioannis o Theologos&#8221; (St. Johannes der Theologe) sowie die strikten Klosterregeln.<\/p>\n<p><img decoding=\"async\" class=\"ngg-singlepic ngg-left\" src=\"http:\/\/www.adrianwood.ch\/wp-content\/gallery\/dodekanes1407-1\/image005_r36.jpg\" alt=\"image005_r36\" \/><img decoding=\"async\" class=\"ngg-singlepic ngg-left\" src=\"http:\/\/www.adrianwood.ch\/wp-content\/gallery\/dodekanes1407-1\/image007_r36.jpg\" alt=\"image007_r36\" \/><\/p>\n<p style=\"text-align: justify;\">Das Kloster wurde 1088 von einem M\u00f6nch, dem Seligen Christodulos, mit Unterst\u00fctzung des byzantinischen Kaisers Alexios I. auf den Ruinen eines antiken Artemis-Tempels gegr\u00fcndet. Das Kloster sieht wie eine grosse Festung aus. Tats\u00e4chlich wurde es im 16. Jh. auch als Festung ausgebaut um es von Piratenattacken zu sch\u00fctzen. Bis heute beherrscht das Kloster das Erscheinungsbild des im Mittelalter errichteten Dorfes Chora und der Insel Patmos.<\/p>\n<p><img decoding=\"async\" class=\"ngg-singlepic ngg-left\" src=\"http:\/\/www.adrianwood.ch\/wp-content\/gallery\/dodekanes1407-1\/image009_r36.jpg\" alt=\"image009_r36\" \/><\/p>\n<p style=\"text-align: justify;\">Patmos wurde 1999 von der UNESCO als Weltkulturerbe ernannt. Das Kloster vom Theologen St. Johannes sowie die Bewahrung des Dorfes Chora und die H\u00f6hle der Offenbarung, in der Johannes seine Vision erfuhr, sind die Hauptgr\u00fcnde der Internationalen Anerkennung.<br \/>\nAls wir den Hof des Klosters betreten, findet gerade ein Gottesdienst zum Gedenken des heiligen Johannes (f\u00fcr die griechisch-orthodoxe Kirche ist der 8.Mai der Gedenktag des heiligen Johannes) statt. Wir k\u00f6nnen die pr\u00e4chtigen Gew\u00e4nder der Priester betrachten und einen Teil der Liturgie mitverfolgen. Die Hauptkirche k\u00f6nnen wir verst\u00e4ndlicherweiseerst nach Ende des Gottesdienste<\/p>\n<p><img decoding=\"async\" class=\"ngg-singlepic ngg-left\" src=\"http:\/\/www.adrianwood.ch\/wp-content\/gallery\/dodekanes1407-1\/image011_r36.jpg\" alt=\"image011_r36\" \/><\/p>\n<p style=\"text-align: justify;\">besichtigen, so dass uns Chris mittlerweile die Sakristei zeigt, in der diverse Kirchensch\u00e4tze aufbewahrt werden. Unter anderem der Purpurkodex, ein Manuskript mit Ausz\u00fcgen des Evangeliums des Apostel Markus, datiert aus dem 6. Jh. ,dessen Bl\u00e4tter mit kostbarem Purpur gef\u00e4rbt und mit Gold- und Silberbuchstaben beschriftet sind. Ebenfalls ausgestellt ist die Gr\u00fcndungsurkunde des Klosters von April 1088 sowie eine Ikone um 1500 datiert, die dem Maler El Greco zugeschrieben wird.<br \/>\nIn der Hauptkirche (Katholikon), die nat\u00fcrlich dem heiligen Johannes geweiht ist, k\u00f6nnen wir Wandgem\u00e4lde des 18. Jhs. die den Aufenthalt des Heiligen Johannes in Patmos wiedergeben, und eine wundersch\u00f6ne Ikonostase aus dem 15. Jh. bewundern. Zum Schluss besichtigen wir den Hof sowie die zweist\u00f6ckige Halle, die den Klosterhof nach S\u00fcden abschliesst und einen sch\u00f6nen Ausblick auf die Bucht von Skala erm\u00f6glicht.<\/p>\n<p><img decoding=\"async\" class=\"ngg-singlepic ngg-left\" src=\"http:\/\/www.adrianwood.ch\/wp-content\/gallery\/dodekanes1407-1\/image013_r36.jpg\" alt=\"image013_r36\" \/><img decoding=\"async\" class=\"ngg-singlepic ngg-left\" src=\"http:\/\/www.adrianwood.ch\/wp-content\/gallery\/dodekanes1407-1\/image015_r36.jpg\" alt=\"image015_r36\" \/><\/p>\n<p style=\"text-align: justify;\">Nach dem kulturellen Teil des Tages ist Mittagessen angesagt. Mit dem Bus fahren wir zur\u00fcck nach Skala und entscheiden mit Jean-Fran\u00e7ois und Adrian nochmals das Strandrestaurant zu besuchen, wo wir bereits 2 Tage zuvor so gut gegessen haben. Die bestellten Menus halten ihr Versprechen, so dass wir mit vollem Magen um 13.30h die F\u00e4hre nach Kos besteigen. Nach einer gem\u00fctlichen \u00dcberfahrt kommen wir in Kos an. Mit dem Bus durchqueren wir die Insel von Norden bis S\u00fcden bis nach Kardamena. Kos scheint uns sehr gr\u00fcn und fruchtbar im Vergleich zu den anderen Inseln, die wir bisher gesehen haben. In Kardamena besteigen wir ein speziell f\u00fcr uns gechartertes Boot, das uns vorbei an unz\u00e4hligen Inseln mit Blick auf die t\u00fcrkische K\u00fcste nach Nisyros bringt. Einige von uns k\u00f6nnen w\u00e4hrend der \u00dcberfahrt sogar Delfine sichten.<\/p>\n<p><img decoding=\"async\" class=\"ngg-singlepic ngg-left\" src=\"http:\/\/www.adrianwood.ch\/wp-content\/gallery\/dodekanes1407-1\/image017_r36.jpg\" alt=\"image017_r36\" \/><img decoding=\"async\" class=\"ngg-singlepic ngg-left\" src=\"http:\/\/www.adrianwood.ch\/wp-content\/gallery\/dodekanes1407-1\/image019_r36.jpg\" alt=\"image019_r36\" \/><\/p>\n<p style=\"text-align: justify;\">Nach dem Einrichten im Hotel Porfyris, machen wir noch ein paar Schritte in der netten kleinen Ortschaft von Mandraki und beenden den sch\u00f6nen Tag mit einem gemeinsamen Abendessen, wo Wein, Bier und Ouzo die feinen griechischen Spezialit\u00e4ten begleiten.<br \/>\nHuguette<\/p>\n<p style=\"text-align: center;\"><img decoding=\"async\" class=\"ngg-singlepic ngg-left\" src=\"http:\/\/adrianwood.ch\/wp-content\/gallery\/dodekanes1511\/image021.jpg\" alt=\"image021\" \/><br \/>\nSchiff und Bus Fahrt, Patmos \u2013 Kos &#8211; Nisyros<\/p>\n","protected":false},"excerpt":{"rendered":"<p>08.Mai 2015, Johanneskloster auf Patmos und Weiterfahrt nach Nisyros \u00fcber Kos Wie schon seit Beginn unserer Wanderferien im Dodekanes strahlt auch heute wieder die Sonne von einem wolkenlosen Himmel. Gem\u00e4ss Programm sollen wir den Morgen in der Stadt Skala verbringen und um 13:30h die F\u00e4hre nach Nisyros via Kos nehmen. Weil wir aber 2 Tage &hellip; <a href=\"https:\/\/www.adrianwood.ch\/?page_id=4085\" class=\"more-link\">Continue reading <span class=\"screen-reader-text\">05-08 Johanneskloster<\/span> <span class=\"meta-nav\">&rarr;<\/span><\/a><\/p>\n","protected":false},"author":1,"featured_media":0,"parent":4013,"menu_order":2511,"comment_status":"closed","ping_status":"closed","template":"","meta":{"ngg_post_thumbnail":0,"footnotes":""},"class_list":["post-4085","page","type-page","status-publish","hentry"],"_links":{"self":[{"href":"https:\/\/www.adrianwood.ch\/index.php?rest_route=\/wp\/v2\/pages\/4085","targetHints":{"allow":["GET"]}}],"collection":[{"href":"https:\/\/www.adrianwood.ch\/index.php?rest_route=\/wp\/v2\/pages"}],"about":[{"href":"https:\/\/www.adrianwood.ch\/index.php?rest_route=\/wp\/v2\/types\/page"}],"author":[{"embeddable":true,"href":"https:\/\/www.adrianwood.ch\/index.php?rest_route=\/wp\/v2\/users\/1"}],"replies":[{"embeddable":true,"href":"https:\/\/www.adrianwood.ch\/index.php?rest_route=%2Fwp%2Fv2%2Fcomments&post=4085"}],"version-history":[{"count":2,"href":"https:\/\/www.adrianwood.ch\/index.php?rest_route=\/wp\/v2\/pages\/4085\/revisions"}],"predecessor-version":[{"id":8374,"href":"https:\/\/www.adrianwood.ch\/index.php?rest_route=\/wp\/v2\/pages\/4085\/revisions\/8374"}],"up":[{"embeddable":true,"href":"https:\/\/www.adrianwood.ch\/index.php?rest_route=\/wp\/v2\/pages\/4013"}],"wp:attachment":[{"href":"https:\/\/www.adrianwood.ch\/index.php?rest_route=%2Fwp%2Fv2%2Fmedia&parent=4085"}],"curies":[{"name":"wp","href":"https:\/\/api.w.org\/{rel}","templated":true}]}}