{"id":409,"date":"2011-01-18T18:13:56","date_gmt":"2011-01-18T18:13:56","guid":{"rendered":"http:\/\/adrianwood.ch\/"},"modified":"2016-06-09T08:35:41","modified_gmt":"2016-06-09T08:35:41","slug":"2010-07-rhoneknie","status":"publish","type":"page","link":"https:\/\/www.adrianwood.ch\/?page_id=409","title":{"rendered":"2010-07 Rhoneknie"},"content":{"rendered":"<figure id=\"attachment_414\" aria-describedby=\"caption-attachment-414\" style=\"width: 712px\" class=\"wp-caption alignleft\"><a href=\"http:\/\/adrianwood.ch\/wp-content\/uploads\/2011\/01\/DSC_0678_r2.jpg\"><img loading=\"lazy\" decoding=\"async\" class=\"size-full wp-image-414\" title=\"DSC_0678_r2\" src=\"http:\/\/adrianwood.ch\/wp-content\/uploads\/2011\/01\/DSC_0678_r2.jpg\" alt=\"bei Lac'Emosson vor Mont Blanc\" width=\"712\" height=\"473\" \/><\/a><figcaption id=\"caption-attachment-414\" class=\"wp-caption-text\">bei Lac&#8217;Emosson vor Mont Blanc<\/figcaption><\/figure>\n<p style=\"text-align: justify;\">Noch eine Walliserwanderung! Diesesmal ging es um die Ecke. Nach mehreren Jahren haben wir das Rhoneknie erreicht und die Laufrichtung wechselte jetzt von Westen nach Norden. Die Wanderwege zwischen Champex und dem Lac de Salanfe waren nicht mehr so hochalpin, weil wir uns etwas vom h\u00f6chsten Walliser Gipfel entfernt hatten, aber daf\u00fcr kamen wir ganz nahe an das Mont Blanc Massiv. Die Ausblicke auf den stark vergletscherten Mont Blanc umgeben von den vielen Aiguilles waren sehr eindr\u00fccklich.<\/p>\n<p style=\"text-align: justify;\">Es ist mir zum ersten Mal passiert, dass ich alle Laufzeiten \u00fcbersch\u00e4tzt habe. Es war nicht so, dass ich so viel vorsichtiger geworden bin, aber der Wanderf\u00fchrer, den ich ben\u00fctzte, hatte sehr grosszugige Zeitsch\u00e4tzungen. Merkw\u00fcrdig weil ich den gleichen F\u00fchrer in den zwei Vorjahren ben\u00fctzt hatte. Diese Tatsache hatte den Vorteil, dass wir an den ersten beiden Tagen sehr lohnenswerte Zusatzschlaufen machen konnten, zuerst zum Chalet des Glaciers mit Blick auf dem Glacier de Trient und dann zum Sattel L\u2019Arolette mit Blick auf den Mont Blanc. Der dritte Tag, die K\u00f6nigsetappe, mit der \u00dcberschreitung von zwei P\u00e4ssen war sowieso lang genug. Der Wanderf\u00fchrer schrieb 7 Std.10 Min. und die Wegweiser 5 Std.30 Min! Gebraucht haben wir laut Hanspeter Sauter\u2019s GPS Aufzeichnungen (siehe Anhang) 6 Std.40 Min. mit Pausen gut 9 Stunden. Der Tag war laut eines Teilnehmers sinnvoll aufgeteilt. An den letzten Tag haben wir die vom Wegweiser angegebene Zeit (3Std.) eingehalten. Deswegen erreichten wir einen fr\u00fcheren Zug und entkamen so mehr oder weniger der sich n\u00e4hernden Regenfront.<\/p>\n<p style=\"text-align: justify;\">Die beiden Restaurants mit guten Lagerr\u00e4umen an den \u201aLacs\u2019 lagen sehr malerisch mit pr\u00e4chtigen Ausblicken, einerseits auf das Mont Blanc Massiv und andererseits auf die Dents du Midi. In Trient waren Lage und Lager weniger gut, aber daf\u00fcr gab es ein ausgezeichnetes Fr\u00fchst\u00fccksb\u00fcffet. Die meisten Teilnehmer waren alte Bekannte bei meinen Walliserwanderungen, aber es gab doch zwei neue Gesichter. Trotz unterschiedlichen Laufst\u00e4rken bildeten wir eine harmonische Gruppe und es hat mich sehr gefreut, mit allen bei\u00a0 solch\u00a0 angenehmen Wanderwetter\u00a0 durch die herrliche Berglandschaft zu streifen.<\/p>\n<h3 style=\"text-align: justify;\"><a href=\"http:\/\/www.adrianwood.ch\/?page_id=7573\">Inhalt \/ Contents<\/a><\/h3>\n<p style=\"text-align: justify;\">ngg_shortcode_0_placeholder<\/p>\n","protected":false},"excerpt":{"rendered":"<p>Noch eine Walliserwanderung! Diesesmal ging es um die Ecke. Nach mehreren Jahren haben wir das Rhoneknie erreicht und die Laufrichtung wechselte jetzt von Westen nach Norden. Die Wanderwege zwischen Champex und dem Lac de Salanfe waren nicht mehr so hochalpin, weil wir uns etwas vom h\u00f6chsten Walliser Gipfel entfernt hatten, aber daf\u00fcr kamen wir ganz &hellip; <a href=\"https:\/\/www.adrianwood.ch\/?page_id=409\" class=\"more-link\">Continue reading <span class=\"screen-reader-text\">2010-07 Rhoneknie<\/span> <span class=\"meta-nav\">&rarr;<\/span><\/a><\/p>\n","protected":false},"author":1,"featured_media":0,"parent":136,"menu_order":1350,"comment_status":"closed","ping_status":"closed","template":"","meta":{"ngg_post_thumbnail":0,"footnotes":""},"class_list":["post-409","page","type-page","status-publish","hentry"],"_links":{"self":[{"href":"https:\/\/www.adrianwood.ch\/index.php?rest_route=\/wp\/v2\/pages\/409","targetHints":{"allow":["GET"]}}],"collection":[{"href":"https:\/\/www.adrianwood.ch\/index.php?rest_route=\/wp\/v2\/pages"}],"about":[{"href":"https:\/\/www.adrianwood.ch\/index.php?rest_route=\/wp\/v2\/types\/page"}],"author":[{"embeddable":true,"href":"https:\/\/www.adrianwood.ch\/index.php?rest_route=\/wp\/v2\/users\/1"}],"replies":[{"embeddable":true,"href":"https:\/\/www.adrianwood.ch\/index.php?rest_route=%2Fwp%2Fv2%2Fcomments&post=409"}],"version-history":[{"count":3,"href":"https:\/\/www.adrianwood.ch\/index.php?rest_route=\/wp\/v2\/pages\/409\/revisions"}],"predecessor-version":[{"id":7578,"href":"https:\/\/www.adrianwood.ch\/index.php?rest_route=\/wp\/v2\/pages\/409\/revisions\/7578"}],"up":[{"embeddable":true,"href":"https:\/\/www.adrianwood.ch\/index.php?rest_route=\/wp\/v2\/pages\/136"}],"wp:attachment":[{"href":"https:\/\/www.adrianwood.ch\/index.php?rest_route=%2Fwp%2Fv2%2Fmedia&parent=409"}],"curies":[{"name":"wp","href":"https:\/\/api.w.org\/{rel}","templated":true}]}}