{"id":4099,"date":"2015-08-03T08:48:02","date_gmt":"2015-08-03T07:48:02","guid":{"rendered":"http:\/\/adrianwood.ch\/?page_id=4099"},"modified":"2016-07-02T11:48:56","modified_gmt":"2016-07-02T11:48:56","slug":"05-09-nisyros","status":"publish","type":"page","link":"https:\/\/www.adrianwood.ch\/?page_id=4099","title":{"rendered":"05-09 Nisyros"},"content":{"rendered":"<h2>9. Mai 2015, Der Vulkan von Nisyros<\/h2>\n<p>Nach dem reichhaltigen Morgenessen im Hotel Porfyris treffen wir uns um 9 Uhr vor dem Hotel zur heutigen Wanderung. Unsere Wanderleiterin Christine zeigt uns auf der Karte was wir heute machen. Wir gehen zu den L\u00e4den wo alle ihre Eink\u00e4ufe machen k\u00f6nnen. Beim B\u00e4cker gibt es frisches Brot. Um 9:30 Uhr geht es weiter der K\u00fcste entlang, vorbei an den verschiedenen Restaurants. Hoch \u00fcber uns sehen wir das kleine Kloster. Dann geht es durch die kleinen G\u00e4sschen von Mandraki. Einmalig sind die sch\u00f6nen schwarz\/weissen Steinmosaike vor den H\u00e4usern.<\/p>\n<p><img decoding=\"async\" class=\"ngg-singlepic ngg-left\" src=\"http:\/\/www.adrianwood.ch\/wp-content\/gallery\/dodekanes1509\/image001_r36.jpg\" alt=\"image001_r36\" \/><img decoding=\"async\" class=\"ngg-singlepic ngg-left\" src=\"http:\/\/www.adrianwood.ch\/wp-content\/gallery\/dodekanes1509\/image003_r36.jpg\" alt=\"image003_r36\" \/><\/p>\n<p>Bald verlassen wir die H\u00e4user und es geht den Berg hinauf durch sch\u00f6ne Blumenwiesen. Nach etwa 40 Minuten erreichen wir die antike Festung Paleaokastro. Das ist eine hellenistische Akropolis gebaut im 6 bis 4 Jahrhundert v. Chr. Die Anlage ist letzten Jahren etwas restauriert worden, vor allem mit EU Geldern.<\/p>\n<p><img decoding=\"async\" class=\"ngg-singlepic ngg-left\" src=\"http:\/\/www.adrianwood.ch\/wp-content\/gallery\/dodekanes1509\/image005_r36.jpg\" alt=\"image005_r36\" \/><img decoding=\"async\" class=\"ngg-singlepic ngg-left\" src=\"http:\/\/www.adrianwood.ch\/wp-content\/gallery\/dodekanes1509\/image007_r36.jpg\" alt=\"image007_r36\" \/><\/p>\n<p>Nachdem wir diese grosse Anlage besichtigt hatten, geht die Wanderung weiter auf einem guten Weg. Die Vegetation ist hier sehr \u00fcppig mit vielen Blumen und Str\u00e4uchern. Je h\u00f6her wir kommen, desto sch\u00f6ner ist die Aussicht auf das Meer und die Nachbarinsel Kos. \u00dcber einen Pass kommen wir auf die S\u00fcdseite der Insel. Um 12:30 Uhr erreichen wir die Kirche Stavros, wo es die Mittagspause gibt. Von hier hat man einen sch\u00f6nen Ausblick in den Vulkankrater.<\/p>\n<p><img decoding=\"async\" class=\"ngg-singlepic ngg-left\" src=\"http:\/\/www.adrianwood.ch\/wp-content\/gallery\/dodekanes1509\/image009_r36.jpg\" alt=\"image009_r36\" \/><img decoding=\"async\" class=\"ngg-singlepic ngg-left\" src=\"http:\/\/www.adrianwood.ch\/wp-content\/gallery\/dodekanes1509\/image011_r36.jpg\" alt=\"image011_r36\" \/><\/p>\n<p>Nach einer Stunde wandern wir zum Vulkankrater hinunter. Die meisten machen zuerst einmal einen Zwischenhalt im Restaurant um den Durst zu l\u00f6schen.<\/p>\n<p><img decoding=\"async\" class=\"ngg-singlepic ngg-left\" src=\"http:\/\/www.adrianwood.ch\/wp-content\/gallery\/dodekanes1509\/image013_r36.jpg\" alt=\"image013_r36\" \/><img decoding=\"async\" class=\"ngg-singlepic ngg-left\" src=\"http:\/\/www.adrianwood.ch\/wp-content\/gallery\/dodekanes1509\/image015_r36.jpg\" alt=\"image015_r36\" \/><img decoding=\"async\" class=\"ngg-singlepic ngg-left\" src=\"http:\/\/www.adrianwood.ch\/wp-content\/gallery\/dodekanes1509\/image017_r36.jpg\" alt=\"image017_r36\" \/><img decoding=\"async\" class=\"ngg-singlepic ngg-left\" src=\"http:\/\/www.adrianwood.ch\/wp-content\/gallery\/dodekanes1509\/image019_r36.jpg\" alt=\"image019_r36\" \/><\/p>\n<p>Um 15 Uhr bringt uns ein Bus zur\u00fcck nach Mandraki. Dort ist Zeit zum Einkehren, Glace essen und einkaufen. Ich gehe an den Strand ausserhalb der Stadt. Der Weg ist teilweise zerst\u00f6rt, man muss \u00fcber Steine klettern. Es hat grosse Wellen, so dass ein Baden im Meer zu gef\u00e4hrlich ist. Ich gehe zum Hotel zur\u00fcck wo ich im Pool baden gehe. Diese M\u00f6glichkeit haben auch einige andere von uns benutzt. Das Wasser im Pool ist angenehm warm.<\/p>\n<p><img decoding=\"async\" class=\"ngg-singlepic ngg-left\" src=\"http:\/\/www.adrianwood.ch\/wp-content\/gallery\/dodekanes1509\/image021_r36.jpg\" alt=\"image021_r36\" \/><img decoding=\"async\" class=\"ngg-singlepic ngg-left\" src=\"http:\/\/www.adrianwood.ch\/wp-content\/gallery\/dodekanes1509\/image023_r36.jpg\" alt=\"image023_r36\" \/><\/p>\n<p>Um 19:30 Uhr gehen wir zum Nachtessen. Christine hat ein kleines Restaurant ausgesucht. Doch wir waren zu viele Leute f\u00fcr sie. W\u00e4hrend der ersten Stunde gab es nur ger\u00f6stetes Brot und Wein. Da wir Hunger hatten, assen wir viel von diesem guten Brot, das drei Mal nachgeliefert wurde, und wir tranken vom guten Wein.<br \/>\nDann kam die erste Vorspeise ein gr\u00fcner Salat, dann folgte Tzatziki und dann Pommes frites mit K\u00e4se \u00fcberbacken. Das war schon etwas ungewohnt, aber gar nicht so schlecht. Die n\u00e4chste Vorspeise war ein Auberginen Mouse. Dann folgte das Fleisch: Wurst, Fleischb\u00e4llchen und ein Fleischspiess. Zum guten Ende noch der versprochene Fisch. Obwohl es nicht f\u00fcr alle einen Fisch hatte, blieb davon noch etwas \u00fcbrig. Alle sind am Ende satt geworden, doch es hat eben alles etwas lange gedauert. Doch an unserem Tisch hatten wir es trotzdem sehr lustig, denn wir haben die Zeit genutzt den guten Wein zu trinken. Erst um etwa 11:30 Uhr war das Essen zu Ende. Fr\u00f6hlich wanderten wir zur\u00fcck zum Hotel.<br \/>\nAlbert<\/p>\n<p><img decoding=\"async\" class=\"ngg-singlepic ngg-left\" src=\"http:\/\/adrianwood.ch\/wp-content\/gallery\/dodekanes1513\/image033.jpg\" alt=\"image033\" \/><\/p>\n","protected":false},"excerpt":{"rendered":"<p>9. Mai 2015, Der Vulkan von Nisyros Nach dem reichhaltigen Morgenessen im Hotel Porfyris treffen wir uns um 9 Uhr vor dem Hotel zur heutigen Wanderung. Unsere Wanderleiterin Christine zeigt uns auf der Karte was wir heute machen. Wir gehen zu den L\u00e4den wo alle ihre Eink\u00e4ufe machen k\u00f6nnen. Beim B\u00e4cker gibt es frisches Brot. &hellip; <a href=\"https:\/\/www.adrianwood.ch\/?page_id=4099\" class=\"more-link\">Continue reading <span class=\"screen-reader-text\">05-09 Nisyros<\/span> <span class=\"meta-nav\">&rarr;<\/span><\/a><\/p>\n","protected":false},"author":1,"featured_media":0,"parent":4013,"menu_order":2513,"comment_status":"closed","ping_status":"closed","template":"","meta":{"ngg_post_thumbnail":0,"footnotes":""},"class_list":["post-4099","page","type-page","status-publish","hentry"],"_links":{"self":[{"href":"https:\/\/www.adrianwood.ch\/index.php?rest_route=\/wp\/v2\/pages\/4099","targetHints":{"allow":["GET"]}}],"collection":[{"href":"https:\/\/www.adrianwood.ch\/index.php?rest_route=\/wp\/v2\/pages"}],"about":[{"href":"https:\/\/www.adrianwood.ch\/index.php?rest_route=\/wp\/v2\/types\/page"}],"author":[{"embeddable":true,"href":"https:\/\/www.adrianwood.ch\/index.php?rest_route=\/wp\/v2\/users\/1"}],"replies":[{"embeddable":true,"href":"https:\/\/www.adrianwood.ch\/index.php?rest_route=%2Fwp%2Fv2%2Fcomments&post=4099"}],"version-history":[{"count":3,"href":"https:\/\/www.adrianwood.ch\/index.php?rest_route=\/wp\/v2\/pages\/4099\/revisions"}],"predecessor-version":[{"id":8379,"href":"https:\/\/www.adrianwood.ch\/index.php?rest_route=\/wp\/v2\/pages\/4099\/revisions\/8379"}],"up":[{"embeddable":true,"href":"https:\/\/www.adrianwood.ch\/index.php?rest_route=\/wp\/v2\/pages\/4013"}],"wp:attachment":[{"href":"https:\/\/www.adrianwood.ch\/index.php?rest_route=%2Fwp%2Fv2%2Fmedia&parent=4099"}],"curies":[{"name":"wp","href":"https:\/\/api.w.org\/{rel}","templated":true}]}}