{"id":4150,"date":"2015-08-06T08:41:21","date_gmt":"2015-08-06T07:41:21","guid":{"rendered":"http:\/\/adrianwood.ch\/?page_id=4150"},"modified":"2016-07-02T12:52:15","modified_gmt":"2016-07-02T12:52:15","slug":"05-14-kefaloshalbinsel","status":"publish","type":"page","link":"https:\/\/www.adrianwood.ch\/?page_id=4150","title":{"rendered":"05-14 Kefaloshalbinsel"},"content":{"rendered":"<h2>\u00a0Donnerstag, 14.05.15, Kefaloshalbinsel<\/h2>\n<p style=\"text-align: justify;\">Heute ist Auffahrt und damit d\u00fcrften am heutigen Tag in der Schweiz am meisten Wanderer unterwegs sein entlang des Banns \/ der Grenze.<br \/>\nUm 09:00 sind vor dem Hotel Kalimera Mare in Kardamena auf Kos alle Wanderer und Wanderleiter bereit, nur weit und breit kein Bus. 25 Minuten sp\u00e4ter trudelt dieser ein. 09:28 fahren wir los in den wilden Westen der Insel. Wir fahren an Antimachia und am Flughafen vorbei. Vom Plateau sieht man links die Bucht von Kefalos, rechts geerntete Getreidefelder, vereinzelt grasen K\u00fche, auf dem Bauernhof 3 grosse Sonnen-kollektoren. Die engste Stelle der Insel ist bloss 15 km weit. Die Bucht von Kefalos ist ein sch\u00f6nes Halbrund mit vielen Touristenshops. Die Einwohner selbst leben am Hang \u00fcber der Bucht. Bis ins 5. Jahrhundert war Kefalos ein wichtiger Handelsplatz und die Hauptstadt der Insel.<br \/>\n<img decoding=\"async\" class=\"ngg-singlepic ngg-left\" src=\"http:\/\/www.adrianwood.ch\/wp-content\/gallery\/dodekanes1514\/image001_r36.jpg\" alt=\"image001_r36\" \/><img decoding=\"async\" class=\"ngg-singlepic ngg-left\" src=\"http:\/\/www.adrianwood.ch\/wp-content\/gallery\/dodekanes1514\/image003_r36.jpg\" alt=\"image003_r36\" \/>10:10 Unser Bus f\u00e4hrt weiter (mit wenigen Nichtwanderer) unserem heutigen Wanderziel entgegen. Vom Hafen Kamari aus steigen wir auf felsigem Weg mit dem \u00fcblichen Gestr\u00fcpp am Boden, weiter oben treffen wir auch auf Olivenb\u00e4ume, einer findet eine 4 cm lange Schildkr\u00f6te. Weiter hinauf zun\u00e4chst zur modernen Kirche Panagia Palatiani. Die Reste ihrer Vorg\u00e4ngerin finden wir halb verfallen etwas unterhalb. Bemerkenswert sind die in den Mauern verarbeiteten Relikte eines Dyonisostempels, der in vorchristlicher Zeit hier seinen Platz hatte. Dem Weg entlang hat es mehrere Agaven kurz vor der Bl\u00fcte. Ein Hahn und ein Truthahn tauchen hinter einem Gehege auf. Dann eine H\u00fchner- und Kakteenzucht, die von allerlei Schrott und Plastikabf\u00e4llen umgeben ist &#8211; diese unordentliche Liegenschaft ist wirklich eine Ausnahme!<br \/>\nEtwas oberhalb erreichen wir die Stra\u00dfe, machen einen kleinen Abstecher zu den Resten eines Amphitheaters aus dem 2. Jh. v. Chr. Adrian tr\u00e4gt spontan einige Verse aus Shakespears Cesar vor. Dies wird mit grossem Beifall verdankt.<\/p>\n<p style=\"text-align: justify;\"><img decoding=\"async\" class=\"ngg-singlepic ngg-left\" src=\"http:\/\/www.adrianwood.ch\/wp-content\/gallery\/dodekanes1514\/image005_r36.jpg\" alt=\"image005_r36\" \/><img decoding=\"async\" class=\"ngg-singlepic ngg-left\" src=\"http:\/\/www.adrianwood.ch\/wp-content\/gallery\/dodekanes1514\/image007_r36.jpg\" alt=\"image007_r36\" \/>Wir folgen der Stra\u00dfe f\u00fcr ca. 2 km bis zur Kirche Agia Anastasia und zweigen bald auf einen Pfad ab, der uns \u00fcber eine kleine H\u00f6he allm\u00e4hlich zu den Kreidefelsen von Kata bringt. Hier laden mehrere wundersch\u00f6ne, wei\u00dfe Sandstr\u00e4nde zu einem Bad im Meer ein. Trotz hohen Wellen finden drei kleine Gruppen zusagende Str\u00e4nde, eine andere Gruppe geht direkt in die Taverne Agios Ioannis Theologos. Dort k\u00f6nnen wir gem\u00fctlich auf den Bus warten, der uns um 15:00 nach Kardamena zur\u00fcck bringt. Einige steigen aus, andere lassen sich zum Hotel fahren. Eine Wanderin erlebt im Bus einen Kollaps und muss erbrechen. Sie wird von der Ambulanz ins Spital gebracht und bleibt \u00fcber Nacht dort. Wir sind alle gl\u00fccklich als sie zum Fr\u00fchst\u00fcck wieder zur\u00fcck kommt. Ulrich S.<\/p>\n<p style=\"text-align: center;\">Kavo Paradise Beach<\/p>\n<p style=\"text-align: center;\"><img decoding=\"async\" class=\"ngg-singlepic ngg-left\" src=\"http:\/\/www.adrianwood.ch\/wp-content\/gallery\/dodekanes1514\/image011_r36.jpg\" alt=\"image011_r36\" \/><img decoding=\"async\" class=\"ngg-singlepic ngg-left\" src=\"http:\/\/www.adrianwood.ch\/wp-content\/gallery\/dodekanes1514\/image013_r36.jpg\" alt=\"image013_r36\" \/><img decoding=\"async\" class=\"ngg-singlepic ngg-left\" src=\"http:\/\/www.adrianwood.ch\/wp-content\/gallery\/dodekanes1514\/image015_r36.jpg\" alt=\"image015_r36\" \/><img decoding=\"async\" class=\"ngg-singlepic ngg-left\" src=\"http:\/\/www.adrianwood.ch\/wp-content\/gallery\/dodekanes1514\/image017_r36.jpg\" alt=\"image017_r36\" \/><br \/>\nKefaloshalbinsel, Kamari &#8211; Taverne Agios Theologos<\/p>\n<p><img decoding=\"async\" class=\"ngg-singlepic ngg-left\" src=\"http:\/\/adrianwood.ch\/wp-content\/gallery\/dodekanes1520\/image020.jpg\" alt=\"image020\" \/><\/p>\n","protected":false},"excerpt":{"rendered":"<p>\u00a0Donnerstag, 14.05.15, Kefaloshalbinsel Heute ist Auffahrt und damit d\u00fcrften am heutigen Tag in der Schweiz am meisten Wanderer unterwegs sein entlang des Banns \/ der Grenze. Um 09:00 sind vor dem Hotel Kalimera Mare in Kardamena auf Kos alle Wanderer und Wanderleiter bereit, nur weit und breit kein Bus. 25 Minuten sp\u00e4ter trudelt dieser ein. &hellip; <a href=\"https:\/\/www.adrianwood.ch\/?page_id=4150\" class=\"more-link\">Continue reading <span class=\"screen-reader-text\">05-14 Kefaloshalbinsel<\/span> <span class=\"meta-nav\">&rarr;<\/span><\/a><\/p>\n","protected":false},"author":1,"featured_media":0,"parent":4013,"menu_order":2519,"comment_status":"closed","ping_status":"closed","template":"","meta":{"ngg_post_thumbnail":0,"footnotes":""},"class_list":["post-4150","page","type-page","status-publish","hentry"],"_links":{"self":[{"href":"https:\/\/www.adrianwood.ch\/index.php?rest_route=\/wp\/v2\/pages\/4150","targetHints":{"allow":["GET"]}}],"collection":[{"href":"https:\/\/www.adrianwood.ch\/index.php?rest_route=\/wp\/v2\/pages"}],"about":[{"href":"https:\/\/www.adrianwood.ch\/index.php?rest_route=\/wp\/v2\/types\/page"}],"author":[{"embeddable":true,"href":"https:\/\/www.adrianwood.ch\/index.php?rest_route=\/wp\/v2\/users\/1"}],"replies":[{"embeddable":true,"href":"https:\/\/www.adrianwood.ch\/index.php?rest_route=%2Fwp%2Fv2%2Fcomments&post=4150"}],"version-history":[{"count":2,"href":"https:\/\/www.adrianwood.ch\/index.php?rest_route=\/wp\/v2\/pages\/4150\/revisions"}],"predecessor-version":[{"id":8393,"href":"https:\/\/www.adrianwood.ch\/index.php?rest_route=\/wp\/v2\/pages\/4150\/revisions\/8393"}],"up":[{"embeddable":true,"href":"https:\/\/www.adrianwood.ch\/index.php?rest_route=\/wp\/v2\/pages\/4013"}],"wp:attachment":[{"href":"https:\/\/www.adrianwood.ch\/index.php?rest_route=%2Fwp%2Fv2%2Fmedia&parent=4150"}],"curies":[{"name":"wp","href":"https:\/\/api.w.org\/{rel}","templated":true}]}}