{"id":4154,"date":"2015-08-06T09:13:40","date_gmt":"2015-08-06T08:13:40","guid":{"rendered":"http:\/\/adrianwood.ch\/?page_id=4154"},"modified":"2016-07-02T13:11:21","modified_gmt":"2016-07-02T13:11:21","slug":"05-15-kos-stadt","status":"publish","type":"page","link":"https:\/\/www.adrianwood.ch\/?page_id=4154","title":{"rendered":"05-15 Kos Stadt"},"content":{"rendered":"<h2>Samstag, 15.05.2015, Besichtigung von Kos-Stadt<\/h2>\n<p>P\u00fcnktlich um 9:00 erscheint unser Bus vor dem Kalimera Mare Hotel in Kardamena und bringt uns in 45 Minuten in die 24 km entfernte Stadt Kos. Nach einem kurzen Fussmarsch durch die Strassen der Stadt treffen wir um 10:00 auf dem Freiheitsplatz ein. Dies ist der zentrale Platz der Stadt, umringt von der Moschee, dem Arch\u00e4ologischen Museum, einem pr\u00e4chtigen Verwaltungsgeb\u00e4ude und der Agora, eine Markthalle, in der wir sp\u00e4ter die meisten Mitwanderer antreffen werden, die noch am letzen Tag vor der Abreise ein paar Souvenirs besorgen. Der Freiheitsplatz ist auch wieder der Treffpunkt, von dem wir um 14:30 wieder zum Bus gehen werden.<\/p>\n<p><img decoding=\"async\" class=\"ngg-singlepic ngg-left\" src=\"http:\/\/www.adrianwood.ch\/wp-content\/gallery\/dodekanes1515\/image001_r36.jpg\" alt=\"image001_r36\" \/><img decoding=\"async\" class=\"ngg-singlepic ngg-left\" src=\"http:\/\/www.adrianwood.ch\/wp-content\/gallery\/dodekanes1515\/image003_r36.jpg\" alt=\"image003_r36\" \/>\u00dcberall findet man alte Bauwerke und mitten in der Stadt sind Ausgrabungsst\u00e4tte zu sehen. Die betriebsame Stadt gleicht einem lebendigen Freilichtmuseum.<br \/>\nChristina f\u00fchrt uns durch ein schmales G\u00e4sschen zur Uferpromenade &#8211; unterwegs pl\u00fcndern wir einen St\u00e4nder mit Gratisstadtpl\u00e4nen -, dann zur Hippokrates-Platane und zum Eingang der Festung Neratzia. Danach trennt sich die Gruppe, um die Altstadt mit seinen vielen Gassen, Gesch\u00e4ften und Lokalen, die zum Bummeln und Verweilen einladen, auf eigene Faust zu erkunden.<br \/>\n<img decoding=\"async\" class=\"ngg-singlepic ngg-left\" src=\"http:\/\/www.adrianwood.ch\/wp-content\/gallery\/dodekanes1515\/image005_r36.jpg\" alt=\"image005_r36\" \/><img decoding=\"async\" class=\"ngg-singlepic ngg-left\" src=\"http:\/\/www.adrianwood.ch\/wp-content\/gallery\/dodekanes1515\/image007_r36.jpg\" alt=\"image007_r36\" \/><br \/>\nDer Hafen von Kos Stadt ist sehr pittoresk. Im linken Bereich liegen kleine Fischerboote, die ihren Fang zum Verkauf anbieten und an der mit Palmen ges\u00e4umten Seite liegen einige Ausflugsboote. Gleichzeitig hat man einen sch\u00f6nen Blick auf die Burg.<br \/>\n<img decoding=\"async\" class=\"ngg-singlepic ngg-left\" src=\"http:\/\/www.adrianwood.ch\/wp-content\/gallery\/dodekanes1515\/image009_r36.jpg\" alt=\"image009_r36\" \/><img decoding=\"async\" class=\"ngg-singlepic ngg-left\" src=\"http:\/\/www.adrianwood.ch\/wp-content\/gallery\/dodekanes1515\/image011_r36.jpg\" alt=\"image011_r36\" \/><br \/>\nUm 14:40 f\u00e4hrt uns der Bus zur\u00fcck in unser Hotel in Kalimera. Eifrig werden im Bus gegenseitig die Eink\u00e4ufe gezeigt und Erfahrungen ausgetauscht. Zur\u00fcck im Hotel haben wir Ruhepause bis zum Abendessen. Die Zeit wird genutzt, um zum letzten mal im Meer oder im Hotelpool schwimmen zu gehen.<\/p>\n<p><img decoding=\"async\" class=\"ngg-singlepic ngg-left\" src=\"http:\/\/www.adrianwood.ch\/wp-content\/gallery\/dodekanes1515\/image013_r36.jpg\" alt=\"image013_r36\" \/><img decoding=\"async\" class=\"ngg-singlepic ngg-left\" src=\"http:\/\/www.adrianwood.ch\/wp-content\/gallery\/dodekanes1515\/image015_r36.jpg\" alt=\"image015_r36\" \/><img decoding=\"async\" class=\"ngg-singlepic ngg-left\" src=\"http:\/\/www.adrianwood.ch\/wp-content\/gallery\/dodekanes1515\/image017_r36.jpg\" alt=\"image017_r36\" \/><br \/>\nUm 20:00 trifft man sich zum Abendessen im Hotel-Restaurant. Es gibt griechische Vorspeisen, danach Steaks, Fleischb\u00e4llchen und W\u00fcrste vom Grill.<br \/>\nPeter Stalder \u00fcberbringt die Dankesworte der Gruppe an die Organisatoren der Reise, Christina und Adrian.<br \/>\nKurz nach 21:00 Uhr st\u00fcrmt mit schnellem Schritt eine 4-k\u00f6pfige Volkstanzgruppe Horokos in das Restaurant und zeigt unter rhytmischer Musik und wechselnden historischen, griechischen Kost\u00fcmen ihre Darbietungen.<br \/>\nDie griechische Musik, die Leidenschaft und Begeisterung mit der uns die T\u00e4nzer verschiedene T\u00e4nze vortragen, animiert einige einfach mitzumachen. Es war eine tolle Stimmung.<br \/>\nRainer<\/p>\n<p><img decoding=\"async\" class=\"ngg-singlepic ngg-left\" src=\"http:\/\/adrianwood.ch\/wp-content\/gallery\/dodekanes1521\/image019_r7.jpg\" alt=\"image019_r7\" \/><\/p>\n","protected":false},"excerpt":{"rendered":"<p>Samstag, 15.05.2015, Besichtigung von Kos-Stadt P\u00fcnktlich um 9:00 erscheint unser Bus vor dem Kalimera Mare Hotel in Kardamena und bringt uns in 45 Minuten in die 24 km entfernte Stadt Kos. Nach einem kurzen Fussmarsch durch die Strassen der Stadt treffen wir um 10:00 auf dem Freiheitsplatz ein. Dies ist der zentrale Platz der Stadt, &hellip; <a href=\"https:\/\/www.adrianwood.ch\/?page_id=4154\" class=\"more-link\">Continue reading <span class=\"screen-reader-text\">05-15 Kos Stadt<\/span> <span class=\"meta-nav\">&rarr;<\/span><\/a><\/p>\n","protected":false},"author":1,"featured_media":0,"parent":4013,"menu_order":2520,"comment_status":"closed","ping_status":"closed","template":"","meta":{"ngg_post_thumbnail":0,"footnotes":""},"class_list":["post-4154","page","type-page","status-publish","hentry"],"_links":{"self":[{"href":"https:\/\/www.adrianwood.ch\/index.php?rest_route=\/wp\/v2\/pages\/4154","targetHints":{"allow":["GET"]}}],"collection":[{"href":"https:\/\/www.adrianwood.ch\/index.php?rest_route=\/wp\/v2\/pages"}],"about":[{"href":"https:\/\/www.adrianwood.ch\/index.php?rest_route=\/wp\/v2\/types\/page"}],"author":[{"embeddable":true,"href":"https:\/\/www.adrianwood.ch\/index.php?rest_route=\/wp\/v2\/users\/1"}],"replies":[{"embeddable":true,"href":"https:\/\/www.adrianwood.ch\/index.php?rest_route=%2Fwp%2Fv2%2Fcomments&post=4154"}],"version-history":[{"count":2,"href":"https:\/\/www.adrianwood.ch\/index.php?rest_route=\/wp\/v2\/pages\/4154\/revisions"}],"predecessor-version":[{"id":8395,"href":"https:\/\/www.adrianwood.ch\/index.php?rest_route=\/wp\/v2\/pages\/4154\/revisions\/8395"}],"up":[{"embeddable":true,"href":"https:\/\/www.adrianwood.ch\/index.php?rest_route=\/wp\/v2\/pages\/4013"}],"wp:attachment":[{"href":"https:\/\/www.adrianwood.ch\/index.php?rest_route=%2Fwp%2Fv2%2Fmedia&parent=4154"}],"curies":[{"name":"wp","href":"https:\/\/api.w.org\/{rel}","templated":true}]}}