{"id":4178,"date":"2015-10-07T15:41:50","date_gmt":"2015-10-07T15:41:50","guid":{"rendered":"http:\/\/adrianwood.ch\/?page_id=4178"},"modified":"2016-06-08T10:08:17","modified_gmt":"2016-06-08T10:08:17","slug":"09-12-trogir-dubrovnik","status":"publish","type":"page","link":"https:\/\/www.adrianwood.ch\/?page_id=4178","title":{"rendered":"09-12 Trogir-Dubrovnik"},"content":{"rendered":"<figure id=\"attachment_4179\" aria-describedby=\"caption-attachment-4179\" style=\"width: 730px\" class=\"wp-caption alignleft\"><a href=\"http:\/\/adrianwood.ch\/wp-content\/uploads\/2015\/10\/KRA_0220_r_r7.jpg\"><img loading=\"lazy\" decoding=\"async\" class=\"size-full wp-image-4179\" src=\"http:\/\/adrianwood.ch\/wp-content\/uploads\/2015\/10\/KRA_0220_r_r7.jpg\" alt=\"Dubrovnik old harbour\" width=\"730\" height=\"487\" \/><\/a><figcaption id=\"caption-attachment-4179\" class=\"wp-caption-text\">Dubrovnik old harbour<\/figcaption><\/figure>\n<h2>Trogir &#8211; Dubrovnik<\/h2>\n<p style=\"text-align: justify;\"><strong>Samstag 12.Sept. Trogir\u2013Makarska<\/strong><br \/>\n06:00 Flug Basel \u2013 Split. Taxi nach Trogir. Zwischen 11:30 und 13:30 Uhr Einschiffung im Hafen von Trogir. Nach der Einschiffung Begr\u00fc\u00dfung durch unsere Reiseleitung mit einem Welcome-Drink und Kennenlernen von Besatzung und Mitreisenden auf dem MS Mystic Kreuzfahrt. Nach einem Snack an Bord lichten wir den Anker und steuern eine Bucht der Insel Ciovo an, wo wir Gelegenheit haben unser erstes Bad im glasklaren Wasser der Adria zu genie\u00dfen. Weiterfahrt zur Makarska Riviera, die bekannt ist wegen ihrer traumhaften Feinkiesstr\u00e4nde, die sich hier, immer wieder von kurzen Felsabschnitten unterbrochen, einer Perlenkette gleich aneinander reihen. \u00dcbernachtung in Makarska.<br \/>\n<strong>Sonntag 13.Sept. Makarska-Korcula<\/strong><br \/>\nAn den Inseln Brac und Hvar vorbeifahrend, nehmen wir Kurs auf die Halbinsel Peljesac, ber\u00fchmt f\u00fcr ihre hervorragenden Rotweine. Nach einer Badepause in einer der Buchten von Peljesac steuert unsere Kapit\u00e4n Arsen die Insel Korcula an. Korcula hat eine der sch\u00f6nsten Altst\u00e4dte Dalmatiens und wird wegen ihres festungs\u00e4hnlichen Aussehens oft auch als \u201eKlein-Dubrovnik\u201c bezeichnet. Die Insel wurde in der Antike aufgrund ihrer ausgedehnten Kiefernw\u00e4lder auch die \u201eSchwarze Insel\u201c genannt. \u00dcbernachtung in der Geburtsstadt des ber\u00fchmten Seefahrers und Entdeckers Marco Polo.<br \/>\n<strong>Montag 14.Sept. Korcula-Dubrovnik<\/strong><br \/>\nWir verlassen Korcula und setzen unsere Reise fort Richtung S\u00fcden. Nach einer Badepause auf den Elafiten-Inseln treffen wir gegen 16:00 Uhr im Hafen von Dubrovnik ein. Dubrovnik wird nicht zu Unrecht \u201ePerle der Adria\u201c genannt, geh\u00f6rte es doch in seiner Bl\u00fctezeit im Mittelalter zu den bedeutendsten wirtschaftlichen und kulturellen Zentren des Mittelmeeres. Heute pr\u00e4sentiert sich die Altstadt dem Besucher als ein einzigartiges Freilichtmuseum mit einer F\u00fclle von Sehensw\u00fcrdigkeiten. Nach der Ankunft holt Sie unsere Reiseleitung zu einer F\u00fchrung durch die Altstadt am Schiff ab. Die Entfernung zur Altstadt betr\u00e4gt wenige Minuten mit dem Linienbus, der in unmittelbarer N\u00e4he unserer Schiffe abf\u00e4hrt. Abfahrt etwa alle 15 Minuten, Fahrpreis 12 Kuna (am Kiosk) bzw. 15 Kuna (im Bus), letzte R\u00fcckfahrt gegen Mitternacht. Nach der Stadtf\u00fchrung haben Sie den Rest des Tages zur Verf\u00fcgung, um die einmalige Altstadt zu entdecken und zu genie\u00dfen. Bummeln Sie \u00fcber die ber\u00fchmte \u201eStradun\u201c, machen Sie einen Spaziergang \u00fcber die m\u00e4chtigen Stadtmauern und besichtigen Sie die unz\u00e4hligen Sehensw\u00fcrdigkeiten. ngg_shortcode_0_placeholder<\/p>\n<figure id=\"attachment_4206\" aria-describedby=\"caption-attachment-4206\" style=\"width: 730px\" class=\"wp-caption alignleft\"><a href=\"http:\/\/adrianwood.ch\/wp-content\/uploads\/2015\/10\/Mystic-route.jpg\"><img loading=\"lazy\" decoding=\"async\" class=\"size-full wp-image-4206\" src=\"http:\/\/adrianwood.ch\/wp-content\/uploads\/2015\/10\/Mystic-route.jpg\" alt=\"Mystic route\" width=\"730\" height=\"522\" \/><\/a><figcaption id=\"caption-attachment-4206\" class=\"wp-caption-text\">Mystic route<\/figcaption><\/figure>\n<p>&nbsp;<\/p>\n","protected":false},"excerpt":{"rendered":"<p>Trogir &#8211; Dubrovnik Samstag 12.Sept. Trogir\u2013Makarska 06:00 Flug Basel \u2013 Split. Taxi nach Trogir. Zwischen 11:30 und 13:30 Uhr Einschiffung im Hafen von Trogir. Nach der Einschiffung Begr\u00fc\u00dfung durch unsere Reiseleitung mit einem Welcome-Drink und Kennenlernen von Besatzung und Mitreisenden auf dem MS Mystic Kreuzfahrt. Nach einem Snack an Bord lichten wir den Anker und &hellip; <a href=\"https:\/\/www.adrianwood.ch\/?page_id=4178\" class=\"more-link\">Continue reading <span class=\"screen-reader-text\">09-12 Trogir-Dubrovnik<\/span> <span class=\"meta-nav\">&rarr;<\/span><\/a><\/p>\n","protected":false},"author":1,"featured_media":0,"parent":4174,"menu_order":4742,"comment_status":"closed","ping_status":"closed","template":"","meta":{"ngg_post_thumbnail":0,"footnotes":""},"class_list":["post-4178","page","type-page","status-publish","hentry"],"_links":{"self":[{"href":"https:\/\/www.adrianwood.ch\/index.php?rest_route=\/wp\/v2\/pages\/4178","targetHints":{"allow":["GET"]}}],"collection":[{"href":"https:\/\/www.adrianwood.ch\/index.php?rest_route=\/wp\/v2\/pages"}],"about":[{"href":"https:\/\/www.adrianwood.ch\/index.php?rest_route=\/wp\/v2\/types\/page"}],"author":[{"embeddable":true,"href":"https:\/\/www.adrianwood.ch\/index.php?rest_route=\/wp\/v2\/users\/1"}],"replies":[{"embeddable":true,"href":"https:\/\/www.adrianwood.ch\/index.php?rest_route=%2Fwp%2Fv2%2Fcomments&post=4178"}],"version-history":[{"count":1,"href":"https:\/\/www.adrianwood.ch\/index.php?rest_route=\/wp\/v2\/pages\/4178\/revisions"}],"predecessor-version":[{"id":7413,"href":"https:\/\/www.adrianwood.ch\/index.php?rest_route=\/wp\/v2\/pages\/4178\/revisions\/7413"}],"up":[{"embeddable":true,"href":"https:\/\/www.adrianwood.ch\/index.php?rest_route=\/wp\/v2\/pages\/4174"}],"wp:attachment":[{"href":"https:\/\/www.adrianwood.ch\/index.php?rest_route=%2Fwp%2Fv2%2Fmedia&parent=4178"}],"curies":[{"name":"wp","href":"https:\/\/api.w.org\/{rel}","templated":true}]}}