{"id":4182,"date":"2015-10-07T15:51:31","date_gmt":"2015-10-07T15:51:31","guid":{"rendered":"http:\/\/adrianwood.ch\/?page_id=4182"},"modified":"2016-06-08T10:08:26","modified_gmt":"2016-06-08T10:08:26","slug":"09-15-dubrovnik-trogir","status":"publish","type":"page","link":"https:\/\/www.adrianwood.ch\/?page_id=4182","title":{"rendered":"09-15 Dubrovnik-Trogir"},"content":{"rendered":"<figure id=\"attachment_4184\" aria-describedby=\"caption-attachment-4184\" style=\"width: 730px\" class=\"wp-caption alignleft\"><a href=\"http:\/\/adrianwood.ch\/wp-content\/uploads\/2015\/10\/KRA_0444_r_r7.jpg\"><img loading=\"lazy\" decoding=\"async\" class=\"size-full wp-image-4184\" src=\"http:\/\/adrianwood.ch\/wp-content\/uploads\/2015\/10\/KRA_0444_r_r7.jpg\" alt=\"Mystic in Milna harbour\" width=\"730\" height=\"487\" \/><\/a><figcaption id=\"caption-attachment-4184\" class=\"wp-caption-text\">Mystic in Milna harbour<\/figcaption><\/figure>\n<h2>Dubrovnik &#8211; Trogir<\/h2>\n<p style=\"text-align: justify;\"><strong>Dienstag 15.Sept. Dubrovnik-Pomena<\/strong><br \/>\nWir fahren zur\u00fcck Richtung Norden und steuern nach einer Badepause die Bucht Pomena auf der Insel Mljet an. Ein Teil der Insel wurde zum Nationalpark erkl\u00e4rt \u2212 zwei Salzwasserseen (in dem gr\u00f6\u00dferen der beiden Seen liegt ein Inselchen mit einem ehemaligen Kloster) sind nur durch einen schmalen Kanal mit dem Meer verbunden. Gelegenheit zum Besuch des Nationalparks (Eintritt inkl. Bootsfahrt zum Inselchen mit dem Kloster ca. 15 \u20ac, zahlbar vor Ort). Wir empfehlen ein Bad in den Salzwasserseen, deren Temperatur stets etwa 2\u00b0C \u00fcber der Meerestemperatur liegt. \u00dcbernachtung in Pomena.<\/p>\n<p style=\"text-align: justify;\"><strong>Mittwoch 16.Sept. Pomena-Insel Hvar<\/strong><br \/>\nVon Pomena nehmen wir Kurs auf Hvar \u2013 die Insel ist bekannt f\u00fcr ihr mildes Klima und die ausgedehnten Lavendel-Felder. Unterwegs laufen wir eine Bucht des Inselchens Scedro zum Baden an. Der Hafen des gleichnamigen Hauptortes der Insel Hvar liegt zu Fu\u00dfe einer Festung, von der sich ein phantastischer Ausblick auf die vorgelagerte Inselgruppe \u201ePakleni otoci\u201c bietet. Sofern es die Zahl der im kleinen Hafen von Hvar anlegenden Schiffe erlaubt, werden wir hier auch \u00fcbernachten. Wetter bedingt haben wir in Starigrad auf der Insel Hvar anstatt in der Stadt Hvar \u00fcbernachtet.<\/p>\n<p style=\"text-align: justify;\"><strong>Donnerstag 17.Sept. Insel Hvar\u2013Insel Brac<\/strong><br \/>\nNach dem Fr\u00fchst\u00fcck nehmen wir Kurs auf die Insel Solta, wo wir in einer der zahlreichen Buchten den Anker zu einer Badepause fallen lassen. Anschliessend nehmen wir Kurs auf die Insel Brac. Die Insel ist weltbekannt f\u00fcr ihren Kalksandstein, der hier abgebaut wird. Geb\u00e4ude wie das Wei\u00dfe Haus in Washington oder der Reichstag in Berlin wurden aus ihm erbaut. Zur \u00dcbernachtung laufen wir einen der gem\u00fctlichen Orte auf der Nordseite der Insel an \u2013 z. B. Pucisca, Postira oder Supetar. Diese Orte bilden die richtige Kulisse f\u00fcr das Captain&#8217;s Dinner, das heute Abend serviert wird. Wir haben in den malerische Yachthafen Milna am \u00f6stliche Ende von Brac \u00fcbernachtet.<\/p>\n<p style=\"text-align: justify;\"><strong>Freitag 18.Sept. Insel Brac\u2013Trogir<\/strong><br \/>\nWir verlassen die Insel Brac und nach einer Badepause in einer Bucht der Insel Ciovo nehmen wir Abschied von der dalmatinischen Inselwelt \u2013 wir kehren zur\u00fcck zum Ausgangspunkt unserer Reise, Trogir, das aufgrund seiner unter UNESCO-Schutz stehenden Altstadt auch \u201eMuseumsstadt\u201c genannt wird. Es ist einfach ein Erlebnis, bei einem gef\u00fchrten Stadtrundgang durch die verwinkelten Gassen zu bummeln und die m\u00e4chtigen Mauern, Wehrt\u00fcrme, Kirchen Fresken und Gew\u00f6lbe zu bestaunen oder hin und wieder einfach mal einen Blick in die alten H\u00f6fe zu werfen. ngg_shortcode_0_placeholder<\/p>\n","protected":false},"excerpt":{"rendered":"<p>Dubrovnik &#8211; Trogir Dienstag 15.Sept. Dubrovnik-Pomena Wir fahren zur\u00fcck Richtung Norden und steuern nach einer Badepause die Bucht Pomena auf der Insel Mljet an. Ein Teil der Insel wurde zum Nationalpark erkl\u00e4rt \u2212 zwei Salzwasserseen (in dem gr\u00f6\u00dferen der beiden Seen liegt ein Inselchen mit einem ehemaligen Kloster) sind nur durch einen schmalen Kanal mit &hellip; <a href=\"https:\/\/www.adrianwood.ch\/?page_id=4182\" class=\"more-link\">Continue reading <span class=\"screen-reader-text\">09-15 Dubrovnik-Trogir<\/span> <span class=\"meta-nav\">&rarr;<\/span><\/a><\/p>\n","protected":false},"author":1,"featured_media":0,"parent":4174,"menu_order":4743,"comment_status":"closed","ping_status":"closed","template":"","meta":{"ngg_post_thumbnail":0,"footnotes":""},"class_list":["post-4182","page","type-page","status-publish","hentry"],"_links":{"self":[{"href":"https:\/\/www.adrianwood.ch\/index.php?rest_route=\/wp\/v2\/pages\/4182","targetHints":{"allow":["GET"]}}],"collection":[{"href":"https:\/\/www.adrianwood.ch\/index.php?rest_route=\/wp\/v2\/pages"}],"about":[{"href":"https:\/\/www.adrianwood.ch\/index.php?rest_route=\/wp\/v2\/types\/page"}],"author":[{"embeddable":true,"href":"https:\/\/www.adrianwood.ch\/index.php?rest_route=\/wp\/v2\/users\/1"}],"replies":[{"embeddable":true,"href":"https:\/\/www.adrianwood.ch\/index.php?rest_route=%2Fwp%2Fv2%2Fcomments&post=4182"}],"version-history":[{"count":1,"href":"https:\/\/www.adrianwood.ch\/index.php?rest_route=\/wp\/v2\/pages\/4182\/revisions"}],"predecessor-version":[{"id":7414,"href":"https:\/\/www.adrianwood.ch\/index.php?rest_route=\/wp\/v2\/pages\/4182\/revisions\/7414"}],"up":[{"embeddable":true,"href":"https:\/\/www.adrianwood.ch\/index.php?rest_route=\/wp\/v2\/pages\/4174"}],"wp:attachment":[{"href":"https:\/\/www.adrianwood.ch\/index.php?rest_route=%2Fwp%2Fv2%2Fmedia&parent=4182"}],"curies":[{"name":"wp","href":"https:\/\/api.w.org\/{rel}","templated":true}]}}