{"id":4191,"date":"2015-10-07T17:02:09","date_gmt":"2015-10-07T17:02:09","guid":{"rendered":"http:\/\/adrianwood.ch\/?page_id=4191"},"modified":"2016-06-08T10:08:35","modified_gmt":"2016-06-08T10:08:35","slug":"09-19-rovinij","status":"publish","type":"page","link":"https:\/\/www.adrianwood.ch\/?page_id=4191","title":{"rendered":"09-19 Rovinij"},"content":{"rendered":"<figure id=\"attachment_4192\" aria-describedby=\"caption-attachment-4192\" style=\"width: 730px\" class=\"wp-caption alignleft\"><a href=\"http:\/\/adrianwood.ch\/wp-content\/uploads\/2015\/10\/KRA_0693_r_r7.jpg\"><img loading=\"lazy\" decoding=\"async\" class=\"size-full wp-image-4192\" src=\"http:\/\/adrianwood.ch\/wp-content\/uploads\/2015\/10\/KRA_0693_r_r7.jpg\" alt=\"by Rovinij harbour\" width=\"730\" height=\"487\" \/><\/a><figcaption id=\"caption-attachment-4192\" class=\"wp-caption-text\">by Rovinij harbour<\/figcaption><\/figure>\n<h2>Trogir &#8211; Motovun<\/h2>\n<p style=\"text-align: justify;\"><strong>Samstag 19.Sept. Trogir-Rovinij<\/strong><br \/>\nNach dem Fr\u00fchst\u00fcck Ausschiffung von MS Mystic bis 9:00 Uhr. Um 11:00 treffen mit Almina, unsere Wanderleiterin f\u00fcr n\u00e4chstes Jahr. Gemeinsame Taxifahrt zum Seeport bei Split Flughafen, wo Almina ihre Wandergruppe trifft. Um 14:00 nehme ich ein Wasserflugzeug nach Pula auf Istrien mit Zwischenhalt zum Tanken auf Mali-L\u00f6sinij. Bei Ankunft um 15:30 treffen mit Dubrovska, eine Freundin von Almina, die mir nach Rovinj bringt. Sie wohnt in Bale (!), ein kleine Ort auf dem Weg, und erz\u00e4hlt mir viel \u00fcber der Gegend und sich selber. Sie ist unterhaltsam und will ihr schon erstaunlich gute Englisch \u00fcben. Sie lernt erst seit einem Jahr ohne formelle Unterricht.<br \/>\nIch beziehe mein boutique Hotel Angelo d\u2019Oro in eine schmale autofreie Gasse auf der Nordseite der Rovinij Altstadt Halbinsel. Ich werde samt Gep\u00e4ck mit einem kleinem Elektrofahrzeug von der Strassenende abgeholt. Mein Zimmer auf dem Dachstock bietet Sicht auf dem Hafen und vorallem die M\u00f6wen auf den anderen D\u00e4chern. Es bleibt mir Zeit eine erste Erkundung der sehr sch\u00f6ne Altstadt von Rovinj zu machen. Wahrend eine sch\u00f6ne Sonnenuntergang trinke ich einen Bier und komme in Gespr\u00e4ch mit zwei Holl\u00e4nder. Wir geniessen zusammen den Abendessen mit Fisch und Meersfr\u00fcchten.<br \/>\n<strong>Sonntag 20.Sept. Rovinij-Motovun<\/strong><br \/>\nIch werde erst am Nachmittag von Dubrovska wieder abgeholt und kann noch viel Zeit in Rovinij verbringen. Via der Kirche laufe ich wieder hin\u00fcber zum Hafen am S\u00fcdseite der Altstadt. Es findet dort gerade eine kleine Oltimer Treffen statt, aber es gibt keine Jaguar Modelle. Um 10:30 nehme ich ein Boot zum Rote-insel, wo ein sehr grosse Hotel sich befindet. Der Insel ist sch\u00f6n, aber ein solches Hotel beherbergt sehr viele Leute und der Boot ist stark belegt. R\u00fcckfahrt um 12:00 wobei ich etwas fr\u00fcher aussteige um die Kuste s\u00fcdlich von Rovinj entlang zu laufen. Wieder ein Bier mit sch\u00f6ne Aussicht aber nur eine bescheidene Mittagessen. Dubrovska erscheint punktlich um 14:00 f\u00fcr die Fahrt nach Motovun wo wir uns verabschieden. Diesesmal werde ich mit einem Vierradantrieb-Fahrzeug f\u00fcr den letzten Meter zum Hotel abgeholt. ngg_shortcode_0_placeholder<\/p>\n<p>&nbsp;<\/p>\n","protected":false},"excerpt":{"rendered":"<p>Trogir &#8211; Motovun Samstag 19.Sept. Trogir-Rovinij Nach dem Fr\u00fchst\u00fcck Ausschiffung von MS Mystic bis 9:00 Uhr. Um 11:00 treffen mit Almina, unsere Wanderleiterin f\u00fcr n\u00e4chstes Jahr. Gemeinsame Taxifahrt zum Seeport bei Split Flughafen, wo Almina ihre Wandergruppe trifft. Um 14:00 nehme ich ein Wasserflugzeug nach Pula auf Istrien mit Zwischenhalt zum Tanken auf Mali-L\u00f6sinij. Bei &hellip; <a href=\"https:\/\/www.adrianwood.ch\/?page_id=4191\" class=\"more-link\">Continue reading <span class=\"screen-reader-text\">09-19 Rovinij<\/span> <span class=\"meta-nav\">&rarr;<\/span><\/a><\/p>\n","protected":false},"author":1,"featured_media":0,"parent":4174,"menu_order":4744,"comment_status":"closed","ping_status":"closed","template":"","meta":{"ngg_post_thumbnail":0,"footnotes":""},"class_list":["post-4191","page","type-page","status-publish","hentry"],"_links":{"self":[{"href":"https:\/\/www.adrianwood.ch\/index.php?rest_route=\/wp\/v2\/pages\/4191","targetHints":{"allow":["GET"]}}],"collection":[{"href":"https:\/\/www.adrianwood.ch\/index.php?rest_route=\/wp\/v2\/pages"}],"about":[{"href":"https:\/\/www.adrianwood.ch\/index.php?rest_route=\/wp\/v2\/types\/page"}],"author":[{"embeddable":true,"href":"https:\/\/www.adrianwood.ch\/index.php?rest_route=\/wp\/v2\/users\/1"}],"replies":[{"embeddable":true,"href":"https:\/\/www.adrianwood.ch\/index.php?rest_route=%2Fwp%2Fv2%2Fcomments&post=4191"}],"version-history":[{"count":1,"href":"https:\/\/www.adrianwood.ch\/index.php?rest_route=\/wp\/v2\/pages\/4191\/revisions"}],"predecessor-version":[{"id":7415,"href":"https:\/\/www.adrianwood.ch\/index.php?rest_route=\/wp\/v2\/pages\/4191\/revisions\/7415"}],"up":[{"embeddable":true,"href":"https:\/\/www.adrianwood.ch\/index.php?rest_route=\/wp\/v2\/pages\/4174"}],"wp:attachment":[{"href":"https:\/\/www.adrianwood.ch\/index.php?rest_route=%2Fwp%2Fv2%2Fmedia&parent=4191"}],"curies":[{"name":"wp","href":"https:\/\/api.w.org\/{rel}","templated":true}]}}