{"id":4786,"date":"2016-01-17T15:24:39","date_gmt":"2016-01-17T15:24:39","guid":{"rendered":"http:\/\/www.adrianwood.ch\/?page_id=4786"},"modified":"2017-12-11T15:08:21","modified_gmt":"2017-12-11T15:08:21","slug":"2015-04-gran-canaria","status":"publish","type":"page","link":"https:\/\/www.adrianwood.ch\/?page_id=4786","title":{"rendered":"2015 04 Gran Canaria"},"content":{"rendered":"<figure id=\"attachment_4787\" aria-describedby=\"caption-attachment-4787\" style=\"width: 730px\" class=\"wp-caption alignnone\"><a href=\"http:\/\/www.adrianwood.ch\/wp-content\/uploads\/2016\/01\/GC1_0516_r7.jpg\" rel=\"attachment wp-att-4787\"><img loading=\"lazy\" decoding=\"async\" class=\"size-full wp-image-4787\" src=\"http:\/\/www.adrianwood.ch\/wp-content\/uploads\/2016\/01\/GC1_0516_r7.jpg\" alt=\"Roque Nublo\" width=\"730\" height=\"487\"><\/a><figcaption id=\"caption-attachment-4787\" class=\"wp-caption-text\">Roque Nublo<\/figcaption><\/figure>\n<h2>11.-19.April 2015, Wanderreise Gran Canaria<\/h2>\n<p style=\"text-align: justify;\">Gran Canaria ist die drittgr\u00f6\u00dfte Insel im kanarischen Archipel und bezaubert den Besucher durch ihren Reichtum an Kontrasten. Ganz gleich ob mit Sandalen oder Wanderschuhen ausgestattet, die Insel ist zu jeder Jahreszeit einen Besuch wert. An der S\u00fcdk\u00fcste gl\u00e4nzen die goldfarbenen Sande der D\u00fcnenlandschaft von Maspalomas, die zu einem Strandspaziergang einladen. Auf der Nordseite trifft man auf das gr\u00fcne, fruchtbare Hinterland mit Weinbergen und blumenreichen T\u00e4lern. Im Zentralgebirge lassen sich schroffe Gipfel, wie den Roque Nublo, das Wahrzeichen Gran Canaria umrunden. Der Westteil der Insel ist von gigantischen Steilk\u00fcsten und duftenden Kiefernw\u00e4ldern gepr\u00e4gt. Dar\u00fcber hinaus ist die Insel ein wahres arch\u00e4ologisches Schatzk\u00e4stchen, die altkanarischen Wurzeln und Mythen sind besonders sp\u00fcrbar. Doch was Gran Canaria ausmacht, sind Einsamkeit und Stille. Hoch in den Bergen kleben winzige, scheinbar unerreichbare D\u00f6rfer an Bergh\u00e4ngen oder thronen auf weiten Tafelbergen. Und wenn bei Abendsonne das Spiel mit Licht und Schatten des Roque Bentaiga beginnt, ist der Besucher begeistert.<\/p>\n<h3 style=\"text-align: justify;\"><a href=\"http:\/\/www.adrianwood.ch\/?page_id=7425\">Inhalt \/ Contents<\/a><\/h3>\n<p><strong>1. Tag Fr 10. 04. Anreise<\/strong><\/p>\n<p>Begr\u00fc\u00dfung im Hotel, Informationsabend zum Reiseprogramm<\/p>\n","protected":false},"excerpt":{"rendered":"<p>11.-19.April 2015, Wanderreise Gran Canaria Gran Canaria ist die drittgr\u00f6\u00dfte Insel im kanarischen Archipel und bezaubert den Besucher durch ihren Reichtum an Kontrasten. Ganz gleich ob mit Sandalen oder Wanderschuhen ausgestattet, die Insel ist zu jeder Jahreszeit einen Besuch wert. An der S\u00fcdk\u00fcste gl\u00e4nzen die goldfarbenen Sande der D\u00fcnenlandschaft von Maspalomas, die zu einem Strandspaziergang &hellip; <a href=\"https:\/\/www.adrianwood.ch\/?page_id=4786\" class=\"more-link\">Continue reading <span class=\"screen-reader-text\">2015 04 Gran Canaria<\/span> <span class=\"meta-nav\">&rarr;<\/span><\/a><\/p>\n","protected":false},"author":1,"featured_media":0,"parent":2800,"menu_order":364,"comment_status":"closed","ping_status":"closed","template":"","meta":{"ngg_post_thumbnail":0,"footnotes":""},"class_list":["post-4786","page","type-page","status-publish","hentry"],"_links":{"self":[{"href":"https:\/\/www.adrianwood.ch\/index.php?rest_route=\/wp\/v2\/pages\/4786","targetHints":{"allow":["GET"]}}],"collection":[{"href":"https:\/\/www.adrianwood.ch\/index.php?rest_route=\/wp\/v2\/pages"}],"about":[{"href":"https:\/\/www.adrianwood.ch\/index.php?rest_route=\/wp\/v2\/types\/page"}],"author":[{"embeddable":true,"href":"https:\/\/www.adrianwood.ch\/index.php?rest_route=\/wp\/v2\/users\/1"}],"replies":[{"embeddable":true,"href":"https:\/\/www.adrianwood.ch\/index.php?rest_route=%2Fwp%2Fv2%2Fcomments&post=4786"}],"version-history":[{"count":3,"href":"https:\/\/www.adrianwood.ch\/index.php?rest_route=\/wp\/v2\/pages\/4786\/revisions"}],"predecessor-version":[{"id":11137,"href":"https:\/\/www.adrianwood.ch\/index.php?rest_route=\/wp\/v2\/pages\/4786\/revisions\/11137"}],"up":[{"embeddable":true,"href":"https:\/\/www.adrianwood.ch\/index.php?rest_route=\/wp\/v2\/pages\/2800"}],"wp:attachment":[{"href":"https:\/\/www.adrianwood.ch\/index.php?rest_route=%2Fwp%2Fv2%2Fmedia&parent=4786"}],"curies":[{"name":"wp","href":"https:\/\/api.w.org\/{rel}","templated":true}]}}