{"id":4791,"date":"2016-01-17T15:30:21","date_gmt":"2016-01-17T14:30:21","guid":{"rendered":"http:\/\/www.adrianwood.ch\/?page_id=4791"},"modified":"2016-11-04T17:18:29","modified_gmt":"2016-11-04T17:18:29","slug":"04-11-santa-lucia","status":"publish","type":"page","link":"https:\/\/www.adrianwood.ch\/?page_id=4791","title":{"rendered":"04 11 Santa Lucia"},"content":{"rendered":"<figure id=\"attachment_4792\" aria-describedby=\"caption-attachment-4792\" style=\"width: 730px\" class=\"wp-caption alignnone\"><a href=\"http:\/\/www.adrianwood.ch\/wp-content\/uploads\/2016\/01\/GC1_0048_r7.jpg\" rel=\"attachment wp-att-4792\"><img loading=\"lazy\" decoding=\"async\" class=\"size-full wp-image-4792\" src=\"http:\/\/www.adrianwood.ch\/wp-content\/uploads\/2016\/01\/GC1_0048_r7.jpg\" alt=\"Santa Lucia Kirche\" width=\"730\" height=\"487\"><\/a><figcaption id=\"caption-attachment-4792\" class=\"wp-caption-text\">Santa Lucia Kirche<\/figcaption><\/figure>\n<h2>2. Tag Sa 11.04. Wanderung im Tal von Santa Lucia de Tirajana Auf 100 m \/Ab 180 m &#8211; Gehzeit 3 Std. &#8211; leicht<\/h2>\n<p style=\"text-align: justify;\">Den ersten Wandertag beginnen wir mit einer leichten Wanderung im blumenreichen Tal von Santa Lucia de Tirajana mit seinen traditionellen \u00d6lm\u00fchlen. Nachdem wir den alten Dorfkern mit seinen h\u00fcbschen H\u00e4usern durchquert haben, folgen wir dem alten Camino auf den Spuren der Ureinwohner Gran Canarias. Unser Ziel ist die Felsfestung Ansite, die den Tamaranen als letzte Zufluchts- und Wohnst\u00e4tte z. Zt. der span. Eroberung diente. Im Anschluss lassen wir den Tag in einer ortstypischen Bar gem\u00fctlich ausklingen. ngg_shortcode_0_placeholder<\/p>\n<p style=\"text-align: justify;\"><a href=\"http:\/\/www.adrianwood.ch\/wp-content\/uploads\/2016\/01\/Gran_Canaria_ed1.jpg\"><img loading=\"lazy\" decoding=\"async\" class=\"alignleft size-full wp-image-10463\" src=\"http:\/\/www.adrianwood.ch\/wp-content\/uploads\/2016\/01\/Gran_Canaria_ed1.jpg\" alt=\"Santa Lucia\" width=\"731\" height=\"542\" srcset=\"https:\/\/www.adrianwood.ch\/wp-content\/uploads\/2016\/01\/Gran_Canaria_ed1.jpg 731w, https:\/\/www.adrianwood.ch\/wp-content\/uploads\/2016\/01\/Gran_Canaria_ed1-300x222.jpg 300w\" sizes=\"auto, (max-width: 731px) 100vw, 731px\" \/><\/a><\/p>\n","protected":false},"excerpt":{"rendered":"<p>2. Tag Sa 11.04. Wanderung im Tal von Santa Lucia de Tirajana Auf 100 m \/Ab 180 m &#8211; Gehzeit 3 Std. &#8211; leicht Den ersten Wandertag beginnen wir mit einer leichten Wanderung im blumenreichen Tal von Santa Lucia de Tirajana mit seinen traditionellen \u00d6lm\u00fchlen. Nachdem wir den alten Dorfkern mit seinen h\u00fcbschen H\u00e4usern durchquert &hellip; <a href=\"https:\/\/www.adrianwood.ch\/?page_id=4791\" class=\"more-link\">Continue reading <span class=\"screen-reader-text\">04 11 Santa Lucia<\/span> <span class=\"meta-nav\">&rarr;<\/span><\/a><\/p>\n","protected":false},"author":1,"featured_media":0,"parent":4786,"menu_order":4941,"comment_status":"closed","ping_status":"closed","template":"","meta":{"ngg_post_thumbnail":0,"footnotes":""},"class_list":["post-4791","page","type-page","status-publish","hentry"],"_links":{"self":[{"href":"https:\/\/www.adrianwood.ch\/index.php?rest_route=\/wp\/v2\/pages\/4791","targetHints":{"allow":["GET"]}}],"collection":[{"href":"https:\/\/www.adrianwood.ch\/index.php?rest_route=\/wp\/v2\/pages"}],"about":[{"href":"https:\/\/www.adrianwood.ch\/index.php?rest_route=\/wp\/v2\/types\/page"}],"author":[{"embeddable":true,"href":"https:\/\/www.adrianwood.ch\/index.php?rest_route=\/wp\/v2\/users\/1"}],"replies":[{"embeddable":true,"href":"https:\/\/www.adrianwood.ch\/index.php?rest_route=%2Fwp%2Fv2%2Fcomments&post=4791"}],"version-history":[{"count":2,"href":"https:\/\/www.adrianwood.ch\/index.php?rest_route=\/wp\/v2\/pages\/4791\/revisions"}],"predecessor-version":[{"id":10464,"href":"https:\/\/www.adrianwood.ch\/index.php?rest_route=\/wp\/v2\/pages\/4791\/revisions\/10464"}],"up":[{"embeddable":true,"href":"https:\/\/www.adrianwood.ch\/index.php?rest_route=\/wp\/v2\/pages\/4786"}],"wp:attachment":[{"href":"https:\/\/www.adrianwood.ch\/index.php?rest_route=%2Fwp%2Fv2%2Fmedia&parent=4791"}],"curies":[{"name":"wp","href":"https:\/\/api.w.org\/{rel}","templated":true}]}}